{"id":7534,"date":"2022-10-20T07:23:02","date_gmt":"2022-10-20T05:23:02","guid":{"rendered":"https:\/\/www.contio.cz\/list-sa-podacima-t6\/"},"modified":"2023-10-27T09:16:14","modified_gmt":"2023-10-27T07:16:14","slug":"list-sa-podacima-t6","status":"publish","type":"page","link":"https:\/\/www.contio.cz\/sr\/list-sa-podacima-t6\/","title":{"rendered":"LIST SA PODACIMA-T6"},"content":{"rendered":"<div class=\"wpb-content-wrapper\"><p>[vc_row content_placement=&#8220;middle&#8220; css=&#8220;.vc_custom_1666252155700{background-color: #025382 !important;}&#8220;][vc_column width=&#8220;1\/2&#8243;][vc_column_text]<\/p>\n<h2><strong><span dir=\"ltr\" style=\"font-size: 27.1999px; font-family: serif; color: white;\" role=\"presentation\">LIST SA PODACIMA-T6<\/span><\/strong><\/h2>\n<p>[\/vc_column_text][\/vc_column][vc_column width=&#8220;1\/2&#8243;][vc_single_image image=&#8220;1336&#8243; img_size=&#8220;Full&#8220; alignment=&#8220;right&#8220;][\/vc_column][\/vc_row][vc_row][vc_column][vc_empty_space][vc_column_text]<\/p>\n<h2><strong><span dir=\"ltr\" role=\"presentation\">Isplativ, robot za isporuku velikog<\/span> <span dir=\"ltr\" role=\"presentation\"> <span dir=\"ltr\" role=\"presentation\">kapaciteta<\/span> <span dir=\"ltr\" role=\"presentation\">e<\/span><\/span><\/strong><\/h2>\n<p>[\/vc_column_text][vc_row_inner][vc_column_inner width=&#8220;1\/4&#8243;][vc_column_text]<\/p>\n<h1 style=\"text-align: center;\">T6<\/h1>\n<p>[\/vc_column_text][vc_single_image image=&#8220;1339&#8243; img_size=&#8220;Full&#8220;][vc_column_text]<\/p>\n<h1 style=\"text-align: center;\"><span dir=\"ltr\" role=\"presentation\">Specifikacije<\/span><\/h1>\n<p>[\/vc_column_text][\/vc_column_inner][vc_column_inner width=&#8220;3\/4&#8243; css=&#8220;.vc_custom_1666247415184{padding-top: 10px !important;padding-right: 10px !important;padding-bottom: 10px !important;padding-left: 10px !important;}&#8220;][vc_column_text]<\/p>\n<h2><strong><span dir=\"ltr\" role=\"presentation\">Klju\u010dne<\/span> <span dir=\"ltr\" role=\"presentation\">funkcije<\/span><\/strong><\/h2>\n<p>[\/vc_column_text][vc_column_text]<\/p>\n<ul>\n<li><span dir=\"ltr\" role=\"presentation\">Nezavisno razvijen SLAM(sinhrona lokalizacija i mapiranje) kako bi se obezbedilo precizno pozicioniranje i kretanje.<\/span><\/li>\n<li><span dir=\"ltr\" role=\"presentation\">Inteligentna<\/span> <span dir=\"ltr\" role=\"presentation\"> <span dir=\"ltr\" role=\"presentation\">sposobnost izbegavanja<\/span> <span dir=\"ltr\" role=\"presentation\">prepreka<\/span> <span dir=\"ltr\" role=\"presentation\">pru\u017ea sigurnu<\/span> <span dir=\"ltr\" role=\"presentation\"> <span dir=\"ltr\" role=\"presentation\">uslugu<\/span> <span dir=\"ltr\" role=\"presentation\"> <span dir=\"ltr\" role=\"presentation\">sa vi\u0161e<\/span> <span dir=\"ltr\" role=\"presentation\">senzora<\/span>.<\/span><\/span><\/span><\/li>\n<li><span dir=\"ltr\" role=\"presentation\">Dugo<\/span> <span dir=\"ltr\" role=\"presentation\"> <span dir=\"ltr\" role=\"presentation\"> vreme <span dir=\"ltr\" role=\"presentation\">servisiranja:<\/span> <span dir=\"ltr\" role=\"presentation\">Mo\u017ee se obezbediti 12<\/span> <span dir=\"ltr\" role=\"presentation\"> <span dir=\"ltr\" role=\"presentation\">sati neprekidne<\/span> <span dir=\"ltr\" role=\"presentation\"> <span dir=\"ltr\" role=\"presentation\">usluge<\/span><span dir=\"ltr\" role=\"presentation\">(stvarni rezultati mogu<\/span> <span dir=\"ltr\" role=\"presentation\">da<\/span> <span dir=\"ltr\" role=\"presentation\">se razlikuju<\/span><span dir=\"ltr\" role=\"presentation\">).<\/span><\/span><\/span><\/span><\/span><\/li>\n<li><span dir=\"ltr\" role=\"presentation\">Pametno<\/span> <span dir=\"ltr\" role=\"presentation\">punjenje:<\/span> <span dir=\"ltr\" role=\"presentation\">autonomno<\/span> <span dir=\"ltr\" role=\"presentation\">vreme i<\/span> <span dir=\"ltr\" role=\"presentation\">kvantitativno<\/span> <span dir=\"ltr\" role=\"presentation\"> punjenje <span dir=\"ltr\" role=\"presentation\"> <span dir=\"ltr\" role=\"presentation\">sa<\/span> <span dir=\"ltr\" role=\"presentation\">opcionalnom<\/span> <span dir=\"ltr\" role=\"presentation\">gomilom punjenja<\/span><span dir=\"ltr\" role=\"presentation\">.<\/span><\/span><\/span><\/li>\n<li><span dir=\"ltr\" role=\"presentation\">Otvorite<\/span> <span dir=\"ltr\" role=\"presentation\">Pristup<\/span> <span dir=\"ltr\" role=\"presentation\">Iz<\/span> <span dir=\"ltr\" role=\"presentation\"><\/span> <span dir=\"ltr\" role=\"presentation\">Redovi<\/span> <span dir=\"ltr\" role=\"presentation\">I<\/span> <span dir=\"ltr\" role=\"presentation\"><\/span> <span dir=\"ltr\" role=\"presentation\">Zadnje<\/span> <span dir=\"ltr\" role=\"presentation\">od<\/span> <span dir=\"ltr\" role=\"presentation\"><\/span> <span dir=\"ltr\" role=\"presentation\">Poslu\u045bavnik<\/span> <span dir=\"ltr\" role=\"presentation\">pravi<\/span> <span dir=\"ltr\" role=\"presentation\">to<\/span> <span dir=\"ltr\" role=\"presentation\">Zgodno<\/span> <span dir=\"ltr\" role=\"presentation\">Za<\/span> <span dir=\"ltr\" role=\"presentation\">KORISTITE<\/span>.<\/li>\n<li><span dir=\"ltr\" role=\"presentation\">Multi-Robotska<\/span> <span dir=\"ltr\" role=\"presentation\">saradnja:<\/span> <span dir=\"ltr\" role=\"presentation\">vi\u0161e<\/span> <span dir=\"ltr\" role=\"presentation\">robota<\/span> <span dir=\"ltr\" role=\"presentation\">mo\u017ee<\/span> <span dir=\"ltr\" role=\"presentation\">nesmetano<\/span> <span dir=\"ltr\" role=\"presentation\">da sara\u0111uje<\/span> <span dir=\"ltr\" role=\"presentation\">u<\/span> <span dir=\"ltr\" role=\"presentation\">istom<\/span> <span dir=\"ltr\" role=\"presentation\">radnom <\/span><span dir=\"ltr\" role=\"presentation\">okru\u017eenju<\/span><span dir=\"ltr\" role=\"presentation\">.<\/span><\/li>\n<li><span dir=\"ltr\" role=\"presentation\">Veliki<\/span> <span dir=\"ltr\" role=\"presentation\">poslu\u017eavnik<\/span> <span dir=\"ltr\" role=\"presentation\">obezbe\u0111uje<\/span> <span dir=\"ltr\" role=\"presentation\">dovoljno<\/span> <span dir=\"ltr\" role=\"presentation\">prostora<\/span> <span dir=\"ltr\" role=\"presentation\"> <span dir=\"ltr\" role=\"presentation\">za 4<\/span> <span dir=\"ltr\" role=\"presentation\">komada<\/span> <span dir=\"ltr\" role=\"presentation\"> <span dir=\"ltr\" role=\"presentation\">pica od 15<\/span> <span dir=\"ltr\" role=\"presentation\">cm.<\/span> <span dir=\"ltr\" role=\"presentation\"><\/span><\/span><\/span><\/li>\n<li><span dir=\"ltr\" role=\"presentation\">Do<\/span> <span dir=\"ltr\" role=\"presentation\"> <span dir=\"ltr\" role=\"presentation\">35kg pune sposobnosti<\/span> <span dir=\"ltr\" role=\"presentation\"> <span dir=\"ltr\" role=\"presentation\">optere\u0107enja<\/span> <span dir=\"ltr\" role=\"presentation\">za veliku<\/span> <span dir=\"ltr\" role=\"presentation\"> <span dir=\"ltr\" role=\"presentation\">potra\u017enju<\/span><span dir=\"ltr\" role=\"presentation\">.<\/span><\/span><\/span><\/span><\/li>\n<\/ul>\n<p>[\/vc_column_text][\/vc_column_inner][\/vc_row_inner][\/vc_column][\/vc_row][vc_row][vc_column][vc_column_text]<\/p>\n<h3><strong><span dir=\"ltr\" role=\"presentation\">Performanse<\/span><\/strong><\/h3>\n<p>[\/vc_column_text][vc_raw_html]PGRpdiBzdHlsZT0ib3ZlcmZsb3cteDphdXRvOyI+CiAgPHRhYmxlPgogICAgPHRyPgogICAgICA8dGg+TWFrc2ltYWxuYSBwb2tyaXZlbm9zdCBwbyB1cmXEkWFqdTwvdGg+CiAgICAgIDx0aD4yMDAqMjAwTjQ8L3RoPgogICAgIAogICAgIAogICAgPC90cj4KICAgIDx0cj4KICAgICAgPHRkPk1pbmltYWxuYSDFoWlyaW5hIHByb2xhemE8L3RkPgogICAgICA8dGQ+NzBjbTwvdGQ+CiAgICAgIAogICAgICAKICAgIDwvdHI+CiAgICA8dHI+CiAgICAgIDx0ZD5CcnppbmEga3JldGFuamE8L3RkPgogICAgICA8dGQ+MCwxfjEsMm0vcyBwb2Rlc2l2bzwvdGQ+CiAgIAogICAgICAKICAgIDwvdHI+CiAgICA8dHI+CiAgICAgIDx0ZD5NaW4uIFByZcSNbmlrIG9rcmV0YW5qYTwvdGQ+CiAgICAgIDx0ZD44MGNtPC90ZD4KICAgICAKICAgICAKICAgIDwvdHI+Cgo8dHI+CiAgICAgIDx0ZD5SYXN0b2phbmplIG9kIGtvxI1lbmphPC90ZD4KICAgICAgPHRkPjYyY20oTWF4LiBicnppbmEga3JldGFuamEgJmFtcDsgcHVubyBvcHRlcmXEh2VuamUpPC90ZD4KICAgICAgCiAgICAgIAogICAgPC90cj4KICAgIDx0cj4KICAgICAgPHRkPkJyemluYSBrcmV0YW5qYTwvdGQ+CiAgICAgIDx0ZD4wLDF+MSwybS9zIHBvZGVzaXZvPC90ZD4KICAgCiAgICAgIAogICAgPC90cj4KICAgIDx0cj4KICAgICAgPHRkPlVnYW8gbmFnaWJhPC90ZD4KICAgICAgPHRkPiZsdDs1wrA8L3RkPgogICAgIAogICAgIAogICAgPC90cj4KCjx0cj4KICAgICAgPHRkPlRyYWphbmplIGJhdGVyaWplPC90ZD4KICAgICAgPHRkPjEyLTE1aDwvdGQ+CiAgICAgIAogICAgICAKICAgIDwvdHI+CiAgICA8dHI+CiAgICAgIDx0ZD5TZXJ2aXNuaSDFvml2b3RuaSBrcnVnPC90ZD4KICAgICAgPHRkPjIwMDAwaDwvdGQ+CiAgIAogICAgICAKICAgIDwvdHI+CiAgICA8dHI+CiAgICAgIDx0ZD5TYXJhZG5qYSBzYSB2acWhZSByb2JvdGE8L3RkPgogICAgICA8dGQ+TWFrc2ltYWxubyAxMCByb2JvdGE8L3RkPgogICAgIAogICAgIAogICAgPC90cj4KCjx0cj4KICAgICAgPHRkPklzcG9ydWthIHNhIHZpxaFlIHRrYTwvdGQ+CiAgICAgIDx0ZD5EbyAyMCBwb2VuYShqZWRub2tyYXRuYSBpc3BvcnVrYSk8L3RkPgogICAgICAKICAgICAgCiAgICA8L3RyPgogICAgPHRyPgogICAgICA8dGQ+SW50ZWxpZ2VudG5vIGl6YmVnYXZhbmplIHByZXByZWthIG1ha3NpbWFsbmkgb3BzZWcgb3Rrcml2YW5qYSAgPC90ZD4KICAgICAgPHRkPiZsdDsxLjVNPC90ZD4KICAgCiAgICAgIAogICAgPC90cj4KICAgIDx0cj4KICAgICAgPHRkPk9jZW5qZW5vIG5hcGFqYW5qZTwvdGQ+CiAgICAgIDx0ZD40MFd3PC90ZD4KICAgICAKICAgICAKICAgIDwvdHI+CgoKCiAgPC90YWJsZT4KPC9kaXY+[\/vc_raw_html][\/vc_column][\/vc_row][vc_row][vc_column][vc_column_text]<\/p>\n<h3><strong><span dir=\"ltr\" role=\"presentation\">Okru\u017eenju<\/span><\/strong><\/h3>\n<p>[\/vc_column_text][vc_raw_html]PGRpdiBzdHlsZT0ib3ZlcmZsb3cteDphdXRvOyI+CiAgPHRhYmxlPgogICAgPHRyPgogICAgICA8dGg+T3BlcmF0aXZuYSB0ZW1wZXJhdHVyYSwgdmxhxb5ub3N0IHZhemR1aGE8L3RoPgogICAgICA8dGg+ICAtIDQ1wrBDLCBSSDogNSUgfiA4NSU8L3RoPgogICAgIAogICAgIAogICAgPC90cj4KICAgIDx0cj4KICAgICAgPHRkPk9wZXJhdGl2bm8gb2tydcW+ZW5qZTwvdGQ+CiAgICAgIDx0ZD5aYXR2b3Jlbm8gb2tydcW+ZW5qZSwgcmF2bm8gdGxvLCBiZXogcHJhxaFpbmU8L3RkPgogICAgICAKICAgICAgCiAgICA8L3RyPgogICAgPHRyPgogICAgICA8dGQ+VGVtcGVyYXR1cmEgc2tsYWRpxaF0ZW5qYTwvdGQ+CiAgICAgIDx0ZD4tMzDCsEMtNjDCsEM8L3RkPgogICAKICAgICAgCiAgICA8L3RyPgogICAgCgogIDwvdGFibGU+CjwvZGl2Pg==[\/vc_raw_html][\/vc_column][\/vc_row][vc_row css=&#8220;.vc_custom_1666251970935{background-position: center !important;background-repeat: no-repeat !important;background-size: cover !important;}&#8220;][vc_column][vc_column_text css=&#8220;.vc_custom_1666251979348{background-color: #025382 !important;}&#8220;]<\/p>\n<h1 style=\"text-align: center; color: white;\"><strong>1<\/strong><\/h1>\n<p>[\/vc_column_text][\/vc_column][\/vc_row][vc_row][vc_column][vc_empty_space][\/vc_column][\/vc_row][vc_row content_placement=&#8220;middle&#8220; css=&#8220;.vc_custom_1666248477477{background-color: #025382 !important;background-position: center !important;background-repeat: no-repeat !important;background-size: cover !important;}&#8220;][vc_column width=&#8220;1\/2&#8243;][vc_column_text]<\/p>\n<h2><strong><span dir=\"ltr\" style=\"font-size: 27.1999px; font-family: serif; color: white;\" role=\"presentation\">LIST SA PODACIMA-T6<\/span><\/strong><\/h2>\n<p>[\/vc_column_text][\/vc_column][vc_column width=&#8220;1\/2&#8243;][vc_single_image image=&#8220;1336&#8243; img_size=&#8220;Full&#8220; alignment=&#8220;right&#8220;][\/vc_column][\/vc_row][vc_row][vc_column][vc_empty_space][vc_column_text]<\/p>\n<h3><strong><span dir=\"ltr\" role=\"presentation\">Baterija i punjenje<\/span><\/strong><\/h3>\n<p>[\/vc_column_text][vc_raw_html]PGRpdiBzdHlsZT0ib3ZlcmZsb3cteDphdXRvOyI+CiAgPHRhYmxlPgogICAgPHRyPgogICAgICA8dGg+VGlwIGJhdGVyaWplPC90aD4KICAgICAgPHRoPlRlcm5hcnkgbGl0aGl1bSBiYXRlcmlqYTwvdGg+CiAgICAgCiAgICAgCiAgICA8L3RyPgogICAgPHRyPgogICAgICA8dGQ+S2FwYWNpdGV0IGJhdGVyaWplPC90ZD4KICAgICAgPHRkPkRDIDQ4ViAxMkFoPC90ZD4KICAgICAgCiAgICAgIAogICAgPC90cj4KICAgIDx0cj4KICAgICAgPHRkPk5lbW\/Eh2kgYmF0ZXJpamU8L3RkPgogICAgICA8dGQ+UGE8L3RkPgogICAKICAgICAgCiAgICA8L3RyPgogICAgPHRyPgogICAgICA8dGQ+UmXFvmltIHB1bmplbmphPC90ZD4KICAgICAgPHRkPkF1dG9tYXRza28gcHVuamVuamUgdXogb3BjaW9uYWxudSBnb21pbHUgcHVuamVuamEgaSBydcSNbm8gcHVuamVuamUgcG9tb8SHdSBwdW5qZW5qYTwvdGQ+CiAgICAgCiAgICAgCiAgICA8L3RyPgoKPHRyPgogICAgICA8dGQ+VWxheiB6YSBwdW5qZW5qZTwvdGQ+CiAgICAgIDx0ZD4xMDAtMjQwVn4gLDUwLzYwSHo8L3RkPgogICAgICAKICAgICAgCiAgICA8L3RyPgogICAgPHRyPgogICAgICA8dGQ+VnJlbWUgamUgemEgxI1lcmluZzwvdGQ+CiAgICAgIDx0ZD44aDwvdGQ+CiAgIAogICAgICAKICAgIDwvdHI+CiAgICA8dHI+CiAgICAgIDx0ZD5EaW1lbnppamEgZ29taWxlIHB1bmplbmphPC90ZD4KICAgICAgPHRkPjIxNSoyOTAqMjMwbW08L3RkPgogICAgIAogICAgIAogICAgPC90cj4KCjx0cj4KICAgICAgPHRkPlRlxb5pbmEgZ29taWxlIHB1bmplbmphPC90ZD4KICAgICAgPHRkPjIuMktnPC90ZD4KICAgICAgCiAgICAgIAogICAgPC90cj4KICAgCgoKCiAgPC90YWJsZT4KPC9kaXY+[\/vc_raw_html][\/vc_column][\/vc_row][vc_row][vc_column][vc_empty_space][vc_column_text]<\/p>\n<h3><strong><span dir=\"ltr\" role=\"presentation\">Hardver<\/span><\/strong><\/h3>\n<p>[\/vc_column_text][vc_raw_html]PGRpdiBzdHlsZT0ib3ZlcmZsb3cteDphdXRvOyI+CiAgPHRhYmxlPgogICAgPHRyPgogICAgICA8dGg+TWHFoWluc2tpIG1hdGVyaWphbDwvdGg+CiAgICAgIDx0aD5BQlM8L3RoPgogICAgIAogICAgIAogICAgPC90cj4KICAgIDx0cj4KICAgICAgPHRkPk1ldG9kIHBvemljaW9uaXJhbmphPC90ZD4KICAgICAgPHRkPlBvc3RhdmxqYW5qZSBvem5ha2U8L3RkPgogICAgICAKICAgICAgCiAgICA8L3RyPgogICAgPHRyPgogICAgICA8dGQ+VGHEjW5vc3QgcG96aWNpb25pcmFuamE8L3RkPgogICAgICA8dGQ+Q2VudGltZXRhci1yYXpyZWQ8L3RkPgogICAKICAgICAgCiAgICA8L3RyPgogICAgPHRyPgogICAgICA8dGQ+VGVobmlrZSBvc2XEh2FqYTwvdGQ+CiAgICAgIDx0ZD5MaURBUiwgU3RlcmVvIFZpc2lvbiwgSW1hZ2UgTW9kdWxlLCBDb2xsaXNpb24gU2Vuc29yLCBJTVUgKEluZXJ0aWFsIE1lYXN1cmVtZW50IFVuaXQpPC90ZD4KICAgICAKICAgICAKICAgIDwvdHI+Cgo8dHI+CiAgICAgIDx0ZD5Qb2tyaXZlbm9zdCBzZW56b3JhPC90ZD4KICAgICAgPHRkPkxpREFSIG9wc2VnIGRldGVrY2lqZTogMTgzwrAsICZndDsxME0sIFN0ZXJlbyBvcHNlZyB2aWRhOiAxNTDCsCwgMC4xLTEuNW08L3RkPgogICAgICAKICAgICAgCiAgICA8L3RyPgogICAgPHRyPgogICAgICA8dGQ+R29ybmppIHVnYW8ga2FtZXJlPC90ZD4KICAgICAgPHRkPjEyMMKwLCBwb3RyZWJuYSB2aXNpbmEgxIdlbGlqZSAyLThtPC90ZD4KICAgCiAgICAgIAogICAgPC90cj4KICAgIDx0cj4KICAgICAgPHRkPk1yZcW+bmU8L3RkPgogICAgICA8dGQ+V2ktRmkoMjQxIDItMjQ3Mk1Ieik8L3RkPgogICAgIAogICAgIAogICAgPC90cj4KCjx0cj4KICAgICAgPHRkPk1lbW9yaWphIGkgaW50ZXJubyBza2xhZGnFoXRlbmplPC90ZD4KICAgICAgPHRkPjJHQiBSQU0tYSArIDE2R0IgUk9NLWE8L3RkPgogICAgICAKICAgICAgCiAgICA8L3RyPgogICAKIDx0cj4KICAgICAgPHRkPkVrcmFuIG9zZXRsaml2IG5hIGRvZGlyPC90ZD4KICAgICAgPHRkPjcgaW7EjWEoMTAyNCo2MDApPC90ZD4KICAgICAKICAgICAKICAgIDwvdHI+Cgo8dHI+CiAgICAgIDx0ZD5JbnRlcmFrdGl2bmEgc3Bvc29ibm9zdDwvdGQ+CiAgICAgIDx0ZD5EaXJhajwvdGQ+CiAgICAgIAogICAgICAKICAgIDwvdHI+CgoKCiAgPC90YWJsZT4KPC9kaXY+[\/vc_raw_html][\/vc_column][\/vc_row]<\/p>\n<\/div>","protected":false},"excerpt":{"rendered":"<p>[vc_row content_placement=&#8220;middle&#8220; css=&#8220;.vc_custom_1666252155700{background-color: #025382 !important;}&#8220;][vc_column width=&#8220;1\/2&#8243;][vc_column_text] LIST SA PODACIMA-T6 [\/vc_column_text][\/vc_column][vc_column width=&#8220;1\/2&#8243;][vc_single_image image=&#8220;1336&#8243; img_size=&#8220;Full&#8220; alignment=&#8220;right&#8220;][\/vc_column][\/vc_row][vc_row][vc_column][vc_empty_space][vc_column_text] Isplativ, robot za isporuku velikog kapaciteta e [\/vc_column_text][vc_row_inner][vc_column_inner width=&#8220;1\/4&#8243;][vc_column_text] T6 [\/vc_column_text][vc_single_image image=&#8220;1339&#8243; img_size=&#8220;Full&#8220;][vc_column_text] Specifikacije [\/vc_column_text][\/vc_column_inner][vc_column_inner width=&#8220;3\/4&#8243; css=&#8220;.vc_custom_1666247415184{padding-top: 10px !important;padding-right: 10px !important;padding-bottom: 10px !important;padding-left: 10px !important;}&#8220;][vc_column_text] Klju\u010dne funkcije [\/vc_column_text][vc_column_text] Nezavisno razvijen SLAM(sinhrona lokalizacija i mapiranje) kako bi se obezbedilo precizno pozicioniranje i&hellip;<\/p>\n","protected":false},"author":6,"featured_media":0,"parent":0,"menu_order":0,"comment_status":"closed","ping_status":"closed","template":"","meta":{"_acf_changed":false,"footnotes":""},"class_list":["post-7534","page","type-page","status-publish","hentry"],"acf":[],"yoast_head":"<!-- This site is optimized with the Yoast SEO plugin v27.2 - https:\/\/yoast.com\/product\/yoast-seo-wordpress\/ -->\n<title>LIST SA PODACIMA-T6 - Bezobslu\u017en\u00e1 24 hodinov\u00e1 prodejna Contio 24<\/title>\n<meta name=\"robots\" content=\"index, follow, max-snippet:-1, max-image-preview:large, max-video-preview:-1\" \/>\n<link rel=\"canonical\" href=\"https:\/\/www.contio.cz\/sr\/list-sa-podacima-t6\/\" \/>\n<meta property=\"og:locale\" content=\"sr_RS\" \/>\n<meta property=\"og:type\" content=\"article\" \/>\n<meta property=\"og:title\" content=\"LIST SA PODACIMA-T6 - Bezobslu\u017en\u00e1 24 hodinov\u00e1 prodejna Contio 24\" \/>\n<meta property=\"og:description\" content=\"[vc_row content_placement=&#8220;middle&#8220; css=&#8220;.vc_custom_1666252155700{background-color: #025382 !important;}&#8220;][vc_column width=&#8220;1\/2&#8243;][vc_column_text] LIST SA PODACIMA-T6 [\/vc_column_text][\/vc_column][vc_column width=&#8220;1\/2&#8243;][vc_single_image image=&#8220;1336&#8243; img_size=&#8220;Full&#8220; alignment=&#8220;right&#8220;][\/vc_column][\/vc_row][vc_row][vc_column][vc_empty_space][vc_column_text] Isplativ, robot za isporuku velikog kapaciteta e [\/vc_column_text][vc_row_inner][vc_column_inner width=&#8220;1\/4&#8243;][vc_column_text] T6 [\/vc_column_text][vc_single_image image=&#8220;1339&#8243; img_size=&#8220;Full&#8220;][vc_column_text] Specifikacije [\/vc_column_text][\/vc_column_inner][vc_column_inner width=&#8220;3\/4&#8243; css=&#8220;.vc_custom_1666247415184{padding-top: 10px !important;padding-right: 10px !important;padding-bottom: 10px !important;padding-left: 10px !important;}&#8220;][vc_column_text] Klju\u010dne funkcije [\/vc_column_text][vc_column_text] Nezavisno razvijen SLAM(sinhrona lokalizacija i mapiranje) kako bi se obezbedilo precizno pozicioniranje i&hellip;\" \/>\n<meta property=\"og:url\" content=\"https:\/\/www.contio.cz\/sr\/list-sa-podacima-t6\/\" \/>\n<meta property=\"og:site_name\" content=\"Bezobslu\u017en\u00e1 24 hodinov\u00e1 prodejna Contio 24\" \/>\n<meta property=\"article:modified_time\" content=\"2023-10-27T07:16:14+00:00\" \/>\n<meta name=\"twitter:card\" content=\"summary_large_image\" \/>\n<meta name=\"twitter:label1\" content=\"\u041f\u0440\u043e\u0446\u0435\u045a\u0435\u043d\u043e \u0432\u0440\u0435\u043c\u0435 \u0447\u0438\u0442\u0430\u045a\u0430\" \/>\n\t<meta name=\"twitter:data1\" content=\"5 \u043c\u0438\u043d\u0443\u0442\u0430\" \/>\n<script type=\"application\/ld+json\" class=\"yoast-schema-graph\">{\"@context\":\"https:\/\/schema.org\",\"@graph\":[{\"@type\":\"WebPage\",\"@id\":\"https:\/\/www.contio.cz\/sr\/list-sa-podacima-t6\/\",\"url\":\"https:\/\/www.contio.cz\/sr\/list-sa-podacima-t6\/\",\"name\":\"LIST SA PODACIMA-T6 - Bezobslu\u017en\u00e1 24 hodinov\u00e1 prodejna Contio 24\",\"isPartOf\":{\"@id\":\"https:\/\/www.contio.cz\/sr\/#website\"},\"datePublished\":\"2022-10-20T05:23:02+00:00\",\"dateModified\":\"2023-10-27T07:16:14+00:00\",\"breadcrumb\":{\"@id\":\"https:\/\/www.contio.cz\/sr\/list-sa-podacima-t6\/#breadcrumb\"},\"inLanguage\":\"sr-RS\",\"potentialAction\":[{\"@type\":\"ReadAction\",\"target\":[\"https:\/\/www.contio.cz\/sr\/list-sa-podacima-t6\/\"]}]},{\"@type\":\"BreadcrumbList\",\"@id\":\"https:\/\/www.contio.cz\/sr\/list-sa-podacima-t6\/#breadcrumb\",\"itemListElement\":[{\"@type\":\"ListItem\",\"position\":1,\"name\":\"Dom\u016f\",\"item\":\"https:\/\/www.contio.cz\/sr\/\"},{\"@type\":\"ListItem\",\"position\":2,\"name\":\"LIST SA PODACIMA-T6\"}]},{\"@type\":\"WebSite\",\"@id\":\"https:\/\/www.contio.cz\/sr\/#website\",\"url\":\"https:\/\/www.contio.cz\/sr\/\",\"name\":\"Bezobslu\u017en\u00e1 24 hodinov\u00e1 prodejna Contio 24\",\"description\":\"Bezobslu\u017en\u00e9 vybaven\u00ed pro bezpe\u010dn\u00fd 24 hodinov\u00fd provoz\",\"potentialAction\":[{\"@type\":\"SearchAction\",\"target\":{\"@type\":\"EntryPoint\",\"urlTemplate\":\"https:\/\/www.contio.cz\/sr\/?s={search_term_string}\"},\"query-input\":{\"@type\":\"PropertyValueSpecification\",\"valueRequired\":true,\"valueName\":\"search_term_string\"}}],\"inLanguage\":\"sr-RS\"}]}<\/script>\n<!-- \/ Yoast SEO plugin. -->","yoast_head_json":{"title":"LIST SA PODACIMA-T6 - Bezobslu\u017en\u00e1 24 hodinov\u00e1 prodejna Contio 24","robots":{"index":"index","follow":"follow","max-snippet":"max-snippet:-1","max-image-preview":"max-image-preview:large","max-video-preview":"max-video-preview:-1"},"canonical":"https:\/\/www.contio.cz\/sr\/list-sa-podacima-t6\/","og_locale":"sr_RS","og_type":"article","og_title":"LIST SA PODACIMA-T6 - Bezobslu\u017en\u00e1 24 hodinov\u00e1 prodejna Contio 24","og_description":"[vc_row content_placement=&#8220;middle&#8220; css=&#8220;.vc_custom_1666252155700{background-color: #025382 !important;}&#8220;][vc_column width=&#8220;1\/2&#8243;][vc_column_text] LIST SA PODACIMA-T6 [\/vc_column_text][\/vc_column][vc_column width=&#8220;1\/2&#8243;][vc_single_image image=&#8220;1336&#8243; img_size=&#8220;Full&#8220; alignment=&#8220;right&#8220;][\/vc_column][\/vc_row][vc_row][vc_column][vc_empty_space][vc_column_text] Isplativ, robot za isporuku velikog kapaciteta e [\/vc_column_text][vc_row_inner][vc_column_inner width=&#8220;1\/4&#8243;][vc_column_text] T6 [\/vc_column_text][vc_single_image image=&#8220;1339&#8243; img_size=&#8220;Full&#8220;][vc_column_text] Specifikacije [\/vc_column_text][\/vc_column_inner][vc_column_inner width=&#8220;3\/4&#8243; css=&#8220;.vc_custom_1666247415184{padding-top: 10px !important;padding-right: 10px !important;padding-bottom: 10px !important;padding-left: 10px !important;}&#8220;][vc_column_text] Klju\u010dne funkcije [\/vc_column_text][vc_column_text] Nezavisno razvijen SLAM(sinhrona lokalizacija i mapiranje) kako bi se obezbedilo precizno pozicioniranje i&hellip;","og_url":"https:\/\/www.contio.cz\/sr\/list-sa-podacima-t6\/","og_site_name":"Bezobslu\u017en\u00e1 24 hodinov\u00e1 prodejna Contio 24","article_modified_time":"2023-10-27T07:16:14+00:00","twitter_card":"summary_large_image","twitter_misc":{"\u041f\u0440\u043e\u0446\u0435\u045a\u0435\u043d\u043e \u0432\u0440\u0435\u043c\u0435 \u0447\u0438\u0442\u0430\u045a\u0430":"5 \u043c\u0438\u043d\u0443\u0442\u0430"},"schema":{"@context":"https:\/\/schema.org","@graph":[{"@type":"WebPage","@id":"https:\/\/www.contio.cz\/sr\/list-sa-podacima-t6\/","url":"https:\/\/www.contio.cz\/sr\/list-sa-podacima-t6\/","name":"LIST SA PODACIMA-T6 - Bezobslu\u017en\u00e1 24 hodinov\u00e1 prodejna Contio 24","isPartOf":{"@id":"https:\/\/www.contio.cz\/sr\/#website"},"datePublished":"2022-10-20T05:23:02+00:00","dateModified":"2023-10-27T07:16:14+00:00","breadcrumb":{"@id":"https:\/\/www.contio.cz\/sr\/list-sa-podacima-t6\/#breadcrumb"},"inLanguage":"sr-RS","potentialAction":[{"@type":"ReadAction","target":["https:\/\/www.contio.cz\/sr\/list-sa-podacima-t6\/"]}]},{"@type":"BreadcrumbList","@id":"https:\/\/www.contio.cz\/sr\/list-sa-podacima-t6\/#breadcrumb","itemListElement":[{"@type":"ListItem","position":1,"name":"Dom\u016f","item":"https:\/\/www.contio.cz\/sr\/"},{"@type":"ListItem","position":2,"name":"LIST SA PODACIMA-T6"}]},{"@type":"WebSite","@id":"https:\/\/www.contio.cz\/sr\/#website","url":"https:\/\/www.contio.cz\/sr\/","name":"Bezobslu\u017en\u00e1 24 hodinov\u00e1 prodejna Contio 24","description":"Bezobslu\u017en\u00e9 vybaven\u00ed pro bezpe\u010dn\u00fd 24 hodinov\u00fd provoz","potentialAction":[{"@type":"SearchAction","target":{"@type":"EntryPoint","urlTemplate":"https:\/\/www.contio.cz\/sr\/?s={search_term_string}"},"query-input":{"@type":"PropertyValueSpecification","valueRequired":true,"valueName":"search_term_string"}}],"inLanguage":"sr-RS"}]}},"_links":{"self":[{"href":"https:\/\/www.contio.cz\/sr\/wp-json\/wp\/v2\/pages\/7534","targetHints":{"allow":["GET"]}}],"collection":[{"href":"https:\/\/www.contio.cz\/sr\/wp-json\/wp\/v2\/pages"}],"about":[{"href":"https:\/\/www.contio.cz\/sr\/wp-json\/wp\/v2\/types\/page"}],"author":[{"embeddable":true,"href":"https:\/\/www.contio.cz\/sr\/wp-json\/wp\/v2\/users\/6"}],"replies":[{"embeddable":true,"href":"https:\/\/www.contio.cz\/sr\/wp-json\/wp\/v2\/comments?post=7534"}],"version-history":[{"count":2,"href":"https:\/\/www.contio.cz\/sr\/wp-json\/wp\/v2\/pages\/7534\/revisions"}],"predecessor-version":[{"id":7536,"href":"https:\/\/www.contio.cz\/sr\/wp-json\/wp\/v2\/pages\/7534\/revisions\/7536"}],"wp:attachment":[{"href":"https:\/\/www.contio.cz\/sr\/wp-json\/wp\/v2\/media?parent=7534"}],"curies":[{"name":"wp","href":"https:\/\/api.w.org\/{rel}","templated":true}]}}