{"id":7463,"date":"2023-01-12T06:18:10","date_gmt":"2023-01-12T05:18:10","guid":{"rendered":"https:\/\/www.contio.cz\/uzorak\/"},"modified":"2023-10-27T09:16:06","modified_gmt":"2023-10-27T07:16:06","slug":"uzorak","status":"publish","type":"page","link":"https:\/\/www.contio.cz\/sr\/uzorak\/","title":{"rendered":"Uzorak"},"content":{"rendered":"<div class=\"wpb-content-wrapper\"><p>[vc_row][vc_column][vc_media_grid element_width=&#8220;6&#8243; grid_id=&#8220;vc_gid:1673500883249-eb2745e3-21e5-7&#8243; include=&#8220;2026,2020,2018,2016&#8243;][\/vc_column][\/vc_row]<\/p>\n<\/div>","protected":false},"excerpt":{"rendered":"<p>[vc_row][vc_column][vc_media_grid element_width=&#8220;6&#8243; grid_id=&#8220;vc_gid:1673500883249-eb2745e3-21e5-7&#8243; include=&#8220;2026,2020,2018,2016&#8243;][\/vc_column][\/vc_row]<\/p>\n","protected":false},"author":6,"featured_media":0,"parent":0,"menu_order":0,"comment_status":"closed","ping_status":"closed","template":"","meta":{"_acf_changed":false,"footnotes":""},"class_list":["post-7463","page","type-page","status-publish","hentry"],"acf":[],"yoast_head":"<!-- This site is optimized with the Yoast SEO plugin v27.2 - https:\/\/yoast.com\/product\/yoast-seo-wordpress\/ -->\n<title>Uzorak - Bezobslu\u017en\u00e1 24 hodinov\u00e1 prodejna Contio 24<\/title>\n<meta name=\"robots\" content=\"index, follow, max-snippet:-1, max-image-preview:large, max-video-preview:-1\" \/>\n<link rel=\"canonical\" href=\"https:\/\/www.contio.cz\/sr\/uzorak\/\" \/>\n<meta property=\"og:locale\" content=\"sr_RS\" \/>\n<meta property=\"og:type\" content=\"article\" \/>\n<meta property=\"og:title\" content=\"Uzorak - Bezobslu\u017en\u00e1 24 hodinov\u00e1 prodejna Contio 24\" \/>\n<meta property=\"og:description\" content=\"[vc_row][vc_column][vc_media_grid element_width=&#8220;6&#8243; grid_id=&#8220;vc_gid:1673500883249-eb2745e3-21e5-7&#8243; include=&#8220;2026,2020,2018,2016&#8243;][\/vc_column][\/vc_row]\" \/>\n<meta property=\"og:url\" content=\"https:\/\/www.contio.cz\/sr\/uzorak\/\" \/>\n<meta property=\"og:site_name\" content=\"Bezobslu\u017en\u00e1 24 hodinov\u00e1 prodejna Contio 24\" \/>\n<meta property=\"article:modified_time\" content=\"2023-10-27T07:16:06+00:00\" \/>\n<meta name=\"twitter:card\" content=\"summary_large_image\" \/>\n<script type=\"application\/ld+json\" class=\"yoast-schema-graph\">{\"@context\":\"https:\/\/schema.org\",\"@graph\":[{\"@type\":\"WebPage\",\"@id\":\"https:\/\/www.contio.cz\/sr\/uzorak\/\",\"url\":\"https:\/\/www.contio.cz\/sr\/uzorak\/\",\"name\":\"Uzorak - Bezobslu\u017en\u00e1 24 hodinov\u00e1 prodejna Contio 24\",\"isPartOf\":{\"@id\":\"https:\/\/www.contio.cz\/sr\/#website\"},\"datePublished\":\"2023-01-12T05:18:10+00:00\",\"dateModified\":\"2023-10-27T07:16:06+00:00\",\"breadcrumb\":{\"@id\":\"https:\/\/www.contio.cz\/sr\/uzorak\/#breadcrumb\"},\"inLanguage\":\"sr-RS\",\"potentialAction\":[{\"@type\":\"ReadAction\",\"target\":[\"https:\/\/www.contio.cz\/sr\/uzorak\/\"]}]},{\"@type\":\"BreadcrumbList\",\"@id\":\"https:\/\/www.contio.cz\/sr\/uzorak\/#breadcrumb\",\"itemListElement\":[{\"@type\":\"ListItem\",\"position\":1,\"name\":\"Dom\u016f\",\"item\":\"https:\/\/www.contio.cz\/sr\/\"},{\"@type\":\"ListItem\",\"position\":2,\"name\":\"Uzorak\"}]},{\"@type\":\"WebSite\",\"@id\":\"https:\/\/www.contio.cz\/sr\/#website\",\"url\":\"https:\/\/www.contio.cz\/sr\/\",\"name\":\"Bezobslu\u017en\u00e1 24 hodinov\u00e1 prodejna Contio 24\",\"description\":\"Bezobslu\u017en\u00e9 vybaven\u00ed pro bezpe\u010dn\u00fd 24 hodinov\u00fd provoz\",\"potentialAction\":[{\"@type\":\"SearchAction\",\"target\":{\"@type\":\"EntryPoint\",\"urlTemplate\":\"https:\/\/www.contio.cz\/sr\/?s={search_term_string}\"},\"query-input\":{\"@type\":\"PropertyValueSpecification\",\"valueRequired\":true,\"valueName\":\"search_term_string\"}}],\"inLanguage\":\"sr-RS\"}]}<\/script>\n<!-- \/ Yoast SEO plugin. -->","yoast_head_json":{"title":"Uzorak - Bezobslu\u017en\u00e1 24 hodinov\u00e1 prodejna Contio 24","robots":{"index":"index","follow":"follow","max-snippet":"max-snippet:-1","max-image-preview":"max-image-preview:large","max-video-preview":"max-video-preview:-1"},"canonical":"https:\/\/www.contio.cz\/sr\/uzorak\/","og_locale":"sr_RS","og_type":"article","og_title":"Uzorak - Bezobslu\u017en\u00e1 24 hodinov\u00e1 prodejna Contio 24","og_description":"[vc_row][vc_column][vc_media_grid element_width=&#8220;6&#8243; grid_id=&#8220;vc_gid:1673500883249-eb2745e3-21e5-7&#8243; include=&#8220;2026,2020,2018,2016&#8243;][\/vc_column][\/vc_row]","og_url":"https:\/\/www.contio.cz\/sr\/uzorak\/","og_site_name":"Bezobslu\u017en\u00e1 24 hodinov\u00e1 prodejna Contio 24","article_modified_time":"2023-10-27T07:16:06+00:00","twitter_card":"summary_large_image","schema":{"@context":"https:\/\/schema.org","@graph":[{"@type":"WebPage","@id":"https:\/\/www.contio.cz\/sr\/uzorak\/","url":"https:\/\/www.contio.cz\/sr\/uzorak\/","name":"Uzorak - Bezobslu\u017en\u00e1 24 hodinov\u00e1 prodejna Contio 24","isPartOf":{"@id":"https:\/\/www.contio.cz\/sr\/#website"},"datePublished":"2023-01-12T05:18:10+00:00","dateModified":"2023-10-27T07:16:06+00:00","breadcrumb":{"@id":"https:\/\/www.contio.cz\/sr\/uzorak\/#breadcrumb"},"inLanguage":"sr-RS","potentialAction":[{"@type":"ReadAction","target":["https:\/\/www.contio.cz\/sr\/uzorak\/"]}]},{"@type":"BreadcrumbList","@id":"https:\/\/www.contio.cz\/sr\/uzorak\/#breadcrumb","itemListElement":[{"@type":"ListItem","position":1,"name":"Dom\u016f","item":"https:\/\/www.contio.cz\/sr\/"},{"@type":"ListItem","position":2,"name":"Uzorak"}]},{"@type":"WebSite","@id":"https:\/\/www.contio.cz\/sr\/#website","url":"https:\/\/www.contio.cz\/sr\/","name":"Bezobslu\u017en\u00e1 24 hodinov\u00e1 prodejna Contio 24","description":"Bezobslu\u017en\u00e9 vybaven\u00ed pro bezpe\u010dn\u00fd 24 hodinov\u00fd provoz","potentialAction":[{"@type":"SearchAction","target":{"@type":"EntryPoint","urlTemplate":"https:\/\/www.contio.cz\/sr\/?s={search_term_string}"},"query-input":{"@type":"PropertyValueSpecification","valueRequired":true,"valueName":"search_term_string"}}],"inLanguage":"sr-RS"}]}},"_links":{"self":[{"href":"https:\/\/www.contio.cz\/sr\/wp-json\/wp\/v2\/pages\/7463","targetHints":{"allow":["GET"]}}],"collection":[{"href":"https:\/\/www.contio.cz\/sr\/wp-json\/wp\/v2\/pages"}],"about":[{"href":"https:\/\/www.contio.cz\/sr\/wp-json\/wp\/v2\/types\/page"}],"author":[{"embeddable":true,"href":"https:\/\/www.contio.cz\/sr\/wp-json\/wp\/v2\/users\/6"}],"replies":[{"embeddable":true,"href":"https:\/\/www.contio.cz\/sr\/wp-json\/wp\/v2\/comments?post=7463"}],"version-history":[{"count":1,"href":"https:\/\/www.contio.cz\/sr\/wp-json\/wp\/v2\/pages\/7463\/revisions"}],"predecessor-version":[{"id":7464,"href":"https:\/\/www.contio.cz\/sr\/wp-json\/wp\/v2\/pages\/7463\/revisions\/7464"}],"wp:attachment":[{"href":"https:\/\/www.contio.cz\/sr\/wp-json\/wp\/v2\/media?parent=7463"}],"curies":[{"name":"wp","href":"https:\/\/api.w.org\/{rel}","templated":true}]}}