{"id":5759,"date":"2022-10-20T07:23:02","date_gmt":"2022-10-20T05:23:02","guid":{"rendered":"https:\/\/www.contio.cz\/datasheet-t6\/"},"modified":"2023-10-10T11:57:10","modified_gmt":"2023-10-10T09:57:10","slug":"podatkovni-list-t6","status":"publish","type":"page","link":"https:\/\/www.contio.cz\/sl\/podatkovni-list-t6\/","title":{"rendered":"PODATKOVNI LIST-T6"},"content":{"rendered":"<div class=\"wpb-content-wrapper\"><p>[vc_row content_placement=&#8221;middle&#8221; css=&#8221;.vc_custom_1666252155700{background-color: #025382 !important;}&#8221;][vc_column width=&#8221;1\/2&#8243;][vc_column_text]<\/p>\n<h2><strong><span dir=\"ltr\" style=\"font-size: 27.1999px; font-family: serif; color: white;\" role=\"presentation\">DATASHEET-T6<\/span><\/strong><\/h2>\n<p>[\/vc_column_text][\/vc_column][vc_column width=&#8221;1\/2&#8243;][vc_single_image image=&#8221;1336&#8243; img_size=&#8221;Full&#8221; alignment=&#8221;right&#8221;][\/vc_column][\/vc_row][vc_row][vc_column][vc_empty_space][vc_column_text]<\/p>\n<h2><strong><span dir=\"ltr\" role=\"presentation\">Stro\u0161kovno u\u010dinkovit<\/span> <span dir=\"ltr\" role=\"presentation\">robot za<\/span> <span dir=\"ltr\" role=\"presentation\">dostavo<\/span> <span dir=\"ltr\" role=\"presentation\">z<\/span> <span dir=\"ltr\" role=\"presentation\">veliko zmogljivostjo<\/span> <\/strong><\/h2>\n<p>[\/vc_column_text][vc_row_inner][vc_column_inner width=&#8221;1\/4&#8243;][vc_column_text]<\/p>\n<h1 style=\"text-align: center;\">T6<\/h1>\n<p>[\/vc_column_text][vc_single_image image=&#8221;1339&#8243; img_size=&#8221;Full&#8221;][vc_column_text]<\/p>\n<h1 style=\"text-align: center;\"><span dir=\"ltr\" role=\"presentation\">Specifikacije<\/span><\/h1>\n<p>[\/vc_column_text][\/vc_column_inner][vc_column_inner width=&#8221;3\/4&#8243; css=&#8221;.vc_custom_1666247415184{padding-top: 10px !important;padding-right: 10px !important;padding-bottom: 10px !important;padding-left: 10px !important;}&#8221;][vc_column_text]<\/p>\n<h2><strong><span dir=\"ltr\" role=\"presentation\">Klju\u010dne<\/span> l<span dir=\"ltr\" role=\"presentation\">astnosti<\/span><\/strong><\/h2>\n<p>[\/vc_column_text][vc_column_text]<\/p>\n<ul>\n<li>\n<div class=\"Output INFO\" dir=\"ltr\"><span id=\"[0,9]\" class=\"word\">Neodvisno<\/span> <span id=\"[10,16]\" class=\"word\">razvit<\/span> <span id=\"[17,21]\" class=\"word\">SLAM<\/span> (<span id=\"[23,31]\" class=\"word\">sinhrono<\/span> <span id=\"[32,41]\" class=\"word\">lociranje<\/span> <span id=\"[42,44]\" class=\"word\">in<\/span> <span id=\"[45,55]\" class=\"word\">kartiranje<\/span>), <span id=\"[58,60]\" class=\"word\">ki<\/span> <span id=\"[61,71]\" class=\"word\">zagotavlja <\/span><span id=\"[72,80]\" class=\"word\">natan\u010dno <\/span><span id=\"[81,95]\" class=\"word\">pozicioniranje<\/span> <span id=\"[96,98]\" class=\"word\">in<\/span> <span id=\"[99,109]\" class=\"word\">premikanje<\/span>.<\/div>\n<\/li>\n<li>\n<div class=\"Output INFO\" dir=\"ltr\"><span id=\"[111,123]\" class=\"word\">Inteligentna<\/span> <span id=\"[124,134]\" class=\"word\">sposobnost<\/span> <span id=\"[135,145]\" class=\"word\">izogibanja<\/span> <span id=\"[146,152]\" class=\"word\">oviram<\/span> <span id=\"[153,163]\" class=\"word\">zagotavlja<\/span> <span id=\"[164,169]\" class=\"word\">varno<\/span> <span id=\"[170,178]\" class=\"word\">storitev<\/span> <span id=\"[179,180]\" class=\"word\">z<\/span> <span id=\"[181,184]\" class=\"word\">ve\u010d <\/span><span id=\"[185,193]\" class=\"word\">senzorji<\/span>.<\/div>\n<\/li>\n<li>\n<div class=\"Output INFO\" dir=\"ltr\"><span id=\"[195,199]\" class=\"word\">Dolg<\/span> <span id=\"[200,203]\" class=\"word\">\u010das<\/span> <span id=\"[204,213]\" class=\"word\">delovanja<\/span>: <span id=\"[215,217]\" class=\"word\">12<\/span> <span id=\"[218,220]\" class=\"word\">ur<\/span> <span id=\"[221,235]\" class=\"word\">neprekinjenega<\/span> <span id=\"[236,245]\" class=\"word\">delovanja<\/span> (<span id=\"[247,255]\" class=\"word\">dejanski<\/span> <span id=\"[256,265]\" class=\"word\">rezultati<\/span> <span id=\"[266,268]\" class=\"word\">se <\/span><span id=\"[269,274]\" class=\"word\">lahko <\/span><span id=\"[275,286]\" class=\"word\">razlikujejo<\/span>).<\/div>\n<\/li>\n<li>\n<div class=\"Output INFO\" dir=\"ltr\"><span id=\"[289,296]\" class=\"word\">Pametno<\/span> <span id=\"[297,306]\" class=\"word\">polnjenje<\/span>: <span id=\"[308,317]\" class=\"word\">avtonomno<\/span> <span id=\"[318,325]\" class=\"word\">\u010dasovno<\/span> <span id=\"[326,328]\" class=\"word\">in<\/span> <span id=\"[329,339]\" class=\"word\">koli\u010dinsko<\/span> <span id=\"[340,349]\" class=\"word\">polnjenje<\/span> <span id=\"[350,351]\" class=\"word\">z <\/span><span id=\"[352,361]\" class=\"word\">opcijskim <\/span><span id=\"[362,371]\" class=\"word\">polnilnim<\/span> <span id=\"[372,377]\" class=\"word\">kupom<\/span>.<\/div>\n<\/li>\n<li>\n<div class=\"Output INFO\" dir=\"ltr\"><span id=\"[379,385]\" class=\"word\">Zaradi<\/span> <span id=\"[386,394]\" class=\"word\">odprtega<\/span> <span id=\"[395,402]\" class=\"word\">dostopa<\/span> <span id=\"[403,404]\" class=\"word\">s<\/span> <span id=\"[405,413]\" class=\"word\">sprednje<\/span> <span id=\"[414,416]\" class=\"word\">in<\/span> <span id=\"[417,423]\" class=\"word\">zadnje<\/span> <span id=\"[424,430]\" class=\"word\">strani<\/span> <span id=\"[431,438]\" class=\"word\">pladnja<\/span> <span id=\"[439,441]\" class=\"word\">je<\/span> <span id=\"[442,444]\" class=\"word\">ta<\/span> <span id=\"[445,453]\" class=\"word\">priro\u010den<\/span> <span id=\"[454,456]\" class=\"word\">za <\/span><span id=\"[457,464]\" class=\"word\">uporabo<\/span>.<\/div>\n<\/li>\n<li>\n<div class=\"Output INFO\" dir=\"ltr\"><span id=\"[466,477]\" class=\"word\">Sodelovanje<\/span> <span id=\"[478,481]\" class=\"word\">ve\u010d<\/span> <span id=\"[482,489]\" class=\"word\">robotov<\/span>: <span id=\"[491,494]\" class=\"word\">Ve\u010d<\/span> <span id=\"[495,502]\" class=\"word\">robotov<\/span> <span id=\"[503,508]\" class=\"word\">lahko<\/span> <span id=\"[509,517]\" class=\"word\">nemoteno<\/span> <span id=\"[518,526]\" class=\"word\">sodeluje<\/span> <span id=\"[527,528]\" class=\"word\">v<\/span> <span id=\"[529,534]\" class=\"word\">istem <\/span><span id=\"[535,543]\" class=\"word\">delovnem <\/span><span id=\"[544,550]\" class=\"word\">okolju<\/span>.<\/div>\n<\/li>\n<li>\n<div class=\"Output INFO\" dir=\"ltr\"><span id=\"[552,554]\" class=\"word\">Na<\/span> <span id=\"[555,562]\" class=\"word\">velikem<\/span> <span id=\"[563,570]\" class=\"word\">pladnju<\/span> <span id=\"[571,573]\" class=\"word\">je<\/span> <span id=\"[574,580]\" class=\"word\">dovolj<\/span> <span id=\"[581,589]\" class=\"word\">prostora<\/span> <span id=\"[590,592]\" class=\"word\">za<\/span> <span id=\"[593,594]\" class=\"word\">4<\/span> <span id=\"[595,599]\" class=\"word\">kose<\/span> <span id=\"[600,609]\" class=\"word\">9-pal\u010dnih<\/span> <span id=\"[610,613]\" class=\"word\">pic<\/span>.<\/div>\n<\/li>\n<li>\n<div class=\"Output INFO\" dir=\"ltr\"><span id=\"[615,617]\" class=\"word\">Do<\/span> <span id=\"[618,620]\" class=\"word\">35<\/span> <span id=\"[621,623]\" class=\"word\">kg<\/span> <span id=\"[624,629]\" class=\"word\">polne<\/span> <span id=\"[630,641]\" class=\"word\">obremenitve<\/span> <span id=\"[642,644]\" class=\"word\">za<\/span> <span id=\"[645,651]\" class=\"word\">visoko<\/span> <span id=\"[652,665]\" class=\"word\">povpra\u0161evanje<\/span>.<\/div>\n<div class=\"BottomBar\">\n<div class=\"Icon disabled \" title=\"Poslu\u0161aj\"><\/div>\n<\/div>\n<\/li>\n<\/ul>\n<p>[\/vc_column_text][\/vc_column_inner][\/vc_row_inner][\/vc_column][\/vc_row][vc_row][vc_column][vc_column_text]<\/p>\n<h3><strong><span dir=\"ltr\" role=\"presentation\">Uspe\u0161nost<\/span><\/strong><\/h3>\n<p>[\/vc_column_text][vc_raw_html]PGRpdiBzdHlsZT0ib3ZlcmZsb3cteDphdXRvOyI+CiAgPHRhYmxlPgogICAgPHRyPgogICAgICA8dGg+TmFqdmXEjWplIG9ibW\/EjWplIHBva3JpdmFuamEgbmEgbmFwcmF2bzwvdGg+CiAgICAgIDx0aD4yMDAqMjAwbjQ8L3RoPgogICAgIAogICAgIAogICAgPC90cj4KICAgIDx0cj4KICAgICAgPHRkPk5ham1hbmrFoWEgxaFpcmluYSBwcmVob2RhPC90ZD4KICAgICAgPHRkPjcwIGNtPC90ZD4KICAgICAgCiAgICAgIAogICAgPC90cj4KICAgIDx0cj4KICAgICAgPHRkPkhpdHJvc3QgZ2liYW5qYTwvdGQ+CiAgICAgIDx0ZD4wLDEgfiAxLDIgbS9zIG5hc3RhdmxqaXY8L3RkPgogICAKICAgICAgCiAgICA8L3RyPgogICAgPHRyPgogICAgICA8dGQ+TWluLiBQcmVtZXIgb2JyYcSNYW5qYTwvdGQ+CiAgICAgIDx0ZD44MCBjbTwvdGQ+CiAgICAgCiAgICAgCiAgICA8L3RyPgoKPHRyPgogICAgICA8dGQ+WmF2b3JuYSBwb3Q8L3RkPgogICAgICA8dGQ+NjIgY20gKG5hanZlxI1qYSBoaXRyb3N0IGdpYmFuamEgaW4gcG9sbmEgb2JyZW1lbml0ZXYpPC90ZD4KICAgICAgCiAgICAgIAogICAgPC90cj4KICAgIDx0cj4KICAgICAgPHRkPkhpdHJvc3QgZ2liYW5qYTwvdGQ+CiAgICAgIDx0ZD4wLDEgfiAxLDIgbS9zIG5hc3RhdmxqaXY8L3RkPgogICAKICAgICAgCiAgICA8L3RyPgogICAgPHRyPgogICAgICA8dGQ+S290IG5hZ2liYTwvdGQ+CiAgICAgIDx0ZD4mbHQ7NcKwPC90ZD4KICAgICAKICAgICAKICAgIDwvdHI+Cgo8dHI+CiAgICAgIDx0ZD7FvWl2bGplbmpza2EgZG9iYSBiYXRlcmlqZTwvdGQ+CiAgICAgIDx0ZD4xMi0xNWg8L3RkPgogICAgICAKICAgICAgCiAgICA8L3RyPgogICAgPHRyPgogICAgICA8dGQ+xb1pdmxqZW5qc2tpIGtyb2c8L3RkPgogICAgICA8dGQ+MjAwMDBoPC90ZD4KICAgCiAgICAgIAogICAgPC90cj4KICAgIDx0cj4KICAgICAgPHRkPlNvZGVsb3ZhbmplIHogdmXEjSByb2JvdGk8L3RkPgogICAgICA8dGQ+TmFqdmXEjSAxMCByb2JvdG92PC90ZD4KICAgICAKICAgICAKICAgIDwvdHI+Cgo8dHI+CiAgICAgIDx0ZD5Eb3N0YXZhIHYgdmXEjSB0b8SNa2FoPC90ZD4KICAgICAgPHRkPkRvIDIwIHRvxI1rIChlbmtyYXRuYSBkb3N0YXZhKTwvdGQ+CiAgICAgIAogICAgICAKICAgIDwvdHI+CiAgICA8dHI+CiAgICAgIDx0ZD5JbnRlbGlnZW50bm8gaXpvZ2liYW5qZSBvdmlyYW0gTmFqdmXEjWppIGRvc2VnIHphem5hdmFuamEgIDwvdGQ+CiAgICAgIDx0ZD4mbHQ7MS41TTwvdGQ+CiAgIAogICAgICAKICAgIDwvdHI+CiAgICA8dHI+CiAgICAgIDx0ZD5OYXppdm5hIG1vxI08L3RkPgogICAgICA8dGQ+NDBXdzwvdGQ+CiAgICAgCiAgICAgCiAgICA8L3RyPgoKCgogIDwvdGFibGU+CjwvZGl2Pg==[\/vc_raw_html][\/vc_column][\/vc_row][vc_row][vc_column][vc_column_text]<\/p>\n<h3><strong><span dir=\"ltr\" role=\"presentation\">Okolje<\/span><\/strong><\/h3>\n<p>[\/vc_column_text][vc_raw_html]PGRpdiBzdHlsZT0ib3ZlcmZsb3cteDphdXRvOyI+CiAgPHRhYmxlPgogICAgPHRyPgogICAgICA8dGg+RGVsb3ZuYSB0ZW1wZXJhdHVyYSwgdmxhxb5ub3N0PC90aD4KICAgICAgPHRoPiAgLSA0NcKwQywgUkg6IDUlIH4gODUlPC90aD4KICAgICAKICAgICAKICAgIDwvdHI+CiAgICA8dHI+CiAgICAgIDx0ZD5EZWxvdm5vIG9rb2xqZTwvdGQ+CiAgICAgIDx0ZD5Ob3RyYW5qZSBva29samUsIHJhdm5hIHRsYSwgYnJleiBwcmFodTwvdGQ+CiAgICAgIAogICAgICAKICAgIDwvdHI+CiAgICA8dHI+CiAgICAgIDx0ZD5UZW1wZXJhdHVyYSBzaHJhbmpldmFuamE8L3RkPgogICAgICA8dGQ+LTMwIMKwQy02MCDCsEM8L3RkPgogICAKICAgICAgCiAgICA8L3RyPgogICAgCgogIDwvdGFibGU+CjwvZGl2Pg==[\/vc_raw_html][\/vc_column][\/vc_row][vc_row css=&#8221;.vc_custom_1666251970935{background-position: center !important;background-repeat: no-repeat !important;background-size: cover !important;}&#8221;][vc_column][vc_column_text css=&#8221;.vc_custom_1666251979348{background-color: #025382 !important;}&#8221;]<\/p>\n<h1 style=\"text-align: center; color: white;\"><strong>1<\/strong><\/h1>\n<p>[\/vc_column_text][\/vc_column][\/vc_row][vc_row][vc_column][vc_empty_space][\/vc_column][\/vc_row][vc_row content_placement=&#8221;middle&#8221; css=&#8221;.vc_custom_1666248477477{background-color: #025382 !important;background-position: center !important;background-repeat: no-repeat !important;background-size: cover !important;}&#8221;][vc_column width=&#8221;1\/2&#8243;][vc_column_text]<\/p>\n<h2><strong><span dir=\"ltr\" style=\"font-size: 27.1999px; font-family: serif; color: white;\" role=\"presentation\">DATASHEET-T6<\/span><\/strong><\/h2>\n<p>[\/vc_column_text][\/vc_column][vc_column width=&#8221;1\/2&#8243;][vc_single_image image=&#8221;1336&#8243; img_size=&#8221;Full&#8221; alignment=&#8221;right&#8221;][\/vc_column][\/vc_row][vc_row][vc_column][vc_empty_space][vc_column_text]<\/p>\n<h3><strong><span dir=\"ltr\" role=\"presentation\">Baterija in polnjenje<\/span><\/strong><\/h3>\n<p>[\/vc_column_text][vc_raw_html]PGRpdiBzdHlsZT0ib3ZlcmZsb3cteDphdXRvOyI+CiAgPHRhYmxlPgogICAgPHRyPgogICAgICA8dGg+VnJzdGEgYmF0ZXJpamU8L3RoPgogICAgICA8dGg+VGVybmFybmEgbGl0aWpldmEgYmF0ZXJpamE8L3RoPgogICAgIAogICAgIAogICAgPC90cj4KICAgIDx0cj4KICAgICAgPHRkPkthcGFjaXRldGEgYmF0ZXJpamU8L3RkPgogICAgICA8dGQ+REMgNDhWIDEyQWg8L3RkPgogICAgICAKICAgICAgCiAgICA8L3RyPgogICAgPHRyPgogICAgICA8dGQ+T2RzdHJhbmxqaXZhIGJhdGVyaWphPC90ZD4KICAgICAgPHRkPlMgc3BsZXRuZSBzdHJhbmk8L3RkPgogICAKICAgICAgCiAgICA8L3RyPgogICAgPHRyPgogICAgICA8dGQ+TmHEjWluIHBvbG5qZW5qYTwvdGQ+CiAgICAgIDx0ZD5TYW1vZGVqbm8gcG9sbmplbmplIHogb3BjaWpza2ltIHBvbG5pbG5pbSBrdXBvbSBpbiByb8SNbm8gcG9sbmplbmplIHMgcG9sbmlsbmlrb208L3RkPgogICAgIAogICAgIAogICAgPC90cj4KCjx0cj4KICAgICAgPHRkPlZob2QgemEgcG9sbmplbmplPC90ZD4KICAgICAgPHRkPjEwMC0yNDAgVn4gLCA1MC82MCBIejwvdGQ+CiAgICAgIAogICAgICAKICAgIDwvdHI+CiAgICA8dHI+CiAgICAgIDx0ZD7EjGFzIENoYXJpbmc8L3RkPgogICAgICA8dGQ+OGg8L3RkPgogICAKICAgICAgCiAgICA8L3RyPgogICAgPHRyPgogICAgICA8dGQ+RGltZW56aWphIHBvbG5pbG5lZ2Ega3VwYTwvdGQ+CiAgICAgIDx0ZD4yMTUgKiAyOTAgKiAyMzAgbW08L3RkPgogICAgIAogICAgIAogICAgPC90cj4KCjx0cj4KICAgICAgPHRkPlRlxb5hIHBvbG5pbG5lZ2Ega3VwYTwvdGQ+CiAgICAgIDx0ZD4yLDIga2c8L3RkPgogICAgICAKICAgICAgCiAgICA8L3RyPgogICAKCgoKICA8L3RhYmxlPgo8L2Rpdj4=[\/vc_raw_html][\/vc_column][\/vc_row][vc_row][vc_column][vc_empty_space][vc_column_text]<\/p>\n<h3><strong><span dir=\"ltr\" role=\"presentation\">Strojna oprema<\/span><\/strong><\/h3>\n<p>[\/vc_column_text][vc_raw_html]PGRpdiBzdHlsZT0ib3ZlcmZsb3cteDphdXRvOyI+CiAgPHRhYmxlPgogICAgPHRyPgogICAgICA8dGg+TWF0ZXJpYWwgc3Ryb2phPC90aD4KICAgICAgPHRoPkFCUzwvdGg+CiAgICAgCiAgICAgCiAgICA8L3RyPgogICAgPHRyPgogICAgICA8dGQ+TWV0b2RhIHBvemljaW9uaXJhbmphPC90ZD4KICAgICAgPHRkPlBvc3Rhdml0ZXYgbmFsZXBrZTwvdGQ+CiAgICAgIAogICAgICAKICAgIDwvdHI+CiAgICA8dHI+CiAgICAgIDx0ZD5OYXRhbsSNbm9zdCBkb2xvxI1hbmphIHBvbG\/FvmFqYTwvdGQ+CiAgICAgIDx0ZD5DZW50aW1ldHJza2kgcmF6cmVkPC90ZD4KICAgCiAgICAgIAogICAgPC90cj4KICAgIDx0cj4KICAgICAgPHRkPlRlaG5pa2UgemF6bmF2YW5qYTwvdGQ+CiAgICAgIDx0ZD5MaURBUiwgc3RlcmVvdml6aWphLCBzbGlrb3ZuaSBtb2R1bCwgc2Vuem9yIHRya2EsIElNVSAoaW5lcmNpYWxuYSBtZXJpbG5hIGVub3RhKTwvdGQ+CiAgICAgCiAgICAgCiAgICA8L3RyPgoKPHRyPgogICAgICA8dGQ+UG9rcml0b3N0IHNlbnpvcmphPC90ZD4KICAgICAgPHRkPlJhenBvbiB6YXpuYXZhbmphIExpREFSOiAxODPCsCwgJmd0OzEwIG0sIHJhenBvbiBzdGVyZW92aXppamU6IDE1MMKwLCAwLDEtMSw1IG08L3RkPgogICAgICAKICAgICAgCiAgICA8L3RyPgogICAgPHRyPgogICAgICA8dGQ+Wmdvcm5qaSBrb3Qga2FtZXJlPC90ZD4KICAgICAgPHRkPjEyMMKwLCBwb3RyZWJuYSB2acWhaW5hIG9ibG9nZSAyLTggbTwvdGQ+CiAgIAogICAgICAKICAgIDwvdHI+CiAgICA8dHI+CiAgICAgIDx0ZD5PbXJlxb5qZTwvdGQ+CiAgICAgIDx0ZD5XaS1GaSAoMjQxIDItMjQ3MiBNSHopPC90ZD4KICAgICAKICAgICAKICAgIDwvdHI+Cgo8dHI+CiAgICAgIDx0ZD5Qb21uaWxuaWsgaW4gbm90cmFuamkgcG9tbmlsbmlrPC90ZD4KICAgICAgPHRkPjJHQiBSQU0gKyAxNkdCIFJPTTwvdGQ+CiAgICAgIAogICAgICAKICAgIDwvdHI+CiAgIAogPHRyPgogICAgICA8dGQ+WmFzbG9uIG5hIGRvdGlrPC90ZD4KICAgICAgPHRkPjcgcGFsY2V2ICgxMDI0KjYwMCk8L3RkPgogICAgIAogICAgIAogICAgPC90cj4KCjx0cj4KICAgICAgPHRkPkludGVyYWt0aXZuYSBzcG9zb2Jub3N0PC90ZD4KICAgICAgPHRkPkRvdGlrPC90ZD4KICAgICAgCiAgICAgIAogICAgPC90cj4KCgoKICA8L3RhYmxlPgo8L2Rpdj4=[\/vc_raw_html][\/vc_column][\/vc_row]<\/p>\n<\/div>","protected":false},"excerpt":{"rendered":"<p>[vc_row content_placement=&#8221;middle&#8221; css=&#8221;.vc_custom_1666252155700{background-color: #025382 !important;}&#8221;][vc_column width=&#8221;1\/2&#8243;][vc_column_text] DATASHEET-T6 [\/vc_column_text][\/vc_column][vc_column width=&#8221;1\/2&#8243;][vc_single_image image=&#8221;1336&#8243; img_size=&#8221;Full&#8221; alignment=&#8221;right&#8221;][\/vc_column][\/vc_row][vc_row][vc_column][vc_empty_space][vc_column_text] Stro\u0161kovno u\u010dinkovit robot za dostavo z veliko zmogljivostjo [\/vc_column_text][vc_row_inner][vc_column_inner width=&#8221;1\/4&#8243;][vc_column_text] T6 [\/vc_column_text][vc_single_image image=&#8221;1339&#8243; img_size=&#8221;Full&#8221;][vc_column_text] Specifikacije [\/vc_column_text][\/vc_column_inner][vc_column_inner width=&#8221;3\/4&#8243; css=&#8221;.vc_custom_1666247415184{padding-top: 10px !important;padding-right: 10px !important;padding-bottom: 10px !important;padding-left: 10px !important;}&#8221;][vc_column_text] Klju\u010dne lastnosti [\/vc_column_text][vc_column_text] Neodvisno razvit SLAM (sinhrono lociranje in kartiranje), ki zagotavlja natan\u010dno pozicioniranje in premikanje. Inteligentna&hellip;<\/p>\n","protected":false},"author":6,"featured_media":0,"parent":0,"menu_order":0,"comment_status":"closed","ping_status":"closed","template":"","meta":{"_acf_changed":false,"footnotes":""},"class_list":["post-5759","page","type-page","status-publish","hentry"],"acf":[],"yoast_head":"<!-- This site is optimized with the Yoast SEO plugin v27.2 - https:\/\/yoast.com\/product\/yoast-seo-wordpress\/ -->\n<title>PODATKOVNI LIST-T6 - Bezobslu\u017en\u00e1 24 hodinov\u00e1 prodejna Contio 24<\/title>\n<meta name=\"robots\" content=\"index, follow, max-snippet:-1, max-image-preview:large, max-video-preview:-1\" \/>\n<link rel=\"canonical\" href=\"https:\/\/www.contio.cz\/sl\/podatkovni-list-t6\/\" \/>\n<meta property=\"og:locale\" content=\"sl_SI\" \/>\n<meta property=\"og:type\" content=\"article\" \/>\n<meta property=\"og:title\" content=\"PODATKOVNI LIST-T6 - Bezobslu\u017en\u00e1 24 hodinov\u00e1 prodejna Contio 24\" \/>\n<meta property=\"og:description\" content=\"[vc_row content_placement=&#8221;middle&#8221; css=&#8221;.vc_custom_1666252155700{background-color: #025382 !important;}&#8221;][vc_column width=&#8221;1\/2&#8243;][vc_column_text] DATASHEET-T6 [\/vc_column_text][\/vc_column][vc_column width=&#8221;1\/2&#8243;][vc_single_image image=&#8221;1336&#8243; img_size=&#8221;Full&#8221; alignment=&#8221;right&#8221;][\/vc_column][\/vc_row][vc_row][vc_column][vc_empty_space][vc_column_text] Stro\u0161kovno u\u010dinkovit robot za dostavo z veliko zmogljivostjo [\/vc_column_text][vc_row_inner][vc_column_inner width=&#8221;1\/4&#8243;][vc_column_text] T6 [\/vc_column_text][vc_single_image image=&#8221;1339&#8243; img_size=&#8221;Full&#8221;][vc_column_text] Specifikacije [\/vc_column_text][\/vc_column_inner][vc_column_inner width=&#8221;3\/4&#8243; css=&#8221;.vc_custom_1666247415184{padding-top: 10px !important;padding-right: 10px !important;padding-bottom: 10px !important;padding-left: 10px !important;}&#8221;][vc_column_text] Klju\u010dne lastnosti [\/vc_column_text][vc_column_text] Neodvisno razvit SLAM (sinhrono lociranje in kartiranje), ki zagotavlja natan\u010dno pozicioniranje in premikanje. Inteligentna&hellip;\" \/>\n<meta property=\"og:url\" content=\"https:\/\/www.contio.cz\/sl\/podatkovni-list-t6\/\" \/>\n<meta property=\"og:site_name\" content=\"Bezobslu\u017en\u00e1 24 hodinov\u00e1 prodejna Contio 24\" \/>\n<meta property=\"article:modified_time\" content=\"2023-10-10T09:57:10+00:00\" \/>\n<meta name=\"twitter:card\" content=\"summary_large_image\" \/>\n<meta name=\"twitter:label1\" content=\"Est. reading time\" \/>\n\t<meta name=\"twitter:data1\" content=\"1 minuta\" \/>\n<script type=\"application\/ld+json\" class=\"yoast-schema-graph\">{\"@context\":\"https:\/\/schema.org\",\"@graph\":[{\"@type\":\"WebPage\",\"@id\":\"https:\/\/www.contio.cz\/sl\/podatkovni-list-t6\/\",\"url\":\"https:\/\/www.contio.cz\/sl\/podatkovni-list-t6\/\",\"name\":\"PODATKOVNI LIST-T6 - Bezobslu\u017en\u00e1 24 hodinov\u00e1 prodejna Contio 24\",\"isPartOf\":{\"@id\":\"https:\/\/www.contio.cz\/sl\/#website\"},\"datePublished\":\"2022-10-20T05:23:02+00:00\",\"dateModified\":\"2023-10-10T09:57:10+00:00\",\"breadcrumb\":{\"@id\":\"https:\/\/www.contio.cz\/sl\/podatkovni-list-t6\/#breadcrumb\"},\"inLanguage\":\"sl-SI\",\"potentialAction\":[{\"@type\":\"ReadAction\",\"target\":[\"https:\/\/www.contio.cz\/sl\/podatkovni-list-t6\/\"]}]},{\"@type\":\"BreadcrumbList\",\"@id\":\"https:\/\/www.contio.cz\/sl\/podatkovni-list-t6\/#breadcrumb\",\"itemListElement\":[{\"@type\":\"ListItem\",\"position\":1,\"name\":\"Dom\u016f\",\"item\":\"https:\/\/www.contio.cz\/sl\/\"},{\"@type\":\"ListItem\",\"position\":2,\"name\":\"PODATKOVNI LIST-T6\"}]},{\"@type\":\"WebSite\",\"@id\":\"https:\/\/www.contio.cz\/sl\/#website\",\"url\":\"https:\/\/www.contio.cz\/sl\/\",\"name\":\"Bezobslu\u017en\u00e1 24 hodinov\u00e1 prodejna Contio 24\",\"description\":\"Bezobslu\u017en\u00e9 vybaven\u00ed pro bezpe\u010dn\u00fd 24 hodinov\u00fd provoz\",\"potentialAction\":[{\"@type\":\"SearchAction\",\"target\":{\"@type\":\"EntryPoint\",\"urlTemplate\":\"https:\/\/www.contio.cz\/sl\/?s={search_term_string}\"},\"query-input\":{\"@type\":\"PropertyValueSpecification\",\"valueRequired\":true,\"valueName\":\"search_term_string\"}}],\"inLanguage\":\"sl-SI\"}]}<\/script>\n<!-- \/ Yoast SEO plugin. -->","yoast_head_json":{"title":"PODATKOVNI LIST-T6 - Bezobslu\u017en\u00e1 24 hodinov\u00e1 prodejna Contio 24","robots":{"index":"index","follow":"follow","max-snippet":"max-snippet:-1","max-image-preview":"max-image-preview:large","max-video-preview":"max-video-preview:-1"},"canonical":"https:\/\/www.contio.cz\/sl\/podatkovni-list-t6\/","og_locale":"sl_SI","og_type":"article","og_title":"PODATKOVNI LIST-T6 - Bezobslu\u017en\u00e1 24 hodinov\u00e1 prodejna Contio 24","og_description":"[vc_row content_placement=&#8221;middle&#8221; css=&#8221;.vc_custom_1666252155700{background-color: #025382 !important;}&#8221;][vc_column width=&#8221;1\/2&#8243;][vc_column_text] DATASHEET-T6 [\/vc_column_text][\/vc_column][vc_column width=&#8221;1\/2&#8243;][vc_single_image image=&#8221;1336&#8243; img_size=&#8221;Full&#8221; alignment=&#8221;right&#8221;][\/vc_column][\/vc_row][vc_row][vc_column][vc_empty_space][vc_column_text] Stro\u0161kovno u\u010dinkovit robot za dostavo z veliko zmogljivostjo [\/vc_column_text][vc_row_inner][vc_column_inner width=&#8221;1\/4&#8243;][vc_column_text] T6 [\/vc_column_text][vc_single_image image=&#8221;1339&#8243; img_size=&#8221;Full&#8221;][vc_column_text] Specifikacije [\/vc_column_text][\/vc_column_inner][vc_column_inner width=&#8221;3\/4&#8243; css=&#8221;.vc_custom_1666247415184{padding-top: 10px !important;padding-right: 10px !important;padding-bottom: 10px !important;padding-left: 10px !important;}&#8221;][vc_column_text] Klju\u010dne lastnosti [\/vc_column_text][vc_column_text] Neodvisno razvit SLAM (sinhrono lociranje in kartiranje), ki zagotavlja natan\u010dno pozicioniranje in premikanje. Inteligentna&hellip;","og_url":"https:\/\/www.contio.cz\/sl\/podatkovni-list-t6\/","og_site_name":"Bezobslu\u017en\u00e1 24 hodinov\u00e1 prodejna Contio 24","article_modified_time":"2023-10-10T09:57:10+00:00","twitter_card":"summary_large_image","twitter_misc":{"Est. reading time":"1 minuta"},"schema":{"@context":"https:\/\/schema.org","@graph":[{"@type":"WebPage","@id":"https:\/\/www.contio.cz\/sl\/podatkovni-list-t6\/","url":"https:\/\/www.contio.cz\/sl\/podatkovni-list-t6\/","name":"PODATKOVNI LIST-T6 - Bezobslu\u017en\u00e1 24 hodinov\u00e1 prodejna Contio 24","isPartOf":{"@id":"https:\/\/www.contio.cz\/sl\/#website"},"datePublished":"2022-10-20T05:23:02+00:00","dateModified":"2023-10-10T09:57:10+00:00","breadcrumb":{"@id":"https:\/\/www.contio.cz\/sl\/podatkovni-list-t6\/#breadcrumb"},"inLanguage":"sl-SI","potentialAction":[{"@type":"ReadAction","target":["https:\/\/www.contio.cz\/sl\/podatkovni-list-t6\/"]}]},{"@type":"BreadcrumbList","@id":"https:\/\/www.contio.cz\/sl\/podatkovni-list-t6\/#breadcrumb","itemListElement":[{"@type":"ListItem","position":1,"name":"Dom\u016f","item":"https:\/\/www.contio.cz\/sl\/"},{"@type":"ListItem","position":2,"name":"PODATKOVNI LIST-T6"}]},{"@type":"WebSite","@id":"https:\/\/www.contio.cz\/sl\/#website","url":"https:\/\/www.contio.cz\/sl\/","name":"Bezobslu\u017en\u00e1 24 hodinov\u00e1 prodejna Contio 24","description":"Bezobslu\u017en\u00e9 vybaven\u00ed pro bezpe\u010dn\u00fd 24 hodinov\u00fd provoz","potentialAction":[{"@type":"SearchAction","target":{"@type":"EntryPoint","urlTemplate":"https:\/\/www.contio.cz\/sl\/?s={search_term_string}"},"query-input":{"@type":"PropertyValueSpecification","valueRequired":true,"valueName":"search_term_string"}}],"inLanguage":"sl-SI"}]}},"_links":{"self":[{"href":"https:\/\/www.contio.cz\/sl\/wp-json\/wp\/v2\/pages\/5759","targetHints":{"allow":["GET"]}}],"collection":[{"href":"https:\/\/www.contio.cz\/sl\/wp-json\/wp\/v2\/pages"}],"about":[{"href":"https:\/\/www.contio.cz\/sl\/wp-json\/wp\/v2\/types\/page"}],"author":[{"embeddable":true,"href":"https:\/\/www.contio.cz\/sl\/wp-json\/wp\/v2\/users\/6"}],"replies":[{"embeddable":true,"href":"https:\/\/www.contio.cz\/sl\/wp-json\/wp\/v2\/comments?post=5759"}],"version-history":[{"count":5,"href":"https:\/\/www.contio.cz\/sl\/wp-json\/wp\/v2\/pages\/5759\/revisions"}],"predecessor-version":[{"id":7011,"href":"https:\/\/www.contio.cz\/sl\/wp-json\/wp\/v2\/pages\/5759\/revisions\/7011"}],"wp:attachment":[{"href":"https:\/\/www.contio.cz\/sl\/wp-json\/wp\/v2\/media?parent=5759"}],"curies":[{"name":"wp","href":"https:\/\/api.w.org\/{rel}","templated":true}]}}