{"id":5656,"date":"2022-03-04T09:16:16","date_gmt":"2022-03-04T08:16:16","guid":{"rendered":"https:\/\/www.contio.cz\/samopostrezno-odjavljanje-narocil\/"},"modified":"2024-05-06T13:08:37","modified_gmt":"2024-05-06T11:08:37","slug":"samopostrezno-odjavljanje-narocil","status":"publish","type":"page","link":"https:\/\/www.contio.cz\/sl\/samopostrezno-odjavljanje-narocil\/","title":{"rendered":"Samopostre\u017eno odjavljanje naro\u010dil"},"content":{"rendered":"<div class=\"wpb-content-wrapper\"><p>[vc_row][vc_column]\n\t\t\t<!-- START Selfservice kiosks(Slovenian)  landing REVOLUTION SLIDER 6.7.40 --><p class=\"rs-p-wp-fix\"><\/p>\n\t\t\t<rs-module-wrap id=\"rev_slider_60_1_wrapper\" data-source=\"gallery\" style=\"visibility:hidden;background:transparent;padding:0;margin:0px auto;margin-top:0;margin-bottom:0;\">\n\t\t\t\t<rs-module id=\"rev_slider_60_1\" style=\"\" data-version=\"6.7.40\">\n\t\t\t\t\t<rs-slides style=\"overflow: hidden; position: absolute;\">\n\t\t\t\t\t\t<rs-slide style=\"position: absolute;\" data-key=\"rs-112\" data-title=\"Weathy Forecast\" data-anim=\"adpr:false;ms:600;\" data-in=\"o:0;\" data-out=\"a:false;\">\n\t\t\t\t\t\t\t<img decoding=\"async\" src=\"\/\/www.contio.cz\/wp-content\/plugins\/revslider\/sr6\/assets\/assets\/dummy.png\" alt=\"Samoobslu\u017en\u00e9 pokladny a kiosky Contio\" title=\"Samoobslu\u017en\u00e9 pokladny a kiosky Contio\" width=\"8001\" height=\"3751\" class=\"rev-slidebg tp-rs-img rs-lazyload\" data-lazyload=\"\/\/www.contio.cz\/wp-content\/uploads\/2022\/03\/samoobsluzne-pokladny-2.png\" data-parallax=\"off\" data-no-retina>\n<!--\n\t\t\t\t\t\t\t--><rs-layer\n\t\t\t\t\t\t\t\tid=\"slider-60-slide-112-layer-0\" \n\t\t\t\t\t\t\t\tdata-type=\"text\"\n\t\t\t\t\t\t\t\tdata-color=\"#fff\"\n\t\t\t\t\t\t\t\tdata-rsp_ch=\"on\"\n\t\t\t\t\t\t\t\tdata-xy=\"x:298px;y:270px;\"\n\t\t\t\t\t\t\t\tdata-text=\"w:normal;s:45;l:55;fw:900;\"\n\t\t\t\t\t\t\t\tdata-dim=\"minh:0px;\"\n\t\t\t\t\t\t\t\tdata-frame_999=\"o:0;st:w;\"\n\t\t\t\t\t\t\t\tstyle=\"z-index:8;font-family:'Roboto';text-transform:uppercase;\"\n\t\t\t\t\t\t\t>Samopostre\u017ene blagajne \n\t\t\t\t\t\t\t<\/rs-layer><!--\n\n\t\t\t\t\t\t\t--><rs-layer\n\t\t\t\t\t\t\t\tid=\"slider-60-slide-112-layer-1\" \n\t\t\t\t\t\t\t\tdata-type=\"text\"\n\t\t\t\t\t\t\t\tdata-color=\"#ffffff\"\n\t\t\t\t\t\t\t\tdata-rsp_ch=\"on\"\n\t\t\t\t\t\t\t\tdata-xy=\"x:320px;y:357px;\"\n\t\t\t\t\t\t\t\tdata-text=\"w:normal;\"\n\t\t\t\t\t\t\t\tdata-frame_999=\"o:0;st:w;\"\n\t\t\t\t\t\t\t\tstyle=\"z-index:9;font-family:'Roboto';\"\n\t\t\t\t\t\t\t>Hitrej\u0161a prijava strank in do 24\/7 nenadzorovana trgovina \n\t\t\t\t\t\t\t<\/rs-layer><!--\n-->\t\t\t\t\t<\/rs-slide>\n\t\t\t\t\t<\/rs-slides>\n\t\t\t\t<\/rs-module>\n\t\t\t\t<script>\n\t\t\t\t\tsetREVStartSize({c: 'rev_slider_60_1',rl:[1240,1024,778,480],el:[800],gw:[1170],gh:[800],type:'standard',justify:'',layout:'fullwidth',mh:\"0\"});if (window.RS_MODULES!==undefined && window.RS_MODULES.modules!==undefined && window.RS_MODULES.modules[\"revslider601\"]!==undefined) {window.RS_MODULES.modules[\"revslider601\"].once = false;window.revapi60 = undefined;if (window.RS_MODULES.checkMinimal!==undefined) window.RS_MODULES.checkMinimal()}\n\t\t\t\t<\/script>\n\t\t\t<\/rs-module-wrap>\n\t\t\t<!-- END REVOLUTION SLIDER -->\n[\/vc_column][\/vc_row][vc_row][vc_column][vc_text_separator title=&#8221;Naro\u010dite avtomatizacijo in delavce tam, kjer so resni\u010dno potrebni&#8221; css=&#8221;.vc_custom_1696773715640{margin-top: 50px !important;margin-bottom: 50px !important;}&#8221;][\/vc_column][\/vc_row][vc_row][vc_column width=&#8221;1\/2&#8243;][vc_column_text]<\/p>\n<div class=\"Output INFO\" dir=\"ltr\">\n<p><strong><span id=\"[0,3]\" class=\"word\">Pri<\/span> <span id=\"[4,7]\" class=\"word\">\u010dem<\/span> <span id=\"[8,11]\" class=\"word\">vam<\/span> <span id=\"[12,17]\" class=\"word\">lahko<\/span> <span id=\"[18,24]\" class=\"word\">pomaga<\/span> <span id=\"[25,32]\" class=\"word\">sodobni<\/span> <span id=\"[33,38]\" class=\"word\">kiosk<\/span><\/strong><\/p>\n<p><span id=\"[40,48]\" class=\"word\">hitrej\u0161a<\/span> <span id=\"[49,56]\" class=\"word\">prijava<\/span> <span id=\"[57,63]\" class=\"word\">strank<\/span><br \/>\n<span id=\"[64,77]\" class=\"word\">u\u010dinkovitej\u0161a<\/span> <span id=\"[78,85]\" class=\"word\">uporaba<\/span> <span id=\"[86,93]\" class=\"word\">delovne<\/span> <span id=\"[94,98]\" class=\"word\">sile<\/span><br \/>\n<span id=\"[99,101]\" class=\"word\">za<\/span> <span id=\"[102,115]\" class=\"word\">dopolnjevanje<\/span> <span id=\"[116,119]\" class=\"word\">ali<\/span> <span id=\"[120,132]\" class=\"word\">nadome\u0161\u010danje<\/span> <span id=\"[133,140]\" class=\"word\">delovne<\/span> <span id=\"[141,145]\" class=\"word\">sile<\/span><br \/>\n<span id=\"[146,160]\" class=\"word\">brezgotovinsko<\/span> <span id=\"[161,171]\" class=\"word\">pla\u010devanje<\/span><\/p>\n<\/div>\n<div class=\"BottomBar\">\n<div class=\"Icon disabled \" title=\"Poslu\u0161aj\"><\/div>\n<\/div>\n<p>[\/vc_column_text][\/vc_column][vc_column width=&#8221;1\/2&#8243;][vc_column_text]<\/p>\n<h2>Cenovno ugodno, po ceni iz blagajne<\/h2>\n<p>[\/vc_column_text][\/vc_column][\/vc_row][vc_row][vc_column][vc_separator][\/vc_column][\/vc_row][vc_row][vc_column width=&#8221;1\/2&#8243;][vc_single_image image=&#8221;539&#8243; alignment=&#8221;center&#8221;][\/vc_column][vc_column width=&#8221;1\/2&#8243;][vc_column_text]<\/p>\n<h2><span id=\"[0,3]\" class=\"word\">Na\u0161<\/span> <span id=\"[4,9]\" class=\"word\">kiosk<\/span> <span id=\"[10,12]\" class=\"word\">za<\/span> <span id=\"[13,22]\" class=\"word\">naro\u010danje<\/span> <span id=\"[23,34]\" class=\"word\">uporabljajo<\/span> <span id=\"[35,45]\" class=\"word\">industrije<\/span><\/h2>\n<ul>\n<li><span id=\"[47,55]\" class=\"word\">trgovina<\/span> <span id=\"[56,58]\" class=\"word\">na<\/span> <span id=\"[59,65]\" class=\"word\">drobno<\/span> <span id=\"[66,68]\" class=\"word\">in<\/span> <span id=\"[69,75]\" class=\"word\">\u017eivila<\/span><\/li>\n<li><span id=\"[76,86]\" class=\"word\">gostinstvo<\/span>, <span id=\"[88,93]\" class=\"word\">hitra<\/span> <span id=\"[94,102]\" class=\"word\">prehrana<\/span> <span id=\"[103,105]\" class=\"word\">in<\/span> <span id=\"[106,113]\" class=\"word\">kavarne<\/span><br \/>\n<span id=\"[114,124]\" class=\"word\"><\/span><\/li>\n<li><span id=\"[114,124]\" class=\"word\">turisti\u010dni<\/span> <span id=\"[125,130]\" class=\"word\">kraji<\/span> <span id=\"[131,133]\" class=\"word\">in<\/span> <span id=\"[134,143]\" class=\"word\">vstopnice<\/span><\/li>\n<\/ul>\n<p>[\/vc_column_text][\/vc_column][\/vc_row][vc_row][vc_column][vc_separator][\/vc_column][\/vc_row][vc_row][vc_column width=&#8221;1\/2&#8243;][vc_column_text]<\/p>\n<h2><span id=\"[0,8]\" class=\"word\">Trgovina<\/span> <span id=\"[9,13]\" class=\"word\">brez<\/span> <span id=\"[14,21]\" class=\"word\">nadzora<\/span><\/h2>\n<ul>\n<li><span id=\"[23,32]\" class=\"word\">delovanje<\/span> <span id=\"[33,37]\" class=\"word\">brez<\/span> <span id=\"[38,45]\" class=\"word\">posadke<\/span><\/li>\n<li><span id=\"[46,54]\" class=\"word\">nadzorni<\/span> <span id=\"[55,61]\" class=\"word\">sistem<\/span><\/li>\n<li><span id=\"[62,72]\" class=\"word\">zanesljiva<\/span> <span id=\"[73,87]\" class=\"word\">identifikacija<\/span> <span id=\"[88,94]\" class=\"word\">strank<\/span><\/li>\n<li><span id=\"[95,97]\" class=\"word\">do<\/span> <span id=\"[98,100]\" class=\"word\">24<\/span> <span id=\"[101,103]\" class=\"word\">ur<\/span> <span id=\"[104,113]\" class=\"word\">delovanja<\/span><\/li>\n<\/ul>\n<p>[\/vc_column_text][\/vc_column][vc_column width=&#8221;1\/2&#8243;][vc_single_image image=&#8221;554&#8243; alignment=&#8221;center&#8221;][\/vc_column][\/vc_row][vc_row][vc_column][vc_separator][vc_single_image image=&#8221;557&#8243; img_size=&#8221;full&#8221;][vc_column_text]<\/p>\n<h2 style=\"text-align: center;\">Kiosk za naro\u010danje KIOSK<\/h2>\n<p>[\/vc_column_text][\/vc_column][\/vc_row][vc_row][vc_column width=&#8221;1\/2&#8243;][vc_column_text]<\/p>\n<h2><span id=\"[0,9]\" class=\"word\">Parametri<\/span><\/h2>\n<ul>\n<li><span id=\"[11,19]\" class=\"word\">pla\u010dilni<\/span> <span id=\"[20,28]\" class=\"word\">terminal<\/span><\/li>\n<li><span id=\"[29,38]\" class=\"word\">daljinsko<\/span> <span id=\"[39,50]\" class=\"word\">upravljanje<\/span> <span id=\"[51,58]\" class=\"word\">menijev<\/span> <span id=\"[59,61]\" class=\"word\">in<\/span> <span id=\"[62,69]\" class=\"word\">grafike<\/span><\/li>\n<li><span id=\"[70,80]\" class=\"word\">ve\u010djezi\u010dna<\/span> <span id=\"[81,88]\" class=\"word\">podpora<\/span><\/li>\n<li><span id=\"[89,95]\" class=\"word\">velika<\/span> <span id=\"[96,107]\" class=\"word\">zmogljivost<\/span> <span id=\"[108,116]\" class=\"word\">tiskanja<\/span><\/li>\n<li><span id=\"[117,126]\" class=\"word\">preprosto<\/span> <span id=\"[127,136]\" class=\"word\">delovanje<\/span><\/li>\n<li><span id=\"[137,145]\" class=\"word\">povezava<\/span> <span id=\"[146,147]\" class=\"word\">s<\/span> <span id=\"[148,155]\" class=\"word\">sistemi<\/span> <span id=\"[156,163]\" class=\"word\">tretjih<\/span> <span id=\"[164,168]\" class=\"word\">oseb<\/span><\/li>\n<\/ul>\n<p>[\/vc_column_text][\/vc_column][vc_column width=&#8221;1\/2&#8243;][vc_single_image image=&#8221;548&#8243; img_size=&#8221;full&#8221;][\/vc_column][\/vc_row]<\/p>\n<\/div>","protected":false},"excerpt":{"rendered":"<p>[vc_row][vc_column][\/vc_column][\/vc_row][vc_row][vc_column][vc_text_separator title=&#8221;Naro\u010dite avtomatizacijo in delavce tam, kjer so resni\u010dno potrebni&#8221; css=&#8221;.vc_custom_1696773715640{margin-top: 50px !important;margin-bottom: 50px !important;}&#8221;][\/vc_column][\/vc_row][vc_row][vc_column width=&#8221;1\/2&#8243;][vc_column_text] Pri \u010dem vam lahko pomaga sodobni kiosk hitrej\u0161a prijava strank u\u010dinkovitej\u0161a uporaba delovne sile za dopolnjevanje ali nadome\u0161\u010danje delovne sile brezgotovinsko pla\u010devanje [\/vc_column_text][\/vc_column][vc_column width=&#8221;1\/2&#8243;][vc_column_text] Cenovno ugodno, po ceni iz blagajne [\/vc_column_text][\/vc_column][\/vc_row][vc_row][vc_column][vc_separator][\/vc_column][\/vc_row][vc_row][vc_column width=&#8221;1\/2&#8243;][vc_single_image image=&#8221;539&#8243; alignment=&#8221;center&#8221;][\/vc_column][vc_column width=&#8221;1\/2&#8243;][vc_column_text] Na\u0161 kiosk za naro\u010danje&hellip;<\/p>\n","protected":false},"author":2,"featured_media":5661,"parent":0,"menu_order":0,"comment_status":"closed","ping_status":"closed","template":"","meta":{"_acf_changed":false,"footnotes":""},"class_list":["post-5656","page","type-page","status-publish","has-post-thumbnail","hentry"],"acf":[],"yoast_head":"<!-- This site is optimized with the Yoast SEO plugin v27.2 - https:\/\/yoast.com\/product\/yoast-seo-wordpress\/ -->\n<title>Samopostre\u017eno odjavljanje naro\u010dil | Contio trgovina brez nadzora<\/title>\n<meta name=\"description\" content=\"Samopostre\u017ena blagajna in pla\u010dilni kiosk za hitro prijavo strank in natan\u010den postopek naro\u010danja. Za trgovine, restavracije in kavarne\" \/>\n<meta name=\"robots\" content=\"index, follow, max-snippet:-1, max-image-preview:large, max-video-preview:-1\" \/>\n<link rel=\"canonical\" href=\"https:\/\/www.contio.cz\/sl\/samopostrezno-odjavljanje-narocil\/\" \/>\n<meta property=\"og:locale\" content=\"sl_SI\" \/>\n<meta property=\"og:type\" content=\"article\" \/>\n<meta property=\"og:title\" content=\"Samopostre\u017eno odjavljanje naro\u010dil | Contio trgovina brez nadzora\" \/>\n<meta property=\"og:description\" content=\"Samopostre\u017ena blagajna in pla\u010dilni kiosk za hitro prijavo strank in natan\u010den postopek naro\u010danja. Za trgovine, restavracije in kavarne\" \/>\n<meta property=\"og:url\" content=\"https:\/\/www.contio.cz\/sl\/samopostrezno-odjavljanje-narocil\/\" \/>\n<meta property=\"og:site_name\" content=\"Bezobslu\u017en\u00e1 24 hodinov\u00e1 prodejna Contio 24\" \/>\n<meta property=\"article:modified_time\" content=\"2024-05-06T11:08:37+00:00\" \/>\n<meta property=\"og:image\" content=\"https:\/\/www.contio.cz\/wp-content\/uploads\/2022\/03\/7-scaled.jpg\" \/>\n\t<meta property=\"og:image:width\" content=\"2560\" \/>\n\t<meta property=\"og:image:height\" content=\"1141\" \/>\n\t<meta property=\"og:image:type\" content=\"image\/jpeg\" \/>\n<meta name=\"twitter:card\" content=\"summary_large_image\" \/>\n<meta name=\"twitter:label1\" content=\"Est. reading time\" \/>\n\t<meta name=\"twitter:data1\" content=\"1 minuta\" \/>\n<script type=\"application\/ld+json\" class=\"yoast-schema-graph\">{\"@context\":\"https:\/\/schema.org\",\"@graph\":[{\"@type\":\"WebPage\",\"@id\":\"https:\/\/www.contio.cz\/sl\/samopostrezno-odjavljanje-narocil\/\",\"url\":\"https:\/\/www.contio.cz\/sl\/samopostrezno-odjavljanje-narocil\/\",\"name\":\"Samopostre\u017eno odjavljanje naro\u010dil | Contio trgovina brez nadzora\",\"isPartOf\":{\"@id\":\"https:\/\/www.contio.cz\/sl\/#website\"},\"primaryImageOfPage\":{\"@id\":\"https:\/\/www.contio.cz\/sl\/samopostrezno-odjavljanje-narocil\/#primaryimage\"},\"image\":{\"@id\":\"https:\/\/www.contio.cz\/sl\/samopostrezno-odjavljanje-narocil\/#primaryimage\"},\"thumbnailUrl\":\"https:\/\/www.contio.cz\/wp-content\/uploads\/2022\/03\/7-scaled.jpg\",\"datePublished\":\"2022-03-04T08:16:16+00:00\",\"dateModified\":\"2024-05-06T11:08:37+00:00\",\"description\":\"Samopostre\u017ena blagajna in pla\u010dilni kiosk za hitro prijavo strank in natan\u010den postopek naro\u010danja. Za trgovine, restavracije in kavarne\",\"breadcrumb\":{\"@id\":\"https:\/\/www.contio.cz\/sl\/samopostrezno-odjavljanje-narocil\/#breadcrumb\"},\"inLanguage\":\"sl-SI\",\"potentialAction\":[{\"@type\":\"ReadAction\",\"target\":[\"https:\/\/www.contio.cz\/sl\/samopostrezno-odjavljanje-narocil\/\"]}]},{\"@type\":\"ImageObject\",\"inLanguage\":\"sl-SI\",\"@id\":\"https:\/\/www.contio.cz\/sl\/samopostrezno-odjavljanje-narocil\/#primaryimage\",\"url\":\"https:\/\/www.contio.cz\/wp-content\/uploads\/2022\/03\/7-scaled.jpg\",\"contentUrl\":\"https:\/\/www.contio.cz\/wp-content\/uploads\/2022\/03\/7-scaled.jpg\",\"width\":2560,\"height\":1141,\"caption\":\"samoobslu\u017en\u00e1 kiosek CONTIO KIOSK\"},{\"@type\":\"BreadcrumbList\",\"@id\":\"https:\/\/www.contio.cz\/sl\/samopostrezno-odjavljanje-narocil\/#breadcrumb\",\"itemListElement\":[{\"@type\":\"ListItem\",\"position\":1,\"name\":\"Dom\u016f\",\"item\":\"https:\/\/www.contio.cz\/sl\/\"},{\"@type\":\"ListItem\",\"position\":2,\"name\":\"Samopostre\u017eno odjavljanje naro\u010dil\"}]},{\"@type\":\"WebSite\",\"@id\":\"https:\/\/www.contio.cz\/sl\/#website\",\"url\":\"https:\/\/www.contio.cz\/sl\/\",\"name\":\"Bezobslu\u017en\u00e1 24 hodinov\u00e1 prodejna Contio 24\",\"description\":\"Bezobslu\u017en\u00e9 vybaven\u00ed pro bezpe\u010dn\u00fd 24 hodinov\u00fd provoz\",\"potentialAction\":[{\"@type\":\"SearchAction\",\"target\":{\"@type\":\"EntryPoint\",\"urlTemplate\":\"https:\/\/www.contio.cz\/sl\/?s={search_term_string}\"},\"query-input\":{\"@type\":\"PropertyValueSpecification\",\"valueRequired\":true,\"valueName\":\"search_term_string\"}}],\"inLanguage\":\"sl-SI\"}]}<\/script>\n<!-- \/ Yoast SEO plugin. -->","yoast_head_json":{"title":"Samopostre\u017eno odjavljanje naro\u010dil | Contio trgovina brez nadzora","description":"Samopostre\u017ena blagajna in pla\u010dilni kiosk za hitro prijavo strank in natan\u010den postopek naro\u010danja. Za trgovine, restavracije in kavarne","robots":{"index":"index","follow":"follow","max-snippet":"max-snippet:-1","max-image-preview":"max-image-preview:large","max-video-preview":"max-video-preview:-1"},"canonical":"https:\/\/www.contio.cz\/sl\/samopostrezno-odjavljanje-narocil\/","og_locale":"sl_SI","og_type":"article","og_title":"Samopostre\u017eno odjavljanje naro\u010dil | Contio trgovina brez nadzora","og_description":"Samopostre\u017ena blagajna in pla\u010dilni kiosk za hitro prijavo strank in natan\u010den postopek naro\u010danja. Za trgovine, restavracije in kavarne","og_url":"https:\/\/www.contio.cz\/sl\/samopostrezno-odjavljanje-narocil\/","og_site_name":"Bezobslu\u017en\u00e1 24 hodinov\u00e1 prodejna Contio 24","article_modified_time":"2024-05-06T11:08:37+00:00","og_image":[{"width":2560,"height":1141,"url":"https:\/\/www.contio.cz\/wp-content\/uploads\/2022\/03\/7-scaled.jpg","type":"image\/jpeg"}],"twitter_card":"summary_large_image","twitter_misc":{"Est. reading time":"1 minuta"},"schema":{"@context":"https:\/\/schema.org","@graph":[{"@type":"WebPage","@id":"https:\/\/www.contio.cz\/sl\/samopostrezno-odjavljanje-narocil\/","url":"https:\/\/www.contio.cz\/sl\/samopostrezno-odjavljanje-narocil\/","name":"Samopostre\u017eno odjavljanje naro\u010dil | Contio trgovina brez nadzora","isPartOf":{"@id":"https:\/\/www.contio.cz\/sl\/#website"},"primaryImageOfPage":{"@id":"https:\/\/www.contio.cz\/sl\/samopostrezno-odjavljanje-narocil\/#primaryimage"},"image":{"@id":"https:\/\/www.contio.cz\/sl\/samopostrezno-odjavljanje-narocil\/#primaryimage"},"thumbnailUrl":"https:\/\/www.contio.cz\/wp-content\/uploads\/2022\/03\/7-scaled.jpg","datePublished":"2022-03-04T08:16:16+00:00","dateModified":"2024-05-06T11:08:37+00:00","description":"Samopostre\u017ena blagajna in pla\u010dilni kiosk za hitro prijavo strank in natan\u010den postopek naro\u010danja. Za trgovine, restavracije in kavarne","breadcrumb":{"@id":"https:\/\/www.contio.cz\/sl\/samopostrezno-odjavljanje-narocil\/#breadcrumb"},"inLanguage":"sl-SI","potentialAction":[{"@type":"ReadAction","target":["https:\/\/www.contio.cz\/sl\/samopostrezno-odjavljanje-narocil\/"]}]},{"@type":"ImageObject","inLanguage":"sl-SI","@id":"https:\/\/www.contio.cz\/sl\/samopostrezno-odjavljanje-narocil\/#primaryimage","url":"https:\/\/www.contio.cz\/wp-content\/uploads\/2022\/03\/7-scaled.jpg","contentUrl":"https:\/\/www.contio.cz\/wp-content\/uploads\/2022\/03\/7-scaled.jpg","width":2560,"height":1141,"caption":"samoobslu\u017en\u00e1 kiosek CONTIO KIOSK"},{"@type":"BreadcrumbList","@id":"https:\/\/www.contio.cz\/sl\/samopostrezno-odjavljanje-narocil\/#breadcrumb","itemListElement":[{"@type":"ListItem","position":1,"name":"Dom\u016f","item":"https:\/\/www.contio.cz\/sl\/"},{"@type":"ListItem","position":2,"name":"Samopostre\u017eno odjavljanje naro\u010dil"}]},{"@type":"WebSite","@id":"https:\/\/www.contio.cz\/sl\/#website","url":"https:\/\/www.contio.cz\/sl\/","name":"Bezobslu\u017en\u00e1 24 hodinov\u00e1 prodejna Contio 24","description":"Bezobslu\u017en\u00e9 vybaven\u00ed pro bezpe\u010dn\u00fd 24 hodinov\u00fd provoz","potentialAction":[{"@type":"SearchAction","target":{"@type":"EntryPoint","urlTemplate":"https:\/\/www.contio.cz\/sl\/?s={search_term_string}"},"query-input":{"@type":"PropertyValueSpecification","valueRequired":true,"valueName":"search_term_string"}}],"inLanguage":"sl-SI"}]}},"_links":{"self":[{"href":"https:\/\/www.contio.cz\/sl\/wp-json\/wp\/v2\/pages\/5656","targetHints":{"allow":["GET"]}}],"collection":[{"href":"https:\/\/www.contio.cz\/sl\/wp-json\/wp\/v2\/pages"}],"about":[{"href":"https:\/\/www.contio.cz\/sl\/wp-json\/wp\/v2\/types\/page"}],"author":[{"embeddable":true,"href":"https:\/\/www.contio.cz\/sl\/wp-json\/wp\/v2\/users\/2"}],"replies":[{"embeddable":true,"href":"https:\/\/www.contio.cz\/sl\/wp-json\/wp\/v2\/comments?post=5656"}],"version-history":[{"count":14,"href":"https:\/\/www.contio.cz\/sl\/wp-json\/wp\/v2\/pages\/5656\/revisions"}],"predecessor-version":[{"id":12459,"href":"https:\/\/www.contio.cz\/sl\/wp-json\/wp\/v2\/pages\/5656\/revisions\/12459"}],"wp:featuredmedia":[{"embeddable":true,"href":"https:\/\/www.contio.cz\/sl\/wp-json\/wp\/v2\/media\/5661"}],"wp:attachment":[{"href":"https:\/\/www.contio.cz\/sl\/wp-json\/wp\/v2\/media?parent=5656"}],"curies":[{"name":"wp","href":"https:\/\/api.w.org\/{rel}","templated":true}]}}