{"id":3790,"date":"2022-03-03T17:47:16","date_gmt":"2022-03-03T16:47:16","guid":{"rendered":"https:\/\/www.contio.cz\/oznacenie-zmluvnych-podmienok\/"},"modified":"2023-05-25T12:41:28","modified_gmt":"2023-05-25T10:41:28","slug":"oznacenie-zmluvnych-podmienok","status":"publish","type":"page","link":"https:\/\/www.contio.cz\/sk\/oznacenie-zmluvnych-podmienok\/","title":{"rendered":"Ozna\u010denie zmluvn\u00fdch podmienok"},"content":{"rendered":"<div class=\"wpb-content-wrapper\"><p>[vc_row][vc_column][vc_column_text]<\/p>\r\n<p><a href=\"https:\/\/docs.google.com\/document\/d\/10J0pWTfxTDJEzbNGhyyVaapjtKLpMZAGzI6U1BKDJpc\/edit?usp=sharing\">Podmienky<\/a><\/p>\r\n<p><a href=\"https:\/\/drive.google.com\/file\/d\/1lpKB22s_VK_PjVEPjYJ_ntYePe1MDuYv\/view?usp=sharing\" target=\"_blank\" rel=\"noopener\">Z\u00e1sady ochrany osobn\u00fdch \u00fadajov<\/a><\/p>\r\n<p><a href=\"https:\/\/drive.google.com\/file\/d\/1znH5HiW7fzkny8JW8BTUPTj7to5HobOR\/view?usp=sharing\" target=\"_blank\" rel=\"noopener\">S\u00fahlas so spracovan\u00edm osobn\u00fdch \u00fadajov<\/a><\/p>\r\n<p><a href=\"https:\/\/docs.google.com\/document\/d\/1sXt4iqB4Jl5rLfhLwTwm-AOyqcmwA1cqE1cBVm6ZfuA\/edit?usp=sharing\">Podmienky<\/a><\/p>\r\n<!-- \/wp:post-content -->\r\n<p><!-- wp:paragraph {\"translatedWithWPMLTM\":\"1\"} --><a href=\"https:\/\/drive.google.com\/file\/d\/1mSH32AfQet4vkKEGRMPSQsIJZxww-HT-\/view?usp=sharing\" target=\"_blank\" rel=\"noreferrer noopener\">Z\u00e1sady ochrany osobn\u00fdch \u00fadajov<\/a><\/p>\r\n<!-- \/wp:paragraph -->\r\n<p><!-- wp:paragraph {\"translatedWithWPMLTM\":\"1\"} --><a href=\"https:\/\/drive.google.com\/file\/d\/1naT2FVaQxRtCwV12dlFx2Z4YqEwpHUQE\/view?usp=sharing\" target=\"_blank\" rel=\"noreferrer noopener\">S\u00fahlas s poskytnut\u00edm osobn\u00fdch \u00fadajov<\/a><\/p>\r\n<p><!-- \/wp:paragraph -->\u00a0<\/p>\r\n<p>[\/vc_column_text][\/vc_column][\/vc_row]<\/p><\/div>","protected":false},"excerpt":{"rendered":"<p>[vc_row][vc_column][vc_column_text] Podmienky Z\u00e1sady ochrany osobn\u00fdch \u00fadajov S\u00fahlas so spracovan\u00edm osobn\u00fdch \u00fadajov Podmienky Z\u00e1sady ochrany osobn\u00fdch \u00fadajov S\u00fahlas s poskytnut\u00edm osobn\u00fdch \u00fadajov \u00a0 [\/vc_column_text][\/vc_column][\/vc_row]<\/p>\n","protected":false},"author":2,"featured_media":0,"parent":0,"menu_order":0,"comment_status":"closed","ping_status":"closed","template":"","meta":{"_acf_changed":false,"footnotes":""},"class_list":["post-3790","page","type-page","status-publish","hentry"],"acf":[],"yoast_head":"<!-- This site is optimized with the Yoast SEO plugin v27.2 - https:\/\/yoast.com\/product\/yoast-seo-wordpress\/ -->\n<title>Ozna\u010denie zmluvn\u00fdch podmienok - Bezobslu\u017en\u00e1 24 hodinov\u00e1 prodejna Contio 24<\/title>\n<meta name=\"robots\" content=\"index, follow, max-snippet:-1, max-image-preview:large, max-video-preview:-1\" \/>\n<link rel=\"canonical\" href=\"https:\/\/www.contio.cz\/sk\/oznacenie-zmluvnych-podmienok\/\" \/>\n<meta property=\"og:locale\" content=\"sk_SK\" \/>\n<meta property=\"og:type\" content=\"article\" \/>\n<meta property=\"og:title\" content=\"Ozna\u010denie zmluvn\u00fdch podmienok - Bezobslu\u017en\u00e1 24 hodinov\u00e1 prodejna Contio 24\" \/>\n<meta property=\"og:description\" content=\"[vc_row][vc_column][vc_column_text] Podmienky Z\u00e1sady ochrany osobn\u00fdch \u00fadajov S\u00fahlas so spracovan\u00edm osobn\u00fdch \u00fadajov Podmienky Z\u00e1sady ochrany osobn\u00fdch \u00fadajov S\u00fahlas s poskytnut\u00edm osobn\u00fdch \u00fadajov \u00a0 [\/vc_column_text][\/vc_column][\/vc_row]\" \/>\n<meta property=\"og:url\" content=\"https:\/\/www.contio.cz\/sk\/oznacenie-zmluvnych-podmienok\/\" \/>\n<meta property=\"og:site_name\" content=\"Bezobslu\u017en\u00e1 24 hodinov\u00e1 prodejna Contio 24\" \/>\n<meta property=\"article:modified_time\" content=\"2023-05-25T10:41:28+00:00\" \/>\n<meta name=\"twitter:card\" content=\"summary_large_image\" \/>\n<meta name=\"twitter:label1\" content=\"Predpokladan\u00fd \u010das \u010d\u00edtania\" \/>\n\t<meta name=\"twitter:data1\" content=\"1 min\u00fata\" \/>\n<script type=\"application\/ld+json\" class=\"yoast-schema-graph\">{\"@context\":\"https:\/\/schema.org\",\"@graph\":[{\"@type\":\"WebPage\",\"@id\":\"https:\/\/www.contio.cz\/sk\/oznacenie-zmluvnych-podmienok\/\",\"url\":\"https:\/\/www.contio.cz\/sk\/oznacenie-zmluvnych-podmienok\/\",\"name\":\"Ozna\u010denie zmluvn\u00fdch podmienok - Bezobslu\u017en\u00e1 24 hodinov\u00e1 prodejna Contio 24\",\"isPartOf\":{\"@id\":\"https:\/\/www.contio.cz\/sk\/#website\"},\"datePublished\":\"2022-03-03T16:47:16+00:00\",\"dateModified\":\"2023-05-25T10:41:28+00:00\",\"breadcrumb\":{\"@id\":\"https:\/\/www.contio.cz\/sk\/oznacenie-zmluvnych-podmienok\/#breadcrumb\"},\"inLanguage\":\"sk-SK\",\"potentialAction\":[{\"@type\":\"ReadAction\",\"target\":[\"https:\/\/www.contio.cz\/sk\/oznacenie-zmluvnych-podmienok\/\"]}]},{\"@type\":\"BreadcrumbList\",\"@id\":\"https:\/\/www.contio.cz\/sk\/oznacenie-zmluvnych-podmienok\/#breadcrumb\",\"itemListElement\":[{\"@type\":\"ListItem\",\"position\":1,\"name\":\"Dom\u016f\",\"item\":\"https:\/\/www.contio.cz\/sk\/\"},{\"@type\":\"ListItem\",\"position\":2,\"name\":\"Ozna\u010denie zmluvn\u00fdch podmienok\"}]},{\"@type\":\"WebSite\",\"@id\":\"https:\/\/www.contio.cz\/sk\/#website\",\"url\":\"https:\/\/www.contio.cz\/sk\/\",\"name\":\"Bezobslu\u017en\u00e1 24 hodinov\u00e1 prodejna Contio 24\",\"description\":\"Bezobslu\u017en\u00e9 vybaven\u00ed pro bezpe\u010dn\u00fd 24 hodinov\u00fd provoz\",\"potentialAction\":[{\"@type\":\"SearchAction\",\"target\":{\"@type\":\"EntryPoint\",\"urlTemplate\":\"https:\/\/www.contio.cz\/sk\/?s={search_term_string}\"},\"query-input\":{\"@type\":\"PropertyValueSpecification\",\"valueRequired\":true,\"valueName\":\"search_term_string\"}}],\"inLanguage\":\"sk-SK\"}]}<\/script>\n<!-- \/ Yoast SEO plugin. -->","yoast_head_json":{"title":"Ozna\u010denie zmluvn\u00fdch podmienok - Bezobslu\u017en\u00e1 24 hodinov\u00e1 prodejna Contio 24","robots":{"index":"index","follow":"follow","max-snippet":"max-snippet:-1","max-image-preview":"max-image-preview:large","max-video-preview":"max-video-preview:-1"},"canonical":"https:\/\/www.contio.cz\/sk\/oznacenie-zmluvnych-podmienok\/","og_locale":"sk_SK","og_type":"article","og_title":"Ozna\u010denie zmluvn\u00fdch podmienok - Bezobslu\u017en\u00e1 24 hodinov\u00e1 prodejna Contio 24","og_description":"[vc_row][vc_column][vc_column_text] Podmienky Z\u00e1sady ochrany osobn\u00fdch \u00fadajov S\u00fahlas so spracovan\u00edm osobn\u00fdch \u00fadajov Podmienky Z\u00e1sady ochrany osobn\u00fdch \u00fadajov S\u00fahlas s poskytnut\u00edm osobn\u00fdch \u00fadajov \u00a0 [\/vc_column_text][\/vc_column][\/vc_row]","og_url":"https:\/\/www.contio.cz\/sk\/oznacenie-zmluvnych-podmienok\/","og_site_name":"Bezobslu\u017en\u00e1 24 hodinov\u00e1 prodejna Contio 24","article_modified_time":"2023-05-25T10:41:28+00:00","twitter_card":"summary_large_image","twitter_misc":{"Predpokladan\u00fd \u010das \u010d\u00edtania":"1 min\u00fata"},"schema":{"@context":"https:\/\/schema.org","@graph":[{"@type":"WebPage","@id":"https:\/\/www.contio.cz\/sk\/oznacenie-zmluvnych-podmienok\/","url":"https:\/\/www.contio.cz\/sk\/oznacenie-zmluvnych-podmienok\/","name":"Ozna\u010denie zmluvn\u00fdch podmienok - Bezobslu\u017en\u00e1 24 hodinov\u00e1 prodejna Contio 24","isPartOf":{"@id":"https:\/\/www.contio.cz\/sk\/#website"},"datePublished":"2022-03-03T16:47:16+00:00","dateModified":"2023-05-25T10:41:28+00:00","breadcrumb":{"@id":"https:\/\/www.contio.cz\/sk\/oznacenie-zmluvnych-podmienok\/#breadcrumb"},"inLanguage":"sk-SK","potentialAction":[{"@type":"ReadAction","target":["https:\/\/www.contio.cz\/sk\/oznacenie-zmluvnych-podmienok\/"]}]},{"@type":"BreadcrumbList","@id":"https:\/\/www.contio.cz\/sk\/oznacenie-zmluvnych-podmienok\/#breadcrumb","itemListElement":[{"@type":"ListItem","position":1,"name":"Dom\u016f","item":"https:\/\/www.contio.cz\/sk\/"},{"@type":"ListItem","position":2,"name":"Ozna\u010denie zmluvn\u00fdch podmienok"}]},{"@type":"WebSite","@id":"https:\/\/www.contio.cz\/sk\/#website","url":"https:\/\/www.contio.cz\/sk\/","name":"Bezobslu\u017en\u00e1 24 hodinov\u00e1 prodejna Contio 24","description":"Bezobslu\u017en\u00e9 vybaven\u00ed pro bezpe\u010dn\u00fd 24 hodinov\u00fd provoz","potentialAction":[{"@type":"SearchAction","target":{"@type":"EntryPoint","urlTemplate":"https:\/\/www.contio.cz\/sk\/?s={search_term_string}"},"query-input":{"@type":"PropertyValueSpecification","valueRequired":true,"valueName":"search_term_string"}}],"inLanguage":"sk-SK"}]}},"_links":{"self":[{"href":"https:\/\/www.contio.cz\/sk\/wp-json\/wp\/v2\/pages\/3790","targetHints":{"allow":["GET"]}}],"collection":[{"href":"https:\/\/www.contio.cz\/sk\/wp-json\/wp\/v2\/pages"}],"about":[{"href":"https:\/\/www.contio.cz\/sk\/wp-json\/wp\/v2\/types\/page"}],"author":[{"embeddable":true,"href":"https:\/\/www.contio.cz\/sk\/wp-json\/wp\/v2\/users\/2"}],"replies":[{"embeddable":true,"href":"https:\/\/www.contio.cz\/sk\/wp-json\/wp\/v2\/comments?post=3790"}],"version-history":[{"count":4,"href":"https:\/\/www.contio.cz\/sk\/wp-json\/wp\/v2\/pages\/3790\/revisions"}],"predecessor-version":[{"id":3978,"href":"https:\/\/www.contio.cz\/sk\/wp-json\/wp\/v2\/pages\/3790\/revisions\/3978"}],"wp:attachment":[{"href":"https:\/\/www.contio.cz\/sk\/wp-json\/wp\/v2\/media?parent=3790"}],"curies":[{"name":"wp","href":"https:\/\/api.w.org\/{rel}","templated":true}]}}