{"id":3788,"date":"2021-07-08T17:07:46","date_gmt":"2021-07-08T15:07:46","guid":{"rendered":"https:\/\/www.contio.cz\/obchod-2021\/"},"modified":"2023-05-25T11:08:39","modified_gmt":"2023-05-25T09:08:39","slug":"obchod-2021","status":"publish","type":"page","link":"https:\/\/www.contio.cz\/sk\/obchod-2021\/","title":{"rendered":"Obchod 2021+"},"content":{"rendered":"<div class=\"wpb-content-wrapper\"><p>[vc_row][vc_column][vc_column_text]<\/p>\r\n<p class=\"has-medium-font-size\"><strong>Podpora maloobchodn\u00fdch predajn\u00ed Obch\u016fdek 2021+<\/strong><\/p>\r\n<p>Ministerstvo priemyslu a obchodu pod veden\u00edm Karla Havl\u00ed\u010dka vyhl\u00e1silo program podpory maloobchodn\u00fdch predajn\u00ed potrav\u00edn a zmie\u0161an\u00e9ho tovaru v obciach do 1000 obyvate\u013eov. V tomto programe je mo\u017en\u00e9 po\u017eiada\u0165 o finan\u010dn\u00fa podporu a\u017e do v\u00fd\u0161ky 100 000 K\u010d.<\/p>\r\n<p><!-- \/wp:post-content -->Podporu je mo\u017en\u00e9 vyu\u017ei\u0165 vo v\u0161etk\u00fdch krajoch okrem Prahy.<\/p>\r\n<p><!-- \/wp:paragraph -->\u00a0<\/p>\r\n<!-- wp:paragraph {\"fontSize\":\"medium\",\"translatedWithWPMLTM\":\"1\"} -->\r\n<p class=\"has-medium-font-size\"><strong>Parametre<\/strong><\/p>\r\n<!-- wp:list {\"translatedWithWPMLTM\":\"1\"} -->\r\n<ul>\r\n<li>Maxim\u00e1lna dot\u00e1cia pre koloni\u00e1la na rok je 100 000 K\u010d<\/li>\r\n<li>Prv\u00e1 v\u00fdzva v roku 2021 posledn\u00e1 v\u00fdzva v roku 2025.<\/li>\r\n<li>\u017diadate\u013e sa prihl\u00e1si na kraj, ktor\u00fd poskytuje finan\u010dn\u00fa podporu<\/li>\r\n<\/ul>\r\n<!-- \/wp:list -->\r\n<p><!-- wp:paragraph {\"translatedWithWPMLTM\":\"1\"} --><strong>Defin\u00edcia pr\u00edjemcu grantu a pr\u00edjemcu finan\u010dnej pomoci<\/strong><\/p>\r\n<!-- \/wp:paragraph -->\r\n<p><!-- wp:paragraph {\"translatedWithWPMLTM\":\"1\"} --><br \/><strong>Ku d\u0148u predlo\u017eenia \u017eiadosti mus\u00ed pr\u00edjemca finan\u010dnej podpory (\u017eiadate\u013e):<\/strong><\/p>\r\n<p><!-- \/wp:paragraph -->\u00a0<\/p>\r\n<!-- wp:list {\"ordered\":true,\"translatedWithWPMLTM\":\"1\"} -->\r\n<ol>\r\n<li>ma\u0165 povolenie na podnikanie v \u010ceskej republike zodpovedaj\u00face podporovanej hospod\u00e1rskej \u010dinnosti, pre ktor\u00fa sa projekt realizuje; podporovan\u00e9 CZ-NACE spadaj\u00fa pod 47.11 Maloobchod s prevahou potrav\u00edn, n\u00e1pojov a tabakov\u00fdch v\u00fdrobkov v ne\u0161pecializovan\u00fdch predajniach,<\/li>\r\n<li>prev\u00e1dzkova\u0165 predaj\u0148u v obci do 1 000 obyvate\u013eov alebo v obci do 3 000 obyvate\u013eov, ktorej miestne \u010dasti maj\u00fa menej ako 1 000 obyvate\u013eov,<\/li>\r\n<li>by\u0165 registrovan\u00fd ako platite\u013e dane z pr\u00edjmov na da\u0148ovom \u00farade pod\u013ea \u00a7 125 ods. 1 z\u00e1kona \u010d. 280\/2009 Z. z. da\u0148ov\u00fd poriadok v znen\u00ed neskor\u0161\u00edch predpisov,<\/li>\r\n<li>by\u0165 pod\u013ea svojho \u010destn\u00e9ho vyhl\u00e1senia bez nedoplatkov vo\u010di vybran\u00fdm in\u0161tit\u00faci\u00e1m a poskytovate\u013eom podpory z projektov spolufinancovan\u00fdch z rozpo\u010dtu E\u00da,<\/li>\r\n<li>preuk\u00e1za\u0165, \u017ee pod\u013ea svojho \u010destn\u00e9ho vyhl\u00e1senia nem\u00e1 nedoplatky na mzd\u00e1ch svojich zamestnancov.<\/li>\r\n<li>preuk\u00e1za\u0165, \u017ee nem\u00e1 nedoplatky vo\u010di vybran\u00fdm in\u0161tit\u00faci\u00e1m a vo\u010di poskytovate\u013eom podpory z projektov spolufinancovan\u00fdch z rozpo\u010dtu E\u00da. Nedoplatky v ome\u0161kan\u00ed alebo dohoda o vysporiadan\u00ed nedoplatkov sa pova\u017euj\u00fa za vysporiadan\u00fd nedoplatok,<\/li>\r\n<li>preuk\u00e1za\u0165, \u017ee nem\u00e1 vo\u010di svojim zamestnancom \u017eiadne nevyrovnan\u00e9 mzdov\u00e9 n\u00e1roky.<\/li>\r\n<\/ol>\r\n<!-- \/wp:list -->\r\n<p><!-- wp:paragraph {\"translatedWithWPMLTM\":\"1\"} --><strong>Subjekt nem\u00f4\u017ee by\u0165 pr\u00edjemcom finan\u010dnej podpory, ak ku d\u0148u podania \u017eiadosti:<\/strong><\/p>\r\n<p><!-- \/wp:paragraph -->\u00a0<\/p>\r\n<!-- wp:list {\"ordered\":true,\"translatedWithWPMLTM\":\"1\"} -->\r\n<ol>\r\n<li>v zmysle ustanovenia \u00a7 136 z\u00e1kona \u010d. 182\/2006 Z. z., insolven\u010dn\u00fd z\u00e1kon je vyrie\u0161en\u00fd jej \u00fapadok (ak s\u00fad povol\u00ed reorganiz\u00e1ciu, ktor\u00fa spolo\u010dnos\u0165 spln\u00ed, spolo\u010dnos\u0165 sa nepova\u017euje za \u00fapadcu) \u2013 overen\u00e9 krajom pod\u013ea verejn\u00fdch registrov,<\/li>\r\n<li>poskytovate\u013e soci\u00e1lnej slu\u017eby \u010destn\u00fdm vyhl\u00e1sen\u00edm vyhl\u00e1si, \u017ee na jeho majetok je veden\u00e1 exek\u00facia alebo exek\u00facia,<\/li>\r\n<li>je v likvid\u00e1cii \u2013 overen\u00e9 krajom pod\u013ea verejn\u00fdch registrov,<\/li>\r\n<li>m\u00e1 nesplaten\u00fd finan\u010dn\u00fd dlh vypl\u00fdvaj\u00faci z pr\u00edkazu na vr\u00e1tenie vydan\u00e9ho po predch\u00e1dzaj\u00facom rozhodnut\u00ed Komisie, ktor\u00fdm bola pomoc vyhl\u00e1sen\u00e1 za nez\u00e1konn\u00fa a nezlu\u010dite\u013en\u00fa so spolo\u010dn\u00fdm trhom.<\/li>\r\n<\/ol>\r\n<!-- \/wp:list -->\r\n<p><!-- wp:paragraph --><strong>Podmienky prev\u00e1dzkovania predajne \u017eiadate\u013ea:<\/strong><\/p>\r\n<p><!-- \/wp:paragraph -->\u00a0<\/p>\r\n<!-- wp:list {\"ordered\":true,\"translatedWithWPMLTM\":\"1\"} -->\r\n<ol>\r\n<li>Budova predajne je vo vlastn\u00edctve obce a predaj\u0148u prev\u00e1dzkuje obec,<\/li>\r\n<li>Budova predajne nie je vo vlastn\u00edctve obce a predaj\u0148u prev\u00e1dzkuje obec,<\/li>\r\n<li>budova predajne je vo vlastn\u00edctve obce, ale predaj\u0148u prev\u00e1dzkuje in\u00e1 pr\u00e1vnick\u00e1 alebo fyzick\u00e1 osoba,<\/li>\r\n<li>budova predajne nie je vo vlastn\u00edctve obce a predaj\u0148u prev\u00e1dzkuje in\u00e1 pr\u00e1vnick\u00e1 alebo fyzick\u00e1 osoba,<\/li>\r\n<li>predaj\u0148a mus\u00ed by\u0165 otvoren\u00e1 minim\u00e1lne 5 dn\u00ed v t\u00fd\u017edni celoro\u010dne a mus\u00ed zabezpe\u010dova\u0165 minim\u00e1lne predaj potrav\u00edn,<\/li>\r\n<li>V jednej obci alebo miestnom okrese nesmie by\u0165 v \u010dase schv\u00e1lenia \u017eiadosti viac ako jedna predaj\u0148a CZ-NACE 47.11. Toto potvrdenie vyd\u00e1va obec, na \u00fazem\u00ed ktorej sa nach\u00e1dza maloobchodn\u00e1 predaj\u0148a \u017eiadate\u013ea.<\/li>\r\n<\/ol>\r\n<p><!-- \/wp:list -->\u00a0<\/p>\r\n<p><!-- wp:paragraph --><!-- \/wp:paragraph -->\u00a0<\/p>\r\n<!-- wp:paragraph {\"fontSize\":\"medium\",\"translatedWithWPMLTM\":\"1\"} -->\r\n<p class=\"has-medium-font-size\"><strong>Opr\u00e1vnen\u00e9 n\u00e1klady musia sp\u013a\u0148a\u0165 nasleduj\u00face podmienky<\/strong><\/p>\r\n<p><!-- \/wp:paragraph -->\u00a0<\/p>\r\n<!-- wp:list {\"ordered\":true,\"translatedWithWPMLTM\":\"1\"} -->\r\n<ol>\r\n<li>Musia by\u0165 vynalo\u017een\u00e9 v s\u00falade s cie\u013emi programu, musia priamo s\u00favisie\u0165 s realiz\u00e1ciou projektu a ma\u0165 preuk\u00e1zate\u013en\u00fa priamu v\u00e4zbu na v\u00fdstup projektu,<\/li>\r\n<li>Musia by\u0165 podlo\u017een\u00e9 listinn\u00fdmi d\u00f4kazmi.<\/li>\r\n<\/ol>\r\n<p><!-- \/wp:list -->\u00a0<\/p>\r\n<p><!-- wp:paragraph --><!-- \/wp:paragraph -->\u00a0<\/p>\r\n<!-- wp:paragraph {\"fontSize\":\"medium\",\"translatedWithWPMLTM\":\"1\"} -->\r\n<p class=\"has-medium-font-size\"><strong>Opr\u00e1vnen\u00e9 n\u00e1klady s\u00fa:<\/strong><\/p>\r\n<p><!-- \/wp:paragraph -->\u00a0<\/p>\r\n<!-- wp:list {\"ordered\":true,\"translatedWithWPMLTM\":\"1\"} -->\r\n<ol>\r\n<li>n\u00e1klady na zamestnancov (napr. mzdy)<\/li>\r\n<li>n\u00e1klady na pren\u00e1jom, k\u00farenie, osvetlenie a slu\u017eby s\u00favisiace s priestormi, ktor\u00e9 sa preuk\u00e1zate\u013ene t\u00fdkaj\u00fa podnikania, sa pova\u017euj\u00fa za odpo\u010d\u00edtate\u013en\u00e9,<\/li>\r\n<li>n\u00e1klady spojen\u00e9 s telekomunika\u010dn\u00fdmi slu\u017ebami a pr\u00edstupom na internet,<\/li>\r\n<li>spotreba materi\u00e1lov, \u010distiacich prostriedkov, obalov,<\/li>\r\n<li>ochrann\u00e9 pom\u00f4cky, pracovn\u00e9 odevy,<\/li>\r\n<li>\u00faroky z hypotek\u00e1rneho \u00faveru,<\/li>\r\n<li>investi\u010dn\u00e9 n\u00e1klady financovan\u00e9 krajom (bud\u00fa upraven\u00e9 vo v\u00fdzve)<\/li>\r\n<\/ol>\r\n<p><!-- \/wp:list -->\u00a0<\/p>\r\n<p><!-- wp:paragraph --><!-- \/wp:paragraph -->\u00a0<\/p>\r\n<!-- wp:paragraph {\"fontSize\":\"medium\",\"translatedWithWPMLTM\":\"1\"} -->\r\n<p class=\"has-medium-font-size\"><strong>Opr\u00e1vnen\u00e9 n\u00e1klady nie s\u00fa:<\/strong><\/p>\r\n<p><!-- \/wp:paragraph -->\u00a0<\/p>\r\n<!-- wp:list {\"ordered\":true,\"translatedWithWPMLTM\":\"1\"} -->\r\n<ol>\r\n<li>DPH, ak je pr\u00edjemca platite\u013eom DPH, alebo m\u00f4\u017ee po\u017eiada\u0165 o vr\u00e1tenie DPH,<\/li>\r\n<li>Oprava a \u00fadr\u017eba existuj\u00faceho majetku,<\/li>\r\n<li>Spl\u00e1tky p\u00f4\u017ei\u010diek a \u00faverov (okrem hypotek\u00e1rnych \u00faverov na podnikate\u013esk\u00e9 priestory),<\/li>\r\n<li>Pokuty a pokuty,<\/li>\r\n<li>N\u00e1klady na z\u00e1ruky, poistenie, \u00faroky, bankov\u00e9 poplatky, kurzov\u00e9 straty, coln\u00e9 a spr\u00e1vne poplatky,<\/li>\r\n<li>Leasing,<\/li>\r\n<li>Dlhodob\u00fd nehmotn\u00fd majetok \u2013 ovl\u00e1dac\u00ed softv\u00e9r, pokia\u013e nie je priamou s\u00fa\u010das\u0165ou nakupovan\u00fdch strojov a zariaden\u00ed a nie je predmetom odpisovania,<\/li>\r\n<li>Aut\u00e1,<\/li>\r\n<li>Kami\u00f3ny<\/li>\r\n<\/ol>\r\n<p><!-- \/wp:list -->\u00a0<\/p>\r\n<p><!-- wp:paragraph --><!-- \/wp:paragraph -->\u00a0<\/p>\r\n<!-- wp:paragraph {\"fontSize\":\"medium\",\"translatedWithWPMLTM\":\"1\"} -->\r\n<p class=\"has-medium-font-size\"><strong>Poskytovanie dot\u00e1ci\u00ed regi\u00f3nu<\/strong><\/p>\r\n<p><!-- \/wp:paragraph -->\u00a0<\/p>\r\n<!-- wp:list {\"ordered\":true,\"translatedWithWPMLTM\":\"1\"} -->\r\n<ol>\r\n<li>MPO vyhl\u00e1si v\u00fdzvu na prij\u00edmanie \u017eiadost\u00ed o dot\u00e1ciu z krajov s term\u00ednmi pod\u00e1vania \u017eiadost\u00ed o dot\u00e1ciu a objemom pr\u00eddelu zo \u0161t\u00e1tneho rozpo\u010dtu.<\/li>\r\n<li>\u017diadosti o dot\u00e1ciu je mo\u017en\u00e9 predklada\u0165 najnesk\u00f4r do d\u00e1tumu uveden\u00e9ho v pr\u00edslu\u0161nej v\u00fdzve na predkladanie \u017eiadost\u00ed.<\/li>\r\n<li>MPO po presk\u00faman\u00ed \u017eiadosti kraja o poskytnutie dot\u00e1cie vyd\u00e1va Rozhodnutie o poskytnut\u00ed dot\u00e1cie (\u010falej len \u201erozhodnutie\u201c) v zmysle z\u00e1kona \u010d.218\/2000 Z.z., z\u00e1kona \u010d. Rozpo\u010dtov\u00e9 pravidl\u00e1 a o zmene a doplnen\u00ed niektor\u00fdch s\u00favisiacich z\u00e1konov (rozpo\u010dtov\u00e9 pravidl\u00e1).<\/li>\r\n<li>Dot\u00e1cia sa poskytuje kraju formou sp\u00e4tnej platby v r\u00e1mci pr\u00edslu\u0161n\u00e9ho rozpo\u010dtov\u00e9ho roka v obdob\u00ed 2021-2025 na bankov\u00fd \u00fa\u010det.<\/li>\r\n<li>Za splnenie podmienok opr\u00e1vnenosti dot\u00e1cie a dodr\u017eanie parametrov zodpoved\u00e1 pr\u00edjemca dot\u00e1cie<\/li>\r\n<li>\u00da\u010deln\u00e9 a hospod\u00e1rne vyu\u017eitie dot\u00e1cie bude podlieha\u0165 kontrole poskytovate\u013ea dot\u00e1cie v s\u00falade so z\u00e1konom \u010d. 255\/2012 Z. z. o kontrole v znen\u00ed neskor\u0161\u00edch predpisov (Kontroln\u00fd poriadok).<\/li>\r\n<\/ol>\r\n<p>Viac inform\u00e1ci\u00ed na str\u00e1nke <a href=\"https:\/\/www.mpo.cz\/cz\/podnikani\/vnitrni-obchod\/program-obchudek-2021\/program-obchudek-2021--262006\/\">Ministerstva priemyslu a obchodu<\/a><\/p>\r\n<p>[\/vc_column_text][\/vc_column][\/vc_row]<\/p><\/div>","protected":false},"excerpt":{"rendered":"<p>[vc_row][vc_column][vc_column_text] Podpora maloobchodn\u00fdch predajn\u00ed Obch\u016fdek 2021+ Ministerstvo priemyslu a obchodu pod veden\u00edm Karla Havl\u00ed\u010dka vyhl\u00e1silo program podpory maloobchodn\u00fdch predajn\u00ed potrav\u00edn a zmie\u0161an\u00e9ho tovaru v obciach do 1000 obyvate\u013eov. V tomto programe je mo\u017en\u00e9 po\u017eiada\u0165 o finan\u010dn\u00fa podporu a\u017e do v\u00fd\u0161ky 100 000 K\u010d. Podporu je mo\u017en\u00e9 vyu\u017ei\u0165 vo v\u0161etk\u00fdch krajoch okrem Prahy. \u00a0 Parametre Maxim\u00e1lna&hellip;<\/p>\n","protected":false},"author":2,"featured_media":0,"parent":0,"menu_order":0,"comment_status":"closed","ping_status":"closed","template":"","meta":{"_acf_changed":false,"footnotes":""},"class_list":["post-3788","page","type-page","status-publish","hentry"],"acf":[],"yoast_head":"<!-- This site is optimized with the Yoast SEO plugin v27.2 - https:\/\/yoast.com\/product\/yoast-seo-wordpress\/ -->\n<title>Podpora Obchudek 2021+ pre maloobchodn\u00e9 predajne<\/title>\n<meta name=\"description\" content=\"Havl\u00ed\u010dek z MPO vyhl\u00e1sil program Obch\u016fdek 2021+ na podporu maloobchodu a dedinsk\u00fdch predajn\u00ed sumou 100 000 K\u010d. Obdobie 2021 a\u017e 2025\" \/>\n<meta name=\"robots\" content=\"index, follow, max-snippet:-1, max-image-preview:large, max-video-preview:-1\" \/>\n<link rel=\"canonical\" href=\"https:\/\/www.contio.cz\/sk\/obchod-2021\/\" \/>\n<meta property=\"og:locale\" content=\"sk_SK\" \/>\n<meta property=\"og:type\" content=\"article\" \/>\n<meta property=\"og:title\" content=\"Podpora Obchudek 2021+ pre maloobchodn\u00e9 predajne\" \/>\n<meta property=\"og:description\" content=\"Havl\u00ed\u010dek z MPO vyhl\u00e1sil program Obch\u016fdek 2021+ na podporu maloobchodu a dedinsk\u00fdch predajn\u00ed sumou 100 000 K\u010d. Obdobie 2021 a\u017e 2025\" \/>\n<meta property=\"og:url\" content=\"https:\/\/www.contio.cz\/sk\/obchod-2021\/\" \/>\n<meta property=\"og:site_name\" content=\"Bezobslu\u017en\u00e1 24 hodinov\u00e1 prodejna Contio 24\" \/>\n<meta property=\"article:modified_time\" content=\"2023-05-25T09:08:39+00:00\" \/>\n<meta name=\"twitter:card\" content=\"summary_large_image\" \/>\n<meta name=\"twitter:label1\" content=\"Predpokladan\u00fd \u010das \u010d\u00edtania\" \/>\n\t<meta name=\"twitter:data1\" content=\"5 min\u00fat\" \/>\n<script type=\"application\/ld+json\" class=\"yoast-schema-graph\">{\"@context\":\"https:\/\/schema.org\",\"@graph\":[{\"@type\":\"WebPage\",\"@id\":\"https:\/\/www.contio.cz\/sk\/obchod-2021\/\",\"url\":\"https:\/\/www.contio.cz\/sk\/obchod-2021\/\",\"name\":\"Podpora Obchudek 2021+ pre maloobchodn\u00e9 predajne\",\"isPartOf\":{\"@id\":\"https:\/\/www.contio.cz\/sk\/#website\"},\"datePublished\":\"2021-07-08T15:07:46+00:00\",\"dateModified\":\"2023-05-25T09:08:39+00:00\",\"description\":\"Havl\u00ed\u010dek z MPO vyhl\u00e1sil program Obch\u016fdek 2021+ na podporu maloobchodu a dedinsk\u00fdch predajn\u00ed sumou 100 000 K\u010d. Obdobie 2021 a\u017e 2025\",\"breadcrumb\":{\"@id\":\"https:\/\/www.contio.cz\/sk\/obchod-2021\/#breadcrumb\"},\"inLanguage\":\"sk-SK\",\"potentialAction\":[{\"@type\":\"ReadAction\",\"target\":[\"https:\/\/www.contio.cz\/sk\/obchod-2021\/\"]}]},{\"@type\":\"BreadcrumbList\",\"@id\":\"https:\/\/www.contio.cz\/sk\/obchod-2021\/#breadcrumb\",\"itemListElement\":[{\"@type\":\"ListItem\",\"position\":1,\"name\":\"Dom\u016f\",\"item\":\"https:\/\/www.contio.cz\/sk\/\"},{\"@type\":\"ListItem\",\"position\":2,\"name\":\"Obchod 2021+\"}]},{\"@type\":\"WebSite\",\"@id\":\"https:\/\/www.contio.cz\/sk\/#website\",\"url\":\"https:\/\/www.contio.cz\/sk\/\",\"name\":\"Bezobslu\u017en\u00e1 24 hodinov\u00e1 prodejna Contio 24\",\"description\":\"Bezobslu\u017en\u00e9 vybaven\u00ed pro bezpe\u010dn\u00fd 24 hodinov\u00fd provoz\",\"potentialAction\":[{\"@type\":\"SearchAction\",\"target\":{\"@type\":\"EntryPoint\",\"urlTemplate\":\"https:\/\/www.contio.cz\/sk\/?s={search_term_string}\"},\"query-input\":{\"@type\":\"PropertyValueSpecification\",\"valueRequired\":true,\"valueName\":\"search_term_string\"}}],\"inLanguage\":\"sk-SK\"}]}<\/script>\n<!-- \/ Yoast SEO plugin. -->","yoast_head_json":{"title":"Podpora Obchudek 2021+ pre maloobchodn\u00e9 predajne","description":"Havl\u00ed\u010dek z MPO vyhl\u00e1sil program Obch\u016fdek 2021+ na podporu maloobchodu a dedinsk\u00fdch predajn\u00ed sumou 100 000 K\u010d. Obdobie 2021 a\u017e 2025","robots":{"index":"index","follow":"follow","max-snippet":"max-snippet:-1","max-image-preview":"max-image-preview:large","max-video-preview":"max-video-preview:-1"},"canonical":"https:\/\/www.contio.cz\/sk\/obchod-2021\/","og_locale":"sk_SK","og_type":"article","og_title":"Podpora Obchudek 2021+ pre maloobchodn\u00e9 predajne","og_description":"Havl\u00ed\u010dek z MPO vyhl\u00e1sil program Obch\u016fdek 2021+ na podporu maloobchodu a dedinsk\u00fdch predajn\u00ed sumou 100 000 K\u010d. Obdobie 2021 a\u017e 2025","og_url":"https:\/\/www.contio.cz\/sk\/obchod-2021\/","og_site_name":"Bezobslu\u017en\u00e1 24 hodinov\u00e1 prodejna Contio 24","article_modified_time":"2023-05-25T09:08:39+00:00","twitter_card":"summary_large_image","twitter_misc":{"Predpokladan\u00fd \u010das \u010d\u00edtania":"5 min\u00fat"},"schema":{"@context":"https:\/\/schema.org","@graph":[{"@type":"WebPage","@id":"https:\/\/www.contio.cz\/sk\/obchod-2021\/","url":"https:\/\/www.contio.cz\/sk\/obchod-2021\/","name":"Podpora Obchudek 2021+ pre maloobchodn\u00e9 predajne","isPartOf":{"@id":"https:\/\/www.contio.cz\/sk\/#website"},"datePublished":"2021-07-08T15:07:46+00:00","dateModified":"2023-05-25T09:08:39+00:00","description":"Havl\u00ed\u010dek z MPO vyhl\u00e1sil program Obch\u016fdek 2021+ na podporu maloobchodu a dedinsk\u00fdch predajn\u00ed sumou 100 000 K\u010d. Obdobie 2021 a\u017e 2025","breadcrumb":{"@id":"https:\/\/www.contio.cz\/sk\/obchod-2021\/#breadcrumb"},"inLanguage":"sk-SK","potentialAction":[{"@type":"ReadAction","target":["https:\/\/www.contio.cz\/sk\/obchod-2021\/"]}]},{"@type":"BreadcrumbList","@id":"https:\/\/www.contio.cz\/sk\/obchod-2021\/#breadcrumb","itemListElement":[{"@type":"ListItem","position":1,"name":"Dom\u016f","item":"https:\/\/www.contio.cz\/sk\/"},{"@type":"ListItem","position":2,"name":"Obchod 2021+"}]},{"@type":"WebSite","@id":"https:\/\/www.contio.cz\/sk\/#website","url":"https:\/\/www.contio.cz\/sk\/","name":"Bezobslu\u017en\u00e1 24 hodinov\u00e1 prodejna Contio 24","description":"Bezobslu\u017en\u00e9 vybaven\u00ed pro bezpe\u010dn\u00fd 24 hodinov\u00fd provoz","potentialAction":[{"@type":"SearchAction","target":{"@type":"EntryPoint","urlTemplate":"https:\/\/www.contio.cz\/sk\/?s={search_term_string}"},"query-input":{"@type":"PropertyValueSpecification","valueRequired":true,"valueName":"search_term_string"}}],"inLanguage":"sk-SK"}]}},"_links":{"self":[{"href":"https:\/\/www.contio.cz\/sk\/wp-json\/wp\/v2\/pages\/3788","targetHints":{"allow":["GET"]}}],"collection":[{"href":"https:\/\/www.contio.cz\/sk\/wp-json\/wp\/v2\/pages"}],"about":[{"href":"https:\/\/www.contio.cz\/sk\/wp-json\/wp\/v2\/types\/page"}],"author":[{"embeddable":true,"href":"https:\/\/www.contio.cz\/sk\/wp-json\/wp\/v2\/users\/2"}],"replies":[{"embeddable":true,"href":"https:\/\/www.contio.cz\/sk\/wp-json\/wp\/v2\/comments?post=3788"}],"version-history":[{"count":15,"href":"https:\/\/www.contio.cz\/sk\/wp-json\/wp\/v2\/pages\/3788\/revisions"}],"predecessor-version":[{"id":3963,"href":"https:\/\/www.contio.cz\/sk\/wp-json\/wp\/v2\/pages\/3788\/revisions\/3963"}],"wp:attachment":[{"href":"https:\/\/www.contio.cz\/sk\/wp-json\/wp\/v2\/media?parent=3788"}],"curies":[{"name":"wp","href":"https:\/\/api.w.org\/{rel}","templated":true}]}}