{"id":3783,"date":"2022-03-04T09:16:16","date_gmt":"2022-03-04T08:16:16","guid":{"rendered":"https:\/\/www.contio.cz\/samoobsluzna-registracia-objednavok\/"},"modified":"2024-05-06T13:07:35","modified_gmt":"2024-05-06T11:07:35","slug":"samoobsluzna-registracia-objednavok","status":"publish","type":"page","link":"https:\/\/www.contio.cz\/sk\/samoobsluzna-registracia-objednavok\/","title":{"rendered":"Samoobslu\u017en\u00e1 registr\u00e1cia objedn\u00e1vok"},"content":{"rendered":"<div class=\"wpb-content-wrapper\"><p>[vc_row][vc_column]\n\t\t\t<!-- START Samoobslu\u017en\u00e9 pokladne(Slovak)  landing 1 1 REVOLUTION SLIDER 6.7.40 --><p class=\"rs-p-wp-fix\"><\/p>\n\t\t\t<rs-module-wrap id=\"rev_slider_29_1_wrapper\" data-source=\"gallery\" style=\"visibility:hidden;background:transparent;padding:0;margin:0px auto;margin-top:0;margin-bottom:0;\">\n\t\t\t\t<rs-module id=\"rev_slider_29_1\" style=\"\" data-version=\"6.7.40\">\n\t\t\t\t\t<rs-slides style=\"overflow: hidden; position: absolute;\">\n\t\t\t\t\t\t<rs-slide style=\"position: absolute;\" data-key=\"rs-52\" data-title=\"Weathy Forecast\" data-anim=\"adpr:false;ms:600;\" data-in=\"o:0;\" data-out=\"a:false;\">\n\t\t\t\t\t\t\t<img decoding=\"async\" src=\"\/\/www.contio.cz\/wp-content\/plugins\/revslider\/sr6\/assets\/assets\/dummy.png\" alt=\"Samoobslu\u017en\u00e9 pokladny a kiosky Contio\" title=\"Samoobslu\u017en\u00e9 pokladny a kiosky Contio\" width=\"8001\" height=\"3751\" class=\"rev-slidebg tp-rs-img rs-lazyload\" data-lazyload=\"\/\/www.contio.cz\/wp-content\/uploads\/2022\/03\/samoobsluzne-pokladny-2.png\" data-parallax=\"off\" data-no-retina>\n<!--\n\t\t\t\t\t\t\t--><rs-layer\n\t\t\t\t\t\t\t\tid=\"slider-29-slide-52-layer-0\" \n\t\t\t\t\t\t\t\tdata-type=\"text\"\n\t\t\t\t\t\t\t\tdata-color=\"#fff\"\n\t\t\t\t\t\t\t\tdata-rsp_ch=\"on\"\n\t\t\t\t\t\t\t\tdata-xy=\"x:298px;y:270px;\"\n\t\t\t\t\t\t\t\tdata-text=\"w:normal;s:45;l:55;fw:900;\"\n\t\t\t\t\t\t\t\tdata-dim=\"minh:0px;\"\n\t\t\t\t\t\t\t\tdata-frame_999=\"o:0;st:w;\"\n\t\t\t\t\t\t\t\tstyle=\"z-index:8;font-family:'Roboto';text-transform:uppercase;\"\n\t\t\t\t\t\t\t>Samoobslu\u017en\u00e9 pokladne \n\t\t\t\t\t\t\t<\/rs-layer><!--\n\n\t\t\t\t\t\t\t--><rs-layer\n\t\t\t\t\t\t\t\tid=\"slider-29-slide-52-layer-1\" \n\t\t\t\t\t\t\t\tdata-type=\"text\"\n\t\t\t\t\t\t\t\tdata-color=\"#ffffff\"\n\t\t\t\t\t\t\t\tdata-rsp_ch=\"on\"\n\t\t\t\t\t\t\t\tdata-xy=\"x:309px;y:339px;\"\n\t\t\t\t\t\t\t\tdata-text=\"w:normal;\"\n\t\t\t\t\t\t\t\tdata-dim=\"w:683.016px;\"\n\t\t\t\t\t\t\t\tdata-frame_999=\"o:0;st:w;\"\n\t\t\t\t\t\t\t\tstyle=\"z-index:9;font-family:'Roboto';\"\n\t\t\t\t\t\t\t>R\u00fdchlej\u0161ie prihl\u00e1senie z\u00e1kazn\u00edkov a a\u017e 24\/7 bezobslu\u017en\u00e1 predaj\u0148a \n\t\t\t\t\t\t\t<\/rs-layer><!--\n-->\t\t\t\t\t<\/rs-slide>\n\t\t\t\t\t<\/rs-slides>\n\t\t\t\t<\/rs-module>\n\t\t\t\t<script>\n\t\t\t\t\tsetREVStartSize({c: 'rev_slider_29_1',rl:[1240,1024,778,480],el:[800],gw:[1170],gh:[800],type:'standard',justify:'',layout:'fullwidth',mh:\"0\"});if (window.RS_MODULES!==undefined && window.RS_MODULES.modules!==undefined && window.RS_MODULES.modules[\"revslider291\"]!==undefined) {window.RS_MODULES.modules[\"revslider291\"].once = false;window.revapi29 = undefined;if (window.RS_MODULES.checkMinimal!==undefined) window.RS_MODULES.checkMinimal()}\n\t\t\t\t<\/script>\n\t\t\t<\/rs-module-wrap>\n\t\t\t<!-- END REVOLUTION SLIDER -->\n[\/vc_column][\/vc_row][vc_row][vc_column][vc_text_separator title=&#8220;Objednajte automatiz\u00e1ciu a pracovn\u00edkov tam, kde s\u00fa skuto\u010dne potrebn\u00ed&#8220; css=&#8220;.vc_custom_1646380559203{margin-top: 50px !important;margin-bottom: 50px !important;}&#8220;][\/vc_column][\/vc_row][vc_row][vc_column width=&#8220;1\/2&#8243;][vc_column_text]<\/p>\n<h2>S \u010d\u00edm v\u00e1m m\u00f4\u017ee pom\u00f4c\u0165 modern\u00fd kiosk<\/h2>\n<ul>\n<li>r\u00fdchlej\u0161ie odbavenie z\u00e1kazn\u00edkov<\/li>\n<li>efekt\u00edvnej\u0161ie vyu\u017e\u00edva\u0165 pracovn\u00fa silu<\/li>\n<li>na doplnenie alebo nahradenie pracovnej sily<\/li>\n<li>bezhotovostn\u00e1 platba<\/li>\n<\/ul>\n<p>[\/vc_column_text][\/vc_column][vc_column width=&#8220;1\/2&#8243;][vc_column_text]<\/p>\n<h2>Cenovo dostupn\u00fd, za pokladni\u010dn\u00fa cenu<\/h2>\n<p>[\/vc_column_text][\/vc_column][\/vc_row][vc_row][vc_column][vc_separator][\/vc_column][\/vc_row][vc_row][vc_column width=&#8220;1\/2&#8243;][vc_single_image image=&#8220;3609&#8243; alignment=&#8220;center&#8220;][\/vc_column][vc_column width=&#8220;1\/2&#8243;][vc_column_text]<\/p>\n<h2>N\u00e1\u0161 objedn\u00e1vkov\u00fd kiosk vyu\u017e\u00edvaj\u00fa odvetvia<\/h2>\n<ul>\n<li>maloobchod a potraviny<\/li>\n<li>pohostinstvo, r\u00fdchle ob\u010derstvenie a kaviarne<\/li>\n<li>turistick\u00e9 miesta a vstupenky<\/li>\n<\/ul>\n<p>[\/vc_column_text][\/vc_column][\/vc_row][vc_row][vc_column][vc_separator][\/vc_column][\/vc_row][vc_row][vc_column width=&#8220;1\/2&#8243;][vc_column_text]<\/p>\n<h2>Neobsluhovan\u00fd obchod<\/h2>\n<ul>\n<li>\u00faplne bezobslu\u017en\u00e1 prev\u00e1dzka<\/li>\n<li>doh\u013eadov\u00fd syst\u00e9m<\/li>\n<li>spo\u013eahliv\u00e1 identifik\u00e1cia z\u00e1kazn\u00edka<\/li>\n<li>a\u017e 24 hod\u00edn prev\u00e1dzky<\/li>\n<\/ul>\n<p>[\/vc_column_text][\/vc_column][vc_column width=&#8220;1\/2&#8243;][vc_single_image image=&#8220;3612&#8243; alignment=&#8220;center&#8220;][\/vc_column][\/vc_row][vc_row][vc_column][vc_separator][vc_single_image image=&#8220;3614&#8243; img_size=&#8220;full&#8220;][vc_column_text]<\/p>\n<h2 style=\"text-align: center;\">Objedn\u00e1vkov\u00fd kiosk CONTIO KIOSK<\/h2>\n<p>[\/vc_column_text][\/vc_column][\/vc_row][vc_row][vc_column width=&#8220;1\/2&#8243;][vc_column_text]<\/p>\n<h2>Parametre<\/h2>\n<ul>\n<li>platobn\u00fd termin\u00e1l<\/li>\n<li>vzdialen\u00e1 spr\u00e1va menu a grafiky<\/li>\n<li>viacjazy\u010dn\u00e1 podpora<\/li>\n<li>ve\u013ek\u00e1 kapacita tla\u010de<\/li>\n<li>jednoduch\u00e1 obsluha<\/li>\n<li>pripojenie k syst\u00e9mom tret\u00edch str\u00e1n<\/li>\n<\/ul>\n<p>[\/vc_column_text][\/vc_column][vc_column width=&#8220;1\/2&#8243;][vc_single_image image=&#8220;3611&#8243; img_size=&#8220;full&#8220;][\/vc_column][\/vc_row]<\/p>\n<\/div>","protected":false},"excerpt":{"rendered":"<p>[vc_row][vc_column][\/vc_column][\/vc_row][vc_row][vc_column][vc_text_separator title=&#8220;Objednajte automatiz\u00e1ciu a pracovn\u00edkov tam, kde s\u00fa skuto\u010dne potrebn\u00ed&#8220; css=&#8220;.vc_custom_1646380559203{margin-top: 50px !important;margin-bottom: 50px !important;}&#8220;][\/vc_column][\/vc_row][vc_row][vc_column width=&#8220;1\/2&#8243;][vc_column_text] S \u010d\u00edm v\u00e1m m\u00f4\u017ee pom\u00f4c\u0165 modern\u00fd kiosk r\u00fdchlej\u0161ie odbavenie z\u00e1kazn\u00edkov efekt\u00edvnej\u0161ie vyu\u017e\u00edva\u0165 pracovn\u00fa silu na doplnenie alebo nahradenie pracovnej sily bezhotovostn\u00e1 platba [\/vc_column_text][\/vc_column][vc_column width=&#8220;1\/2&#8243;][vc_column_text] Cenovo dostupn\u00fd, za pokladni\u010dn\u00fa cenu [\/vc_column_text][\/vc_column][\/vc_row][vc_row][vc_column][vc_separator][\/vc_column][\/vc_row][vc_row][vc_column width=&#8220;1\/2&#8243;][vc_single_image image=&#8220;3609&#8243; alignment=&#8220;center&#8220;][\/vc_column][vc_column width=&#8220;1\/2&#8243;][vc_column_text] N\u00e1\u0161 objedn\u00e1vkov\u00fd kiosk vyu\u017e\u00edvaj\u00fa odvetvia&hellip;<\/p>\n","protected":false},"author":2,"featured_media":3610,"parent":0,"menu_order":0,"comment_status":"closed","ping_status":"closed","template":"","meta":{"_acf_changed":false,"footnotes":""},"class_list":["post-3783","page","type-page","status-publish","has-post-thumbnail","hentry"],"acf":[],"yoast_head":"<!-- This site is optimized with the Yoast SEO plugin v27.2 - https:\/\/yoast.com\/product\/yoast-seo-wordpress\/ -->\n<title>Samoobslu\u017en\u00e1 registr\u00e1cia objedn\u00e1vok | Contio bezobslu\u017en\u00fd obchod<\/title>\n<meta name=\"description\" content=\"Samoobslu\u017en\u00fd pokladni\u010dn\u00fd a platobn\u00fd kiosk na r\u00fdchle odbavenie z\u00e1kazn\u00edkov a presn\u00fd proces objedn\u00e1vania. Pre maloobchod, re\u0161taur\u00e1cie a kaviarne\" \/>\n<meta name=\"robots\" content=\"index, follow, max-snippet:-1, max-image-preview:large, max-video-preview:-1\" \/>\n<link rel=\"canonical\" href=\"https:\/\/www.contio.cz\/sk\/samoobsluzna-registracia-objednavok\/\" \/>\n<meta property=\"og:locale\" content=\"sk_SK\" \/>\n<meta property=\"og:type\" content=\"article\" \/>\n<meta property=\"og:title\" content=\"Samoobslu\u017en\u00e1 registr\u00e1cia objedn\u00e1vok | Contio bezobslu\u017en\u00fd obchod\" \/>\n<meta property=\"og:description\" content=\"Samoobslu\u017en\u00fd pokladni\u010dn\u00fd a platobn\u00fd kiosk na r\u00fdchle odbavenie z\u00e1kazn\u00edkov a presn\u00fd proces objedn\u00e1vania. Pre maloobchod, re\u0161taur\u00e1cie a kaviarne\" \/>\n<meta property=\"og:url\" content=\"https:\/\/www.contio.cz\/sk\/samoobsluzna-registracia-objednavok\/\" \/>\n<meta property=\"og:site_name\" content=\"Bezobslu\u017en\u00e1 24 hodinov\u00e1 prodejna Contio 24\" \/>\n<meta property=\"article:modified_time\" content=\"2024-05-06T11:07:35+00:00\" \/>\n<meta property=\"og:image\" content=\"https:\/\/www.contio.cz\/wp-content\/uploads\/2022\/03\/7-scaled.jpg\" \/>\n\t<meta property=\"og:image:width\" content=\"2560\" \/>\n\t<meta property=\"og:image:height\" content=\"1141\" \/>\n\t<meta property=\"og:image:type\" content=\"image\/jpeg\" \/>\n<meta name=\"twitter:card\" content=\"summary_large_image\" \/>\n<meta name=\"twitter:label1\" content=\"Predpokladan\u00fd \u010das \u010d\u00edtania\" \/>\n\t<meta name=\"twitter:data1\" content=\"2 min\u00faty\" \/>\n<script type=\"application\/ld+json\" class=\"yoast-schema-graph\">{\"@context\":\"https:\/\/schema.org\",\"@graph\":[{\"@type\":\"WebPage\",\"@id\":\"https:\/\/www.contio.cz\/sk\/samoobsluzna-registracia-objednavok\/\",\"url\":\"https:\/\/www.contio.cz\/sk\/samoobsluzna-registracia-objednavok\/\",\"name\":\"Samoobslu\u017en\u00e1 registr\u00e1cia objedn\u00e1vok | Contio bezobslu\u017en\u00fd obchod\",\"isPartOf\":{\"@id\":\"https:\/\/www.contio.cz\/sk\/#website\"},\"primaryImageOfPage\":{\"@id\":\"https:\/\/www.contio.cz\/sk\/samoobsluzna-registracia-objednavok\/#primaryimage\"},\"image\":{\"@id\":\"https:\/\/www.contio.cz\/sk\/samoobsluzna-registracia-objednavok\/#primaryimage\"},\"thumbnailUrl\":\"https:\/\/www.contio.cz\/wp-content\/uploads\/2022\/03\/7-scaled.jpg\",\"datePublished\":\"2022-03-04T08:16:16+00:00\",\"dateModified\":\"2024-05-06T11:07:35+00:00\",\"description\":\"Samoobslu\u017en\u00fd pokladni\u010dn\u00fd a platobn\u00fd kiosk na r\u00fdchle odbavenie z\u00e1kazn\u00edkov a presn\u00fd proces objedn\u00e1vania. Pre maloobchod, re\u0161taur\u00e1cie a kaviarne\",\"breadcrumb\":{\"@id\":\"https:\/\/www.contio.cz\/sk\/samoobsluzna-registracia-objednavok\/#breadcrumb\"},\"inLanguage\":\"sk-SK\",\"potentialAction\":[{\"@type\":\"ReadAction\",\"target\":[\"https:\/\/www.contio.cz\/sk\/samoobsluzna-registracia-objednavok\/\"]}]},{\"@type\":\"ImageObject\",\"inLanguage\":\"sk-SK\",\"@id\":\"https:\/\/www.contio.cz\/sk\/samoobsluzna-registracia-objednavok\/#primaryimage\",\"url\":\"https:\/\/www.contio.cz\/wp-content\/uploads\/2022\/03\/7-scaled.jpg\",\"contentUrl\":\"https:\/\/www.contio.cz\/wp-content\/uploads\/2022\/03\/7-scaled.jpg\",\"width\":2560,\"height\":1141,\"caption\":\"samoobslu\u017en\u00e1 kiosek CONTIO KIOSK\"},{\"@type\":\"BreadcrumbList\",\"@id\":\"https:\/\/www.contio.cz\/sk\/samoobsluzna-registracia-objednavok\/#breadcrumb\",\"itemListElement\":[{\"@type\":\"ListItem\",\"position\":1,\"name\":\"Dom\u016f\",\"item\":\"https:\/\/www.contio.cz\/sk\/\"},{\"@type\":\"ListItem\",\"position\":2,\"name\":\"Samoobslu\u017en\u00e1 registr\u00e1cia objedn\u00e1vok\"}]},{\"@type\":\"WebSite\",\"@id\":\"https:\/\/www.contio.cz\/sk\/#website\",\"url\":\"https:\/\/www.contio.cz\/sk\/\",\"name\":\"Bezobslu\u017en\u00e1 24 hodinov\u00e1 prodejna Contio 24\",\"description\":\"Bezobslu\u017en\u00e9 vybaven\u00ed pro bezpe\u010dn\u00fd 24 hodinov\u00fd provoz\",\"potentialAction\":[{\"@type\":\"SearchAction\",\"target\":{\"@type\":\"EntryPoint\",\"urlTemplate\":\"https:\/\/www.contio.cz\/sk\/?s={search_term_string}\"},\"query-input\":{\"@type\":\"PropertyValueSpecification\",\"valueRequired\":true,\"valueName\":\"search_term_string\"}}],\"inLanguage\":\"sk-SK\"}]}<\/script>\n<!-- \/ Yoast SEO plugin. -->","yoast_head_json":{"title":"Samoobslu\u017en\u00e1 registr\u00e1cia objedn\u00e1vok | Contio bezobslu\u017en\u00fd obchod","description":"Samoobslu\u017en\u00fd pokladni\u010dn\u00fd a platobn\u00fd kiosk na r\u00fdchle odbavenie z\u00e1kazn\u00edkov a presn\u00fd proces objedn\u00e1vania. Pre maloobchod, re\u0161taur\u00e1cie a kaviarne","robots":{"index":"index","follow":"follow","max-snippet":"max-snippet:-1","max-image-preview":"max-image-preview:large","max-video-preview":"max-video-preview:-1"},"canonical":"https:\/\/www.contio.cz\/sk\/samoobsluzna-registracia-objednavok\/","og_locale":"sk_SK","og_type":"article","og_title":"Samoobslu\u017en\u00e1 registr\u00e1cia objedn\u00e1vok | Contio bezobslu\u017en\u00fd obchod","og_description":"Samoobslu\u017en\u00fd pokladni\u010dn\u00fd a platobn\u00fd kiosk na r\u00fdchle odbavenie z\u00e1kazn\u00edkov a presn\u00fd proces objedn\u00e1vania. Pre maloobchod, re\u0161taur\u00e1cie a kaviarne","og_url":"https:\/\/www.contio.cz\/sk\/samoobsluzna-registracia-objednavok\/","og_site_name":"Bezobslu\u017en\u00e1 24 hodinov\u00e1 prodejna Contio 24","article_modified_time":"2024-05-06T11:07:35+00:00","og_image":[{"width":2560,"height":1141,"url":"https:\/\/www.contio.cz\/wp-content\/uploads\/2022\/03\/7-scaled.jpg","type":"image\/jpeg"}],"twitter_card":"summary_large_image","twitter_misc":{"Predpokladan\u00fd \u010das \u010d\u00edtania":"2 min\u00faty"},"schema":{"@context":"https:\/\/schema.org","@graph":[{"@type":"WebPage","@id":"https:\/\/www.contio.cz\/sk\/samoobsluzna-registracia-objednavok\/","url":"https:\/\/www.contio.cz\/sk\/samoobsluzna-registracia-objednavok\/","name":"Samoobslu\u017en\u00e1 registr\u00e1cia objedn\u00e1vok | Contio bezobslu\u017en\u00fd obchod","isPartOf":{"@id":"https:\/\/www.contio.cz\/sk\/#website"},"primaryImageOfPage":{"@id":"https:\/\/www.contio.cz\/sk\/samoobsluzna-registracia-objednavok\/#primaryimage"},"image":{"@id":"https:\/\/www.contio.cz\/sk\/samoobsluzna-registracia-objednavok\/#primaryimage"},"thumbnailUrl":"https:\/\/www.contio.cz\/wp-content\/uploads\/2022\/03\/7-scaled.jpg","datePublished":"2022-03-04T08:16:16+00:00","dateModified":"2024-05-06T11:07:35+00:00","description":"Samoobslu\u017en\u00fd pokladni\u010dn\u00fd a platobn\u00fd kiosk na r\u00fdchle odbavenie z\u00e1kazn\u00edkov a presn\u00fd proces objedn\u00e1vania. Pre maloobchod, re\u0161taur\u00e1cie a kaviarne","breadcrumb":{"@id":"https:\/\/www.contio.cz\/sk\/samoobsluzna-registracia-objednavok\/#breadcrumb"},"inLanguage":"sk-SK","potentialAction":[{"@type":"ReadAction","target":["https:\/\/www.contio.cz\/sk\/samoobsluzna-registracia-objednavok\/"]}]},{"@type":"ImageObject","inLanguage":"sk-SK","@id":"https:\/\/www.contio.cz\/sk\/samoobsluzna-registracia-objednavok\/#primaryimage","url":"https:\/\/www.contio.cz\/wp-content\/uploads\/2022\/03\/7-scaled.jpg","contentUrl":"https:\/\/www.contio.cz\/wp-content\/uploads\/2022\/03\/7-scaled.jpg","width":2560,"height":1141,"caption":"samoobslu\u017en\u00e1 kiosek CONTIO KIOSK"},{"@type":"BreadcrumbList","@id":"https:\/\/www.contio.cz\/sk\/samoobsluzna-registracia-objednavok\/#breadcrumb","itemListElement":[{"@type":"ListItem","position":1,"name":"Dom\u016f","item":"https:\/\/www.contio.cz\/sk\/"},{"@type":"ListItem","position":2,"name":"Samoobslu\u017en\u00e1 registr\u00e1cia objedn\u00e1vok"}]},{"@type":"WebSite","@id":"https:\/\/www.contio.cz\/sk\/#website","url":"https:\/\/www.contio.cz\/sk\/","name":"Bezobslu\u017en\u00e1 24 hodinov\u00e1 prodejna Contio 24","description":"Bezobslu\u017en\u00e9 vybaven\u00ed pro bezpe\u010dn\u00fd 24 hodinov\u00fd provoz","potentialAction":[{"@type":"SearchAction","target":{"@type":"EntryPoint","urlTemplate":"https:\/\/www.contio.cz\/sk\/?s={search_term_string}"},"query-input":{"@type":"PropertyValueSpecification","valueRequired":true,"valueName":"search_term_string"}}],"inLanguage":"sk-SK"}]}},"_links":{"self":[{"href":"https:\/\/www.contio.cz\/sk\/wp-json\/wp\/v2\/pages\/3783","targetHints":{"allow":["GET"]}}],"collection":[{"href":"https:\/\/www.contio.cz\/sk\/wp-json\/wp\/v2\/pages"}],"about":[{"href":"https:\/\/www.contio.cz\/sk\/wp-json\/wp\/v2\/types\/page"}],"author":[{"embeddable":true,"href":"https:\/\/www.contio.cz\/sk\/wp-json\/wp\/v2\/users\/2"}],"replies":[{"embeddable":true,"href":"https:\/\/www.contio.cz\/sk\/wp-json\/wp\/v2\/comments?post=3783"}],"version-history":[{"count":17,"href":"https:\/\/www.contio.cz\/sk\/wp-json\/wp\/v2\/pages\/3783\/revisions"}],"predecessor-version":[{"id":12457,"href":"https:\/\/www.contio.cz\/sk\/wp-json\/wp\/v2\/pages\/3783\/revisions\/12457"}],"wp:featuredmedia":[{"embeddable":true,"href":"https:\/\/www.contio.cz\/sk\/wp-json\/wp\/v2\/media\/3610"}],"wp:attachment":[{"href":"https:\/\/www.contio.cz\/sk\/wp-json\/wp\/v2\/media?parent=3783"}],"curies":[{"name":"wp","href":"https:\/\/api.w.org\/{rel}","templated":true}]}}