{"id":4977,"date":"2023-06-20T10:24:54","date_gmt":"2023-06-20T08:24:54","guid":{"rendered":"https:\/\/www.contio.cz\/niskoenergetyczny-sklep-bezobslugowy\/"},"modified":"2024-07-19T08:59:40","modified_gmt":"2024-07-19T06:59:40","slug":"bezobslugowy-sklep-o-niskim-zuzyciu-energii","status":"publish","type":"page","link":"https:\/\/www.contio.cz\/pl\/bezobslugowy-sklep-o-niskim-zuzyciu-energii\/","title":{"rendered":"Niskoenergetyczny sklep bezobs\u0142ugowy"},"content":{"rendered":"<div class=\"wpb-content-wrapper\"><p>[vc_row el_class=&#8221;custom_banner_web_farm&#8221;][vc_column el_class=&#8221;slider_banner&#8221;]\n\t\t\t<!-- START New lowenergyunmannedstorePolish REVOLUTION SLIDER 6.7.40 --><p class=\"rs-p-wp-fix\"><\/p>\n\t\t\t<rs-module-wrap id=\"rev_slider_149_1_wrapper\" data-source=\"gallery\" style=\"visibility:hidden;background:transparent;padding:0;margin:0px auto;margin-top:0;margin-bottom:0;\">\n\t\t\t\t<rs-module id=\"rev_slider_149_1\" style=\"\" data-version=\"6.7.40\">\n\t\t\t\t\t<rs-slides style=\"overflow: hidden; position: absolute;\">\n\t\t\t\t\t\t<rs-slide style=\"position: absolute;\" data-key=\"rs-282\" data-title=\"Weathy Forecast\" data-anim=\"adpr:false;ms:600;\" data-in=\"o:0;\" data-out=\"a:false;\">\n\t\t\t\t\t\t\t<img decoding=\"async\" src=\"\/\/www.contio.cz\/wp-content\/plugins\/revslider\/sr6\/assets\/assets\/dummy.png\" alt=\"\" title=\"soveslav_detail page-02\" width=\"8001\" height=\"3911\" class=\"rev-slidebg tp-rs-img rs-lazyload\" data-lazyload=\"\/\/www.contio.cz\/wp-content\/uploads\/2023\/06\/soveslav_detail-page-02.png\" data-parallax=\"off\" data-no-retina>\n<!--\n\t\t\t\t\t\t\t--><a\n\t\t\t\t\t\t\t\tid=\"slider-149-slide-282-layer-0\" \n\t\t\t\t\t\t\t\tclass=\"rs-layer rev-btn\"\n\t\t\t\t\t\t\t\thref=\"https:\/\/www.contio.cz\/pl\/sklepy-referencyjne\/\" target=\"_self\"\n\t\t\t\t\t\t\t\tdata-type=\"button\"\n\t\t\t\t\t\t\t\tdata-rsp_ch=\"on\"\n\t\t\t\t\t\t\t\tdata-xy=\"x:r;y:m;yo:156px,156px,137px,120px;\"\n\t\t\t\t\t\t\t\tdata-text=\"w:normal;s:17,17,24,20;l:40,40,26,16;fw:500;\"\n\t\t\t\t\t\t\t\tdata-dim=\"minh:0px,none,none,none;\"\n\t\t\t\t\t\t\t\tdata-margin=\"r:0,15,15,15;\"\n\t\t\t\t\t\t\t\tdata-padding=\"t:0,0,7,7;r:25,25,17,10;b:0,0,7,7;l:25,25,17,10;\"\n\t\t\t\t\t\t\t\tdata-border=\"bor:25px,25px,25px,25px;\"\n\t\t\t\t\t\t\t\tdata-frame_1=\"st:2740;sR:2740;\"\n\t\t\t\t\t\t\t\tdata-frame_999=\"o:0;st:w;sR:5960;\"\n\t\t\t\t\t\t\t\tdata-frame_hover=\"bgc:#2d8259;bor:25px,25px,25px,25px;bri:120%;\"\n\t\t\t\t\t\t\t\tstyle=\"z-index:14;background-color:#5dbead;font-family:'Roboto';\"\n\t\t\t\t\t\t\t>Sklepy referencyjne \n\t\t\t\t\t\t\t<\/a><!--\n\n\t\t\t\t\t\t\t--><rs-layer\n\t\t\t\t\t\t\t\tid=\"slider-149-slide-282-layer-2\" \n\t\t\t\t\t\t\t\tclass=\"rs-pxl-2\"\n\t\t\t\t\t\t\t\tdata-type=\"image\"\n\t\t\t\t\t\t\t\tdata-rsp_ch=\"on\"\n\t\t\t\t\t\t\t\tdata-xy=\"xo:1232px;yo:71px;\"\n\t\t\t\t\t\t\t\tdata-text=\"l:22;\"\n\t\t\t\t\t\t\t\tdata-dim=\"w:[&#039;115px&#039;,&#039;115px&#039;,&#039;115px&#039;,&#039;115px&#039;];h:[&#039;117px&#039;,&#039;117px&#039;,&#039;117px&#039;,&#039;117px&#039;];\"\n\t\t\t\t\t\t\t\tdata-vbility=\"f,f,f,f\"\n\t\t\t\t\t\t\t\tdata-frame_1=\"e:power2.inOut;st:500;sR:500;\"\n\t\t\t\t\t\t\t\tdata-frame_999=\"o:0;e:nothing;st:w;sR:8200;\"\n\t\t\t\t\t\t\t\tstyle=\"z-index:5;\"\n\t\t\t\t\t\t\t><img decoding=\"async\" src=\"\/\/www.contio.cz\/wp-content\/plugins\/revslider\/sr6\/assets\/assets\/dummy.png\" alt=\"\" class=\"tp-rs-img rs-lazyload\" width=\"230\" height=\"233\" data-lazyload=\"\/\/www.contio.cz\/wp-content\/uploads\/2016\/05\/sun.png\" data-no-retina> \n\t\t\t\t\t\t\t<\/rs-layer><!--\n\n\t\t\t\t\t\t\t--><rs-layer\n\t\t\t\t\t\t\t\tid=\"slider-149-slide-282-layer-3\" \n\t\t\t\t\t\t\t\tdata-type=\"image\"\n\t\t\t\t\t\t\t\tdata-rsp_ch=\"on\"\n\t\t\t\t\t\t\t\tdata-xy=\"xo:886px;yo:186px;\"\n\t\t\t\t\t\t\t\tdata-text=\"l:22;\"\n\t\t\t\t\t\t\t\tdata-dim=\"w:[&#039;354px&#039;,&#039;354px&#039;,&#039;354px&#039;,&#039;354px&#039;];h:[&#039;616px&#039;,&#039;616px&#039;,&#039;616px&#039;,&#039;616px&#039;];\"\n\t\t\t\t\t\t\t\tdata-vbility=\"f,f,f,f\"\n\t\t\t\t\t\t\t\tdata-frame_0=\"x:50px;\"\n\t\t\t\t\t\t\t\tdata-frame_1=\"e:power1.out;st:800;sR:800;\"\n\t\t\t\t\t\t\t\tdata-frame_999=\"x:50px;o:0;e:nothing;st:w;sR:7900;\"\n\t\t\t\t\t\t\t\tstyle=\"z-index:10;\"\n\t\t\t\t\t\t\t><img decoding=\"async\" src=\"\/\/www.contio.cz\/wp-content\/plugins\/revslider\/sr6\/assets\/assets\/dummy.png\" alt=\"\" class=\"tp-rs-img rs-lazyload\" width=\"708\" height=\"1231\" data-lazyload=\"\/\/www.contio.cz\/wp-content\/uploads\/2016\/05\/hand.png\" data-no-retina> \n\t\t\t\t\t\t\t<\/rs-layer><!--\n\n\t\t\t\t\t\t\t--><rs-layer\n\t\t\t\t\t\t\t\tid=\"slider-149-slide-282-layer-4\" \n\t\t\t\t\t\t\t\tclass=\"rs-pxl-1\"\n\t\t\t\t\t\t\t\tdata-type=\"image\"\n\t\t\t\t\t\t\t\tdata-rsp_ch=\"on\"\n\t\t\t\t\t\t\t\tdata-xy=\"xo:-500px;yo:611px;\"\n\t\t\t\t\t\t\t\tdata-text=\"l:22;\"\n\t\t\t\t\t\t\t\tdata-dim=\"w:[&#039;2503px&#039;,&#039;2503px&#039;,&#039;2503px&#039;,&#039;2503px&#039;];h:[&#039;354px&#039;,&#039;354px&#039;,&#039;354px&#039;,&#039;354px&#039;];\"\n\t\t\t\t\t\t\t\tdata-vbility=\"f,f,f,f\"\n\t\t\t\t\t\t\t\tdata-frame_0=\"sX:0.9;sY:0.9;\"\n\t\t\t\t\t\t\t\tdata-frame_1=\"st:500;sp:1500;sR:500;\"\n\t\t\t\t\t\t\t\tdata-frame_999=\"o:0;e:nothing;st:w;sR:7000;\"\n\t\t\t\t\t\t\t\tstyle=\"z-index:8;\"\n\t\t\t\t\t\t\t><img decoding=\"async\" src=\"\/\/www.contio.cz\/wp-content\/plugins\/revslider\/sr6\/assets\/assets\/dummy.png\" alt=\"\" class=\"tp-rs-img rs-lazyload\" width=\"4998\" height=\"707\" data-lazyload=\"\/\/www.contio.cz\/wp-content\/uploads\/2016\/05\/wave.png\" data-no-retina> \n\t\t\t\t\t\t\t<\/rs-layer><!--\n\n\t\t\t\t\t\t\t--><rs-layer\n\t\t\t\t\t\t\t\tid=\"slider-149-slide-282-layer-5\" \n\t\t\t\t\t\t\t\tdata-type=\"text\"\n\t\t\t\t\t\t\t\tdata-color=\"rgba(255, 255, 255, 1)\"\n\t\t\t\t\t\t\t\tdata-rsp_ch=\"on\"\n\t\t\t\t\t\t\t\tdata-xy=\"xo:80px;yo:220px;\"\n\t\t\t\t\t\t\t\tdata-text=\"s:125;l:185;\"\n\t\t\t\t\t\t\t\tdata-frame_0=\"o:1;\"\n\t\t\t\t\t\t\t\tdata-frame_0_chars=\"d:5;y:-50px;o:0;\"\n\t\t\t\t\t\t\t\tdata-frame_1=\"e:power4.inOut;st:40;sp:1000;sR:40;\"\n\t\t\t\t\t\t\t\tdata-frame_1_chars=\"d:5;\"\n\t\t\t\t\t\t\t\tdata-frame_999=\"o:0;e:nothing;st:w;sR:7960;\"\n\t\t\t\t\t\t\t\tstyle=\"z-index:11;font-family:'Roboto';\"\n\t\t\t\t\t\t\t> \n\t\t\t\t\t\t\t<\/rs-layer><!--\n\n\t\t\t\t\t\t\t--><rs-layer\n\t\t\t\t\t\t\t\tid=\"slider-149-slide-282-layer-6\" \n\t\t\t\t\t\t\t\tdata-type=\"text\"\n\t\t\t\t\t\t\t\tdata-color=\"rgba(255, 255, 255, 1)\"\n\t\t\t\t\t\t\t\tdata-rsp_ch=\"on\"\n\t\t\t\t\t\t\t\tdata-xy=\"x:r;y:m;yo:-10px,-10px,-30px,-30px;\"\n\t\t\t\t\t\t\t\tdata-text=\"w:normal;s:40,40,35,30;l:50;a:right;\"\n\t\t\t\t\t\t\t\tdata-dim=\"w:604px,604px,503px,465px;\"\n\t\t\t\t\t\t\t\tdata-padding=\"r:0,15,15,15;\"\n\t\t\t\t\t\t\t\tdata-frame_0=\"y:100%;\"\n\t\t\t\t\t\t\t\tdata-frame_0_mask=\"u:t;y:100%;\"\n\t\t\t\t\t\t\t\tdata-frame_1=\"e:power2.inOut;st:770;sp:2000;sR:770;\"\n\t\t\t\t\t\t\t\tdata-frame_1_mask=\"u:t;\"\n\t\t\t\t\t\t\t\tdata-frame_999=\"o:0;e:nothing;st:w;sR:6230;\"\n\t\t\t\t\t\t\t\tstyle=\"z-index:12;font-family:'Roboto';\"\n\t\t\t\t\t\t\t>System fotowoltaiczny<br>\ndla sklep\u00f3w \n\t\t\t\t\t\t\t<\/rs-layer><!--\n\n\t\t\t\t\t\t\t--><rs-layer\n\t\t\t\t\t\t\t\tid=\"slider-149-slide-282-layer-7\" \n\t\t\t\t\t\t\t\tdata-type=\"text\"\n\t\t\t\t\t\t\t\tdata-color=\"#99caff\"\n\t\t\t\t\t\t\t\tdata-rsp_ch=\"on\"\n\t\t\t\t\t\t\t\tdata-xy=\"x:r;y:m;yo:80px,80px,60px,60px;\"\n\t\t\t\t\t\t\t\tdata-text=\"s:22,22,24,20;a:right;\"\n\t\t\t\t\t\t\t\tdata-dim=\"w:712px,712px,686px,470px;\"\n\t\t\t\t\t\t\t\tdata-padding=\"r:0,15,15,15;\"\n\t\t\t\t\t\t\t\tdata-frame_0=\"y:100%;\"\n\t\t\t\t\t\t\t\tdata-frame_0_mask=\"u:t;y:100%;\"\n\t\t\t\t\t\t\t\tdata-frame_1=\"e:power2.inOut;st:1010;sp:2000;sR:1010;\"\n\t\t\t\t\t\t\t\tdata-frame_1_mask=\"u:t;\"\n\t\t\t\t\t\t\t\tdata-frame_999=\"o:0;e:nothing;st:w;sR:5990;\"\n\t\t\t\t\t\t\t\tstyle=\"z-index:13;font-family:'Roboto';\"\n\t\t\t\t\t\t\t>Do 35% oszcz\u0119dno\u015bci energii. Dla sklep\u00f3w <br> mobilnych i stacjonarnych. \n\t\t\t\t\t\t\t<\/rs-layer><!--\n\n\t\t\t\t\t\t\t--><rs-layer\n\t\t\t\t\t\t\t\tid=\"slider-149-slide-282-layer-8\" \n\t\t\t\t\t\t\t\tclass=\"rs-pxl-1\"\n\t\t\t\t\t\t\t\tdata-type=\"image\"\n\t\t\t\t\t\t\t\tdata-rsp_ch=\"on\"\n\t\t\t\t\t\t\t\tdata-xy=\"xo:255px;yo:327px;\"\n\t\t\t\t\t\t\t\tdata-text=\"l:22;\"\n\t\t\t\t\t\t\t\tdata-dim=\"w:[&#039;188px&#039;,&#039;188px&#039;,&#039;188px&#039;,&#039;188px&#039;];h:[&#039;188px&#039;,&#039;188px&#039;,&#039;188px&#039;,&#039;188px&#039;];\"\n\t\t\t\t\t\t\t\tdata-vbility=\"f,f,f,f\"\n\t\t\t\t\t\t\t\tdata-frame_1=\"e:power2.inOut;st:500;sR:500;\"\n\t\t\t\t\t\t\t\tdata-frame_999=\"o:0;e:nothing;st:w;sR:8200;\"\n\t\t\t\t\t\t\t\tstyle=\"z-index:9;\"\n\t\t\t\t\t\t\t><img decoding=\"async\" src=\"\/\/www.contio.cz\/wp-content\/plugins\/revslider\/sr6\/assets\/assets\/dummy.png\" alt=\"\" class=\"tp-rs-img rs-lazyload\" width=\"376\" height=\"376\" data-lazyload=\"\/\/www.contio.cz\/wp-content\/uploads\/2016\/05\/ray.png\" data-no-retina> \n\t\t\t\t\t\t\t<\/rs-layer><!--\n\n\t\t\t\t\t\t\t--><rs-layer\n\t\t\t\t\t\t\t\tid=\"slider-149-slide-282-layer-9\" \n\t\t\t\t\t\t\t\tclass=\"rs-pxl-4\"\n\t\t\t\t\t\t\t\tdata-type=\"image\"\n\t\t\t\t\t\t\t\tdata-rsp_ch=\"on\"\n\t\t\t\t\t\t\t\tdata-xy=\"xo:1117px;yo:116px;\"\n\t\t\t\t\t\t\t\tdata-text=\"l:22;\"\n\t\t\t\t\t\t\t\tdata-dim=\"w:[&#039;262px&#039;,&#039;262px&#039;,&#039;262px&#039;,&#039;262px&#039;];h:[&#039;146px&#039;,&#039;146px&#039;,&#039;146px&#039;,&#039;146px&#039;];\"\n\t\t\t\t\t\t\t\tdata-vbility=\"f,f,f,f\"\n\t\t\t\t\t\t\t\tdata-frame_1=\"e:power2.inOut;st:500;sR:500;\"\n\t\t\t\t\t\t\t\tdata-frame_999=\"o:0;e:nothing;st:w;sR:8200;\"\n\t\t\t\t\t\t\t\tstyle=\"z-index:6;\"\n\t\t\t\t\t\t\t><img decoding=\"async\" src=\"\/\/www.contio.cz\/wp-content\/plugins\/revslider\/sr6\/assets\/assets\/dummy.png\" alt=\"\" class=\"tp-rs-img rs-lazyload\" width=\"298\" height=\"165\" data-lazyload=\"\/\/www.contio.cz\/wp-content\/uploads\/2016\/05\/cloud1.png\" data-no-retina> \n\t\t\t\t\t\t\t<\/rs-layer><!--\n\n\t\t\t\t\t\t\t--><rs-layer\n\t\t\t\t\t\t\t\tid=\"slider-149-slide-282-layer-10\" \n\t\t\t\t\t\t\t\tclass=\"rs-pxl-7\"\n\t\t\t\t\t\t\t\tdata-type=\"image\"\n\t\t\t\t\t\t\t\tdata-rsp_ch=\"on\"\n\t\t\t\t\t\t\t\tdata-xy=\"xo:1005px;yo:152px;\"\n\t\t\t\t\t\t\t\tdata-text=\"l:22;\"\n\t\t\t\t\t\t\t\tdata-dim=\"w:[&#039;149px&#039;,&#039;149px&#039;,&#039;149px&#039;,&#039;149px&#039;];h:[&#039;83px&#039;,&#039;83px&#039;,&#039;83px&#039;,&#039;83px&#039;];\"\n\t\t\t\t\t\t\t\tdata-vbility=\"f,f,f,f\"\n\t\t\t\t\t\t\t\tdata-frame_1=\"e:power2.inOut;st:500;sR:500;\"\n\t\t\t\t\t\t\t\tdata-frame_999=\"o:0;e:nothing;st:w;sR:8200;\"\n\t\t\t\t\t\t\t\tstyle=\"z-index:7;\"\n\t\t\t\t\t\t\t><img decoding=\"async\" src=\"\/\/www.contio.cz\/wp-content\/plugins\/revslider\/sr6\/assets\/assets\/dummy.png\" alt=\"\" class=\"tp-rs-img rs-lazyload\" width=\"524\" height=\"291\" data-lazyload=\"\/\/www.contio.cz\/wp-content\/uploads\/2016\/05\/cloud2.png\" data-no-retina> \n\t\t\t\t\t\t\t<\/rs-layer><!--\n-->\t\t\t\t\t<\/rs-slide>\n\t\t\t\t\t<\/rs-slides>\n\t\t\t\t<\/rs-module>\n\t\t\t\t<script>\n\t\t\t\t\tsetREVStartSize({c: 'rev_slider_149_1',rl:[1240,1024,778,480],el:[800,768,960,720],gw:[1170,1170,778,480],gh:[800,768,960,720],type:'standard',justify:'',layout:'fullwidth',mh:\"0\"});if (window.RS_MODULES!==undefined && window.RS_MODULES.modules!==undefined && window.RS_MODULES.modules[\"revslider1491\"]!==undefined) {window.RS_MODULES.modules[\"revslider1491\"].once = false;window.revapi149 = undefined;if (window.RS_MODULES.checkMinimal!==undefined) window.RS_MODULES.checkMinimal()}\n\t\t\t\t<\/script>\n\t\t\t<\/rs-module-wrap>\n\t\t\t<!-- END REVOLUTION SLIDER -->\n[\/vc_column][\/vc_row][vc_row full_width=&#8221;stretch_row_content&#8221; equal_height=&#8221;yes&#8221; content_placement=&#8221;middle&#8221; el_class=&#8221;section_custom_row_css&#8221;][vc_column width=&#8221;1\/2&#8243; css=&#8221;.vc_custom_1687323325349{margin-top: 0px !important;margin-bottom: 0px !important;}&#8221; el_class=&#8221;order_1&#8243;][lab_heading title_tag=&#8221;H3&#8243; title=&#8221;Skalowalne przechowywanie baterii&#8221; css=&#8221;.vc_custom_1687249860343{padding-top: 50px !important;padding-right: 50px !important;padding-bottom: 50px !important;padding-left: 50px !important;}&#8221;]W przypadku budynk\u00f3w mobilnych moc wyj\u015bciowa wynosi do 4 kWp na 30 m2<br \/>\nobszary. Akumulatory s\u0105 skalowalne w zale\u017cno\u015bci od zu\u017cycia energii. Z<br \/>\npodstawowy zestaw do budowy kontenera wystarcza na 8 kWh<br \/>\nMagazynowanie BYD. System mo\u017ce by\u0107 zaprojektowany jako jednofazowy lub tr\u00f3jfazowy.[\/lab_heading][\/vc_column][vc_column width=&#8221;1\/2&#8243; el_class=&#8221;figure-margin-bottom order_2&#8243; css=&#8221;.vc_custom_1687323335058{margin-top: 0px !important;margin-bottom: 0px !important;}&#8221;][vc_single_image image=&#8221;4980&#8243; img_size=&#8221;full&#8221; alignment=&#8221;center&#8221;][\/vc_column][\/vc_row][vc_row full_width=&#8221;stretch_row_content&#8221; equal_height=&#8221;yes&#8221; content_placement=&#8221;middle&#8221; el_class=&#8221;section_custom_row_css&#8221;][vc_column width=&#8221;1\/2&#8243; css=&#8221;.vc_custom_1687323340883{margin-top: 0px !important;margin-bottom: 0px !important;padding-top: 0px !important;padding-bottom: 0px !important;}&#8221; el_class=&#8221;order_2&#8243;][vc_single_image image=&#8221;4981&#8243; img_size=&#8221;full&#8221; alignment=&#8221;center&#8221;][\/vc_column][vc_column width=&#8221;1\/2&#8243; el_class=&#8221;figure-margin-bottom order_1&#8243;][lab_heading title_tag=&#8221;H3&#8243; title=&#8221;Model obliczeniowy&#8221; css=&#8221;.vc_custom_1688403710341{padding-top: 50px !important;padding-right: 50px !important;padding-bottom: 50px !important;padding-left: 50px !important;}&#8221;]Sklep o powierzchni dachu 30 m2 jest pokryty o\u015bmioma panelami s\u0142onecznymi<br \/>\no 545 Wp = ca\u0142kowita moc zainstalowana 4,36 kWp, lato codziennie<br \/>\n\u015brednia produkcja ok. 16 kWh, produkcja zim\u0105 ok. 3 kWh. Akumulator o pojemno\u015bci 8 kWh.[\/lab_heading][\/vc_column][\/vc_row]<\/p>\n<\/div>","protected":false},"excerpt":{"rendered":"<p>[vc_row el_class=&#8221;custom_banner_web_farm&#8221;][vc_column el_class=&#8221;slider_banner&#8221;][\/vc_column][\/vc_row][vc_row full_width=&#8221;stretch_row_content&#8221; equal_height=&#8221;yes&#8221; content_placement=&#8221;middle&#8221; el_class=&#8221;section_custom_row_css&#8221;][vc_column width=&#8221;1\/2&#8243; css=&#8221;.vc_custom_1687323325349{margin-top: 0px !important;margin-bottom: 0px !important;}&#8221; el_class=&#8221;order_1&#8243;][lab_heading title_tag=&#8221;H3&#8243; title=&#8221;Skalowalne przechowywanie baterii&#8221; css=&#8221;.vc_custom_1687249860343{padding-top: 50px !important;padding-right: 50px !important;padding-bottom: 50px !important;padding-left: 50px !important;}&#8221;]W przypadku budynk\u00f3w mobilnych moc wyj\u015bciowa wynosi do 4 kWp na 30 m2 obszary. Akumulatory s\u0105 skalowalne w zale\u017cno\u015bci od zu\u017cycia energii. Z podstawowy zestaw do budowy kontenera wystarcza&hellip;<\/p>\n","protected":false},"author":6,"featured_media":0,"parent":0,"menu_order":0,"comment_status":"closed","ping_status":"closed","template":"","meta":{"_acf_changed":false,"footnotes":""},"class_list":["post-4977","page","type-page","status-publish","hentry"],"acf":[],"yoast_head":"<!-- This site is optimized with the Yoast SEO plugin v27.2 - https:\/\/yoast.com\/product\/yoast-seo-wordpress\/ -->\n<title>Bezobs\u0142ugowy sklep o niskim zu\u017cyciu energii<\/title>\n<meta name=\"description\" content=\"Tani sklep spo\u017cywczy. Panele s\u0142oneczne i akumulatory zapewniaj\u0105 wydajno\u015b\u0107 energetyczn\u0105.\" \/>\n<meta name=\"robots\" content=\"index, follow, max-snippet:-1, max-image-preview:large, max-video-preview:-1\" \/>\n<link rel=\"canonical\" href=\"https:\/\/www.contio.cz\/pl\/bezobslugowy-sklep-o-niskim-zuzyciu-energii\/\" \/>\n<meta property=\"og:locale\" content=\"pl_PL\" \/>\n<meta property=\"og:type\" content=\"article\" \/>\n<meta property=\"og:title\" content=\"Bezobs\u0142ugowy sklep o niskim zu\u017cyciu energii\" \/>\n<meta property=\"og:description\" content=\"Tani sklep spo\u017cywczy. Panele s\u0142oneczne i akumulatory zapewniaj\u0105 wydajno\u015b\u0107 energetyczn\u0105.\" \/>\n<meta property=\"og:url\" content=\"https:\/\/www.contio.cz\/pl\/bezobslugowy-sklep-o-niskim-zuzyciu-energii\/\" \/>\n<meta property=\"og:site_name\" content=\"Bezobslu\u017en\u00e1 24 hodinov\u00e1 prodejna Contio 24\" \/>\n<meta property=\"article:modified_time\" content=\"2024-07-19T06:59:40+00:00\" \/>\n<meta name=\"twitter:card\" content=\"summary_large_image\" \/>\n<meta name=\"twitter:label1\" content=\"Szacowany czas czytania\" \/>\n\t<meta name=\"twitter:data1\" content=\"1 minuta\" \/>\n<script type=\"application\/ld+json\" class=\"yoast-schema-graph\">{\"@context\":\"https:\/\/schema.org\",\"@graph\":[{\"@type\":\"WebPage\",\"@id\":\"https:\/\/www.contio.cz\/pl\/bezobslugowy-sklep-o-niskim-zuzyciu-energii\/\",\"url\":\"https:\/\/www.contio.cz\/pl\/bezobslugowy-sklep-o-niskim-zuzyciu-energii\/\",\"name\":\"Bezobs\u0142ugowy sklep o niskim zu\u017cyciu energii\",\"isPartOf\":{\"@id\":\"https:\/\/www.contio.cz\/pl\/#website\"},\"datePublished\":\"2023-06-20T08:24:54+00:00\",\"dateModified\":\"2024-07-19T06:59:40+00:00\",\"description\":\"Tani sklep spo\u017cywczy. Panele s\u0142oneczne i akumulatory zapewniaj\u0105 wydajno\u015b\u0107 energetyczn\u0105.\",\"breadcrumb\":{\"@id\":\"https:\/\/www.contio.cz\/pl\/bezobslugowy-sklep-o-niskim-zuzyciu-energii\/#breadcrumb\"},\"inLanguage\":\"pl-PL\",\"potentialAction\":[{\"@type\":\"ReadAction\",\"target\":[\"https:\/\/www.contio.cz\/pl\/bezobslugowy-sklep-o-niskim-zuzyciu-energii\/\"]}]},{\"@type\":\"BreadcrumbList\",\"@id\":\"https:\/\/www.contio.cz\/pl\/bezobslugowy-sklep-o-niskim-zuzyciu-energii\/#breadcrumb\",\"itemListElement\":[{\"@type\":\"ListItem\",\"position\":1,\"name\":\"Dom\u016f\",\"item\":\"https:\/\/www.contio.cz\/pl\/\"},{\"@type\":\"ListItem\",\"position\":2,\"name\":\"Niskoenergetyczny sklep bezobs\u0142ugowy\"}]},{\"@type\":\"WebSite\",\"@id\":\"https:\/\/www.contio.cz\/pl\/#website\",\"url\":\"https:\/\/www.contio.cz\/pl\/\",\"name\":\"Bezobslu\u017en\u00e1 24 hodinov\u00e1 prodejna Contio 24\",\"description\":\"Bezobslu\u017en\u00e9 vybaven\u00ed pro bezpe\u010dn\u00fd 24 hodinov\u00fd provoz\",\"potentialAction\":[{\"@type\":\"SearchAction\",\"target\":{\"@type\":\"EntryPoint\",\"urlTemplate\":\"https:\/\/www.contio.cz\/pl\/?s={search_term_string}\"},\"query-input\":{\"@type\":\"PropertyValueSpecification\",\"valueRequired\":true,\"valueName\":\"search_term_string\"}}],\"inLanguage\":\"pl-PL\"}]}<\/script>\n<!-- \/ Yoast SEO plugin. -->","yoast_head_json":{"title":"Bezobs\u0142ugowy sklep o niskim zu\u017cyciu energii","description":"Tani sklep spo\u017cywczy. Panele s\u0142oneczne i akumulatory zapewniaj\u0105 wydajno\u015b\u0107 energetyczn\u0105.","robots":{"index":"index","follow":"follow","max-snippet":"max-snippet:-1","max-image-preview":"max-image-preview:large","max-video-preview":"max-video-preview:-1"},"canonical":"https:\/\/www.contio.cz\/pl\/bezobslugowy-sklep-o-niskim-zuzyciu-energii\/","og_locale":"pl_PL","og_type":"article","og_title":"Bezobs\u0142ugowy sklep o niskim zu\u017cyciu energii","og_description":"Tani sklep spo\u017cywczy. Panele s\u0142oneczne i akumulatory zapewniaj\u0105 wydajno\u015b\u0107 energetyczn\u0105.","og_url":"https:\/\/www.contio.cz\/pl\/bezobslugowy-sklep-o-niskim-zuzyciu-energii\/","og_site_name":"Bezobslu\u017en\u00e1 24 hodinov\u00e1 prodejna Contio 24","article_modified_time":"2024-07-19T06:59:40+00:00","twitter_card":"summary_large_image","twitter_misc":{"Szacowany czas czytania":"1 minuta"},"schema":{"@context":"https:\/\/schema.org","@graph":[{"@type":"WebPage","@id":"https:\/\/www.contio.cz\/pl\/bezobslugowy-sklep-o-niskim-zuzyciu-energii\/","url":"https:\/\/www.contio.cz\/pl\/bezobslugowy-sklep-o-niskim-zuzyciu-energii\/","name":"Bezobs\u0142ugowy sklep o niskim zu\u017cyciu energii","isPartOf":{"@id":"https:\/\/www.contio.cz\/pl\/#website"},"datePublished":"2023-06-20T08:24:54+00:00","dateModified":"2024-07-19T06:59:40+00:00","description":"Tani sklep spo\u017cywczy. Panele s\u0142oneczne i akumulatory zapewniaj\u0105 wydajno\u015b\u0107 energetyczn\u0105.","breadcrumb":{"@id":"https:\/\/www.contio.cz\/pl\/bezobslugowy-sklep-o-niskim-zuzyciu-energii\/#breadcrumb"},"inLanguage":"pl-PL","potentialAction":[{"@type":"ReadAction","target":["https:\/\/www.contio.cz\/pl\/bezobslugowy-sklep-o-niskim-zuzyciu-energii\/"]}]},{"@type":"BreadcrumbList","@id":"https:\/\/www.contio.cz\/pl\/bezobslugowy-sklep-o-niskim-zuzyciu-energii\/#breadcrumb","itemListElement":[{"@type":"ListItem","position":1,"name":"Dom\u016f","item":"https:\/\/www.contio.cz\/pl\/"},{"@type":"ListItem","position":2,"name":"Niskoenergetyczny sklep bezobs\u0142ugowy"}]},{"@type":"WebSite","@id":"https:\/\/www.contio.cz\/pl\/#website","url":"https:\/\/www.contio.cz\/pl\/","name":"Bezobslu\u017en\u00e1 24 hodinov\u00e1 prodejna Contio 24","description":"Bezobslu\u017en\u00e9 vybaven\u00ed pro bezpe\u010dn\u00fd 24 hodinov\u00fd provoz","potentialAction":[{"@type":"SearchAction","target":{"@type":"EntryPoint","urlTemplate":"https:\/\/www.contio.cz\/pl\/?s={search_term_string}"},"query-input":{"@type":"PropertyValueSpecification","valueRequired":true,"valueName":"search_term_string"}}],"inLanguage":"pl-PL"}]}},"_links":{"self":[{"href":"https:\/\/www.contio.cz\/pl\/wp-json\/wp\/v2\/pages\/4977","targetHints":{"allow":["GET"]}}],"collection":[{"href":"https:\/\/www.contio.cz\/pl\/wp-json\/wp\/v2\/pages"}],"about":[{"href":"https:\/\/www.contio.cz\/pl\/wp-json\/wp\/v2\/types\/page"}],"author":[{"embeddable":true,"href":"https:\/\/www.contio.cz\/pl\/wp-json\/wp\/v2\/users\/6"}],"replies":[{"embeddable":true,"href":"https:\/\/www.contio.cz\/pl\/wp-json\/wp\/v2\/comments?post=4977"}],"version-history":[{"count":26,"href":"https:\/\/www.contio.cz\/pl\/wp-json\/wp\/v2\/pages\/4977\/revisions"}],"predecessor-version":[{"id":13321,"href":"https:\/\/www.contio.cz\/pl\/wp-json\/wp\/v2\/pages\/4977\/revisions\/13321"}],"wp:attachment":[{"href":"https:\/\/www.contio.cz\/pl\/wp-json\/wp\/v2\/media?parent=4977"}],"curies":[{"name":"wp","href":"https:\/\/api.w.org\/{rel}","templated":true}]}}