{"id":18400,"date":"2026-03-13T12:00:41","date_gmt":"2026-03-13T11:00:41","guid":{"rendered":"https:\/\/www.contio.cz\/?page_id=18400"},"modified":"2026-03-14T07:15:19","modified_gmt":"2026-03-14T06:15:19","slug":"contact","status":"publish","type":"page","link":"https:\/\/www.contio.cz\/hu\/contact\/","title":{"rendered":"Kapcsolat"},"content":{"rendered":"<div class=\"wpb-content-wrapper\"><p>[vc_row css=&#8221;.vc_custom_1773237797272{margin-top: 160px !important;margin-bottom: 30px !important;}&#8221;][vc_column][vc_custom_heading text=&#8221;El\u00e9rhet\u0151s\u00e9gek, nyitvatart\u00e1si id\u0151&#8221; font_container=&#8221;tag:h2|font_size:35|text_align:left&#8221; google_fonts=&#8221;font_family:Roboto%3A100%2C100italic%2C300%2C300italic%2Cregular%2Citalic%2C500%2C500italic%2C700%2C700italic%2C900%2C900italic|font_style:700%20bold%20regular%3A700%3Anormal&#8221; css=&#8221;.vc_custom_1773232658991{margin-bottom: 30px !important;}&#8221;][\/vc_column][\/vc_row][vc_row gap=&#8221;30&#8243; css=&#8221;.vc_custom_1773297300356{margin-bottom: 120px !important;padding-top: 0px !important;}&#8221;][vc_column width=&#8221;1\/2&#8243;][vc_row_inner equal_height=&#8221;yes&#8221; css=&#8221;.vc_custom_1773233678471{margin-bottom: 15px !important;}&#8221;][vc_column_inner width=&#8221;1\/4&#8243; offset=&#8221;vc_col-lg-2 vc_col-md-offset-0 vc_col-md-2&#8243;][vc_icon type=&#8221;fontawesome&#8221; icon_fontawesome=&#8221;fa fa-solid fa-location-dot&#8221; color=&#8221;white&#8221; background_style=&#8221;boxed&#8221; background_color=&#8221;custom&#8221; size=&#8221;sm&#8221; css=&#8221;.vc_custom_1773232986740{margin-bottom: 0px !important;}&#8221; custom_background_color=&#8221;#00B19E&#8221;][\/vc_column_inner][vc_column_inner width=&#8221;3\/4&#8243; offset=&#8221;vc_col-lg-10 vc_col-md-10&#8243;][vc_custom_heading text=&#8221;ArrowSys s.r.o.<br \/>\nErbenova 572<br \/>\n39002, T\u00e1bor&#8221; font_container=&#8221;tag:p|font_size:20|text_align:left&#8221; google_fonts=&#8221;font_family:Nunito%3A300%2Cregular%2C700|font_style:400%20regular%3A400%3Anormal&#8221; css=&#8221;&#8221;][\/vc_column_inner][\/vc_row_inner][vc_row_inner css=&#8221;.vc_custom_1773233321287{margin-bottom: 30px !important;}&#8221;][vc_column_inner width=&#8221;1\/4&#8243; offset=&#8221;vc_col-lg-2 vc_col-md-2&#8243;][vc_icon type=&#8221;fontawesome&#8221; icon_fontawesome=&#8221;fa fa-solid fa-phone&#8221; color=&#8221;white&#8221; background_style=&#8221;boxed&#8221; background_color=&#8221;custom&#8221; size=&#8221;sm&#8221; css=&#8221;.vc_custom_1773233035829{margin-bottom: 0px !important;}&#8221; custom_background_color=&#8221;#00B19E&#8221;][\/vc_column_inner][vc_column_inner width=&#8221;3\/4&#8243; offset=&#8221;vc_col-lg-10 vc_col-md-10&#8243;][vc_custom_heading text=&#8221;Telefon : +420 381 25 16 85&#8243; font_container=&#8221;tag:p|font_size:20|text_align:left&#8221; google_fonts=&#8221;font_family:Nunito%3A300%2Cregular%2C700|font_style:400%20regular%3A400%3Anormal&#8221; css=&#8221;&#8221;][\/vc_column_inner][\/vc_row_inner][vc_row_inner css=&#8221;.vc_custom_1773234126873{margin-bottom: 45px !important;}&#8221;][vc_column_inner width=&#8221;1\/4&#8243; offset=&#8221;vc_col-lg-2 vc_col-md-2&#8243;][vc_icon type=&#8221;fontawesome&#8221; icon_fontawesome=&#8221;fa fa-regular fa-envelope&#8221; color=&#8221;white&#8221; background_style=&#8221;boxed&#8221; background_color=&#8221;custom&#8221; size=&#8221;sm&#8221; css=&#8221;.vc_custom_1773233048269{margin-bottom: 0px !important;}&#8221; custom_background_color=&#8221;#00B19E&#8221;][\/vc_column_inner][vc_column_inner width=&#8221;3\/4&#8243; offset=&#8221;vc_col-lg-10 vc_col-md-10&#8243;][vc_custom_heading text=&#8221;E-mail: obchod@arrowsys.eu&#8221; font_container=&#8221;tag:p|font_size:20|text_align:left&#8221; google_fonts=&#8221;font_family:Nunito%3A300%2Cregular%2C700|font_style:400%20regular%3A400%3Anormal&#8221; css=&#8221;&#8221;][\/vc_column_inner][\/vc_row_inner][vc_column_text css=&#8221;.vc_custom_1773234178164{margin-bottom: 15px !important;}&#8221;]<strong>Szabad- \u00e9s munkasz\u00fcneti napokon k\u00edv\u00fcli rendes nyitvatart\u00e1si id\u0151<\/strong>[\/vc_column_text][vc_raw_html css=&#8221;&#8221;]PHRhYmxlIHN0eWxlPSJib3JkZXItY29sbGFwc2U6Y29sbGFwc2U7IiBib3JkZXI9IjEiPg0KICAgIDx0Ym9keT4NCiAgICAgICAgPHRyPg0KICAgICAgICAgICAgPHRkIHN0eWxlPSJ3aWR0aDo1MCU7dGV4dC1hbGlnbjpjZW50ZXI7Zm9udC1zaXplOjE1cHg7cGFkZGluZzogNXB4OyI+SMOpdGbFkSAtIGNzw7x0w7ZydMO2azwvdGQ+DQogICAgICAgICAgICA8dGQgc3R5bGU9IndpZHRoOjUwJTt0ZXh0LWFsaWduOmNlbnRlcjtmb250LXNpemU6MTVweDtwYWRkaW5nOiA1cHg7Ij45LTE2aDwvdGQ+DQogICAgICAgIDwvdHI+DQogICAgICAgIDx0cj4NCiAgICAgICAgICAgIDx0ZCBzdHlsZT0id2lkdGg6NTAlO3RleHQtYWxpZ246Y2VudGVyO2ZvbnQtc2l6ZToxNXB4O3BhZGRpbmc6IDVweDsiPlDDqW50ZWs8L3RkPg0KICAgICAgICAgICAgPHRkIHN0eWxlPSJ3aWR0aDo1MCU7dGV4dC1hbGlnbjpjZW50ZXI7Zm9udC1zaXplOjE1cHg7cGFkZGluZzogNXB4OyI+OS0xNWg8L3RkPg0KICAgICAgICA8L3RyPg0KICAgICAgICA8dHI+DQogICAgICAgICAgICA8dGQgc3R5bGU9IndpZHRoOjUwJTt0ZXh0LWFsaWduOmNlbnRlcjtmb250LXNpemU6MTVweDtwYWRkaW5nOiA1cHg7Ij5zem9tYmF0LCB2YXPDoXJuYXA8L3RkPg0KICAgICAgICAgICAgPHRkIHN0eWxlPSJ3aWR0aDo1MCU7dGV4dC1hbGlnbjpjZW50ZXI7Zm9udC1zaXplOjE1cHg7cGFkZGluZzogNXB4OyI+WsOBUlZBPC90ZD4NCiAgICAgICAgPC90cj4NCiAgICA8L3Rib2R5Pg0KPC90YWJsZT4=[\/vc_raw_html][\/vc_column][vc_column width=&#8221;1\/2&#8243; css=&#8221;.vc_custom_1773301648112{border-top-width: 0px !important;border-right-width: 0px !important;border-bottom-width: 0px !important;border-left-width: 0px !important;padding-top: 0px !important;padding-right: 0px !important;padding-bottom: 0px !important;padding-left: 0px !important;border-left-style: solid !important;border-right-style: solid !important;border-top-style: solid !important;border-bottom-style: solid !important;border-radius: 10px !important;border-color: #DDDDDD !important;}&#8221; el_class=&#8221;homePage_contactForm_col&#8221;][vc_raw_html css=&#8221;&#8221;]PHNjcmlwdCBjaGFyc2V0PSJ1dGYtOCIgdHlwZT0idGV4dC9qYXZhc2NyaXB0IiBzcmM9Ii8vanMtZXUxLmhzZm9ybXMubmV0L2Zvcm1zL2VtYmVkL3YyLmpzIj48L3NjcmlwdD48c2NyaXB0Pmhic3B0LmZvcm1zLmNyZWF0ZSh7DQogICAgcG9ydGFsSWQ6ICIxNDQ2MTgzNTMiLA0KICAgIGZvcm1JZDogIjZmZWZmZTlmLTFhMTctNGY4ZS05OTY2LTliZGEyMzI3ODk4ZCIsDQogICAgcmVnaW9uOiAiZXUxIg0KICB9KTsNCjwvc2NyaXB0Pg==[\/vc_raw_html][\/vc_column][\/vc_row]<\/p>\n<\/div>","protected":false},"excerpt":{"rendered":"<p>[vc_row css=&#8221;.vc_custom_1773237797272{margin-top: 160px !important;margin-bottom: 30px !important;}&#8221;][vc_column][vc_custom_heading text=&#8221;El\u00e9rhet\u0151s\u00e9gek, nyitvatart\u00e1si id\u0151&#8221; font_container=&#8221;tag:h2|font_size:35|text_align:left&#8221; google_fonts=&#8221;font_family:Roboto%3A100%2C100italic%2C300%2C300italic%2Cregular%2Citalic%2C500%2C500italic%2C700%2C700italic%2C900%2C900italic|font_style:700%20bold%20regular%3A700%3Anormal&#8221; css=&#8221;.vc_custom_1773232658991{margin-bottom: 30px !important;}&#8221;][\/vc_column][\/vc_row][vc_row gap=&#8221;30&#8243; css=&#8221;.vc_custom_1773297300356{margin-bottom: 120px !important;padding-top: 0px !important;}&#8221;][vc_column width=&#8221;1\/2&#8243;][vc_row_inner equal_height=&#8221;yes&#8221; css=&#8221;.vc_custom_1773233678471{margin-bottom: 15px !important;}&#8221;][vc_column_inner width=&#8221;1\/4&#8243; offset=&#8221;vc_col-lg-2 vc_col-md-offset-0 vc_col-md-2&#8243;][vc_icon type=&#8221;fontawesome&#8221; icon_fontawesome=&#8221;fa fa-solid fa-location-dot&#8221; color=&#8221;white&#8221; background_style=&#8221;boxed&#8221; background_color=&#8221;custom&#8221; size=&#8221;sm&#8221; css=&#8221;.vc_custom_1773232986740{margin-bottom: 0px !important;}&#8221; custom_background_color=&#8221;#00B19E&#8221;][\/vc_column_inner][vc_column_inner width=&#8221;3\/4&#8243; offset=&#8221;vc_col-lg-10 vc_col-md-10&#8243;][vc_custom_heading text=&#8221;ArrowSys s.r.o. Erbenova 572 39002, T\u00e1bor&#8221; font_container=&#8221;tag:p|font_size:20|text_align:left&#8221; google_fonts=&#8221;font_family:Nunito%3A300%2Cregular%2C700|font_style:400%20regular%3A400%3Anormal&#8221; css=&#8221;&#8221;][\/vc_column_inner][\/vc_row_inner][vc_row_inner css=&#8221;.vc_custom_1773233321287{margin-bottom: 30px&hellip;<\/p>\n","protected":false},"author":6,"featured_media":0,"parent":0,"menu_order":0,"comment_status":"closed","ping_status":"closed","template":"","meta":{"_acf_changed":false,"footnotes":""},"class_list":["post-18400","page","type-page","status-publish","hentry"],"acf":[],"yoast_head":"<!-- This site is optimized with the Yoast SEO plugin v27.2 - https:\/\/yoast.com\/product\/yoast-seo-wordpress\/ -->\n<title>Kapcsolat - Bezobslu\u017en\u00e1 24 hodinov\u00e1 prodejna Contio 24<\/title>\n<meta name=\"robots\" content=\"index, follow, max-snippet:-1, max-image-preview:large, max-video-preview:-1\" \/>\n<link rel=\"canonical\" href=\"https:\/\/www.contio.cz\/hu\/contact\/\" \/>\n<meta property=\"og:locale\" content=\"hu_HU\" \/>\n<meta property=\"og:type\" content=\"article\" \/>\n<meta property=\"og:title\" content=\"Kapcsolat - Bezobslu\u017en\u00e1 24 hodinov\u00e1 prodejna Contio 24\" \/>\n<meta property=\"og:description\" content=\"[vc_row css=&#8221;.vc_custom_1773237797272{margin-top: 160px !important;margin-bottom: 30px !important;}&#8221;][vc_column][vc_custom_heading text=&#8221;El\u00e9rhet\u0151s\u00e9gek, nyitvatart\u00e1si id\u0151&#8221; font_container=&#8221;tag:h2|font_size:35|text_align:left&#8221; google_fonts=&#8221;font_family:Roboto%3A100%2C100italic%2C300%2C300italic%2Cregular%2Citalic%2C500%2C500italic%2C700%2C700italic%2C900%2C900italic|font_style:700%20bold%20regular%3A700%3Anormal&#8221; css=&#8221;.vc_custom_1773232658991{margin-bottom: 30px !important;}&#8221;][\/vc_column][\/vc_row][vc_row gap=&#8221;30&#8243; css=&#8221;.vc_custom_1773297300356{margin-bottom: 120px !important;padding-top: 0px !important;}&#8221;][vc_column width=&#8221;1\/2&#8243;][vc_row_inner equal_height=&#8221;yes&#8221; css=&#8221;.vc_custom_1773233678471{margin-bottom: 15px !important;}&#8221;][vc_column_inner width=&#8221;1\/4&#8243; offset=&#8221;vc_col-lg-2 vc_col-md-offset-0 vc_col-md-2&#8243;][vc_icon type=&#8221;fontawesome&#8221; icon_fontawesome=&#8221;fa fa-solid fa-location-dot&#8221; color=&#8221;white&#8221; background_style=&#8221;boxed&#8221; background_color=&#8221;custom&#8221; size=&#8221;sm&#8221; css=&#8221;.vc_custom_1773232986740{margin-bottom: 0px !important;}&#8221; custom_background_color=&#8221;#00B19E&#8221;][\/vc_column_inner][vc_column_inner width=&#8221;3\/4&#8243; offset=&#8221;vc_col-lg-10 vc_col-md-10&#8243;][vc_custom_heading text=&#8221;ArrowSys s.r.o. Erbenova 572 39002, T\u00e1bor&#8221; font_container=&#8221;tag:p|font_size:20|text_align:left&#8221; google_fonts=&#8221;font_family:Nunito%3A300%2Cregular%2C700|font_style:400%20regular%3A400%3Anormal&#8221; css=&#8221;&#8221;][\/vc_column_inner][\/vc_row_inner][vc_row_inner css=&#8221;.vc_custom_1773233321287{margin-bottom: 30px&hellip;\" \/>\n<meta property=\"og:url\" content=\"https:\/\/www.contio.cz\/hu\/contact\/\" \/>\n<meta property=\"og:site_name\" content=\"Bezobslu\u017en\u00e1 24 hodinov\u00e1 prodejna Contio 24\" \/>\n<meta property=\"article:modified_time\" content=\"2026-03-14T06:15:19+00:00\" \/>\n<meta name=\"twitter:card\" content=\"summary_large_image\" \/>\n<meta name=\"twitter:label1\" content=\"Becs\u00fclt olvas\u00e1si id\u0151\" \/>\n\t<meta name=\"twitter:data1\" content=\"1 perc\" \/>\n<script type=\"application\/ld+json\" class=\"yoast-schema-graph\">{\"@context\":\"https:\/\/schema.org\",\"@graph\":[{\"@type\":\"WebPage\",\"@id\":\"https:\/\/www.contio.cz\/hu\/contact\/\",\"url\":\"https:\/\/www.contio.cz\/hu\/contact\/\",\"name\":\"Kapcsolat - Bezobslu\u017en\u00e1 24 hodinov\u00e1 prodejna Contio 24\",\"isPartOf\":{\"@id\":\"https:\/\/www.contio.cz\/hu\/#website\"},\"datePublished\":\"2026-03-13T11:00:41+00:00\",\"dateModified\":\"2026-03-14T06:15:19+00:00\",\"breadcrumb\":{\"@id\":\"https:\/\/www.contio.cz\/hu\/contact\/#breadcrumb\"},\"inLanguage\":\"hu\",\"potentialAction\":[{\"@type\":\"ReadAction\",\"target\":[\"https:\/\/www.contio.cz\/hu\/contact\/\"]}]},{\"@type\":\"BreadcrumbList\",\"@id\":\"https:\/\/www.contio.cz\/hu\/contact\/#breadcrumb\",\"itemListElement\":[{\"@type\":\"ListItem\",\"position\":1,\"name\":\"Dom\u016f\",\"item\":\"https:\/\/www.contio.cz\/hu\/\"},{\"@type\":\"ListItem\",\"position\":2,\"name\":\"Kapcsolat\"}]},{\"@type\":\"WebSite\",\"@id\":\"https:\/\/www.contio.cz\/hu\/#website\",\"url\":\"https:\/\/www.contio.cz\/hu\/\",\"name\":\"Bezobslu\u017en\u00e1 24 hodinov\u00e1 prodejna Contio 24\",\"description\":\"Bezobslu\u017en\u00e9 vybaven\u00ed pro bezpe\u010dn\u00fd 24 hodinov\u00fd provoz\",\"potentialAction\":[{\"@type\":\"SearchAction\",\"target\":{\"@type\":\"EntryPoint\",\"urlTemplate\":\"https:\/\/www.contio.cz\/hu\/?s={search_term_string}\"},\"query-input\":{\"@type\":\"PropertyValueSpecification\",\"valueRequired\":true,\"valueName\":\"search_term_string\"}}],\"inLanguage\":\"hu\"}]}<\/script>\n<!-- \/ Yoast SEO plugin. -->","yoast_head_json":{"title":"Kapcsolat - Bezobslu\u017en\u00e1 24 hodinov\u00e1 prodejna Contio 24","robots":{"index":"index","follow":"follow","max-snippet":"max-snippet:-1","max-image-preview":"max-image-preview:large","max-video-preview":"max-video-preview:-1"},"canonical":"https:\/\/www.contio.cz\/hu\/contact\/","og_locale":"hu_HU","og_type":"article","og_title":"Kapcsolat - Bezobslu\u017en\u00e1 24 hodinov\u00e1 prodejna Contio 24","og_description":"[vc_row css=&#8221;.vc_custom_1773237797272{margin-top: 160px !important;margin-bottom: 30px !important;}&#8221;][vc_column][vc_custom_heading text=&#8221;El\u00e9rhet\u0151s\u00e9gek, nyitvatart\u00e1si id\u0151&#8221; font_container=&#8221;tag:h2|font_size:35|text_align:left&#8221; google_fonts=&#8221;font_family:Roboto%3A100%2C100italic%2C300%2C300italic%2Cregular%2Citalic%2C500%2C500italic%2C700%2C700italic%2C900%2C900italic|font_style:700%20bold%20regular%3A700%3Anormal&#8221; css=&#8221;.vc_custom_1773232658991{margin-bottom: 30px !important;}&#8221;][\/vc_column][\/vc_row][vc_row gap=&#8221;30&#8243; css=&#8221;.vc_custom_1773297300356{margin-bottom: 120px !important;padding-top: 0px !important;}&#8221;][vc_column width=&#8221;1\/2&#8243;][vc_row_inner equal_height=&#8221;yes&#8221; css=&#8221;.vc_custom_1773233678471{margin-bottom: 15px !important;}&#8221;][vc_column_inner width=&#8221;1\/4&#8243; offset=&#8221;vc_col-lg-2 vc_col-md-offset-0 vc_col-md-2&#8243;][vc_icon type=&#8221;fontawesome&#8221; icon_fontawesome=&#8221;fa fa-solid fa-location-dot&#8221; color=&#8221;white&#8221; background_style=&#8221;boxed&#8221; background_color=&#8221;custom&#8221; size=&#8221;sm&#8221; css=&#8221;.vc_custom_1773232986740{margin-bottom: 0px !important;}&#8221; custom_background_color=&#8221;#00B19E&#8221;][\/vc_column_inner][vc_column_inner width=&#8221;3\/4&#8243; offset=&#8221;vc_col-lg-10 vc_col-md-10&#8243;][vc_custom_heading text=&#8221;ArrowSys s.r.o. Erbenova 572 39002, T\u00e1bor&#8221; font_container=&#8221;tag:p|font_size:20|text_align:left&#8221; google_fonts=&#8221;font_family:Nunito%3A300%2Cregular%2C700|font_style:400%20regular%3A400%3Anormal&#8221; css=&#8221;&#8221;][\/vc_column_inner][\/vc_row_inner][vc_row_inner css=&#8221;.vc_custom_1773233321287{margin-bottom: 30px&hellip;","og_url":"https:\/\/www.contio.cz\/hu\/contact\/","og_site_name":"Bezobslu\u017en\u00e1 24 hodinov\u00e1 prodejna Contio 24","article_modified_time":"2026-03-14T06:15:19+00:00","twitter_card":"summary_large_image","twitter_misc":{"Becs\u00fclt olvas\u00e1si id\u0151":"1 perc"},"schema":{"@context":"https:\/\/schema.org","@graph":[{"@type":"WebPage","@id":"https:\/\/www.contio.cz\/hu\/contact\/","url":"https:\/\/www.contio.cz\/hu\/contact\/","name":"Kapcsolat - Bezobslu\u017en\u00e1 24 hodinov\u00e1 prodejna Contio 24","isPartOf":{"@id":"https:\/\/www.contio.cz\/hu\/#website"},"datePublished":"2026-03-13T11:00:41+00:00","dateModified":"2026-03-14T06:15:19+00:00","breadcrumb":{"@id":"https:\/\/www.contio.cz\/hu\/contact\/#breadcrumb"},"inLanguage":"hu","potentialAction":[{"@type":"ReadAction","target":["https:\/\/www.contio.cz\/hu\/contact\/"]}]},{"@type":"BreadcrumbList","@id":"https:\/\/www.contio.cz\/hu\/contact\/#breadcrumb","itemListElement":[{"@type":"ListItem","position":1,"name":"Dom\u016f","item":"https:\/\/www.contio.cz\/hu\/"},{"@type":"ListItem","position":2,"name":"Kapcsolat"}]},{"@type":"WebSite","@id":"https:\/\/www.contio.cz\/hu\/#website","url":"https:\/\/www.contio.cz\/hu\/","name":"Bezobslu\u017en\u00e1 24 hodinov\u00e1 prodejna Contio 24","description":"Bezobslu\u017en\u00e9 vybaven\u00ed pro bezpe\u010dn\u00fd 24 hodinov\u00fd provoz","potentialAction":[{"@type":"SearchAction","target":{"@type":"EntryPoint","urlTemplate":"https:\/\/www.contio.cz\/hu\/?s={search_term_string}"},"query-input":{"@type":"PropertyValueSpecification","valueRequired":true,"valueName":"search_term_string"}}],"inLanguage":"hu"}]}},"_links":{"self":[{"href":"https:\/\/www.contio.cz\/hu\/wp-json\/wp\/v2\/pages\/18400","targetHints":{"allow":["GET"]}}],"collection":[{"href":"https:\/\/www.contio.cz\/hu\/wp-json\/wp\/v2\/pages"}],"about":[{"href":"https:\/\/www.contio.cz\/hu\/wp-json\/wp\/v2\/types\/page"}],"author":[{"embeddable":true,"href":"https:\/\/www.contio.cz\/hu\/wp-json\/wp\/v2\/users\/6"}],"replies":[{"embeddable":true,"href":"https:\/\/www.contio.cz\/hu\/wp-json\/wp\/v2\/comments?post=18400"}],"version-history":[{"count":8,"href":"https:\/\/www.contio.cz\/hu\/wp-json\/wp\/v2\/pages\/18400\/revisions"}],"predecessor-version":[{"id":18577,"href":"https:\/\/www.contio.cz\/hu\/wp-json\/wp\/v2\/pages\/18400\/revisions\/18577"}],"wp:attachment":[{"href":"https:\/\/www.contio.cz\/hu\/wp-json\/wp\/v2\/media?parent=18400"}],"curies":[{"name":"wp","href":"https:\/\/api.w.org\/{rel}","templated":true}]}}