{"id":6347,"date":"2022-10-20T07:23:02","date_gmt":"2022-10-20T05:23:02","guid":{"rendered":"https:\/\/www.contio.cz\/podatkovna-tablica-t6\/"},"modified":"2023-10-08T20:03:04","modified_gmt":"2023-10-08T18:03:04","slug":"podatkovna-tablica-t6","status":"publish","type":"page","link":"https:\/\/www.contio.cz\/hr\/podatkovna-tablica-t6\/","title":{"rendered":"TABLICA-T6"},"content":{"rendered":"<div class=\"wpb-content-wrapper\"><p>[vc_row content_placement=&#8221;middle&#8221; css=&#8221;.vc_custom_1666252155700{background-color: #025382 !important;}&#8221;][vc_column width=&#8221;1\/2&#8243;][vc_column_text]<\/p>\n<h2><strong><span dir=\"ltr\" style=\"font-size: 27.1999px; font-family: serif; color: white;\" role=\"presentation\">PODATKOVNA TABLICA-T6<\/span><\/strong><\/h2>\n<p>[\/vc_column_text][\/vc_column][vc_column width=&#8221;1\/2&#8243;][vc_single_image image=&#8221;1336&#8243; img_size=&#8221;Full&#8221; alignment=&#8221;right&#8221;][\/vc_column][\/vc_row][vc_row][vc_column][vc_empty_space][vc_column_text]<\/p>\n<h2><strong><span dir=\"ltr\" role=\"presentation\">Isplativi robot<\/span> <span dir=\"ltr\" role=\"presentation\">za isporuku<\/span> <span dir=\"ltr\" role=\"presentation\">velikog kapaciteta<\/span> robe<\/strong><\/h2>\n<p>[\/vc_column_text][vc_row_inner][vc_column_inner width=&#8221;1\/4&#8243;][vc_column_text]<\/p>\n<h1 style=\"text-align: center;\">T6<\/h1>\n<p>[\/vc_column_text][vc_single_image image=&#8221;1339&#8243; img_size=&#8221;Full&#8221;][vc_column_text]<\/p>\n<h1 style=\"text-align: center;\"><span dir=\"ltr\" role=\"presentation\">Specifikacije<\/span><\/h1>\n<p>[\/vc_column_text][\/vc_column_inner][vc_column_inner width=&#8221;3\/4&#8243; css=&#8221;.vc_custom_1666247415184{padding-top: 10px !important;padding-right: 10px !important;padding-bottom: 10px !important;padding-left: 10px !important;}&#8221;][vc_column_text]<\/p>\n<h2><strong><span dir=\"ltr\" role=\"presentation\">Klju\u010dne<\/span> <span dir=\"ltr\" role=\"presentation\">zna\u010dajke<\/span><\/strong><\/h2>\n<p>[\/vc_column_text][vc_column_text]<\/p>\n<ul>\n<li><span dir=\"ltr\" role=\"presentation\">Samostalno razvijen SLAM sustav (sinkronizirana lokalizacija i mapiranje) kako bi se osiguralo precizno pozicioniranje i pokreti.<\/span><\/li>\n<li><span dir=\"ltr\" role=\"presentation\">Inteligentna<\/span> <span dir=\"ltr\" role=\"presentation\">sposobnost<\/span> <span dir=\"ltr\" role=\"presentation\">izbjegavanja<\/span> <span dir=\"ltr\" role=\"presentation\">prepreka<\/span> <span dir=\"ltr\" role=\"presentation\">pru\u017ea<\/span> <span dir=\"ltr\" role=\"presentation\">sigurnu<\/span> <span dir=\"ltr\" role=\"presentation\">uslugu<\/span> <span dir=\"ltr\" role=\"presentation\">s<\/span> <span dir=\"ltr\" role=\"presentation\">vi\u0161e<\/span> <span dir=\"ltr\" role=\"presentation\">senzora<\/span>.<\/li>\n<li><span dir=\"ltr\" role=\"presentation\">Dugo<\/span> <span dir=\"ltr\" role=\"presentation\"> <span dir=\"ltr\" role=\"presentation\">vrijeme rada:<\/span> <span dir=\"ltr\" role=\"presentation\">mo\u017ee<\/span> <span dir=\"ltr\" role=\"presentation\">se<\/span> pru\u017eiti <span dir=\"ltr\" role=\"presentation\">12<\/span> <span dir=\"ltr\" role=\"presentation\">sati<\/span> <span dir=\"ltr\" role=\"presentation\">neprekidne<\/span> <span dir=\"ltr\" role=\"presentation\">usluge<\/span> <span dir=\"ltr\" role=\"presentation\">(stvarni<\/span> <span dir=\"ltr\" role=\"presentation\">rezultati<\/span> <span dir=\"ltr\" role=\"presentation\">mogu <\/span><span dir=\"ltr\" role=\"presentation\">varirati).<\/span><\/span><\/li>\n<li><span dir=\"ltr\" role=\"presentation\">Pametno<\/span> punjenje<span dir=\"ltr\" role=\"presentation\">:<\/span> <span dir=\"ltr\" role=\"presentation\">autonomno<\/span> <span dir=\"ltr\" role=\"presentation\">tempirano<\/span> <span dir=\"ltr\" role=\"presentation\">i<\/span> <span dir=\"ltr\" role=\"presentation\">kvantitativno<\/span> <span dir=\"ltr\" role=\"presentation\"> punjenje <span dir=\"ltr\" role=\"presentation\">s<\/span> <span dir=\"ltr\" role=\"presentation\">opcionalnom<\/span> <span dir=\"ltr\" role=\"presentation\">bazom<\/span> <span dir=\"ltr\" role=\"presentation\">za punjenje<\/span>.<\/span><\/li>\n<li><span dir=\"ltr\" role=\"presentation\">Otvoren<\/span> <span dir=\"ltr\" role=\"presentation\">pristup<\/span> r<span dir=\"ltr\" role=\"presentation\">edovima<\/span> <span dir=\"ltr\" role=\"presentation\">i<\/span> <span dir=\"ltr\" role=\"presentation\">stra\u017enji<\/span> <span dir=\"ltr\" role=\"presentation\">od<\/span> <span dir=\"ltr\" role=\"presentation\">poslu\u017eavnik<\/span> <span dir=\"ltr\" role=\"presentation\">\u010dini<\/span> ga izuzetno <span dir=\"ltr\" role=\"presentation\">prakti\u010dnim<\/span> <span dir=\"ltr\" role=\"presentation\">za<\/span> <span dir=\"ltr\" role=\"presentation\">kori\u0161tenje<\/span>.<\/li>\n<li>Koordinacija rada\u00a0<span dir=\"ltr\" role=\"presentation\"> s vi\u0161e robota<span dir=\"ltr\" role=\"presentation\">:<\/span> <span dir=\"ltr\" role=\"presentation\">vi\u0161e<\/span> <span dir=\"ltr\" role=\"presentation\">robota<\/span> <span dir=\"ltr\" role=\"presentation\">mo\u017ee<\/span> <span dir=\"ltr\" role=\"presentation\">u\u010dinkovito sura\u0111ivati<\/span> <span dir=\"ltr\" role=\"presentation\"> <span dir=\"ltr\" role=\"presentation\">u<\/span> <span dir=\"ltr\" role=\"presentation\">istom <\/span><span dir=\"ltr\" role=\"presentation\">radnom<\/span> <span dir=\"ltr\" role=\"presentation\">okru\u017eenju.<\/span> <\/span><\/span><\/li>\n<li><span dir=\"ltr\" role=\"presentation\">Veliki<\/span> <span dir=\"ltr\" role=\"presentation\"> <span dir=\"ltr\" role=\"presentation\">pladanj<\/span> <span dir=\"ltr\" role=\"presentation\">pru\u017ea<\/span> <span dir=\"ltr\" role=\"presentation\">dovoljno<\/span> <span dir=\"ltr\" role=\"presentation\">prostora<\/span> <span dir=\"ltr\" role=\"presentation\">za<\/span> <span dir=\"ltr\" role=\"presentation\">4<\/span> <span dir=\"ltr\" role=\"presentation\">komada<\/span> <span dir=\"ltr\" role=\"presentation\">9-in\u010dnih<\/span> <span dir=\"ltr\" role=\"presentation\">pizza.<\/span> <\/span><\/li>\n<li><span dir=\"ltr\" role=\"presentation\">Do<\/span> <span dir=\"ltr\" role=\"presentation\"> <span dir=\"ltr\" role=\"presentation\">35 kg<\/span> <span dir=\"ltr\" role=\"presentation\">optere\u0107enja<\/span> <span dir=\"ltr\" role=\"presentation\"> <span dir=\"ltr\" role=\"presentation\">za<\/span> <span dir=\"ltr\" role=\"presentation\">ve\u0107e<\/span> <span dir=\"ltr\" role=\"presentation\">gabarite<\/span>.<\/span><\/span><\/li>\n<\/ul>\n<p>[\/vc_column_text][\/vc_column_inner][\/vc_row_inner][\/vc_column][\/vc_row][vc_row][vc_column][vc_column_text]<\/p>\n<h3><strong><span dir=\"ltr\" role=\"presentation\">Izvedba<\/span><\/strong><\/h3>\n<p>[\/vc_column_text][vc_raw_html]PGRpdiBzdHlsZT0ib3ZlcmZsb3cteDphdXRvOyI+CiAgPHRhYmxlPgogICAgPHRyPgogICAgICA8dGg+TWFrc2ltYWxuYSBwb2tyaXZlbm9zdCBwbyB1cmXEkWFqdTwvdGg+CiAgICAgIDx0aD4yMDAqMjAwbjQ8L3RoPgogICAgIAogICAgIAogICAgPC90cj4KICAgIDx0cj4KICAgICAgPHRkPk1pbmltYWxuYSDFoWlyaW5hIHByb2xhemE8L3RkPgogICAgICA8dGQ+NzBjbTwvdGQ+CiAgICAgIAogICAgICAKICAgIDwvdHI+CiAgICA8dHI+CiAgICAgIDx0ZD5CcnppbmEga3JldGFuamE8L3RkPgogICAgICA8dGQ+UG9kZXNpdm8gMCwxfjEsMm0vczwvdGQ+CiAgIAogICAgICAKICAgIDwvdHI+CiAgICA8dHI+CiAgICAgIDx0ZD5NaW4uIFByb21qZXIgb2tyZXRhbmphPC90ZD4KICAgICAgPHRkPjgwIGNtPC90ZD4KICAgICAKICAgICAKICAgIDwvdHI+Cgo8dHI+CiAgICAgIDx0ZD5QdXQga2\/EjWVuamE8L3RkPgogICAgICA8dGQ+NjIgY20gKG1ha3NpbWFsbmEgYnJ6aW5hIGtyZXRhbmphIGkgcHVubyBvcHRlcmXEh2VuamUpPC90ZD4KICAgICAgCiAgICAgIAogICAgPC90cj4KICAgIDx0cj4KICAgICAgPHRkPkJyemluYSBrcmV0YW5qYTwvdGQ+CiAgICAgIDx0ZD5Qb2Rlc2l2byAwLDF+MSwybS9zPC90ZD4KICAgCiAgICAgIAogICAgPC90cj4KICAgIDx0cj4KICAgICAgPHRkPkt1dCBuYWdpYmE8L3RkPgogICAgICA8dGQ+Jmx0OzXCsDwvdGQ+CiAgICAgCiAgICAgCiAgICA8L3RyPgoKPHRyPgogICAgICA8dGQ+VHJhamFuamUgYmF0ZXJpamU8L3RkPgogICAgICA8dGQ+MTItMTVoPC90ZD4KICAgICAgCiAgICAgIAogICAgPC90cj4KICAgIDx0cj4KICAgICAgPHRkPsW9aXZvdG5pIGtydWcgdXNsdWdlPC90ZD4KICAgICAgPHRkPjIwMDAwaDwvdGQ+CiAgIAogICAgICAKICAgIDwvdHI+CiAgICA8dHI+CiAgICAgIDx0ZD5TdXJhZG5qYSBzIHZpxaFlIHJvYm90YTwvdGQ+CiAgICAgIDx0ZD5NYWtzaW1hbG5vIDEwIHJvYm90YTwvdGQ+CiAgICAgCiAgICAgCiAgICA8L3RyPgoKPHRyPgogICAgICA8dGQ+SXNwb3J1a2EgdSB2acWhZSB0b8SNYWthPC90ZD4KICAgICAgPHRkPkRvIDIwIGJvZG92YSAocG9qZWRpbmHEjW5hIGlzcG9ydWthKTwvdGQ+CiAgICAgIAogICAgICAKICAgIDwvdHI+CiAgICA8dHI+CiAgICAgIDx0ZD5JbnRlbGlnZW50bmkgZG9tZXQgaXpiamVnYXZhbmphIHByZXByZWthIG1ha3NpbWFsYW4gZG9tZXQgb3Rrcml2YW5qYSAgPC90ZD4KICAgICAgPHRkPjEsNSBtaWxpanVuYSAmbHQ7PC90ZD4KICAgCiAgICAgIAogICAgPC90cj4KICAgIDx0cj4KICAgICAgPHRkPk5heml2bmEgc25hZ2E8L3RkPgogICAgICA8dGQ+NDBXdzwvdGQ+CiAgICAgCiAgICAgCiAgICA8L3RyPgoKCgogIDwvdGFibGU+CjwvZGl2Pg==[\/vc_raw_html][\/vc_column][\/vc_row][vc_row][vc_column][vc_column_text]<\/p>\n<h3><strong><span dir=\"ltr\" role=\"presentation\">Okoli\u0161<\/span><\/strong><\/h3>\n<p>[\/vc_column_text][vc_raw_html]PGRpdiBzdHlsZT0ib3ZlcmZsb3cteDphdXRvOyI+CiAgPHRhYmxlPgogICAgPHRyPgogICAgICA8dGg+UmFkbmEgdGVtcGVyYXR1cmEsIHZsYcW+bm9zdDwvdGg+CiAgICAgIDx0aD4gIC0gNDXCsEMsIFJIOiA1JX44NSU8L3RoPgogICAgIAogICAgIAogICAgPC90cj4KICAgIDx0cj4KICAgICAgPHRkPlJhZG5vIG9rcnXFvmVuamU8L3RkPgogICAgICA8dGQ+VW51dGFybmppIG9rb2xpxaEsIHJhdm5hIHplbWxqYSwgYmV6IHByYcWhaW5lPC90ZD4KICAgICAgCiAgICAgIAogICAgPC90cj4KICAgIDx0cj4KICAgICAgPHRkPlRlbXBlcmF0dXJhIHNrbGFkacWhdGVuamE8L3RkPgogICAgICA8dGQ+LTMwwrBDLTYwwrBDPC90ZD4KICAgCiAgICAgIAogICAgPC90cj4KICAgIAoKICA8L3RhYmxlPgo8L2Rpdj4=[\/vc_raw_html][\/vc_column][\/vc_row][vc_row css=&#8221;.vc_custom_1666251970935{background-position: center !important;background-repeat: no-repeat !important;background-size: cover !important;}&#8221;][vc_column][vc_column_text css=&#8221;.vc_custom_1666251979348{background-color: #025382 !important;}&#8221;]<\/p>\n<h1 style=\"text-align: center; color: white;\"><strong>1<\/strong><\/h1>\n<p>[\/vc_column_text][\/vc_column][\/vc_row][vc_row][vc_column][vc_empty_space][\/vc_column][\/vc_row][vc_row content_placement=&#8221;middle&#8221; css=&#8221;.vc_custom_1666248477477{background-color: #025382 !important;background-position: center !important;background-repeat: no-repeat !important;background-size: cover !important;}&#8221;][vc_column width=&#8221;1\/2&#8243;][vc_column_text]<\/p>\n<h2><strong><span dir=\"ltr\" style=\"font-size: 27.1999px; font-family: serif; color: white;\" role=\"presentation\">PODATKOVNA TABLICA-T6<\/span><\/strong><\/h2>\n<p>[\/vc_column_text][\/vc_column][vc_column width=&#8221;1\/2&#8243;][vc_single_image image=&#8221;1336&#8243; img_size=&#8221;Full&#8221; alignment=&#8221;right&#8221;][\/vc_column][\/vc_row][vc_row][vc_column][vc_empty_space][vc_column_text]<\/p>\n<h3><strong><span dir=\"ltr\" role=\"presentation\">Baterija i punjenje<\/span><\/strong><\/h3>\n<p>[\/vc_column_text][vc_raw_html]PGRpdiBzdHlsZT0ib3ZlcmZsb3cteDphdXRvOyI+CiAgPHRhYmxlPgogICAgPHRyPgogICAgICA8dGg+VnJzdGEgYmF0ZXJpamU8L3RoPgogICAgICA8dGg+VGVybmFybmEgbGl0aWpldmEgYmF0ZXJpamE8L3RoPgogICAgIAogICAgIAogICAgPC90cj4KICAgIDx0cj4KICAgICAgPHRkPkthcGFjaXRldCBiYXRlcmlqZTwvdGQ+CiAgICAgIDx0ZD5EQyA0OFYgMTJBaDwvdGQ+CiAgICAgIAogICAgICAKICAgIDwvdHI+CiAgICA8dHI+CiAgICAgIDx0ZD5CYXRlcmlqYSBzZSBtb8W+ZSBkZW1vbnRpcmF0aTwvdGQ+CiAgICAgIDx0ZD5CdW5hcjwvdGQ+CiAgIAogICAgICAKICAgIDwvdHI+CiAgICA8dHI+CiAgICAgIDx0ZD5OYcSNaW4gcHVuamVuamE8L3RkPgogICAgICA8dGQ+QXV0b21hdHNrbyBwdW5qZW5qZSBzIG9wY2lqc2tvbSBocnBvbSB6YSBwdW5qZW5qZSBpIHJ1xI1ubyBwdW5qZW5qZSBwb21vxId1IHB1bmphxI1hPC90ZD4KICAgICAKICAgICAKICAgIDwvdHI+Cgo8dHI+CiAgICAgIDx0ZD5Vbm9zIHB1bmplbmphPC90ZD4KICAgICAgPHRkPjEwMC0yNDBWfiw1MC82MEh6PC90ZD4KICAgICAgCiAgICAgIAogICAgPC90cj4KICAgIDx0cj4KICAgICAgPHRkPlZyaWplbWUgcHVuamVuamE8L3RkPgogICAgICA8dGQ+OGg8L3RkPgogICAKICAgICAgCiAgICA8L3RyPgogICAgPHRyPgogICAgICA8dGQ+RGltZW56aWphIHBpbG90YSB6YSBwdW5qZW5qZTwvdGQ+CiAgICAgIDx0ZD4yMTUqMjkwKjIzMG1tPC90ZD4KICAgICAKICAgICAKICAgIDwvdHI+Cgo8dHI+CiAgICAgIDx0ZD5UZcW+aW5hIGhycGUgemEgcHVuamVuamU8L3RkPgogICAgICA8dGQ+MiwyIGtnPC90ZD4KICAgICAgCiAgICAgIAogICAgPC90cj4KICAgCgoKCiAgPC90YWJsZT4KPC9kaXY+[\/vc_raw_html][\/vc_column][\/vc_row][vc_row][vc_column][vc_empty_space][vc_column_text]<\/p>\n<h3><strong><span dir=\"ltr\" role=\"presentation\">Hardver<\/span><\/strong><\/h3>\n<p>[\/vc_column_text][vc_raw_html]PGRpdiBzdHlsZT0ib3ZlcmZsb3cteDphdXRvOyI+CiAgPHRhYmxlPgogICAgPHRyPgogICAgICA8dGg+U3Ryb2puaSBtYXRlcmlqYWw8L3RoPgogICAgICA8dGg+S09STUlMQVI8L3RoPgogICAgIAogICAgIAogICAgPC90cj4KICAgIDx0cj4KICAgICAgPHRkPk5hxI1pbiBwb3ppY2lvbmlyYW5qYTwvdGQ+CiAgICAgIDx0ZD5Qb3ppY2lvbmlyYW5qZSBuYXRwaXNhPC90ZD4KICAgICAgCiAgICAgIAogICAgPC90cj4KICAgIDx0cj4KICAgICAgPHRkPlRvxI1ub3N0IHBvemljaW9uaXJhbmphPC90ZD4KICAgICAgPHRkPkNlbnRpbWV0YXJza2kgc3R1cGFuajwvdGQ+CiAgIAogICAgICAKICAgIDwvdHI+CiAgICA8dHI+CiAgICAgIDx0ZD5UZWhuaWtlIGlzdHJhxb5pdmFuamE8L3RkPgogICAgICA8dGQ+TGlEQVIsIHN0ZXJlbyB2aWQsIHNsaWtvdm5pIG1vZHVsLCBzZW56b3Igc3VkYXJhLCBJTVUgKGluZXJjaWpza2EgbWplcm5hIGplZGluaWNhKTwvdGQ+CiAgICAgCiAgICAgCiAgICA8L3RyPgoKPHRyPgogICAgICA8dGQ+UG9rcml2ZW5vc3Qgc2Vuem9yYTwvdGQ+CiAgICAgIDx0ZD5SYXNwb24gZGV0ZWtjaWplIExpREFSOiAxODPCsCwgJmd0OzEwTSwgU3RlcmVvIHJhc3BvbiB2aWRhOiAxNTDCsCwgMC4xLTEuNW08L3RkPgogICAgICAKICAgICAgCiAgICA8L3RyPgogICAgPHRyPgogICAgICA8dGQ+R29ybmppIGt1dCBrYW1lcmU8L3RkPgogICAgICA8dGQ+MTIwwrAsIHBvdHJlYm5hIGplIHZpc2luYSDEh2VsaWplIDItOG08L3RkPgogICAKICAgICAgCiAgICA8L3RyPgogICAgPHRyPgogICAgICA8dGQ+TXJlxb5hPC90ZD4KICAgICAgPHRkPldpLUZpICgyNDEgMi0yNDcyTUh6KTwvdGQ+CiAgICAgCiAgICAgCiAgICA8L3RyPgoKPHRyPgogICAgICA8dGQ+TWVtb3JpamEgaSBpbnRlcm5hIHBvaHJhbmE8L3RkPgogICAgICA8dGQ+MiBHQiBSQU0tYSArIDE2IEdCIFJPTS1hPC90ZD4KICAgICAgCiAgICAgIAogICAgPC90cj4KICAgCiA8dHI+CiAgICAgIDx0ZD5aYXNsb24gb3NqZXRsaml2IG5hIGRvZGlyPC90ZD4KICAgICAgPHRkPjcgaW7EjWEgKDEwMjQqNjAwKTwvdGQ+CiAgICAgCiAgICAgCiAgICA8L3RyPgoKPHRyPgogICAgICA8dGQ+SW50ZXJha3Rpdm5hIHNwb3NvYm5vc3Q8L3RkPgogICAgICA8dGQ+RG9kaXI8L3RkPgogICAgICAKICAgICAgCiAgICA8L3RyPgoKCgogIDwvdGFibGU+CjwvZGl2Pg==[\/vc_raw_html][\/vc_column][\/vc_row]<\/p>\n<\/div>","protected":false},"excerpt":{"rendered":"<p>[vc_row content_placement=&#8221;middle&#8221; css=&#8221;.vc_custom_1666252155700{background-color: #025382 !important;}&#8221;][vc_column width=&#8221;1\/2&#8243;][vc_column_text] PODATKOVNA TABLICA-T6 [\/vc_column_text][\/vc_column][vc_column width=&#8221;1\/2&#8243;][vc_single_image image=&#8221;1336&#8243; img_size=&#8221;Full&#8221; alignment=&#8221;right&#8221;][\/vc_column][\/vc_row][vc_row][vc_column][vc_empty_space][vc_column_text] Isplativi robot za isporuku velikog kapaciteta robe [\/vc_column_text][vc_row_inner][vc_column_inner width=&#8221;1\/4&#8243;][vc_column_text] T6 [\/vc_column_text][vc_single_image image=&#8221;1339&#8243; img_size=&#8221;Full&#8221;][vc_column_text] Specifikacije [\/vc_column_text][\/vc_column_inner][vc_column_inner width=&#8221;3\/4&#8243; css=&#8221;.vc_custom_1666247415184{padding-top: 10px !important;padding-right: 10px !important;padding-bottom: 10px !important;padding-left: 10px !important;}&#8221;][vc_column_text] Klju\u010dne zna\u010dajke [\/vc_column_text][vc_column_text] Samostalno razvijen SLAM sustav (sinkronizirana lokalizacija i mapiranje) kako bi se osiguralo precizno pozicioniranje&hellip;<\/p>\n","protected":false},"author":6,"featured_media":0,"parent":0,"menu_order":0,"comment_status":"closed","ping_status":"closed","template":"","meta":{"_acf_changed":false,"footnotes":""},"class_list":["post-6347","page","type-page","status-publish","hentry"],"acf":[],"yoast_head":"<!-- This site is optimized with the Yoast SEO plugin v27.2 - https:\/\/yoast.com\/product\/yoast-seo-wordpress\/ -->\n<title>TABLICA-T6 - Bezobslu\u017en\u00e1 24 hodinov\u00e1 prodejna Contio 24<\/title>\n<meta name=\"description\" content=\"Specifikacije robota za isporuku velikog kapaciteta.\" \/>\n<meta name=\"robots\" content=\"index, follow, max-snippet:-1, max-image-preview:large, max-video-preview:-1\" \/>\n<link rel=\"canonical\" href=\"https:\/\/www.contio.cz\/hr\/podatkovna-tablica-t6\/\" \/>\n<meta property=\"og:locale\" content=\"hr_HR\" \/>\n<meta property=\"og:type\" content=\"article\" \/>\n<meta property=\"og:title\" content=\"TABLICA-T6 - Bezobslu\u017en\u00e1 24 hodinov\u00e1 prodejna Contio 24\" \/>\n<meta property=\"og:description\" content=\"Specifikacije robota za isporuku velikog kapaciteta.\" \/>\n<meta property=\"og:url\" content=\"https:\/\/www.contio.cz\/hr\/podatkovna-tablica-t6\/\" \/>\n<meta property=\"og:site_name\" content=\"Bezobslu\u017en\u00e1 24 hodinov\u00e1 prodejna Contio 24\" \/>\n<meta property=\"article:modified_time\" content=\"2023-10-08T18:03:04+00:00\" \/>\n<meta name=\"twitter:card\" content=\"summary_large_image\" \/>\n<meta name=\"twitter:label1\" content=\"Procijenjeno vrijeme \u010ditanja\" \/>\n\t<meta name=\"twitter:data1\" content=\"1 minuta\" \/>\n<script type=\"application\/ld+json\" class=\"yoast-schema-graph\">{\"@context\":\"https:\/\/schema.org\",\"@graph\":[{\"@type\":\"WebPage\",\"@id\":\"https:\/\/www.contio.cz\/hr\/podatkovna-tablica-t6\/\",\"url\":\"https:\/\/www.contio.cz\/hr\/podatkovna-tablica-t6\/\",\"name\":\"TABLICA-T6 - Bezobslu\u017en\u00e1 24 hodinov\u00e1 prodejna Contio 24\",\"isPartOf\":{\"@id\":\"https:\/\/www.contio.cz\/hr\/#website\"},\"datePublished\":\"2022-10-20T05:23:02+00:00\",\"dateModified\":\"2023-10-08T18:03:04+00:00\",\"description\":\"Specifikacije robota za isporuku velikog kapaciteta.\",\"breadcrumb\":{\"@id\":\"https:\/\/www.contio.cz\/hr\/podatkovna-tablica-t6\/#breadcrumb\"},\"inLanguage\":\"hr\",\"potentialAction\":[{\"@type\":\"ReadAction\",\"target\":[\"https:\/\/www.contio.cz\/hr\/podatkovna-tablica-t6\/\"]}]},{\"@type\":\"BreadcrumbList\",\"@id\":\"https:\/\/www.contio.cz\/hr\/podatkovna-tablica-t6\/#breadcrumb\",\"itemListElement\":[{\"@type\":\"ListItem\",\"position\":1,\"name\":\"Dom\u016f\",\"item\":\"https:\/\/www.contio.cz\/hr\/\"},{\"@type\":\"ListItem\",\"position\":2,\"name\":\"TABLICA-T6\"}]},{\"@type\":\"WebSite\",\"@id\":\"https:\/\/www.contio.cz\/hr\/#website\",\"url\":\"https:\/\/www.contio.cz\/hr\/\",\"name\":\"Bezobslu\u017en\u00e1 24 hodinov\u00e1 prodejna Contio 24\",\"description\":\"Bezobslu\u017en\u00e9 vybaven\u00ed pro bezpe\u010dn\u00fd 24 hodinov\u00fd provoz\",\"potentialAction\":[{\"@type\":\"SearchAction\",\"target\":{\"@type\":\"EntryPoint\",\"urlTemplate\":\"https:\/\/www.contio.cz\/hr\/?s={search_term_string}\"},\"query-input\":{\"@type\":\"PropertyValueSpecification\",\"valueRequired\":true,\"valueName\":\"search_term_string\"}}],\"inLanguage\":\"hr\"}]}<\/script>\n<!-- \/ Yoast SEO plugin. -->","yoast_head_json":{"title":"TABLICA-T6 - Bezobslu\u017en\u00e1 24 hodinov\u00e1 prodejna Contio 24","description":"Specifikacije robota za isporuku velikog kapaciteta.","robots":{"index":"index","follow":"follow","max-snippet":"max-snippet:-1","max-image-preview":"max-image-preview:large","max-video-preview":"max-video-preview:-1"},"canonical":"https:\/\/www.contio.cz\/hr\/podatkovna-tablica-t6\/","og_locale":"hr_HR","og_type":"article","og_title":"TABLICA-T6 - Bezobslu\u017en\u00e1 24 hodinov\u00e1 prodejna Contio 24","og_description":"Specifikacije robota za isporuku velikog kapaciteta.","og_url":"https:\/\/www.contio.cz\/hr\/podatkovna-tablica-t6\/","og_site_name":"Bezobslu\u017en\u00e1 24 hodinov\u00e1 prodejna Contio 24","article_modified_time":"2023-10-08T18:03:04+00:00","twitter_card":"summary_large_image","twitter_misc":{"Procijenjeno vrijeme \u010ditanja":"1 minuta"},"schema":{"@context":"https:\/\/schema.org","@graph":[{"@type":"WebPage","@id":"https:\/\/www.contio.cz\/hr\/podatkovna-tablica-t6\/","url":"https:\/\/www.contio.cz\/hr\/podatkovna-tablica-t6\/","name":"TABLICA-T6 - Bezobslu\u017en\u00e1 24 hodinov\u00e1 prodejna Contio 24","isPartOf":{"@id":"https:\/\/www.contio.cz\/hr\/#website"},"datePublished":"2022-10-20T05:23:02+00:00","dateModified":"2023-10-08T18:03:04+00:00","description":"Specifikacije robota za isporuku velikog kapaciteta.","breadcrumb":{"@id":"https:\/\/www.contio.cz\/hr\/podatkovna-tablica-t6\/#breadcrumb"},"inLanguage":"hr","potentialAction":[{"@type":"ReadAction","target":["https:\/\/www.contio.cz\/hr\/podatkovna-tablica-t6\/"]}]},{"@type":"BreadcrumbList","@id":"https:\/\/www.contio.cz\/hr\/podatkovna-tablica-t6\/#breadcrumb","itemListElement":[{"@type":"ListItem","position":1,"name":"Dom\u016f","item":"https:\/\/www.contio.cz\/hr\/"},{"@type":"ListItem","position":2,"name":"TABLICA-T6"}]},{"@type":"WebSite","@id":"https:\/\/www.contio.cz\/hr\/#website","url":"https:\/\/www.contio.cz\/hr\/","name":"Bezobslu\u017en\u00e1 24 hodinov\u00e1 prodejna Contio 24","description":"Bezobslu\u017en\u00e9 vybaven\u00ed pro bezpe\u010dn\u00fd 24 hodinov\u00fd provoz","potentialAction":[{"@type":"SearchAction","target":{"@type":"EntryPoint","urlTemplate":"https:\/\/www.contio.cz\/hr\/?s={search_term_string}"},"query-input":{"@type":"PropertyValueSpecification","valueRequired":true,"valueName":"search_term_string"}}],"inLanguage":"hr"}]}},"_links":{"self":[{"href":"https:\/\/www.contio.cz\/hr\/wp-json\/wp\/v2\/pages\/6347","targetHints":{"allow":["GET"]}}],"collection":[{"href":"https:\/\/www.contio.cz\/hr\/wp-json\/wp\/v2\/pages"}],"about":[{"href":"https:\/\/www.contio.cz\/hr\/wp-json\/wp\/v2\/types\/page"}],"author":[{"embeddable":true,"href":"https:\/\/www.contio.cz\/hr\/wp-json\/wp\/v2\/users\/6"}],"replies":[{"embeddable":true,"href":"https:\/\/www.contio.cz\/hr\/wp-json\/wp\/v2\/comments?post=6347"}],"version-history":[{"count":5,"href":"https:\/\/www.contio.cz\/hr\/wp-json\/wp\/v2\/pages\/6347\/revisions"}],"predecessor-version":[{"id":6934,"href":"https:\/\/www.contio.cz\/hr\/wp-json\/wp\/v2\/pages\/6347\/revisions\/6934"}],"wp:attachment":[{"href":"https:\/\/www.contio.cz\/hr\/wp-json\/wp\/v2\/media?parent=6347"}],"curies":[{"name":"wp","href":"https:\/\/api.w.org\/{rel}","templated":true}]}}