{"id":6333,"date":"2023-01-11T08:56:42","date_gmt":"2023-01-11T07:56:42","guid":{"rendered":"https:\/\/www.contio.cz\/modularne-trgovine\/"},"modified":"2023-10-08T18:58:34","modified_gmt":"2023-10-08T16:58:34","slug":"modularne-trgovine","status":"publish","type":"page","link":"https:\/\/www.contio.cz\/hr\/modularne-trgovine\/","title":{"rendered":"Modularne trgovine"},"content":{"rendered":"<div class=\"wpb-content-wrapper\"><p>[vc_row full_width=&#8221;stretch_row_content_no_spaces&#8221; css=&#8221;.vc_custom_1673438664124{margin-top: 0px !important;margin-right: 0px !important;margin-bottom: 0px !important;margin-left: 0px !important;border-top-width: 0px !important;border-right-width: 0px !important;border-bottom-width: 0px !important;border-left-width: 0px !important;padding-top: 0px !important;padding-right: 0px !important;padding-bottom: 0px !important;padding-left: 0px !important;}&#8221;][vc_column css=&#8221;.vc_custom_1673530479503{margin-top: 0px !important;margin-right: 0px !important;margin-bottom: 0px !important;margin-left: 0px !important;border-top-width: 0px !important;border-right-width: 0px !important;border-bottom-width: 0px !important;border-left-width: 0px !important;padding-top: 0px !important;padding-right: 0px !important;padding-bottom: 0px !important;padding-left: 0px !important;}&#8221;][vc_single_image image=&#8221;2013&#8243; img_size=&#8221;full&#8221; css=&#8221;.vc_custom_1673530472986{margin-top: 0px !important;margin-right: 0px !important;margin-bottom: 0px !important;margin-left: 0px !important;border-top-width: 0px !important;border-right-width: 0px !important;border-bottom-width: 0px !important;border-left-width: 0px !important;padding-top: 0px !important;padding-right: 0px !important;padding-bottom: 0px !important;padding-left: 0px !important;}&#8221;][vc_row_inner gap=&#8221;15&#8243; el_class=&#8221;web_cons_text_on_image web_cons_top_image&#8221;][vc_column_inner width=&#8221;1\/2&#8243;][\/vc_column_inner][vc_column_inner width=&#8221;1\/2&#8243; css=&#8221;.vc_custom_1673857669990{margin-top: 0px !important;margin-right: 0px !important;margin-bottom: 0px !important;margin-left: 0px !important;border-top-width: 0px !important;border-right-width: 0px !important;border-bottom-width: 0px !important;border-left-width: 0px !important;padding-top: 10px !important;padding-right: 10px !important;padding-bottom: 10px !important;padding-left: 10px !important;background-color: rgba(0,0,0,0.2) !important;*background-color: rgb(0,0,0) !important;}&#8221;][vc_column_text el_class=&#8221;web_text_content_font&#8221; css=&#8221;.vc_custom_1696783781206{margin-top: 0px !important;margin-right: 0px !important;margin-bottom: 0px !important;margin-left: 0px !important;border-top-width: 0px !important;border-right-width: 0px !important;border-bottom-width: 0px !important;border-left-width: 0px !important;padding-top: 0px !important;padding-right: 0px !important;padding-bottom: 0px !important;padding-left: 0px !important;}&#8221;]<\/p>\n<h4>Mobilni samoposlu\u017eni 24\/7 du\u0107ani<\/h4>\n<h1>Drveni FUBI objekt<\/h1>\n<p><strong>* Potpuna gradnja po sistemu klju\u010d u ruke<br \/>\n<\/strong><\/p>\n<p><strong>* Interijeri po izboru<br \/>\n<\/strong><\/p>\n<p><strong>* U velikoj, srednjoj i maloj izvedbi<\/strong><\/p>\n<p><strong>* Dimenzije do V 5.8 m x D 12 m x \u0160 5 m<br \/>\n<\/strong><\/p>\n<p><strong>* Dostava uklju\u010duje instalaciju na lokaciji<br \/>\n<\/strong>[\/vc_column_text][\/vc_column_inner][\/vc_row_inner][\/vc_column][\/vc_row][vc_row full_width=&#8221;stretch_row_content_no_spaces&#8221; gap=&#8221;30&#8243; css=&#8221;.vc_custom_1673531458820{margin-top: 0px !important;margin-right: 0px !important;margin-bottom: 0px !important;margin-left: 0px !important;border-top-width: 0px !important;border-right-width: 0px !important;border-left-width: 0px !important;padding-bottom: 30px !important;background-image: url(https:\/\/www.contio.cz\/wp-content\/uploads\/2023\/01\/background.png?id=2231) !important;background-position: center !important;background-repeat: no-repeat !important;background-size: cover !important;}&#8221;][vc_column width=&#8221;2\/3&#8243;][vc_media_grid element_width=&#8221;6&#8243; grid_id=&#8221;vc_gid:1696783899857-b2f4e999-653d-5&#8243; include=&#8221;6479,6486,6493,6500&#8243; css=&#8221;.vc_custom_1695988030212{margin-top: 0px !important;margin-right: 0px !important;margin-bottom: 0px !important;margin-left: 0px !important;border-top-width: 0px !important;border-right-width: 0px !important;border-bottom-width: 0px !important;border-left-width: 0px !important;padding-top: 0px !important;padding-right: 0px !important;padding-bottom: 0px !important;padding-left: 0px !important;}&#8221;][\/vc_column][vc_column width=&#8221;1\/3&#8243;][vc_column_text el_class=&#8221;web_text_content_font&#8221;]<\/p>\n<ul>\n<li>24\/7 radno vrijeme (bez osoblja)<\/li>\n<li>Potpuno sigurno<\/li>\n<li>Niski operativni tro\u0161kovi i odr\u017eavanje<\/li>\n<li>Brza isporuka i monta\u017ea<\/li>\n<li>Atraktivni i moderni odr\u017eivi dizajn<\/li>\n<li>Brzi povrat investicije<\/li>\n<li>Izra\u0111eno iz kvalitetnih materijala<\/li>\n<li>Opremljeno modernom tehnologijom i sustavom sigurnosti: kamere, autorizacija kupaca i pla\u0107anja, elektronska brava, klimatizacija, kiosk i terminal za pla\u0107anje<\/li>\n<\/ul>\n<p>[\/vc_column_text][\/vc_column][\/vc_row][vc_row full_width=&#8221;stretch_row_content_no_spaces&#8221; css=&#8221;.vc_custom_1673531306025{margin-top: 0px !important;}&#8221;][vc_column][vc_single_image image=&#8221;2027&#8243; img_size=&#8221;full&#8221; css=&#8221;.vc_custom_1673531160041{margin-top: 0px !important;margin-right: 0px !important;margin-bottom: 0px !important;margin-left: 0px !important;border-top-width: 0px !important;border-right-width: 0px !important;border-bottom-width: 0px !important;border-left-width: 0px !important;padding-top: 0px !important;padding-right: 0px !important;padding-bottom: 0px !important;padding-left: 0px !important;}&#8221;][vc_row_inner el_class=&#8221;web_cons_text_on_image&#8221;][vc_column_inner width=&#8221;1\/2&#8243; css=&#8221;.vc_custom_1673852520007{margin-top: 0px !important;margin-right: 0px !important;margin-bottom: 0px !important;margin-left: 0px !important;border-top-width: 0px !important;border-right-width: 0px !important;border-bottom-width: 0px !important;border-left-width: 0px !important;padding-top: 10px !important;padding-right: 10px !important;padding-bottom: 10px !important;padding-left: 10px !important;background-color: rgba(0,0,0,0.2) !important;*background-color: rgb(0,0,0) !important;}&#8221;][vc_column_text el_class=&#8221;web_text_content_font&#8221; css=&#8221;.vc_custom_1696783685158{margin-top: 0px !important;margin-right: 0px !important;margin-bottom: 0px !important;margin-left: 0px !important;border-top-width: 0px !important;border-right-width: 0px !important;border-bottom-width: 0px !important;border-left-width: 0px !important;padding-top: 0px !important;padding-right: 0px !important;padding-bottom: 0px !important;padding-left: 0px !important;}&#8221;]<\/p>\n<h1>Kontejnerska izvedba<\/h1>\n<p><strong>24\/7 hibridna trgovina u &#8220;recikliranom&#8221; kontejneru<br \/>\n<\/strong><\/p>\n<p><strong>* Opremljena trgovina<br \/>\n<\/strong><\/p>\n<p><strong>* Police i oprema za hla\u0111enje<br \/>\n<\/strong><\/p>\n<p><strong>* Dimenzije: V 3 m x D 12 m x \u0160 2.5 m<br \/>\n<\/strong><\/p>\n<p><strong>* Pumpa topline, klimatizacija<br \/>\n<\/strong><\/p>\n<p><strong>* Ekonomi\u010dno rje\u0161enje za mobilne trgovine<br \/>\n<\/strong>[\/vc_column_text][\/vc_column_inner][vc_column_inner width=&#8221;1\/2&#8243;][\/vc_column_inner][\/vc_row_inner][\/vc_column][\/vc_row][vc_row full_width=&#8221;stretch_row_content_no_spaces&#8221; gap=&#8221;30&#8243; css=&#8221;.vc_custom_1673530418909{margin-top: 0px !important;margin-right: 0px !important;margin-bottom: 0px !important;margin-left: 0px !important;border-top-width: 0px !important;border-right-width: 0px !important;border-bottom-width: 0px !important;border-left-width: 0px !important;padding-top: 0px !important;padding-right: 0px !important;padding-bottom: 0px !important;padding-left: 0px !important;background-image: url(https:\/\/www.contio.cz\/wp-content\/uploads\/2023\/01\/background.png?id=2231) !important;background-position: center !important;background-repeat: no-repeat !important;background-size: cover !important;}&#8221;][vc_column width=&#8221;2\/3&#8243;][vc_media_grid element_width=&#8221;6&#8243; grid_id=&#8221;vc_gid:1696783899862-dae50f39-f284-9&#8243; include=&#8221;6509,6530,6523,6516&#8243;][\/vc_column][vc_column width=&#8221;1\/3&#8243;][vc_column_text el_class=&#8221;web_text_content_font&#8221;]<\/p>\n<ul>\n<li>Ekonomi\u010dno rje\u0161enje za mobilne trgovine<\/li>\n<li>Multifunkcionalno<\/li>\n<li>Potpuno sigurno<\/li>\n<li>Nisko odr\u017eavanje i operativni tro\u0161kovi<\/li>\n<li>U skladu s regulativama za prodaju hrane<\/li>\n<li>Brzi povrat ulaganja<\/li>\n<li>Opremljeno modernim tehnologijama i sustavima za\u0161tite: kamere, autentifikacija kupaca i pla\u0107anja, elektroni\u010dka brava, grijanje i hla\u0111enje, kiosk i terminal za pla\u0107anje<\/li>\n<\/ul>\n<p>[\/vc_column_text][\/vc_column][\/vc_row][vc_row full_width=&#8221;stretch_row_content_no_spaces&#8221; gap=&#8221;30&#8243; css=&#8221;.vc_custom_1673592931000{padding-top: 30px !important;padding-bottom: 30px !important;}&#8221;][vc_column width=&#8221;2\/3&#8243;][vc_single_image image=&#8221;3515&#8243; img_size=&#8221;full&#8221; css=&#8221;.vc_custom_1683698425973{margin-top: 0px !important;margin-right: 0px !important;margin-bottom: 0px !important;margin-left: 0px !important;border-top-width: 0px !important;border-right-width: 0px !important;border-bottom-width: 0px !important;border-left-width: 0px !important;padding-top: 0px !important;padding-right: 0px !important;padding-bottom: 0px !important;padding-left: 0px !important;}&#8221;][vc_row_inner container_type=&#8221;fluid&#8221; el_class=&#8221;web_cons_text_on_image&#8221; css=&#8221;.vc_custom_1673850256072{margin-top: 0px !important;margin-right: 0px !important;margin-bottom: 0px !important;margin-left: 0px !important;border-top-width: 0px !important;border-right-width: 0px !important;border-bottom-width: 0px !important;border-left-width: 0px !important;padding-top: 0px !important;padding-right: 0px !important;padding-bottom: 0px !important;padding-left: 0px !important;}&#8221;][vc_column_inner css=&#8221;.vc_custom_1673852508749{margin-top: 0px !important;margin-right: 0px !important;margin-bottom: 0px !important;margin-left: 0px !important;border-top-width: 0px !important;border-right-width: 0px !important;border-bottom-width: 0px !important;border-left-width: 0px !important;padding-top: 10px !important;padding-right: 10px !important;padding-bottom: 10px !important;padding-left: 10px !important;background-color: rgba(0,0,0,0.2) !important;*background-color: rgb(0,0,0) !important;}&#8221;][vc_column_text el_class=&#8221;web_text_content_font&#8221; css=&#8221;.vc_custom_1696784000782{margin-top: 0px !important;margin-right: 0px !important;margin-bottom: 0px !important;margin-left: 0px !important;border-top-width: 0px !important;border-right-width: 0px !important;border-bottom-width: 0px !important;border-left-width: 0px !important;padding-top: 0px !important;padding-right: 0px !important;padding-bottom: 0px !important;padding-left: 0px !important;}&#8221;]<\/p>\n<h1><span style=\"vertical-align: inherit;\">Modularna gradnja<\/span><\/h1>\n<h4><span style=\"vertical-align: inherit;\">Najekonomi\u010dniji samoposlu\u017eni du\u0107an<br \/>\n<\/span><\/h4>\n<p><strong><span style=\"vertical-align: inherit;\">* Dimenzije modula V 3 m x D 6 m x \u0160 3 m<br \/>\n<\/span><\/strong><\/p>\n<p><strong><span style=\"vertical-align: inherit;\">* Mogu\u0107e je spajanje vi\u0161e modula<\/span><\/strong><\/p>\n<p><strong>* Brzi povrat ulaganja<\/strong>[\/vc_column_text][\/vc_column_inner][\/vc_row_inner][\/vc_column][vc_column width=&#8221;1\/3&#8243;][vc_column_text]Modularni objekt namjenski dizajniran za mobilnu trgovinu. Jedan modul je 3 m (\u0161irina) x 6 m (duljina) x 3 m (visina) s rubovima dizajniranim za spajanje drugog modula, uklju\u010duju\u0107i elektri\u010dne priklju\u010dke.<\/p>\n<p>Trgovina je dizajnirana kao vrlo jeftino rje\u0161enje za maloprodajni prostor, a nudi i mobilnost. Prostor za trgovinu mo\u017ee se dizajnirati prema potrebi i mo\u017ee uklju\u010divati i police i rashladnu opremu.[\/vc_column_text][\/vc_column][\/vc_row][vc_row full_width=&#8221;stretch_row_content_no_spaces&#8221; gap=&#8221;30&#8243; css=&#8221;.vc_custom_1673530418909{margin-top: 0px !important;margin-right: 0px !important;margin-bottom: 0px !important;margin-left: 0px !important;border-top-width: 0px !important;border-right-width: 0px !important;border-bottom-width: 0px !important;border-left-width: 0px !important;padding-top: 0px !important;padding-right: 0px !important;padding-bottom: 0px !important;padding-left: 0px !important;background-image: url(https:\/\/www.contio.cz\/wp-content\/uploads\/2023\/01\/background.png?id=2231) !important;background-position: center !important;background-repeat: no-repeat !important;background-size: cover !important;}&#8221;][vc_column width=&#8221;2\/3&#8243;][vc_media_grid element_width=&#8221;6&#8243; grid_id=&#8221;vc_gid:1696783899868-f6885fd0-a30d-3&#8243; include=&#8221;6539,6546,6553,6560&#8243;][\/vc_column][vc_column width=&#8221;1\/3&#8243;][vc_column_text el_class=&#8221;web_text_content_font&#8221;]<\/p>\n<ul>\n<li>Multifunkcionalno<\/li>\n<li>Potpuno sigurno<\/li>\n<li>Nisko odr\u017eavanje i operativni tro\u0161kovi<\/li>\n<li>Sukladno odredbama za prodaju hrane<\/li>\n<li>Brzi povrat investicije<\/li>\n<\/ul>\n<p>[\/vc_column_text][\/vc_column][\/vc_row][vc_row][vc_column][vc_column_text][\/vc_column_text][\/vc_column][\/vc_row][vc_row][vc_column][vc_column_text][\/vc_column_text][\/vc_column][\/vc_row]<\/p>\n<\/div>","protected":false},"excerpt":{"rendered":"<p>[vc_row full_width=&#8221;stretch_row_content_no_spaces&#8221; css=&#8221;.vc_custom_1673438664124{margin-top: 0px !important;margin-right: 0px !important;margin-bottom: 0px !important;margin-left: 0px !important;border-top-width: 0px !important;border-right-width: 0px !important;border-bottom-width: 0px !important;border-left-width: 0px !important;padding-top: 0px !important;padding-right: 0px !important;padding-bottom: 0px !important;padding-left: 0px !important;}&#8221;][vc_column css=&#8221;.vc_custom_1673530479503{margin-top: 0px !important;margin-right: 0px !important;margin-bottom: 0px !important;margin-left: 0px !important;border-top-width: 0px !important;border-right-width: 0px !important;border-bottom-width: 0px !important;border-left-width: 0px !important;padding-top: 0px !important;padding-right: 0px !important;padding-bottom: 0px !important;padding-left: 0px !important;}&#8221;][vc_single_image image=&#8221;2013&#8243; img_size=&#8221;full&#8221; css=&#8221;.vc_custom_1673530472986{margin-top:&hellip;<\/p>\n","protected":false},"author":6,"featured_media":0,"parent":0,"menu_order":0,"comment_status":"closed","ping_status":"closed","template":"","meta":{"_acf_changed":false,"footnotes":""},"class_list":["post-6333","page","type-page","status-publish","hentry"],"acf":[],"yoast_head":"<!-- This site is optimized with the Yoast SEO plugin v27.2 - https:\/\/yoast.com\/product\/yoast-seo-wordpress\/ -->\n<title>Modularne trgovine - Bezobslu\u017en\u00e1 24 hodinov\u00e1 prodejna Contio 24<\/title>\n<meta name=\"description\" content=\"Modularne zgrade za samoposlu\u017ene trgovine bez osoblja. Drveni materijal ili kontejner za va\u0161u automatsku trgovinu.\" \/>\n<meta name=\"robots\" content=\"index, follow, max-snippet:-1, max-image-preview:large, max-video-preview:-1\" \/>\n<link rel=\"canonical\" href=\"https:\/\/www.contio.cz\/hr\/modularne-trgovine\/\" \/>\n<meta property=\"og:locale\" content=\"hr_HR\" \/>\n<meta property=\"og:type\" content=\"article\" \/>\n<meta property=\"og:title\" content=\"Modularne trgovine - Bezobslu\u017en\u00e1 24 hodinov\u00e1 prodejna Contio 24\" \/>\n<meta property=\"og:description\" content=\"Modularne zgrade za samoposlu\u017ene trgovine bez osoblja. Drveni materijal ili kontejner za va\u0161u automatsku trgovinu.\" \/>\n<meta property=\"og:url\" content=\"https:\/\/www.contio.cz\/hr\/modularne-trgovine\/\" \/>\n<meta property=\"og:site_name\" content=\"Bezobslu\u017en\u00e1 24 hodinov\u00e1 prodejna Contio 24\" \/>\n<meta property=\"article:modified_time\" content=\"2023-10-08T16:58:34+00:00\" \/>\n<meta name=\"twitter:card\" content=\"summary_large_image\" \/>\n<meta name=\"twitter:label1\" content=\"Procijenjeno vrijeme \u010ditanja\" \/>\n\t<meta name=\"twitter:data1\" content=\"4 minute\" \/>\n<script type=\"application\/ld+json\" class=\"yoast-schema-graph\">{\"@context\":\"https:\/\/schema.org\",\"@graph\":[{\"@type\":\"WebPage\",\"@id\":\"https:\/\/www.contio.cz\/hr\/modularne-trgovine\/\",\"url\":\"https:\/\/www.contio.cz\/hr\/modularne-trgovine\/\",\"name\":\"Modularne trgovine - Bezobslu\u017en\u00e1 24 hodinov\u00e1 prodejna Contio 24\",\"isPartOf\":{\"@id\":\"https:\/\/www.contio.cz\/hr\/#website\"},\"datePublished\":\"2023-01-11T07:56:42+00:00\",\"dateModified\":\"2023-10-08T16:58:34+00:00\",\"description\":\"Modularne zgrade za samoposlu\u017ene trgovine bez osoblja. Drveni materijal ili kontejner za va\u0161u automatsku trgovinu.\",\"breadcrumb\":{\"@id\":\"https:\/\/www.contio.cz\/hr\/modularne-trgovine\/#breadcrumb\"},\"inLanguage\":\"hr\",\"potentialAction\":[{\"@type\":\"ReadAction\",\"target\":[\"https:\/\/www.contio.cz\/hr\/modularne-trgovine\/\"]}]},{\"@type\":\"BreadcrumbList\",\"@id\":\"https:\/\/www.contio.cz\/hr\/modularne-trgovine\/#breadcrumb\",\"itemListElement\":[{\"@type\":\"ListItem\",\"position\":1,\"name\":\"Dom\u016f\",\"item\":\"https:\/\/www.contio.cz\/hr\/\"},{\"@type\":\"ListItem\",\"position\":2,\"name\":\"Modularne trgovine\"}]},{\"@type\":\"WebSite\",\"@id\":\"https:\/\/www.contio.cz\/hr\/#website\",\"url\":\"https:\/\/www.contio.cz\/hr\/\",\"name\":\"Bezobslu\u017en\u00e1 24 hodinov\u00e1 prodejna Contio 24\",\"description\":\"Bezobslu\u017en\u00e9 vybaven\u00ed pro bezpe\u010dn\u00fd 24 hodinov\u00fd provoz\",\"potentialAction\":[{\"@type\":\"SearchAction\",\"target\":{\"@type\":\"EntryPoint\",\"urlTemplate\":\"https:\/\/www.contio.cz\/hr\/?s={search_term_string}\"},\"query-input\":{\"@type\":\"PropertyValueSpecification\",\"valueRequired\":true,\"valueName\":\"search_term_string\"}}],\"inLanguage\":\"hr\"}]}<\/script>\n<!-- \/ Yoast SEO plugin. -->","yoast_head_json":{"title":"Modularne trgovine - Bezobslu\u017en\u00e1 24 hodinov\u00e1 prodejna Contio 24","description":"Modularne zgrade za samoposlu\u017ene trgovine bez osoblja. Drveni materijal ili kontejner za va\u0161u automatsku trgovinu.","robots":{"index":"index","follow":"follow","max-snippet":"max-snippet:-1","max-image-preview":"max-image-preview:large","max-video-preview":"max-video-preview:-1"},"canonical":"https:\/\/www.contio.cz\/hr\/modularne-trgovine\/","og_locale":"hr_HR","og_type":"article","og_title":"Modularne trgovine - Bezobslu\u017en\u00e1 24 hodinov\u00e1 prodejna Contio 24","og_description":"Modularne zgrade za samoposlu\u017ene trgovine bez osoblja. Drveni materijal ili kontejner za va\u0161u automatsku trgovinu.","og_url":"https:\/\/www.contio.cz\/hr\/modularne-trgovine\/","og_site_name":"Bezobslu\u017en\u00e1 24 hodinov\u00e1 prodejna Contio 24","article_modified_time":"2023-10-08T16:58:34+00:00","twitter_card":"summary_large_image","twitter_misc":{"Procijenjeno vrijeme \u010ditanja":"4 minute"},"schema":{"@context":"https:\/\/schema.org","@graph":[{"@type":"WebPage","@id":"https:\/\/www.contio.cz\/hr\/modularne-trgovine\/","url":"https:\/\/www.contio.cz\/hr\/modularne-trgovine\/","name":"Modularne trgovine - Bezobslu\u017en\u00e1 24 hodinov\u00e1 prodejna Contio 24","isPartOf":{"@id":"https:\/\/www.contio.cz\/hr\/#website"},"datePublished":"2023-01-11T07:56:42+00:00","dateModified":"2023-10-08T16:58:34+00:00","description":"Modularne zgrade za samoposlu\u017ene trgovine bez osoblja. Drveni materijal ili kontejner za va\u0161u automatsku trgovinu.","breadcrumb":{"@id":"https:\/\/www.contio.cz\/hr\/modularne-trgovine\/#breadcrumb"},"inLanguage":"hr","potentialAction":[{"@type":"ReadAction","target":["https:\/\/www.contio.cz\/hr\/modularne-trgovine\/"]}]},{"@type":"BreadcrumbList","@id":"https:\/\/www.contio.cz\/hr\/modularne-trgovine\/#breadcrumb","itemListElement":[{"@type":"ListItem","position":1,"name":"Dom\u016f","item":"https:\/\/www.contio.cz\/hr\/"},{"@type":"ListItem","position":2,"name":"Modularne trgovine"}]},{"@type":"WebSite","@id":"https:\/\/www.contio.cz\/hr\/#website","url":"https:\/\/www.contio.cz\/hr\/","name":"Bezobslu\u017en\u00e1 24 hodinov\u00e1 prodejna Contio 24","description":"Bezobslu\u017en\u00e9 vybaven\u00ed pro bezpe\u010dn\u00fd 24 hodinov\u00fd provoz","potentialAction":[{"@type":"SearchAction","target":{"@type":"EntryPoint","urlTemplate":"https:\/\/www.contio.cz\/hr\/?s={search_term_string}"},"query-input":{"@type":"PropertyValueSpecification","valueRequired":true,"valueName":"search_term_string"}}],"inLanguage":"hr"}]}},"_links":{"self":[{"href":"https:\/\/www.contio.cz\/hr\/wp-json\/wp\/v2\/pages\/6333","targetHints":{"allow":["GET"]}}],"collection":[{"href":"https:\/\/www.contio.cz\/hr\/wp-json\/wp\/v2\/pages"}],"about":[{"href":"https:\/\/www.contio.cz\/hr\/wp-json\/wp\/v2\/types\/page"}],"author":[{"embeddable":true,"href":"https:\/\/www.contio.cz\/hr\/wp-json\/wp\/v2\/users\/6"}],"replies":[{"embeddable":true,"href":"https:\/\/www.contio.cz\/hr\/wp-json\/wp\/v2\/comments?post=6333"}],"version-history":[{"count":15,"href":"https:\/\/www.contio.cz\/hr\/wp-json\/wp\/v2\/pages\/6333\/revisions"}],"predecessor-version":[{"id":6956,"href":"https:\/\/www.contio.cz\/hr\/wp-json\/wp\/v2\/pages\/6333\/revisions\/6956"}],"wp:attachment":[{"href":"https:\/\/www.contio.cz\/hr\/wp-json\/wp\/v2\/media?parent=6333"}],"curies":[{"name":"wp","href":"https:\/\/api.w.org\/{rel}","templated":true}]}}