{"id":8673,"date":"2022-10-20T07:23:02","date_gmt":"2022-10-20T05:23:02","guid":{"rendered":"https:\/\/www.contio.cz\/datasheet-t6\/"},"modified":"2024-02-08T08:23:46","modified_gmt":"2024-02-08T07:23:46","slug":"datasheet-t6","status":"publish","type":"page","link":"https:\/\/www.contio.cz\/fr\/datasheet-t6\/","title":{"rendered":"DATASHEET-T6"},"content":{"rendered":"<div class=\"wpb-content-wrapper\"><p>[vc_row content_placement=\u00a0\u00bbmiddle\u00a0\u00bb css=\u00a0\u00bb.vc_custom_1666252155700{background-color: #025382 !important;}\u00a0\u00bb][vc_column width=\u00a0\u00bb1\/2&Prime;][vc_column_text]<\/p>\n<h2><strong><span dir=\"ltr\" style=\"font-size: 27.1999px; font-family: serif; color: white;\" role=\"presentation\">DATASHEET-T6<\/span><\/strong><\/h2>\n<p>[\/vc_column_text][\/vc_column][vc_column width=\u00a0\u00bb1\/2&Prime;][vc_single_image image=\u00a0\u00bb1336&Prime; img_size=\u00a0\u00bbFull\u00a0\u00bb alignment=\u00a0\u00bbright\u00a0\u00bb][\/vc_column][\/vc_row][vc_row][vc_column][vc_empty_space][vc_column_text]<\/p>\n<h2><strong><span dir=\"ltr\" role=\"presentation\">Robot de<\/span> <span dir=\"ltr\" role=\"presentation\">livraison<\/span> <span dir=\"ltr\" role=\"presentation\">rentable et de<\/span> <span dir=\"ltr\" role=\"presentation\">grande capacit\u00e9<\/span> <\/strong><\/h2>\n<p>[\/vc_column_text][vc_row_inner][vc_column_inner width=\u00a0\u00bb1\/4&Prime;][vc_column_text]<\/p>\n<h1 style=\"text-align: center;\">T6<\/h1>\n<p>[\/vc_column_text][vc_single_image image=\u00a0\u00bb1339&Prime; img_size=\u00a0\u00bbFull\u00a0\u00bb][vc_column_text]<\/p>\n<h1 style=\"text-align: center;\"><span dir=\"ltr\" role=\"presentation\">Sp\u00e9cifications<\/span><\/h1>\n<p>[\/vc_column_text][\/vc_column_inner][vc_column_inner width=\u00a0\u00bb3\/4&Prime; css=\u00a0\u00bb.vc_custom_1666247415184{padding-top: 10px !important;padding-right: 10px !important;padding-bottom: 10px !important;padding-left: 10px !important;}\u00a0\u00bb][vc_column_text]<\/p>\n<h2><strong><span dir=\"ltr\" role=\"presentation\">Cl\u00e9<\/span> <span dir=\"ltr\" role=\"presentation\">Caract\u00e9ristiques<\/span><\/strong><\/h2>\n<p>[\/vc_column_text][vc_column_text]<\/p>\n<ul>\n<li><span dir=\"ltr\" role=\"presentation\">SLAM (localisation et cartographie synchrones) d\u00e9velopp\u00e9 de mani\u00e8re ind\u00e9pendante pour assurer un positionnement et des mouvements pr\u00e9cis.<\/span><\/li>\n<li>La <span dir=\"ltr\" role=\"presentation\">capacit\u00e9<\/span> <span dir=\"ltr\" role=\"presentation\">intelligente<\/span> <span dir=\"ltr\" role=\"presentation\">d&rsquo;<\/span> <span dir=\"ltr\" role=\"presentation\">\u00e9vitement des<\/span> <span dir=\"ltr\" role=\"presentation\">obstacles<\/span> <span dir=\"ltr\" role=\"presentation\">fournit un<\/span> <span dir=\"ltr\" role=\"presentation\">service<\/span> <span dir=\"ltr\" role=\"presentation\">s\u00e9curis\u00e9<\/span> <span dir=\"ltr\" role=\"presentation\">avec<\/span> <span dir=\"ltr\" role=\"presentation\">plusieurs<\/span> <span dir=\"ltr\" role=\"presentation\">capteurs<\/span>.<\/li>\n<li><span dir=\"ltr\" role=\"presentation\">Longues<\/span> <span dir=\"ltr\" role=\"presentation\">service<\/span> <span dir=\"ltr\" role=\"presentation\">dur\u00e9e de vie :<\/span> <span dir=\"ltr\" role=\"presentation\">12<\/span> <span dir=\"ltr\" role=\"presentation\">heures<\/span> <span dir=\"ltr\" role=\"presentation\">sans interruption<\/span> <span dir=\"ltr\" role=\"presentation\">service<\/span> <span dir=\"ltr\" role=\"presentation\">peut<\/span> <span dir=\"ltr\" role=\"presentation\">\u00eatre<\/span> <span dir=\"ltr\" role=\"presentation\">service ininterrompu (r\u00e9sultats<\/span> <span dir=\"ltr\" role=\"presentation\">r\u00e9sultats<\/span> <span dir=\"ltr\" role=\"presentation\">peuvent <\/span><span dir=\"ltr\" role=\"presentation\">varier).<\/span><\/li>\n<li><span dir=\"ltr\" role=\"presentation\">Intelligent<\/span> <span dir=\"ltr\" role=\"presentation\">charge :<\/span> <span dir=\"ltr\" role=\"presentation\">autonome<\/span> <span dir=\"ltr\" role=\"presentation\">chronom\u00e9tr\u00e9e<\/span> <span dir=\"ltr\" role=\"presentation\">et<\/span> <span dir=\"ltr\" role=\"presentation\">quantitative<\/span> <span dir=\"ltr\" role=\"presentation\">charge<\/span> <span dir=\"ltr\" role=\"presentation\">avec<\/span> <span dir=\"ltr\" role=\"presentation\">optionnel<\/span> <span dir=\"ltr\" role=\"presentation\">charge <\/span><span dir=\"ltr\" role=\"presentation\">pile.<\/span><\/li>\n<li><span dir=\"ltr\" role=\"presentation\">Ouvrir<\/span> <span dir=\"ltr\" role=\"presentation\">acc\u00e8s<\/span> <span dir=\"ltr\" role=\"presentation\">de<\/span> <span dir=\"ltr\" role=\"presentation\">les<\/span> <span dir=\"ltr\" role=\"presentation\">avant<\/span> <span dir=\"ltr\" role=\"presentation\">et<\/span> <span dir=\"ltr\" role=\"presentation\">les<\/span> <span dir=\"ltr\" role=\"presentation\">arri\u00e8re<\/span> <span dir=\"ltr\" role=\"presentation\">de<\/span> <span dir=\"ltr\" role=\"presentation\">les<\/span> <span dir=\"ltr\" role=\"presentation\">plateau<\/span> <span dir=\"ltr\" role=\"presentation\">fait<\/span> <span dir=\"ltr\" role=\"presentation\">il<\/span> <span dir=\"ltr\" role=\"presentation\">pratique<\/span> <span dir=\"ltr\" role=\"presentation\">pour<\/span> <span dir=\"ltr\" role=\"presentation\">utiliser<\/span>.<\/li>\n<li><span dir=\"ltr\" role=\"presentation\">Collaboration multi-robots<\/span> <span dir=\"ltr\" role=\"presentation\">collaboration :<\/span> <span dir=\"ltr\" role=\"presentation\">Plusieurs<\/span> <span dir=\"ltr\" role=\"presentation\">robots<\/span> <span dir=\"ltr\" role=\"presentation\">peuvent<\/span> <span dir=\"ltr\" role=\"presentation\">collaborer<\/span> <span dir=\"ltr\" role=\"presentation\">en douceur<\/span> <span dir=\"ltr\" role=\"presentation\">dans<\/span> <span dir=\"ltr\" role=\"presentation\">m\u00eame<\/span> <span dir=\"ltr\" role=\"presentation\">m\u00eame <\/span><span dir=\"ltr\" role=\"presentation\">travail<\/span> <span dir=\"ltr\" role=\"presentation\">de travail.<\/span><\/li>\n<li><span dir=\"ltr\" role=\"presentation\">Le<\/span> <span dir=\"ltr\" role=\"presentation\">grand<\/span> <span dir=\"ltr\" role=\"presentation\">plateau<\/span> <span dir=\"ltr\" role=\"presentation\">fournit<\/span> <span dir=\"ltr\" role=\"presentation\">suffisamment<\/span> <span dir=\"ltr\" role=\"presentation\">espace<\/span> <span dir=\"ltr\" role=\"presentation\">pour<\/span> <span dir=\"ltr\" role=\"presentation\">4<\/span> <span dir=\"ltr\" role=\"presentation\">pi\u00e8ces<\/span> <span dir=\"ltr\" role=\"presentation\">de<\/span> <span dir=\"ltr\" role=\"presentation\">pizzas de 9 pouces<\/span> <span dir=\"ltr\" role=\"presentation\">pizzas.<\/span><\/li>\n<li><span dir=\"ltr\" role=\"presentation\">Capacit\u00e9 de<\/span> <span dir=\"ltr\" role=\"presentation\">charge<\/span> <span dir=\"ltr\" role=\"presentation\">jusqu<\/span> <span dir=\"ltr\" role=\"presentation\">&lsquo;<\/span> <span dir=\"ltr\" role=\"presentation\">\u00e0<\/span> <span dir=\"ltr\" role=\"presentation\">35 kg<\/span> <span dir=\"ltr\" role=\"presentation\">pour les<\/span> <span dir=\"ltr\" role=\"presentation\">demandes<\/span> <span dir=\"ltr\" role=\"presentation\">importantes<\/span>.<\/li>\n<\/ul>\n<p>[\/vc_column_text][\/vc_column_inner][\/vc_row_inner][\/vc_column][\/vc_row][vc_row][vc_column][vc_column_text]<\/p>\n<h3><strong><span dir=\"ltr\" role=\"presentation\">Performance<\/span><\/strong><\/h3>\n<p>[\/vc_column_text][vc_raw_html]PGRpdiBzdHlsZT0ib3ZlcmZsb3cteDphdXRvOyI+CiAgPHRhYmxlPgogICAgPHRyPgogICAgICA8dGg+Wm9uZSBkZSBjb3V2ZXJ0dXJlIG1heGltYWxlIHBhciBhcHBhcmVpbDwvdGg+CiAgICAgIDx0aD4yMDAqMjAwbjQ8L3RoPgogICAgIAogICAgIAogICAgPC90cj4KICAgIDx0cj4KICAgICAgPHRkPkxhcmdldXIgbWluaW1hbGUgZGUgcGFzc2FnZTwvdGQ+CiAgICAgIDx0ZD43MGNtPC90ZD4KICAgICAgCiAgICAgIAogICAgPC90cj4KICAgIDx0cj4KICAgICAgPHRkPlZpdGVzc2UgZGUgZMOpcGxhY2VtZW50PC90ZD4KICAgICAgPHRkPjAsMX4xLDJtL3MgcsOpZ2xhYmxlPC90ZD4KICAgCiAgICAgIAogICAgPC90cj4KICAgIDx0cj4KICAgICAgPHRkPk1pbi4gRGlhbcOodHJlIGRlIHJvdGF0aW9uPC90ZD4KICAgICAgPHRkPjgwY208L3RkPgogICAgIAogICAgIAogICAgPC90cj4KCjx0cj4KICAgICAgPHRkPkRpc3RhbmNlIGRlIGZyZWluYWdlPC90ZD4KICAgICAgPHRkPjYyY20odml0ZXNzZSBkZSBkw6lwbGFjZW1lbnQgbWF4aW1hbGUgZXQgcGxlaW5lIGNoYXJnZSk8L3RkPgogICAgICAKICAgICAgCiAgICA8L3RyPgogICAgPHRyPgogICAgICA8dGQ+Vml0ZXNzZSBkZSBkw6lwbGFjZW1lbnQ8L3RkPgogICAgICA8dGQ+MCwxfjEsMm0vcyByw6lnbGFibGU8L3RkPgogICAKICAgICAgCiAgICA8L3RyPgogICAgPHRyPgogICAgICA8dGQ+QW5nbGUgZGUgcGVudGU8L3RkPgogICAgICA8dGQ+Jmx0OzXCsDwvdGQ+CiAgICAgCiAgICAgCiAgICA8L3RyPgoKPHRyPgogICAgICA8dGQ+RHVyw6llIGRlIHZpZSBkZSBsYSBiYXR0ZXJpZTwvdGQ+CiAgICAgIDx0ZD4xMi0xNWg8L3RkPgogICAgICAKICAgICAgCiAgICA8L3RyPgogICAgPHRyPgogICAgICA8dGQ+Q3ljbGUgZGUgdmllPC90ZD4KICAgICAgPHRkPjIwMDAwaDwvdGQ+CiAgIAogICAgICAKICAgIDwvdHI+CiAgICA8dHI+CiAgICAgIDx0ZD5Db2xsYWJvcmF0aW9uIG11bHRpLXJvYm90czwvdGQ+CiAgICAgIDx0ZD5NYXhpbXVtIDEwIHJvYm90czwvdGQ+CiAgICAgCiAgICAgCiAgICA8L3RyPgoKPHRyPgogICAgICA8dGQ+TGl2cmFpc29uIG11bHRpcG9pbnQ8L3RkPgogICAgICA8dGQ+SnVzcXUnw6AgMjAgcG9pbnRzIChsaXZyYWlzb24gdW5pcXVlKTwvdGQ+CiAgICAgIAogICAgICAKICAgIDwvdHI+CiAgICA8dHI+CiAgICAgIDx0ZD7DiXZpdGVtZW50IGludGVsbGlnZW50IGRlcyBvYnN0YWNsZXMgcG9ydMOpZSBkZSBkw6l0ZWN0aW9uIG1heGltYWxlICA8L3RkPgogICAgICA8dGQ+Jmx0OzEuNU08L3RkPgogICAKICAgICAgCiAgICA8L3RyPgogICAgPHRyPgogICAgICA8dGQ+UHVpc3NhbmNlIG5vbWluYWxlPC90ZD4KICAgICAgPHRkPjQwV3c8L3RkPgogICAgIAogICAgIAogICAgPC90cj4KCgoKICA8L3RhYmxlPgo8L2Rpdj4=[\/vc_raw_html][\/vc_column][\/vc_row][vc_row][vc_column][vc_column_text]<\/p>\n<h3><strong><span dir=\"ltr\" role=\"presentation\">Environnement<\/span><\/strong><\/h3>\n<p>[\/vc_column_text][vc_raw_html]PGRpdiBzdHlsZT0ib3ZlcmZsb3cteDphdXRvOyI+CiAgPHRhYmxlPgogICAgPHRyPgogICAgICA8dGg+VGVtcMOpcmF0dXJlIGRlIGZvbmN0aW9ubmVtZW50LCBodW1pZGl0w6k8L3RoPgogICAgICA8dGg+ICAtIDQ1wrBDLCBSSCA6IDUlIH4gODUlPC90aD4KICAgICAKICAgICAKICAgIDwvdHI+CiAgICA8dHI+CiAgICAgIDx0ZD5FbnZpcm9ubmVtZW50IG9ww6lyYXRpb25uZWw8L3RkPgogICAgICA8dGQ+RW52aXJvbm5lbWVudCBpbnTDqXJpZXVyLCBzb2wgcGxhdCwgcGFzIGRlIHBvdXNzacOocmU8L3RkPgogICAgICAKICAgICAgCiAgICA8L3RyPgogICAgPHRyPgogICAgICA8dGQ+VGVtcMOpcmF0dXJlIGRlIHN0b2NrYWdlPC90ZD4KICAgICAgPHRkPi0zMMKwQy02MMKwQzwvdGQ+CiAgIAogICAgICAKICAgIDwvdHI+CiAgICAKCiAgPC90YWJsZT4KPC9kaXY+[\/vc_raw_html][\/vc_column][\/vc_row][vc_row css=\u00a0\u00bb.vc_custom_1666251970935{background-position: center !important;background-repeat: no-repeat !important;background-size: cover !important;}\u00a0\u00bb][vc_column][vc_column_text css=\u00a0\u00bb.vc_custom_1666251979348{background-color: #025382 !important;}\u00a0\u00bb]<\/p>\n<h1 style=\"text-align: center; color: white;\"><strong>1<\/strong><\/h1>\n<p>[\/vc_column_text][\/vc_column][\/vc_row][vc_row][vc_column][vc_empty_space][\/vc_column][\/vc_row][vc_row content_placement=\u00a0\u00bbmiddle\u00a0\u00bb css=\u00a0\u00bb.vc_custom_1666248477477{background-color: #025382 !important;background-position: center !important;background-repeat: no-repeat !important;background-size: cover !important;}\u00a0\u00bb][vc_column width=\u00a0\u00bb1\/2&Prime;][vc_column_text]<\/p>\n<h2><strong><span dir=\"ltr\" style=\"font-size: 27.1999px; font-family: serif; color: white;\" role=\"presentation\">DATASHEET-T6<\/span><\/strong><\/h2>\n<p>[\/vc_column_text][\/vc_column][vc_column width=\u00a0\u00bb1\/2&Prime;][vc_single_image image=\u00a0\u00bb1336&Prime; img_size=\u00a0\u00bbFull\u00a0\u00bb alignment=\u00a0\u00bbright\u00a0\u00bb][\/vc_column][\/vc_row][vc_row][vc_column][vc_empty_space][vc_column_text]<\/p>\n<h3><strong><span dir=\"ltr\" role=\"presentation\">Batterie et charge<\/span><\/strong><\/h3>\n<p>[\/vc_column_text][vc_raw_html]PGRpdiBzdHlsZT0ib3ZlcmZsb3cteDphdXRvOyI+CiAgPHRhYmxlPgogICAgPHRyPgogICAgICA8dGg+VHlwZSBkZSBiYXR0ZXJpZTwvdGg+CiAgICAgIDx0aD5QaWxlIHRlcm5haXJlIGF1IGxpdGhpdW08L3RoPgogICAgIAogICAgIAogICAgPC90cj4KICAgIDx0cj4KICAgICAgPHRkPkNhcGFjaXTDqSBkZSBsYSBiYXR0ZXJpZTwvdGQ+CiAgICAgIDx0ZD5EQyA0OFYgMTJBaDwvdGQ+CiAgICAgIAogICAgICAKICAgIDwvdHI+CiAgICA8dHI+CiAgICAgIDx0ZD5CYXR0ZXJpZSBkw6ltb250YWJsZTwvdGQ+CiAgICAgIDx0ZD5EZTwvdGQ+CiAgIAogICAgICAKICAgIDwvdHI+CiAgICA8dHI+CiAgICAgIDx0ZD5Nb2RlIGRlIGNoYXJnZW1lbnQ8L3RkPgogICAgICA8dGQ+Q2hhcmdlbWVudCBhdXRvbWF0aXF1ZSDDoCBsJ2FpZGUgZCd1bmUgcGlsZSBkZSBjaGFyZ2VtZW50IG9wdGlvbm5lbGxlIGV0IGNoYXJnZW1lbnQgbWFudWVsIMOgIGwnYWlkZSBkJ3VuIGNoYXJnZXVyPC90ZD4KICAgICAKICAgICAKICAgIDwvdHI+Cgo8dHI+CiAgICAgIDx0ZD5FbnRyw6llIGRlIGNoYXJnZW1lbnQ8L3RkPgogICAgICA8dGQ+MTAwLTI0MFZ+ICwgNTAvNjBIejwvdGQ+CiAgICAgIAogICAgICAKICAgIDwvdHI+CiAgICA8dHI+CiAgICAgIDx0ZD5MJ2hldXJlIGRlIENoYXJpbmc8L3RkPgogICAgICA8dGQ+OGg8L3RkPgogICAKICAgICAgCiAgICA8L3RyPgogICAgPHRyPgogICAgICA8dGQ+RGltZW5zaW9uIGRlIGxhIHBpbGUgZGUgY2hhcmdlbWVudDwvdGQ+CiAgICAgIDx0ZD4yMTUqMjkwKjIzMG1tPC90ZD4KICAgICAKICAgICAKICAgIDwvdHI+Cgo8dHI+CiAgICAgIDx0ZD5Qb2lkcyBkZSBsYSBwaWxlIGRlIGNoYXJnZW1lbnQ8L3RkPgogICAgICA8dGQ+Mi4yS2c8L3RkPgogICAgICAKICAgICAgCiAgICA8L3RyPgogICAKCgoKICA8L3RhYmxlPgo8L2Rpdj4=[\/vc_raw_html][\/vc_column][\/vc_row][vc_row][vc_column][vc_empty_space][vc_column_text]<\/p>\n<h3><strong><span dir=\"ltr\" role=\"presentation\">Mat\u00e9riel<\/span><\/strong><\/h3>\n<p>[\/vc_column_text][vc_raw_html]PGRpdiBzdHlsZT0ib3ZlcmZsb3cteDphdXRvOyI+CiAgPHRhYmxlPgogICAgPHRyPgogICAgICA8dGg+TWF0w6lyaWF1IGRlIGxhIG1hY2hpbmU8L3RoPgogICAgICA8dGg+QUJTPC90aD4KICAgICAKICAgICAKICAgIDwvdHI+CiAgICA8dHI+CiAgICAgIDx0ZD5Nw6l0aG9kZSBkZSBwb3NpdGlvbm5lbWVudDwvdGQ+CiAgICAgIDx0ZD5Qb3NpdGlvbm5lbWVudCBkZXMgw6l0aXF1ZXR0ZXM8L3RkPgogICAgICAKICAgICAgCiAgICA8L3RyPgogICAgPHRyPgogICAgICA8dGQ+UHLDqWNpc2lvbiBkdSBwb3NpdGlvbm5lbWVudDwvdGQ+CiAgICAgIDx0ZD5HcmFkZSBjZW50aW3DqXRyaXF1ZTwvdGQ+CiAgIAogICAgICAKICAgIDwvdHI+CiAgICA8dHI+CiAgICAgIDx0ZD5UZWNobmlxdWVzIGRlIGTDqXRlY3Rpb248L3RkPgogICAgICA8dGQ+TGlEQVIsIHZpc2lvbiBzdMOpcsOpbywgbW9kdWxlIGQnaW1hZ2UsIGNhcHRldXIgZGUgY29sbGlzaW9uLCBJTVUgKHVuaXTDqSBkZSBtZXN1cmUgaW5lcnRpZWxsZSk8L3RkPgogICAgIAogICAgIAogICAgPC90cj4KCjx0cj4KICAgICAgPHRkPkNvdXZlcnR1cmUgZHUgY2FwdGV1cjwvdGQ+CiAgICAgIDx0ZD5Qb3J0w6llIGRlIGTDqXRlY3Rpb24gTGlEQVIgOiAxODPCsCwgJmd0OzEwTSwgUG9ydMOpZSBkZSB2aXNpb24gc3TDqXLDqW8gOiAxNTDCsCwgMCwxLTEsNW08L3RkPgogICAgICAKICAgICAgCiAgICA8L3RyPgogICAgPHRyPgogICAgICA8dGQ+QW5nbGUgZGUgbGEgY2Ftw6lyYSBzdXDDqXJpZXVyZTwvdGQ+CiAgICAgIDx0ZD4xMjDCsCwgaGF1dGV1ciBkZSBjZWxsdWxlIHJlcXVpc2UgMi04bTwvdGQ+CiAgIAogICAgICAKICAgIDwvdHI+CiAgICA8dHI+CiAgICAgIDx0ZD5Sw6lzZWF1PC90ZD4KICAgICAgPHRkPldpLUZpICgyNDEgMi0yNDcyTUh6KTwvdGQ+CiAgICAgCiAgICAgCiAgICA8L3RyPgoKPHRyPgogICAgICA8dGQ+TcOpbW9pcmUgZXQgc3RvY2thZ2UgaW50ZXJuZTwvdGQ+CiAgICAgIDx0ZD4yR0IgUkFNICsgMTZHQiBST008L3RkPgogICAgICAKICAgICAgCiAgICA8L3RyPgogICAKIDx0cj4KICAgICAgPHRkPsOJY3JhbiB0YWN0aWxlPC90ZD4KICAgICAgPHRkPjcgcG91Y2VzICgxMDI0KjYwMCk8L3RkPgogICAgIAogICAgIAogICAgPC90cj4KCjx0cj4KICAgICAgPHRkPkNhcGFjaXTDqSBpbnRlcmFjdGl2ZTwvdGQ+CiAgICAgIDx0ZD5Ub3VjaGVyPC90ZD4KICAgICAgCiAgICAgIAogICAgPC90cj4KCgoKICA8L3RhYmxlPgo8L2Rpdj4=[\/vc_raw_html][\/vc_column][\/vc_row]<\/p>\n<\/div>","protected":false},"excerpt":{"rendered":"<p>[vc_row content_placement=\u00a0\u00bbmiddle\u00a0\u00bb css=\u00a0\u00bb.vc_custom_1666252155700{background-color: #025382 !important;}\u00a0\u00bb][vc_column width=\u00a0\u00bb1\/2&Prime;][vc_column_text] DATASHEET-T6 [\/vc_column_text][\/vc_column][vc_column width=\u00a0\u00bb1\/2&Prime;][vc_single_image image=\u00a0\u00bb1336&Prime; img_size=\u00a0\u00bbFull\u00a0\u00bb alignment=\u00a0\u00bbright\u00a0\u00bb][\/vc_column][\/vc_row][vc_row][vc_column][vc_empty_space][vc_column_text] Robot de livraison rentable et de grande capacit\u00e9 [\/vc_column_text][vc_row_inner][vc_column_inner width=\u00a0\u00bb1\/4&Prime;][vc_column_text] T6 [\/vc_column_text][vc_single_image image=\u00a0\u00bb1339&Prime; img_size=\u00a0\u00bbFull\u00a0\u00bb][vc_column_text] Sp\u00e9cifications [\/vc_column_text][\/vc_column_inner][vc_column_inner width=\u00a0\u00bb3\/4&Prime; css=\u00a0\u00bb.vc_custom_1666247415184{padding-top: 10px !important;padding-right: 10px !important;padding-bottom: 10px !important;padding-left: 10px !important;}\u00a0\u00bb][vc_column_text] Cl\u00e9 Caract\u00e9ristiques [\/vc_column_text][vc_column_text] SLAM (localisation et cartographie synchrones) d\u00e9velopp\u00e9 de mani\u00e8re ind\u00e9pendante pour assurer un positionnement et&hellip;<\/p>\n","protected":false},"author":6,"featured_media":0,"parent":0,"menu_order":0,"comment_status":"closed","ping_status":"closed","template":"","meta":{"_acf_changed":false,"footnotes":""},"class_list":["post-8673","page","type-page","status-publish","hentry"],"acf":[],"yoast_head":"<!-- This site is optimized with the Yoast SEO plugin v27.2 - https:\/\/yoast.com\/product\/yoast-seo-wordpress\/ -->\n<title>DATASHEET-T6 - Bezobslu\u017en\u00e1 24 hodinov\u00e1 prodejna Contio 24<\/title>\n<meta name=\"robots\" content=\"index, follow, max-snippet:-1, max-image-preview:large, max-video-preview:-1\" \/>\n<link rel=\"canonical\" href=\"https:\/\/www.contio.cz\/fr\/datasheet-t6\/\" \/>\n<meta property=\"og:locale\" content=\"fr_FR\" \/>\n<meta property=\"og:type\" content=\"article\" \/>\n<meta property=\"og:title\" content=\"DATASHEET-T6 - Bezobslu\u017en\u00e1 24 hodinov\u00e1 prodejna Contio 24\" \/>\n<meta property=\"og:description\" content=\"[vc_row content_placement=\u00a0\u00bbmiddle\u00a0\u00bb css=\u00a0\u00bb.vc_custom_1666252155700{background-color: #025382 !important;}\u00a0\u00bb][vc_column width=\u00a0\u00bb1\/2&Prime;][vc_column_text] DATASHEET-T6 [\/vc_column_text][\/vc_column][vc_column width=\u00a0\u00bb1\/2&Prime;][vc_single_image image=\u00a0\u00bb1336&Prime; img_size=\u00a0\u00bbFull\u00a0\u00bb alignment=\u00a0\u00bbright\u00a0\u00bb][\/vc_column][\/vc_row][vc_row][vc_column][vc_empty_space][vc_column_text] Robot de livraison rentable et de grande capacit\u00e9 [\/vc_column_text][vc_row_inner][vc_column_inner width=\u00a0\u00bb1\/4&Prime;][vc_column_text] T6 [\/vc_column_text][vc_single_image image=\u00a0\u00bb1339&Prime; img_size=\u00a0\u00bbFull\u00a0\u00bb][vc_column_text] Sp\u00e9cifications [\/vc_column_text][\/vc_column_inner][vc_column_inner width=\u00a0\u00bb3\/4&Prime; css=\u00a0\u00bb.vc_custom_1666247415184{padding-top: 10px !important;padding-right: 10px !important;padding-bottom: 10px !important;padding-left: 10px !important;}\u00a0\u00bb][vc_column_text] Cl\u00e9 Caract\u00e9ristiques [\/vc_column_text][vc_column_text] SLAM (localisation et cartographie synchrones) d\u00e9velopp\u00e9 de mani\u00e8re ind\u00e9pendante pour assurer un positionnement et&hellip;\" \/>\n<meta property=\"og:url\" content=\"https:\/\/www.contio.cz\/fr\/datasheet-t6\/\" \/>\n<meta property=\"og:site_name\" content=\"Bezobslu\u017en\u00e1 24 hodinov\u00e1 prodejna Contio 24\" \/>\n<meta property=\"article:modified_time\" content=\"2024-02-08T07:23:46+00:00\" \/>\n<meta name=\"twitter:card\" content=\"summary_large_image\" \/>\n<meta name=\"twitter:label1\" content=\"Dur\u00e9e de lecture estim\u00e9e\" \/>\n\t<meta name=\"twitter:data1\" content=\"5 minutes\" \/>\n<script type=\"application\/ld+json\" class=\"yoast-schema-graph\">{\"@context\":\"https:\/\/schema.org\",\"@graph\":[{\"@type\":\"WebPage\",\"@id\":\"https:\/\/www.contio.cz\/fr\/datasheet-t6\/\",\"url\":\"https:\/\/www.contio.cz\/fr\/datasheet-t6\/\",\"name\":\"DATASHEET-T6 - Bezobslu\u017en\u00e1 24 hodinov\u00e1 prodejna Contio 24\",\"isPartOf\":{\"@id\":\"https:\/\/www.contio.cz\/fr\/#website\"},\"datePublished\":\"2022-10-20T05:23:02+00:00\",\"dateModified\":\"2024-02-08T07:23:46+00:00\",\"breadcrumb\":{\"@id\":\"https:\/\/www.contio.cz\/fr\/datasheet-t6\/#breadcrumb\"},\"inLanguage\":\"fr-FR\",\"potentialAction\":[{\"@type\":\"ReadAction\",\"target\":[\"https:\/\/www.contio.cz\/fr\/datasheet-t6\/\"]}]},{\"@type\":\"BreadcrumbList\",\"@id\":\"https:\/\/www.contio.cz\/fr\/datasheet-t6\/#breadcrumb\",\"itemListElement\":[{\"@type\":\"ListItem\",\"position\":1,\"name\":\"Dom\u016f\",\"item\":\"https:\/\/www.contio.cz\/fr\/\"},{\"@type\":\"ListItem\",\"position\":2,\"name\":\"DATASHEET-T6\"}]},{\"@type\":\"WebSite\",\"@id\":\"https:\/\/www.contio.cz\/fr\/#website\",\"url\":\"https:\/\/www.contio.cz\/fr\/\",\"name\":\"Bezobslu\u017en\u00e1 24 hodinov\u00e1 prodejna Contio 24\",\"description\":\"Bezobslu\u017en\u00e9 vybaven\u00ed pro bezpe\u010dn\u00fd 24 hodinov\u00fd provoz\",\"potentialAction\":[{\"@type\":\"SearchAction\",\"target\":{\"@type\":\"EntryPoint\",\"urlTemplate\":\"https:\/\/www.contio.cz\/fr\/?s={search_term_string}\"},\"query-input\":{\"@type\":\"PropertyValueSpecification\",\"valueRequired\":true,\"valueName\":\"search_term_string\"}}],\"inLanguage\":\"fr-FR\"}]}<\/script>\n<!-- \/ Yoast SEO plugin. -->","yoast_head_json":{"title":"DATASHEET-T6 - Bezobslu\u017en\u00e1 24 hodinov\u00e1 prodejna Contio 24","robots":{"index":"index","follow":"follow","max-snippet":"max-snippet:-1","max-image-preview":"max-image-preview:large","max-video-preview":"max-video-preview:-1"},"canonical":"https:\/\/www.contio.cz\/fr\/datasheet-t6\/","og_locale":"fr_FR","og_type":"article","og_title":"DATASHEET-T6 - Bezobslu\u017en\u00e1 24 hodinov\u00e1 prodejna Contio 24","og_description":"[vc_row content_placement=\u00a0\u00bbmiddle\u00a0\u00bb css=\u00a0\u00bb.vc_custom_1666252155700{background-color: #025382 !important;}\u00a0\u00bb][vc_column width=\u00a0\u00bb1\/2&Prime;][vc_column_text] DATASHEET-T6 [\/vc_column_text][\/vc_column][vc_column width=\u00a0\u00bb1\/2&Prime;][vc_single_image image=\u00a0\u00bb1336&Prime; img_size=\u00a0\u00bbFull\u00a0\u00bb alignment=\u00a0\u00bbright\u00a0\u00bb][\/vc_column][\/vc_row][vc_row][vc_column][vc_empty_space][vc_column_text] Robot de livraison rentable et de grande capacit\u00e9 [\/vc_column_text][vc_row_inner][vc_column_inner width=\u00a0\u00bb1\/4&Prime;][vc_column_text] T6 [\/vc_column_text][vc_single_image image=\u00a0\u00bb1339&Prime; img_size=\u00a0\u00bbFull\u00a0\u00bb][vc_column_text] Sp\u00e9cifications [\/vc_column_text][\/vc_column_inner][vc_column_inner width=\u00a0\u00bb3\/4&Prime; css=\u00a0\u00bb.vc_custom_1666247415184{padding-top: 10px !important;padding-right: 10px !important;padding-bottom: 10px !important;padding-left: 10px !important;}\u00a0\u00bb][vc_column_text] Cl\u00e9 Caract\u00e9ristiques [\/vc_column_text][vc_column_text] SLAM (localisation et cartographie synchrones) d\u00e9velopp\u00e9 de mani\u00e8re ind\u00e9pendante pour assurer un positionnement et&hellip;","og_url":"https:\/\/www.contio.cz\/fr\/datasheet-t6\/","og_site_name":"Bezobslu\u017en\u00e1 24 hodinov\u00e1 prodejna Contio 24","article_modified_time":"2024-02-08T07:23:46+00:00","twitter_card":"summary_large_image","twitter_misc":{"Dur\u00e9e de lecture estim\u00e9e":"5 minutes"},"schema":{"@context":"https:\/\/schema.org","@graph":[{"@type":"WebPage","@id":"https:\/\/www.contio.cz\/fr\/datasheet-t6\/","url":"https:\/\/www.contio.cz\/fr\/datasheet-t6\/","name":"DATASHEET-T6 - Bezobslu\u017en\u00e1 24 hodinov\u00e1 prodejna Contio 24","isPartOf":{"@id":"https:\/\/www.contio.cz\/fr\/#website"},"datePublished":"2022-10-20T05:23:02+00:00","dateModified":"2024-02-08T07:23:46+00:00","breadcrumb":{"@id":"https:\/\/www.contio.cz\/fr\/datasheet-t6\/#breadcrumb"},"inLanguage":"fr-FR","potentialAction":[{"@type":"ReadAction","target":["https:\/\/www.contio.cz\/fr\/datasheet-t6\/"]}]},{"@type":"BreadcrumbList","@id":"https:\/\/www.contio.cz\/fr\/datasheet-t6\/#breadcrumb","itemListElement":[{"@type":"ListItem","position":1,"name":"Dom\u016f","item":"https:\/\/www.contio.cz\/fr\/"},{"@type":"ListItem","position":2,"name":"DATASHEET-T6"}]},{"@type":"WebSite","@id":"https:\/\/www.contio.cz\/fr\/#website","url":"https:\/\/www.contio.cz\/fr\/","name":"Bezobslu\u017en\u00e1 24 hodinov\u00e1 prodejna Contio 24","description":"Bezobslu\u017en\u00e9 vybaven\u00ed pro bezpe\u010dn\u00fd 24 hodinov\u00fd provoz","potentialAction":[{"@type":"SearchAction","target":{"@type":"EntryPoint","urlTemplate":"https:\/\/www.contio.cz\/fr\/?s={search_term_string}"},"query-input":{"@type":"PropertyValueSpecification","valueRequired":true,"valueName":"search_term_string"}}],"inLanguage":"fr-FR"}]}},"_links":{"self":[{"href":"https:\/\/www.contio.cz\/fr\/wp-json\/wp\/v2\/pages\/8673","targetHints":{"allow":["GET"]}}],"collection":[{"href":"https:\/\/www.contio.cz\/fr\/wp-json\/wp\/v2\/pages"}],"about":[{"href":"https:\/\/www.contio.cz\/fr\/wp-json\/wp\/v2\/types\/page"}],"author":[{"embeddable":true,"href":"https:\/\/www.contio.cz\/fr\/wp-json\/wp\/v2\/users\/6"}],"replies":[{"embeddable":true,"href":"https:\/\/www.contio.cz\/fr\/wp-json\/wp\/v2\/comments?post=8673"}],"version-history":[{"count":2,"href":"https:\/\/www.contio.cz\/fr\/wp-json\/wp\/v2\/pages\/8673\/revisions"}],"predecessor-version":[{"id":8695,"href":"https:\/\/www.contio.cz\/fr\/wp-json\/wp\/v2\/pages\/8673\/revisions\/8695"}],"wp:attachment":[{"href":"https:\/\/www.contio.cz\/fr\/wp-json\/wp\/v2\/media?parent=8673"}],"curies":[{"name":"wp","href":"https:\/\/api.w.org\/{rel}","templated":true}]}}