{"id":9338,"date":"2023-01-11T08:05:58","date_gmt":"2023-01-11T07:05:58","guid":{"rendered":"https:\/\/www.contio.cz\/vertailukaupat\/"},"modified":"2025-08-21T14:15:30","modified_gmt":"2025-08-21T12:15:30","slug":"viitekaupat","status":"publish","type":"page","link":"https:\/\/www.contio.cz\/fi\/viitekaupat\/","title":{"rendered":"Viitekaupat"},"content":{"rendered":"<div class=\"wpb-content-wrapper\"><p>[vc_row][vc_column el_class=&#8221;slider_banner&#8221;]\n\t\t\t<!-- START ReferencenewFL REVOLUTION SLIDER 6.7.40 --><p class=\"rs-p-wp-fix\"><\/p>\n\t\t\t<rs-module-wrap id=\"rev_slider_248_1_wrapper\" data-source=\"gallery\" style=\"visibility:hidden;background:transparent;padding:0;margin:0px auto;margin-top:0;margin-bottom:0;\">\n\t\t\t\t<rs-module id=\"rev_slider_248_1\" style=\"\" data-version=\"6.7.40\">\n\t\t\t\t\t<rs-slides style=\"overflow: hidden; position: absolute;\">\n\t\t\t\t\t\t<rs-slide style=\"position: absolute;\" data-key=\"rs-457\" data-title=\"Weathy Forecast\" data-anim=\"adpr:false;ms:600;\" data-in=\"o:0;\" data-out=\"a:false;\">\n\t\t\t\t\t\t\t<img decoding=\"async\" src=\"\/\/www.contio.cz\/wp-content\/plugins\/revslider\/sr6\/assets\/assets\/dummy.png\" alt=\"\" title=\"reservatin_banner_bg\" width=\"1600\" height=\"900\" class=\"rev-slidebg tp-rs-img rs-lazyload\" data-lazyload=\"\/\/www.contio.cz\/wp-content\/uploads\/2025\/07\/reservatin_banner_bg.jpeg\" data-parallax=\"off\" data-no-retina>\n<!--\n\t\t\t\t\t\t\t--><rs-layer\n\t\t\t\t\t\t\t\tid=\"slider-248-slide-457-layer-2\" \n\t\t\t\t\t\t\t\tclass=\"rs-pxl-2\"\n\t\t\t\t\t\t\t\tdata-type=\"image\"\n\t\t\t\t\t\t\t\tdata-rsp_ch=\"on\"\n\t\t\t\t\t\t\t\tdata-xy=\"xo:1232px;yo:71px;\"\n\t\t\t\t\t\t\t\tdata-text=\"l:22;\"\n\t\t\t\t\t\t\t\tdata-dim=\"w:[&#039;115px&#039;,&#039;115px&#039;,&#039;115px&#039;,&#039;115px&#039;];h:[&#039;117px&#039;,&#039;117px&#039;,&#039;117px&#039;,&#039;117px&#039;];\"\n\t\t\t\t\t\t\t\tdata-vbility=\"f,f,f,f\"\n\t\t\t\t\t\t\t\tdata-frame_1=\"e:power2.inOut;st:500;sR:500;\"\n\t\t\t\t\t\t\t\tdata-frame_999=\"o:0;e:nothing;st:w;sR:8200;\"\n\t\t\t\t\t\t\t\tstyle=\"z-index:5;\"\n\t\t\t\t\t\t\t><img decoding=\"async\" src=\"\/\/www.contio.cz\/wp-content\/plugins\/revslider\/sr6\/assets\/assets\/dummy.png\" alt=\"\" class=\"tp-rs-img rs-lazyload\" width=\"230\" height=\"233\" data-lazyload=\"\/\/www.contio.cz\/wp-content\/uploads\/2016\/05\/sun.png\" data-no-retina> \n\t\t\t\t\t\t\t<\/rs-layer><!--\n\n\t\t\t\t\t\t\t--><rs-layer\n\t\t\t\t\t\t\t\tid=\"slider-248-slide-457-layer-3\" \n\t\t\t\t\t\t\t\tdata-type=\"image\"\n\t\t\t\t\t\t\t\tdata-rsp_ch=\"on\"\n\t\t\t\t\t\t\t\tdata-xy=\"xo:886px;yo:186px;\"\n\t\t\t\t\t\t\t\tdata-text=\"l:22;\"\n\t\t\t\t\t\t\t\tdata-dim=\"w:[&#039;354px&#039;,&#039;354px&#039;,&#039;354px&#039;,&#039;354px&#039;];h:[&#039;616px&#039;,&#039;616px&#039;,&#039;616px&#039;,&#039;616px&#039;];\"\n\t\t\t\t\t\t\t\tdata-vbility=\"f,f,f,f\"\n\t\t\t\t\t\t\t\tdata-frame_0=\"x:50px;\"\n\t\t\t\t\t\t\t\tdata-frame_1=\"e:power1.out;st:800;sR:800;\"\n\t\t\t\t\t\t\t\tdata-frame_999=\"x:50px;o:0;e:nothing;st:w;sR:7900;\"\n\t\t\t\t\t\t\t\tstyle=\"z-index:10;\"\n\t\t\t\t\t\t\t><img decoding=\"async\" src=\"\/\/www.contio.cz\/wp-content\/plugins\/revslider\/sr6\/assets\/assets\/dummy.png\" alt=\"\" class=\"tp-rs-img rs-lazyload\" width=\"708\" height=\"1231\" data-lazyload=\"\/\/www.contio.cz\/wp-content\/uploads\/2016\/05\/hand.png\" data-no-retina> \n\t\t\t\t\t\t\t<\/rs-layer><!--\n\n\t\t\t\t\t\t\t--><rs-layer\n\t\t\t\t\t\t\t\tid=\"slider-248-slide-457-layer-4\" \n\t\t\t\t\t\t\t\tclass=\"rs-pxl-1\"\n\t\t\t\t\t\t\t\tdata-type=\"image\"\n\t\t\t\t\t\t\t\tdata-rsp_ch=\"on\"\n\t\t\t\t\t\t\t\tdata-xy=\"xo:-500px;yo:611px;\"\n\t\t\t\t\t\t\t\tdata-text=\"l:22;\"\n\t\t\t\t\t\t\t\tdata-dim=\"w:[&#039;2503px&#039;,&#039;2503px&#039;,&#039;2503px&#039;,&#039;2503px&#039;];h:[&#039;354px&#039;,&#039;354px&#039;,&#039;354px&#039;,&#039;354px&#039;];\"\n\t\t\t\t\t\t\t\tdata-vbility=\"f,f,f,f\"\n\t\t\t\t\t\t\t\tdata-frame_0=\"sX:0.9;sY:0.9;\"\n\t\t\t\t\t\t\t\tdata-frame_1=\"st:500;sp:1500;sR:500;\"\n\t\t\t\t\t\t\t\tdata-frame_999=\"o:0;e:nothing;st:w;sR:7000;\"\n\t\t\t\t\t\t\t\tstyle=\"z-index:8;\"\n\t\t\t\t\t\t\t><img decoding=\"async\" src=\"\/\/www.contio.cz\/wp-content\/plugins\/revslider\/sr6\/assets\/assets\/dummy.png\" alt=\"\" class=\"tp-rs-img rs-lazyload\" width=\"4998\" height=\"707\" data-lazyload=\"\/\/www.contio.cz\/wp-content\/uploads\/2016\/05\/wave.png\" data-no-retina> \n\t\t\t\t\t\t\t<\/rs-layer><!--\n\n\t\t\t\t\t\t\t--><rs-layer\n\t\t\t\t\t\t\t\tid=\"slider-248-slide-457-layer-5\" \n\t\t\t\t\t\t\t\tdata-type=\"text\"\n\t\t\t\t\t\t\t\tdata-color=\"rgba(255, 255, 255, 1)\"\n\t\t\t\t\t\t\t\tdata-rsp_ch=\"on\"\n\t\t\t\t\t\t\t\tdata-xy=\"xo:80px;yo:220px;\"\n\t\t\t\t\t\t\t\tdata-text=\"s:125;l:185;\"\n\t\t\t\t\t\t\t\tdata-frame_0=\"o:1;\"\n\t\t\t\t\t\t\t\tdata-frame_0_chars=\"d:5;y:-50px;o:0;\"\n\t\t\t\t\t\t\t\tdata-frame_1=\"e:power4.inOut;st:40;sp:1000;sR:40;\"\n\t\t\t\t\t\t\t\tdata-frame_1_chars=\"d:5;\"\n\t\t\t\t\t\t\t\tdata-frame_999=\"o:0;e:nothing;st:w;sR:7960;\"\n\t\t\t\t\t\t\t\tstyle=\"z-index:11;font-family:'Roboto';\"\n\t\t\t\t\t\t\t> \n\t\t\t\t\t\t\t<\/rs-layer><!--\n\n\t\t\t\t\t\t\t--><rs-layer\n\t\t\t\t\t\t\t\tid=\"slider-248-slide-457-layer-6\" \n\t\t\t\t\t\t\t\tdata-type=\"text\"\n\t\t\t\t\t\t\t\tdata-color=\"rgba(255, 255, 255, 1)\"\n\t\t\t\t\t\t\t\tdata-rsp_ch=\"on\"\n\t\t\t\t\t\t\t\tdata-xy=\"x:r;y:b;yo:120px,120px,120px,135px;\"\n\t\t\t\t\t\t\t\tdata-text=\"w:normal,normal,normal,normal;s:40,40,35,30;l:50,50,45,40;fw:700,400,400,400;a:right;\"\n\t\t\t\t\t\t\t\tdata-dim=\"w:100%,100%,100%,465px;\"\n\t\t\t\t\t\t\t\tdata-padding=\"r:0,15,15,15;l:0,0,15,15;\"\n\t\t\t\t\t\t\t\tdata-frame_0=\"y:100%;\"\n\t\t\t\t\t\t\t\tdata-frame_0_mask=\"u:t;y:100%;\"\n\t\t\t\t\t\t\t\tdata-frame_1=\"e:power2.inOut;st:770;sp:2000;sR:770;\"\n\t\t\t\t\t\t\t\tdata-frame_1_mask=\"u:t;\"\n\t\t\t\t\t\t\t\tdata-frame_999=\"o:0;e:nothing;st:w;sR:6230;\"\n\t\t\t\t\t\t\t\tstyle=\"z-index:12;font-family:'Roboto';\"\n\t\t\t\t\t\t\t>Esimerkkein\u00e4 toimivat miehitt\u00e4m\u00e4tt\u00f6m\u00e4t myym\u00e4l\u00e4t \n\t\t\t\t\t\t\t<\/rs-layer><!--\n\n\t\t\t\t\t\t\t--><rs-layer\n\t\t\t\t\t\t\t\tid=\"slider-248-slide-457-layer-7\" \n\t\t\t\t\t\t\t\tdata-type=\"text\"\n\t\t\t\t\t\t\t\tdata-rsp_ch=\"on\"\n\t\t\t\t\t\t\t\tdata-xy=\"x:r,r,r,c;y:b;yo:80px,80px,60px,80px;\"\n\t\t\t\t\t\t\t\tdata-text=\"w:nowrap,nowrap,normal,normal;s:22,22,24,20;a:right;\"\n\t\t\t\t\t\t\t\tdata-dim=\"w:100%;\"\n\t\t\t\t\t\t\t\tdata-padding=\"r:0,15,15,15;l:0,0,15,15;\"\n\t\t\t\t\t\t\t\tdata-frame_0=\"y:100%;\"\n\t\t\t\t\t\t\t\tdata-frame_0_mask=\"u:t;y:100%;\"\n\t\t\t\t\t\t\t\tdata-frame_1=\"e:power2.inOut;st:1010;sp:2000;sR:1010;\"\n\t\t\t\t\t\t\t\tdata-frame_1_mask=\"u:t;\"\n\t\t\t\t\t\t\t\tdata-frame_999=\"o:0;e:nothing;st:w;sR:5990;\"\n\t\t\t\t\t\t\t\tstyle=\"z-index:13;font-family:'Roboto';\"\n\t\t\t\t\t\t\t>Turva-, toiminta- ja kassalaitteet ymp\u00e4ri vuorokauden avoinna oleviin myym\u00e4l\u00f6ihin. \n\t\t\t\t\t\t\t<\/rs-layer><!--\n\n\t\t\t\t\t\t\t--><rs-layer\n\t\t\t\t\t\t\t\tid=\"slider-248-slide-457-layer-8\" \n\t\t\t\t\t\t\t\tclass=\"rs-pxl-1\"\n\t\t\t\t\t\t\t\tdata-type=\"image\"\n\t\t\t\t\t\t\t\tdata-rsp_ch=\"on\"\n\t\t\t\t\t\t\t\tdata-xy=\"xo:255px;yo:327px;\"\n\t\t\t\t\t\t\t\tdata-text=\"l:22;\"\n\t\t\t\t\t\t\t\tdata-dim=\"w:[&#039;188px&#039;,&#039;188px&#039;,&#039;188px&#039;,&#039;188px&#039;];h:[&#039;188px&#039;,&#039;188px&#039;,&#039;188px&#039;,&#039;188px&#039;];\"\n\t\t\t\t\t\t\t\tdata-vbility=\"f,f,f,f\"\n\t\t\t\t\t\t\t\tdata-frame_1=\"e:power2.inOut;st:500;sR:500;\"\n\t\t\t\t\t\t\t\tdata-frame_999=\"o:0;e:nothing;st:w;sR:8200;\"\n\t\t\t\t\t\t\t\tstyle=\"z-index:9;\"\n\t\t\t\t\t\t\t><img decoding=\"async\" src=\"\/\/www.contio.cz\/wp-content\/plugins\/revslider\/sr6\/assets\/assets\/dummy.png\" alt=\"\" class=\"tp-rs-img rs-lazyload\" width=\"376\" height=\"376\" data-lazyload=\"\/\/www.contio.cz\/wp-content\/uploads\/2016\/05\/ray.png\" data-no-retina> \n\t\t\t\t\t\t\t<\/rs-layer><!--\n\n\t\t\t\t\t\t\t--><rs-layer\n\t\t\t\t\t\t\t\tid=\"slider-248-slide-457-layer-9\" \n\t\t\t\t\t\t\t\tclass=\"rs-pxl-4\"\n\t\t\t\t\t\t\t\tdata-type=\"image\"\n\t\t\t\t\t\t\t\tdata-rsp_ch=\"on\"\n\t\t\t\t\t\t\t\tdata-xy=\"xo:1117px;yo:116px;\"\n\t\t\t\t\t\t\t\tdata-text=\"l:22;\"\n\t\t\t\t\t\t\t\tdata-dim=\"w:[&#039;262px&#039;,&#039;262px&#039;,&#039;262px&#039;,&#039;262px&#039;];h:[&#039;146px&#039;,&#039;146px&#039;,&#039;146px&#039;,&#039;146px&#039;];\"\n\t\t\t\t\t\t\t\tdata-vbility=\"f,f,f,f\"\n\t\t\t\t\t\t\t\tdata-frame_1=\"e:power2.inOut;st:500;sR:500;\"\n\t\t\t\t\t\t\t\tdata-frame_999=\"o:0;e:nothing;st:w;sR:8200;\"\n\t\t\t\t\t\t\t\tstyle=\"z-index:6;\"\n\t\t\t\t\t\t\t><img decoding=\"async\" src=\"\/\/www.contio.cz\/wp-content\/plugins\/revslider\/sr6\/assets\/assets\/dummy.png\" alt=\"\" class=\"tp-rs-img rs-lazyload\" width=\"298\" height=\"165\" data-lazyload=\"\/\/www.contio.cz\/wp-content\/uploads\/2016\/05\/cloud1.png\" data-no-retina> \n\t\t\t\t\t\t\t<\/rs-layer><!--\n\n\t\t\t\t\t\t\t--><rs-layer\n\t\t\t\t\t\t\t\tid=\"slider-248-slide-457-layer-10\" \n\t\t\t\t\t\t\t\tclass=\"rs-pxl-7\"\n\t\t\t\t\t\t\t\tdata-type=\"image\"\n\t\t\t\t\t\t\t\tdata-rsp_ch=\"on\"\n\t\t\t\t\t\t\t\tdata-xy=\"xo:1005px;yo:152px;\"\n\t\t\t\t\t\t\t\tdata-text=\"l:22;\"\n\t\t\t\t\t\t\t\tdata-dim=\"w:[&#039;149px&#039;,&#039;149px&#039;,&#039;149px&#039;,&#039;149px&#039;];h:[&#039;83px&#039;,&#039;83px&#039;,&#039;83px&#039;,&#039;83px&#039;];\"\n\t\t\t\t\t\t\t\tdata-vbility=\"f,f,f,f\"\n\t\t\t\t\t\t\t\tdata-frame_1=\"e:power2.inOut;st:500;sR:500;\"\n\t\t\t\t\t\t\t\tdata-frame_999=\"o:0;e:nothing;st:w;sR:8200;\"\n\t\t\t\t\t\t\t\tstyle=\"z-index:7;\"\n\t\t\t\t\t\t\t><img decoding=\"async\" src=\"\/\/www.contio.cz\/wp-content\/plugins\/revslider\/sr6\/assets\/assets\/dummy.png\" alt=\"\" class=\"tp-rs-img rs-lazyload\" width=\"524\" height=\"291\" data-lazyload=\"\/\/www.contio.cz\/wp-content\/uploads\/2016\/05\/cloud2.png\" data-no-retina> \n\t\t\t\t\t\t\t<\/rs-layer><!--\n-->\t\t\t\t\t<\/rs-slide>\n\t\t\t\t\t<\/rs-slides>\n\t\t\t\t<\/rs-module>\n\t\t\t\t<script>\n\t\t\t\t\tsetREVStartSize({c: 'rev_slider_248_1',rl:[1240,1024,778,480],el:[800,767.986,960,720],gw:[1170,1170,778,480],gh:[800,768,960,720],type:'standard',justify:'',layout:'fullwidth',mh:\"0\"});if (window.RS_MODULES!==undefined && window.RS_MODULES.modules!==undefined && window.RS_MODULES.modules[\"revslider2481\"]!==undefined) {window.RS_MODULES.modules[\"revslider2481\"].once = false;window.revapi248 = undefined;if (window.RS_MODULES.checkMinimal!==undefined) window.RS_MODULES.checkMinimal()}\n\t\t\t\t<\/script>\n\t\t\t<\/rs-module-wrap>\n\t\t\t<!-- END REVOLUTION SLIDER -->\n[\/vc_column][\/vc_row][vc_row css=&#8221;.vc_custom_1751975777497{margin-top: 120px !important;margin-bottom: 120px !important;}&#8221;][vc_column][vc_tta_tabs style=&#8221;modern&#8221; color=&#8221;white&#8221; active_section=&#8221;1&#8243; no_fill_content_area=&#8221;true&#8221; el_class=&#8221;reference_page_Tabs&#8221;][vc_tta_section title=&#8221;Yritykset&#8221; tab_id=&#8221;Yritykset&#8221;][vc_row_inner][vc_column_inner][vc_custom_heading text=&#8221;Na\u0161a technol\u00f3gia sa \u00faspe\u0161ne osved\u010dila u najn\u00e1ro\u010dnej\u0161\u00edch z\u00e1kazn\u00edkov z radov re\u0165azcov.&#8221; font_container=&#8221;tag:p|font_size:25px|text_align:left|color:%234D4D4D&#8221; google_fonts=&#8221;font_family:Nunito%3A300%2Cregular%2C700|font_style:400%20regular%3A400%3Anormal&#8221; css=&#8221;.vc_custom_1752586273478{margin-bottom: 55px !important;border-top-width: 0px !important;border-right-width: 0px !important;border-bottom-width: 0px !important;border-left-width: 0px !important;padding-bottom: 0px !important;border-left-style: solid !important;border-right-style: solid !important;border-top-style: solid !important;border-bottom-style: solid !important;border-color: #B3B3B3 !important;}&#8221;][\/vc_column_inner][\/vc_row_inner][vc_row_inner equal_height=&#8221;yes&#8221; css=&#8221;.vc_custom_1751977615689{margin-right: -8px !important;margin-left: -8px !important;padding-top: 55px !important;padding-bottom: 55px !important;}&#8221;][vc_column_inner width=&#8221;1\/2&#8243; css=&#8221;.vc_custom_1751977231301{padding-right: 8px !important;padding-left: 8px !important;}&#8221;][vc_custom_heading text=&#8221;YourGroceryStore Molpe&#8221; font_container=&#8221;tag:h2|font_size:38|text_align:left&#8221; google_fonts=&#8221;font_family:Source%20Sans%20Pro%3A200%2C200italic%2C300%2C300italic%2Cregular%2Citalic%2C600%2C600italic%2C700%2C700italic%2C900%2C900italic|font_style:400%20regular%3A400%3Anormal&#8221; css=&#8221;.vc_custom_1755774205917{margin-top: 5px !important;margin-bottom: 10px !important;}&#8221;][vc_custom_heading text=&#8221;- Auki: 4\/2024<br \/>\n&#8211; Osoite: Sj\u00f6v\u00e4gen (Molpe) 2, 66210 Molpe, Finland&#8221; font_container=&#8221;tag:p|font_size:18px|text_align:left|color:%2300A99D&#8221; google_fonts=&#8221;font_family:Nunito%3A300%2Cregular%2C700|font_style:400%20regular%3A400%3Anormal&#8221; css=&#8221;.vc_custom_1752586392836{margin-bottom: 15px !important;border-top-width: 0px !important;border-right-width: 0px !important;border-bottom-width: 1px !important;border-left-width: 0px !important;padding-bottom: 15px !important;border-left-style: solid !important;border-right-style: solid !important;border-top-style: solid !important;border-bottom-style: solid !important;border-color: #B3B3B3 !important;}&#8221;][vc_column_text css=&#8221;&#8221; el_class=&#8221;referencePage_text&#8221;]YourGroceryStore Molpe on 24\/7 itsepalvelukauppa Molpen kyl\u00e4ss\u00e4, tarjoten asukkaille k\u00e4tev\u00e4n p\u00e4\u00e4syn p\u00e4ivitt\u00e4istavaroihin milloin tahansa. Moderni teknologia mahdollistaa helpon ja nopean ostokokemuksen mobiilisovelluksella.[\/vc_column_text][\/vc_column_inner][vc_column_inner width=&#8221;1\/2&#8243; css=&#8221;.vc_custom_1751977243013{padding-right: 8px !important;padding-left: 8px !important;}&#8221;][vc_single_image image=&#8221;17904&#8243; img_size=&#8221;full&#8221; css=&#8221;.vc_custom_1752586827898{margin-top: 8px !important;margin-bottom: 0px !important;}&#8221;][\/vc_column_inner][\/vc_row_inner][vc_row_inner equal_height=&#8221;yes&#8221; css=&#8221;.vc_custom_1751977640209{margin-right: -8px !important;margin-left: -8px !important;padding-top: 55px !important;padding-bottom: 55px !important;}&#8221;][vc_column_inner width=&#8221;1\/2&#8243; css=&#8221;.vc_custom_1751977231301{padding-right: 8px !important;padding-left: 8px !important;}&#8221;][vc_custom_heading text=&#8221;Yourgrocery Tojby&#8221; font_container=&#8221;tag:h2|font_size:38|text_align:left&#8221; google_fonts=&#8221;font_family:Source%20Sans%20Pro%3A200%2C200italic%2C300%2C300italic%2Cregular%2Citalic%2C600%2C600italic%2C700%2C700italic%2C900%2C900italic|font_style:400%20regular%3A400%3Anormal&#8221; css=&#8221;.vc_custom_1755774214216{margin-top: 5px !important;margin-bottom: 10px !important;}&#8221;][vc_custom_heading text=&#8221;- Auki: 3\/2025<br \/>\n&#8211; Osoite: Blaxn\u00e4sv\u00e4gen 8, 66295 N\u00e4rpes, Finland&#8221; font_container=&#8221;tag:p|font_size:18px|text_align:left|color:%2300A99D&#8221; google_fonts=&#8221;font_family:Nunito%3A300%2Cregular%2C700|font_style:400%20regular%3A400%3Anormal&#8221; css=&#8221;.vc_custom_1752586536758{margin-bottom: 15px !important;border-top-width: 0px !important;border-right-width: 0px !important;border-bottom-width: 1px !important;border-left-width: 0px !important;padding-bottom: 15px !important;border-left-style: solid !important;border-right-style: solid !important;border-top-style: solid !important;border-bottom-style: solid !important;border-color: #B3B3B3 !important;}&#8221;][vc_column_text css=&#8221;&#8221; el_class=&#8221;referencePage_text&#8221;]Yourgrocery T\u00f6jby avataan 24\/7 itsepalvelukauppana ilman kassahenkil\u00f6kuntaa. Kauppa valvotaan kameroin, ja apua saatarvittaessa. Sis\u00e4\u00e4n p\u00e4\u00e4see Contio-sovelluksella tai tilaamalla asiakaskortin tekstiviestill\u00e4. Avausp\u00e4iv\u00e4st\u00e4 tiedotetaan pian.[\/vc_column_text][\/vc_column_inner][vc_column_inner width=&#8221;1\/2&#8243; css=&#8221;.vc_custom_1751977243013{padding-right: 8px !important;padding-left: 8px !important;}&#8221;][vc_single_image image=&#8221;17890&#8243; img_size=&#8221;full&#8221; css=&#8221;.vc_custom_1752586848308{margin-top: 8px !important;margin-bottom: 0px !important;}&#8221;][\/vc_column_inner][\/vc_row_inner][\/vc_tta_section][\/vc_tta_tabs][\/vc_column][\/vc_row]<\/p>\n<\/div>","protected":false},"excerpt":{"rendered":"<p>[vc_row][vc_column el_class=&#8221;slider_banner&#8221;][\/vc_column][\/vc_row][vc_row css=&#8221;.vc_custom_1751975777497{margin-top: 120px !important;margin-bottom: 120px !important;}&#8221;][vc_column][vc_tta_tabs style=&#8221;modern&#8221; color=&#8221;white&#8221; active_section=&#8221;1&#8243; no_fill_content_area=&#8221;true&#8221; el_class=&#8221;reference_page_Tabs&#8221;][vc_tta_section title=&#8221;Yritykset&#8221; tab_id=&#8221;Yritykset&#8221;][vc_row_inner][vc_column_inner][vc_custom_heading text=&#8221;Na\u0161a technol\u00f3gia sa \u00faspe\u0161ne osved\u010dila u najn\u00e1ro\u010dnej\u0161\u00edch z\u00e1kazn\u00edkov z radov re\u0165azcov.&#8221; font_container=&#8221;tag:p|font_size:25px|text_align:left|color:%234D4D4D&#8221; google_fonts=&#8221;font_family:Nunito%3A300%2Cregular%2C700|font_style:400%20regular%3A400%3Anormal&#8221; css=&#8221;.vc_custom_1752586273478{margin-bottom: 55px !important;border-top-width: 0px !important;border-right-width: 0px !important;border-bottom-width: 0px !important;border-left-width: 0px !important;padding-bottom: 0px !important;border-left-style: solid !important;border-right-style: solid !important;border-top-style: solid !important;border-bottom-style: solid !important;border-color: #B3B3B3 !important;}&#8221;][\/vc_column_inner][\/vc_row_inner][vc_row_inner equal_height=&#8221;yes&#8221; css=&#8221;.vc_custom_1751977615689{margin-right: -8px !important;margin-left: -8px&hellip;<\/p>\n","protected":false},"author":6,"featured_media":0,"parent":0,"menu_order":0,"comment_status":"closed","ping_status":"closed","template":"","meta":{"_acf_changed":false,"footnotes":""},"class_list":["post-9338","page","type-page","status-publish","hentry"],"acf":[],"yoast_head":"<!-- This site is optimized with the Yoast SEO plugin v27.2 - https:\/\/yoast.com\/product\/yoast-seo-wordpress\/ -->\n<title>- Contio 24 valvomaton j\u00e4rjestelm\u00e4<\/title>\n<meta name=\"description\" content=\"Viite vartioimaton COOP Jednota Super zoo geoobchod myym\u00e4l\u00e4t ja muut. Inspiroidu siit\u00e4, miten myyntiautomaatti toimii.\" \/>\n<meta name=\"robots\" content=\"index, follow, max-snippet:-1, max-image-preview:large, max-video-preview:-1\" \/>\n<link rel=\"canonical\" href=\"https:\/\/www.contio.cz\/fi\/viitekaupat\/\" \/>\n<meta property=\"og:locale\" content=\"fi_FI\" \/>\n<meta property=\"og:type\" content=\"article\" \/>\n<meta property=\"og:title\" content=\"- Contio 24 valvomaton j\u00e4rjestelm\u00e4\" \/>\n<meta property=\"og:description\" content=\"Viite vartioimaton COOP Jednota Super zoo geoobchod myym\u00e4l\u00e4t ja muut. Inspiroidu siit\u00e4, miten myyntiautomaatti toimii.\" \/>\n<meta property=\"og:url\" content=\"https:\/\/www.contio.cz\/fi\/viitekaupat\/\" \/>\n<meta property=\"og:site_name\" content=\"Bezobslu\u017en\u00e1 24 hodinov\u00e1 prodejna Contio 24\" \/>\n<meta property=\"article:modified_time\" content=\"2025-08-21T12:15:30+00:00\" \/>\n<meta name=\"twitter:card\" content=\"summary_large_image\" \/>\n<meta name=\"twitter:label1\" content=\"Arvioitu lukuaika\" \/>\n\t<meta name=\"twitter:data1\" content=\"2 minuuttia\" \/>\n<script type=\"application\/ld+json\" class=\"yoast-schema-graph\">{\"@context\":\"https:\/\/schema.org\",\"@graph\":[{\"@type\":\"WebPage\",\"@id\":\"https:\/\/www.contio.cz\/fi\/viitekaupat\/\",\"url\":\"https:\/\/www.contio.cz\/fi\/viitekaupat\/\",\"name\":\"- Contio 24 valvomaton j\u00e4rjestelm\u00e4\",\"isPartOf\":{\"@id\":\"https:\/\/www.contio.cz\/fi\/#website\"},\"datePublished\":\"2023-01-11T07:05:58+00:00\",\"dateModified\":\"2025-08-21T12:15:30+00:00\",\"description\":\"Viite vartioimaton COOP Jednota Super zoo geoobchod myym\u00e4l\u00e4t ja muut. Inspiroidu siit\u00e4, miten myyntiautomaatti toimii.\",\"breadcrumb\":{\"@id\":\"https:\/\/www.contio.cz\/fi\/viitekaupat\/#breadcrumb\"},\"inLanguage\":\"fi\",\"potentialAction\":[{\"@type\":\"ReadAction\",\"target\":[\"https:\/\/www.contio.cz\/fi\/viitekaupat\/\"]}]},{\"@type\":\"BreadcrumbList\",\"@id\":\"https:\/\/www.contio.cz\/fi\/viitekaupat\/#breadcrumb\",\"itemListElement\":[{\"@type\":\"ListItem\",\"position\":1,\"name\":\"Dom\u016f\",\"item\":\"https:\/\/www.contio.cz\/fi\/\"},{\"@type\":\"ListItem\",\"position\":2,\"name\":\"Viitekaupat\"}]},{\"@type\":\"WebSite\",\"@id\":\"https:\/\/www.contio.cz\/fi\/#website\",\"url\":\"https:\/\/www.contio.cz\/fi\/\",\"name\":\"Bezobslu\u017en\u00e1 24 hodinov\u00e1 prodejna Contio 24\",\"description\":\"Bezobslu\u017en\u00e9 vybaven\u00ed pro bezpe\u010dn\u00fd 24 hodinov\u00fd provoz\",\"potentialAction\":[{\"@type\":\"SearchAction\",\"target\":{\"@type\":\"EntryPoint\",\"urlTemplate\":\"https:\/\/www.contio.cz\/fi\/?s={search_term_string}\"},\"query-input\":{\"@type\":\"PropertyValueSpecification\",\"valueRequired\":true,\"valueName\":\"search_term_string\"}}],\"inLanguage\":\"fi\"}]}<\/script>\n<!-- \/ Yoast SEO plugin. -->","yoast_head_json":{"title":"- Contio 24 valvomaton j\u00e4rjestelm\u00e4","description":"Viite vartioimaton COOP Jednota Super zoo geoobchod myym\u00e4l\u00e4t ja muut. Inspiroidu siit\u00e4, miten myyntiautomaatti toimii.","robots":{"index":"index","follow":"follow","max-snippet":"max-snippet:-1","max-image-preview":"max-image-preview:large","max-video-preview":"max-video-preview:-1"},"canonical":"https:\/\/www.contio.cz\/fi\/viitekaupat\/","og_locale":"fi_FI","og_type":"article","og_title":"- Contio 24 valvomaton j\u00e4rjestelm\u00e4","og_description":"Viite vartioimaton COOP Jednota Super zoo geoobchod myym\u00e4l\u00e4t ja muut. Inspiroidu siit\u00e4, miten myyntiautomaatti toimii.","og_url":"https:\/\/www.contio.cz\/fi\/viitekaupat\/","og_site_name":"Bezobslu\u017en\u00e1 24 hodinov\u00e1 prodejna Contio 24","article_modified_time":"2025-08-21T12:15:30+00:00","twitter_card":"summary_large_image","twitter_misc":{"Arvioitu lukuaika":"2 minuuttia"},"schema":{"@context":"https:\/\/schema.org","@graph":[{"@type":"WebPage","@id":"https:\/\/www.contio.cz\/fi\/viitekaupat\/","url":"https:\/\/www.contio.cz\/fi\/viitekaupat\/","name":"- Contio 24 valvomaton j\u00e4rjestelm\u00e4","isPartOf":{"@id":"https:\/\/www.contio.cz\/fi\/#website"},"datePublished":"2023-01-11T07:05:58+00:00","dateModified":"2025-08-21T12:15:30+00:00","description":"Viite vartioimaton COOP Jednota Super zoo geoobchod myym\u00e4l\u00e4t ja muut. Inspiroidu siit\u00e4, miten myyntiautomaatti toimii.","breadcrumb":{"@id":"https:\/\/www.contio.cz\/fi\/viitekaupat\/#breadcrumb"},"inLanguage":"fi","potentialAction":[{"@type":"ReadAction","target":["https:\/\/www.contio.cz\/fi\/viitekaupat\/"]}]},{"@type":"BreadcrumbList","@id":"https:\/\/www.contio.cz\/fi\/viitekaupat\/#breadcrumb","itemListElement":[{"@type":"ListItem","position":1,"name":"Dom\u016f","item":"https:\/\/www.contio.cz\/fi\/"},{"@type":"ListItem","position":2,"name":"Viitekaupat"}]},{"@type":"WebSite","@id":"https:\/\/www.contio.cz\/fi\/#website","url":"https:\/\/www.contio.cz\/fi\/","name":"Bezobslu\u017en\u00e1 24 hodinov\u00e1 prodejna Contio 24","description":"Bezobslu\u017en\u00e9 vybaven\u00ed pro bezpe\u010dn\u00fd 24 hodinov\u00fd provoz","potentialAction":[{"@type":"SearchAction","target":{"@type":"EntryPoint","urlTemplate":"https:\/\/www.contio.cz\/fi\/?s={search_term_string}"},"query-input":{"@type":"PropertyValueSpecification","valueRequired":true,"valueName":"search_term_string"}}],"inLanguage":"fi"}]}},"_links":{"self":[{"href":"https:\/\/www.contio.cz\/fi\/wp-json\/wp\/v2\/pages\/9338","targetHints":{"allow":["GET"]}}],"collection":[{"href":"https:\/\/www.contio.cz\/fi\/wp-json\/wp\/v2\/pages"}],"about":[{"href":"https:\/\/www.contio.cz\/fi\/wp-json\/wp\/v2\/types\/page"}],"author":[{"embeddable":true,"href":"https:\/\/www.contio.cz\/fi\/wp-json\/wp\/v2\/users\/6"}],"replies":[{"embeddable":true,"href":"https:\/\/www.contio.cz\/fi\/wp-json\/wp\/v2\/comments?post=9338"}],"version-history":[{"count":16,"href":"https:\/\/www.contio.cz\/fi\/wp-json\/wp\/v2\/pages\/9338\/revisions"}],"predecessor-version":[{"id":18025,"href":"https:\/\/www.contio.cz\/fi\/wp-json\/wp\/v2\/pages\/9338\/revisions\/18025"}],"wp:attachment":[{"href":"https:\/\/www.contio.cz\/fi\/wp-json\/wp\/v2\/media?parent=9338"}],"curies":[{"name":"wp","href":"https:\/\/api.w.org\/{rel}","templated":true}]}}