{"id":9289,"date":"2022-03-03T17:47:16","date_gmt":"2022-03-03T16:47:16","guid":{"rendered":"https:\/\/www.contio.cz\/ehtojen-ja-edellytysten-opasteet\/"},"modified":"2024-02-12T14:25:19","modified_gmt":"2024-02-12T13:25:19","slug":"ehtojen-ja-edellytysten-opasteet","status":"publish","type":"page","link":"https:\/\/www.contio.cz\/fi\/ehtojen-ja-edellytysten-opasteet\/","title":{"rendered":"Ehtojen ja edellytysten opasteet"},"content":{"rendered":"<p><a href=\"https:\/\/docs.google.com\/document\/d\/10J0pWTfxTDJEzbNGhyyVaapjtKLpMZAGzI6U1BKDJpc\/edit?usp=sharing\" target=\"_blank\" rel=\"noopener\">Terms and Conditions<\/a><\/p>\n<p><a href=\"https:\/\/drive.google.com\/file\/d\/1lpKB22s_VK_PjVEPjYJ_ntYePe1MDuYv\/view?usp=sharing\" target=\"_blank\" rel=\"noopener\">Privacy Policy<\/a><\/p>\n<p><a href=\"https:\/\/drive.google.com\/file\/d\/1znH5HiW7fzkny8JW8BTUPTj7to5HobOR\/view?usp=sharing\" target=\"_blank\" rel=\"noopener\">Consent to the processing of personal data<\/a><\/p>\n\n\n<p><a href=\"https:\/\/docs.google.com\/document\/d\/1sXt4iqB4Jl5rLfhLwTwm-AOyqcmwA1cqE1cBVm6ZfuA\/edit?usp=sharing\" target=\"_blank\" rel=\"noreferrer noopener\">Terms &amp; Conditions<\/a><\/p>\n\n\n\n<p><a href=\"https:\/\/drive.google.com\/file\/d\/1mSH32AfQet4vkKEGRMPSQsIJZxww-HT-\/view?usp=sharing\" target=\"_blank\" rel=\"noreferrer noopener\">Privacy Policy<\/a><\/p>\n\n\n\n<p><a href=\"https:\/\/drive.google.com\/file\/d\/1naT2FVaQxRtCwV12dlFx2Z4YqEwpHUQE\/view?usp=sharing\" target=\"_blank\" rel=\"noreferrer noopener\">Consent to the provision of personal data<\/a><\/p>\n","protected":false},"excerpt":{"rendered":"<p>Terms and Conditions Privacy Policy Consent to the processing of personal data Terms &amp; Conditions Privacy Policy Consent to the provision of personal data<\/p>\n","protected":false},"author":2,"featured_media":0,"parent":0,"menu_order":0,"comment_status":"closed","ping_status":"closed","template":"","meta":{"_acf_changed":false,"footnotes":""},"class_list":["post-9289","page","type-page","status-publish","hentry"],"acf":[],"yoast_head":"<!-- This site is optimized with the Yoast SEO plugin v27.2 - https:\/\/yoast.com\/product\/yoast-seo-wordpress\/ -->\n<title>Ehtojen ja edellytysten opasteet - Bezobslu\u017en\u00e1 24 hodinov\u00e1 prodejna Contio 24<\/title>\n<meta name=\"robots\" content=\"index, follow, max-snippet:-1, max-image-preview:large, max-video-preview:-1\" \/>\n<link rel=\"canonical\" href=\"https:\/\/www.contio.cz\/fi\/ehtojen-ja-edellytysten-opasteet\/\" \/>\n<meta property=\"og:locale\" content=\"fi_FI\" \/>\n<meta property=\"og:type\" content=\"article\" \/>\n<meta property=\"og:title\" content=\"Ehtojen ja edellytysten opasteet - Bezobslu\u017en\u00e1 24 hodinov\u00e1 prodejna Contio 24\" \/>\n<meta property=\"og:description\" content=\"Terms and Conditions Privacy Policy Consent to the processing of personal data Terms &amp; Conditions Privacy Policy Consent to the provision of personal data\" \/>\n<meta property=\"og:url\" content=\"https:\/\/www.contio.cz\/fi\/ehtojen-ja-edellytysten-opasteet\/\" \/>\n<meta property=\"og:site_name\" content=\"Bezobslu\u017en\u00e1 24 hodinov\u00e1 prodejna Contio 24\" \/>\n<meta property=\"article:modified_time\" content=\"2024-02-12T13:25:19+00:00\" \/>\n<meta name=\"twitter:card\" content=\"summary_large_image\" \/>\n<meta name=\"twitter:label1\" content=\"Arvioitu lukuaika\" \/>\n\t<meta name=\"twitter:data1\" content=\"1 minuutti\" \/>\n<script type=\"application\/ld+json\" class=\"yoast-schema-graph\">{\"@context\":\"https:\/\/schema.org\",\"@graph\":[{\"@type\":\"WebPage\",\"@id\":\"https:\/\/www.contio.cz\/fi\/ehtojen-ja-edellytysten-opasteet\/\",\"url\":\"https:\/\/www.contio.cz\/fi\/ehtojen-ja-edellytysten-opasteet\/\",\"name\":\"Ehtojen ja edellytysten opasteet - Bezobslu\u017en\u00e1 24 hodinov\u00e1 prodejna Contio 24\",\"isPartOf\":{\"@id\":\"https:\/\/www.contio.cz\/fi\/#website\"},\"datePublished\":\"2022-03-03T16:47:16+00:00\",\"dateModified\":\"2024-02-12T13:25:19+00:00\",\"breadcrumb\":{\"@id\":\"https:\/\/www.contio.cz\/fi\/ehtojen-ja-edellytysten-opasteet\/#breadcrumb\"},\"inLanguage\":\"fi\",\"potentialAction\":[{\"@type\":\"ReadAction\",\"target\":[\"https:\/\/www.contio.cz\/fi\/ehtojen-ja-edellytysten-opasteet\/\"]}]},{\"@type\":\"BreadcrumbList\",\"@id\":\"https:\/\/www.contio.cz\/fi\/ehtojen-ja-edellytysten-opasteet\/#breadcrumb\",\"itemListElement\":[{\"@type\":\"ListItem\",\"position\":1,\"name\":\"Dom\u016f\",\"item\":\"https:\/\/www.contio.cz\/fi\/\"},{\"@type\":\"ListItem\",\"position\":2,\"name\":\"Ehtojen ja edellytysten opasteet\"}]},{\"@type\":\"WebSite\",\"@id\":\"https:\/\/www.contio.cz\/fi\/#website\",\"url\":\"https:\/\/www.contio.cz\/fi\/\",\"name\":\"Bezobslu\u017en\u00e1 24 hodinov\u00e1 prodejna Contio 24\",\"description\":\"Bezobslu\u017en\u00e9 vybaven\u00ed pro bezpe\u010dn\u00fd 24 hodinov\u00fd provoz\",\"potentialAction\":[{\"@type\":\"SearchAction\",\"target\":{\"@type\":\"EntryPoint\",\"urlTemplate\":\"https:\/\/www.contio.cz\/fi\/?s={search_term_string}\"},\"query-input\":{\"@type\":\"PropertyValueSpecification\",\"valueRequired\":true,\"valueName\":\"search_term_string\"}}],\"inLanguage\":\"fi\"}]}<\/script>\n<!-- \/ Yoast SEO plugin. -->","yoast_head_json":{"title":"Ehtojen ja edellytysten opasteet - Bezobslu\u017en\u00e1 24 hodinov\u00e1 prodejna Contio 24","robots":{"index":"index","follow":"follow","max-snippet":"max-snippet:-1","max-image-preview":"max-image-preview:large","max-video-preview":"max-video-preview:-1"},"canonical":"https:\/\/www.contio.cz\/fi\/ehtojen-ja-edellytysten-opasteet\/","og_locale":"fi_FI","og_type":"article","og_title":"Ehtojen ja edellytysten opasteet - Bezobslu\u017en\u00e1 24 hodinov\u00e1 prodejna Contio 24","og_description":"Terms and Conditions Privacy Policy Consent to the processing of personal data Terms &amp; Conditions Privacy Policy Consent to the provision of personal data","og_url":"https:\/\/www.contio.cz\/fi\/ehtojen-ja-edellytysten-opasteet\/","og_site_name":"Bezobslu\u017en\u00e1 24 hodinov\u00e1 prodejna Contio 24","article_modified_time":"2024-02-12T13:25:19+00:00","twitter_card":"summary_large_image","twitter_misc":{"Arvioitu lukuaika":"1 minuutti"},"schema":{"@context":"https:\/\/schema.org","@graph":[{"@type":"WebPage","@id":"https:\/\/www.contio.cz\/fi\/ehtojen-ja-edellytysten-opasteet\/","url":"https:\/\/www.contio.cz\/fi\/ehtojen-ja-edellytysten-opasteet\/","name":"Ehtojen ja edellytysten opasteet - Bezobslu\u017en\u00e1 24 hodinov\u00e1 prodejna Contio 24","isPartOf":{"@id":"https:\/\/www.contio.cz\/fi\/#website"},"datePublished":"2022-03-03T16:47:16+00:00","dateModified":"2024-02-12T13:25:19+00:00","breadcrumb":{"@id":"https:\/\/www.contio.cz\/fi\/ehtojen-ja-edellytysten-opasteet\/#breadcrumb"},"inLanguage":"fi","potentialAction":[{"@type":"ReadAction","target":["https:\/\/www.contio.cz\/fi\/ehtojen-ja-edellytysten-opasteet\/"]}]},{"@type":"BreadcrumbList","@id":"https:\/\/www.contio.cz\/fi\/ehtojen-ja-edellytysten-opasteet\/#breadcrumb","itemListElement":[{"@type":"ListItem","position":1,"name":"Dom\u016f","item":"https:\/\/www.contio.cz\/fi\/"},{"@type":"ListItem","position":2,"name":"Ehtojen ja edellytysten opasteet"}]},{"@type":"WebSite","@id":"https:\/\/www.contio.cz\/fi\/#website","url":"https:\/\/www.contio.cz\/fi\/","name":"Bezobslu\u017en\u00e1 24 hodinov\u00e1 prodejna Contio 24","description":"Bezobslu\u017en\u00e9 vybaven\u00ed pro bezpe\u010dn\u00fd 24 hodinov\u00fd provoz","potentialAction":[{"@type":"SearchAction","target":{"@type":"EntryPoint","urlTemplate":"https:\/\/www.contio.cz\/fi\/?s={search_term_string}"},"query-input":{"@type":"PropertyValueSpecification","valueRequired":true,"valueName":"search_term_string"}}],"inLanguage":"fi"}]}},"_links":{"self":[{"href":"https:\/\/www.contio.cz\/fi\/wp-json\/wp\/v2\/pages\/9289","targetHints":{"allow":["GET"]}}],"collection":[{"href":"https:\/\/www.contio.cz\/fi\/wp-json\/wp\/v2\/pages"}],"about":[{"href":"https:\/\/www.contio.cz\/fi\/wp-json\/wp\/v2\/types\/page"}],"author":[{"embeddable":true,"href":"https:\/\/www.contio.cz\/fi\/wp-json\/wp\/v2\/users\/2"}],"replies":[{"embeddable":true,"href":"https:\/\/www.contio.cz\/fi\/wp-json\/wp\/v2\/comments?post=9289"}],"version-history":[{"count":2,"href":"https:\/\/www.contio.cz\/fi\/wp-json\/wp\/v2\/pages\/9289\/revisions"}],"predecessor-version":[{"id":9851,"href":"https:\/\/www.contio.cz\/fi\/wp-json\/wp\/v2\/pages\/9289\/revisions\/9851"}],"wp:attachment":[{"href":"https:\/\/www.contio.cz\/fi\/wp-json\/wp\/v2\/media?parent=9289"}],"curies":[{"name":"wp","href":"https:\/\/api.w.org\/{rel}","templated":true}]}}