{"id":9287,"date":"2022-12-15T09:37:59","date_gmt":"2022-12-15T08:37:59","guid":{"rendered":"https:\/\/www.contio.cz\/contio-tuki\/"},"modified":"2024-02-12T11:07:14","modified_gmt":"2024-02-12T10:07:14","slug":"contio-tuki","status":"publish","type":"page","link":"https:\/\/www.contio.cz\/fi\/contio-tuki\/","title":{"rendered":"CONTIO-tuki"},"content":{"rendered":"<div class=\"wpb-content-wrapper\"><p>[vc_row][vc_column][vc_column_text]<\/p>\n<p>\nOdkazy:\n\n<ul class=\"wp-block-list\">\n<li>P\u00e4\u00e4maja &#8211; <a href=\"https:\/\/centrala.lilka.cz\" target=\"_blank\" rel=\"noreferrer noopener nofollow\">https:\/\/centrala.lilka.cz<\/a><\/li>\n<\/ul>\n<p>\nSoubory ke sta\u017een\u00ed:\n\n<ul class=\"wp-block-list\">\n<li><a href=\"https:\/\/podpora.contio.cz\/AmcrestSurveillancePro-Win64is.exe\" target=\"_blank\" rel=\"noreferrer noopener nofollow\">Amcrest Surveillance Pro, Windows PC 64bit<\/a><\/li>\n<li><a href=\"https:\/\/podpora.contio.cz\/dahua.smartpsslite.zip\">Dahua SmartPSS lite, Windows PC 64bit<\/a><\/li>\n<li><a href=\"https:\/\/podpora.contio.cz\/dahua.smartpsslite.manualcz.pdf\">Dahuan dokumentaatio SmartPSS lite -ohjelmalle<\/a><\/li>\n<\/ul>\n<p>&nbsp;<\/p>\n<p>[\/vc_column_text][\/vc_column][\/vc_row]<\/p>\n<\/div>","protected":false},"excerpt":{"rendered":"<p>[vc_row][vc_column][vc_column_text] Odkazy: P\u00e4\u00e4maja &#8211; https:\/\/centrala.lilka.cz Soubory ke sta\u017een\u00ed: Amcrest Surveillance Pro, Windows PC 64bit Dahua SmartPSS lite, Windows PC 64bit Dahuan dokumentaatio SmartPSS lite -ohjelmalle &nbsp; [\/vc_column_text][\/vc_column][\/vc_row]<\/p>\n","protected":false},"author":1,"featured_media":0,"parent":0,"menu_order":0,"comment_status":"closed","ping_status":"closed","template":"","meta":{"_acf_changed":false,"footnotes":""},"class_list":["post-9287","page","type-page","status-publish","hentry"],"acf":[],"yoast_head":"<!-- This site is optimized with the Yoast SEO plugin v27.2 - https:\/\/yoast.com\/product\/yoast-seo-wordpress\/ -->\n<title>CONTIO-tuki - Bezobslu\u017en\u00e1 24 hodinov\u00e1 prodejna Contio 24<\/title>\n<meta name=\"robots\" content=\"index, follow, max-snippet:-1, max-image-preview:large, max-video-preview:-1\" \/>\n<link rel=\"canonical\" href=\"https:\/\/www.contio.cz\/fi\/contio-tuki\/\" \/>\n<meta property=\"og:locale\" content=\"fi_FI\" \/>\n<meta property=\"og:type\" content=\"article\" \/>\n<meta property=\"og:title\" content=\"CONTIO-tuki - Bezobslu\u017en\u00e1 24 hodinov\u00e1 prodejna Contio 24\" \/>\n<meta property=\"og:description\" content=\"[vc_row][vc_column][vc_column_text] Odkazy: P\u00e4\u00e4maja &#8211; https:\/\/centrala.lilka.cz Soubory ke sta\u017een\u00ed: Amcrest Surveillance Pro, Windows PC 64bit Dahua SmartPSS lite, Windows PC 64bit Dahuan dokumentaatio SmartPSS lite -ohjelmalle &nbsp; [\/vc_column_text][\/vc_column][\/vc_row]\" \/>\n<meta property=\"og:url\" content=\"https:\/\/www.contio.cz\/fi\/contio-tuki\/\" \/>\n<meta property=\"og:site_name\" content=\"Bezobslu\u017en\u00e1 24 hodinov\u00e1 prodejna Contio 24\" \/>\n<meta property=\"article:modified_time\" content=\"2024-02-12T10:07:14+00:00\" \/>\n<meta name=\"twitter:card\" content=\"summary_large_image\" \/>\n<script type=\"application\/ld+json\" class=\"yoast-schema-graph\">{\"@context\":\"https:\/\/schema.org\",\"@graph\":[{\"@type\":\"WebPage\",\"@id\":\"https:\/\/www.contio.cz\/fi\/contio-tuki\/\",\"url\":\"https:\/\/www.contio.cz\/fi\/contio-tuki\/\",\"name\":\"CONTIO-tuki - Bezobslu\u017en\u00e1 24 hodinov\u00e1 prodejna Contio 24\",\"isPartOf\":{\"@id\":\"https:\/\/www.contio.cz\/fi\/#website\"},\"datePublished\":\"2022-12-15T08:37:59+00:00\",\"dateModified\":\"2024-02-12T10:07:14+00:00\",\"breadcrumb\":{\"@id\":\"https:\/\/www.contio.cz\/fi\/contio-tuki\/#breadcrumb\"},\"inLanguage\":\"fi\",\"potentialAction\":[{\"@type\":\"ReadAction\",\"target\":[\"https:\/\/www.contio.cz\/fi\/contio-tuki\/\"]}]},{\"@type\":\"BreadcrumbList\",\"@id\":\"https:\/\/www.contio.cz\/fi\/contio-tuki\/#breadcrumb\",\"itemListElement\":[{\"@type\":\"ListItem\",\"position\":1,\"name\":\"Dom\u016f\",\"item\":\"https:\/\/www.contio.cz\/fi\/\"},{\"@type\":\"ListItem\",\"position\":2,\"name\":\"CONTIO-tuki\"}]},{\"@type\":\"WebSite\",\"@id\":\"https:\/\/www.contio.cz\/fi\/#website\",\"url\":\"https:\/\/www.contio.cz\/fi\/\",\"name\":\"Bezobslu\u017en\u00e1 24 hodinov\u00e1 prodejna Contio 24\",\"description\":\"Bezobslu\u017en\u00e9 vybaven\u00ed pro bezpe\u010dn\u00fd 24 hodinov\u00fd provoz\",\"potentialAction\":[{\"@type\":\"SearchAction\",\"target\":{\"@type\":\"EntryPoint\",\"urlTemplate\":\"https:\/\/www.contio.cz\/fi\/?s={search_term_string}\"},\"query-input\":{\"@type\":\"PropertyValueSpecification\",\"valueRequired\":true,\"valueName\":\"search_term_string\"}}],\"inLanguage\":\"fi\"}]}<\/script>\n<!-- \/ Yoast SEO plugin. -->","yoast_head_json":{"title":"CONTIO-tuki - Bezobslu\u017en\u00e1 24 hodinov\u00e1 prodejna Contio 24","robots":{"index":"index","follow":"follow","max-snippet":"max-snippet:-1","max-image-preview":"max-image-preview:large","max-video-preview":"max-video-preview:-1"},"canonical":"https:\/\/www.contio.cz\/fi\/contio-tuki\/","og_locale":"fi_FI","og_type":"article","og_title":"CONTIO-tuki - Bezobslu\u017en\u00e1 24 hodinov\u00e1 prodejna Contio 24","og_description":"[vc_row][vc_column][vc_column_text] Odkazy: P\u00e4\u00e4maja &#8211; https:\/\/centrala.lilka.cz Soubory ke sta\u017een\u00ed: Amcrest Surveillance Pro, Windows PC 64bit Dahua SmartPSS lite, Windows PC 64bit Dahuan dokumentaatio SmartPSS lite -ohjelmalle &nbsp; [\/vc_column_text][\/vc_column][\/vc_row]","og_url":"https:\/\/www.contio.cz\/fi\/contio-tuki\/","og_site_name":"Bezobslu\u017en\u00e1 24 hodinov\u00e1 prodejna Contio 24","article_modified_time":"2024-02-12T10:07:14+00:00","twitter_card":"summary_large_image","schema":{"@context":"https:\/\/schema.org","@graph":[{"@type":"WebPage","@id":"https:\/\/www.contio.cz\/fi\/contio-tuki\/","url":"https:\/\/www.contio.cz\/fi\/contio-tuki\/","name":"CONTIO-tuki - Bezobslu\u017en\u00e1 24 hodinov\u00e1 prodejna Contio 24","isPartOf":{"@id":"https:\/\/www.contio.cz\/fi\/#website"},"datePublished":"2022-12-15T08:37:59+00:00","dateModified":"2024-02-12T10:07:14+00:00","breadcrumb":{"@id":"https:\/\/www.contio.cz\/fi\/contio-tuki\/#breadcrumb"},"inLanguage":"fi","potentialAction":[{"@type":"ReadAction","target":["https:\/\/www.contio.cz\/fi\/contio-tuki\/"]}]},{"@type":"BreadcrumbList","@id":"https:\/\/www.contio.cz\/fi\/contio-tuki\/#breadcrumb","itemListElement":[{"@type":"ListItem","position":1,"name":"Dom\u016f","item":"https:\/\/www.contio.cz\/fi\/"},{"@type":"ListItem","position":2,"name":"CONTIO-tuki"}]},{"@type":"WebSite","@id":"https:\/\/www.contio.cz\/fi\/#website","url":"https:\/\/www.contio.cz\/fi\/","name":"Bezobslu\u017en\u00e1 24 hodinov\u00e1 prodejna Contio 24","description":"Bezobslu\u017en\u00e9 vybaven\u00ed pro bezpe\u010dn\u00fd 24 hodinov\u00fd provoz","potentialAction":[{"@type":"SearchAction","target":{"@type":"EntryPoint","urlTemplate":"https:\/\/www.contio.cz\/fi\/?s={search_term_string}"},"query-input":{"@type":"PropertyValueSpecification","valueRequired":true,"valueName":"search_term_string"}}],"inLanguage":"fi"}]}},"_links":{"self":[{"href":"https:\/\/www.contio.cz\/fi\/wp-json\/wp\/v2\/pages\/9287","targetHints":{"allow":["GET"]}}],"collection":[{"href":"https:\/\/www.contio.cz\/fi\/wp-json\/wp\/v2\/pages"}],"about":[{"href":"https:\/\/www.contio.cz\/fi\/wp-json\/wp\/v2\/types\/page"}],"author":[{"embeddable":true,"href":"https:\/\/www.contio.cz\/fi\/wp-json\/wp\/v2\/users\/1"}],"replies":[{"embeddable":true,"href":"https:\/\/www.contio.cz\/fi\/wp-json\/wp\/v2\/comments?post=9287"}],"version-history":[{"count":1,"href":"https:\/\/www.contio.cz\/fi\/wp-json\/wp\/v2\/pages\/9287\/revisions"}],"predecessor-version":[{"id":9291,"href":"https:\/\/www.contio.cz\/fi\/wp-json\/wp\/v2\/pages\/9287\/revisions\/9291"}],"wp:attachment":[{"href":"https:\/\/www.contio.cz\/fi\/wp-json\/wp\/v2\/media?parent=9287"}],"curies":[{"name":"wp","href":"https:\/\/api.w.org\/{rel}","templated":true}]}}