{"id":14029,"date":"2022-09-01T20:14:25","date_gmt":"2022-09-01T18:14:25","guid":{"rendered":"https:\/\/www.contio.cz\/lista-de-precios-regionka-24-tabor\/"},"modified":"2024-11-03T11:12:22","modified_gmt":"2024-11-03T10:12:22","slug":"lista-de-precios-regionka-24-tabor","status":"publish","type":"page","link":"https:\/\/www.contio.cz\/es\/lista-de-precios-regionka-24-tabor\/","title":{"rendered":"Lista de precios Regionka 24 Tabor"},"content":{"rendered":"\n<figure class=\"wp-block-image size-large\"><img loading=\"lazy\" decoding=\"async\" width=\"1024\" height=\"431\" src=\"https:\/\/www.contio.cz\/wp-content\/uploads\/2022\/09\/image-1024x431.png\" alt=\"\" class=\"wp-image-1178\" srcset=\"https:\/\/www.contio.cz\/wp-content\/uploads\/2022\/09\/image-1024x431.png 1024w, https:\/\/www.contio.cz\/wp-content\/uploads\/2022\/09\/image-300x126.png 300w, https:\/\/www.contio.cz\/wp-content\/uploads\/2022\/09\/image-768x323.png 768w, https:\/\/www.contio.cz\/wp-content\/uploads\/2022\/09\/image-1536x646.png 1536w, https:\/\/www.contio.cz\/wp-content\/uploads\/2022\/09\/image-2048x861.png 2048w, https:\/\/www.contio.cz\/wp-content\/uploads\/2022\/09\/image-1612x678.png 1612w, https:\/\/www.contio.cz\/wp-content\/uploads\/2022\/09\/image-1116x469.png 1116w, https:\/\/www.contio.cz\/wp-content\/uploads\/2022\/09\/image-806x339.png 806w, https:\/\/www.contio.cz\/wp-content\/uploads\/2022\/09\/image-558x235.png 558w, https:\/\/www.contio.cz\/wp-content\/uploads\/2022\/09\/image-655x275.png 655w\" sizes=\"auto, (max-width: 1024px) 100vw, 1024px\" \/><\/figure>\n\n\n\n<figure class=\"wp-block-image size-large\"><img loading=\"lazy\" decoding=\"async\" width=\"1024\" height=\"445\" src=\"https:\/\/www.contio.cz\/wp-content\/uploads\/2022\/09\/image-1-1024x445.png\" alt=\"\" class=\"wp-image-1179\" srcset=\"https:\/\/www.contio.cz\/wp-content\/uploads\/2022\/09\/image-1-1024x445.png 1024w, https:\/\/www.contio.cz\/wp-content\/uploads\/2022\/09\/image-1-300x130.png 300w, https:\/\/www.contio.cz\/wp-content\/uploads\/2022\/09\/image-1-768x334.png 768w, https:\/\/www.contio.cz\/wp-content\/uploads\/2022\/09\/image-1-1536x668.png 1536w, https:\/\/www.contio.cz\/wp-content\/uploads\/2022\/09\/image-1-2048x890.png 2048w, https:\/\/www.contio.cz\/wp-content\/uploads\/2022\/09\/image-1-1612x701.png 1612w, https:\/\/www.contio.cz\/wp-content\/uploads\/2022\/09\/image-1-1116x485.png 1116w, https:\/\/www.contio.cz\/wp-content\/uploads\/2022\/09\/image-1-806x350.png 806w, https:\/\/www.contio.cz\/wp-content\/uploads\/2022\/09\/image-1-558x243.png 558w, https:\/\/www.contio.cz\/wp-content\/uploads\/2022\/09\/image-1-655x285.png 655w\" sizes=\"auto, (max-width: 1024px) 100vw, 1024px\" \/><\/figure>\n\n\n\n<figure class=\"wp-block-image size-large\"><img loading=\"lazy\" decoding=\"async\" width=\"1024\" height=\"426\" src=\"https:\/\/www.contio.cz\/wp-content\/uploads\/2022\/09\/image-3-1024x426.png\" alt=\"\" class=\"wp-image-1181\" srcset=\"https:\/\/www.contio.cz\/wp-content\/uploads\/2022\/09\/image-3-1024x426.png 1024w, https:\/\/www.contio.cz\/wp-content\/uploads\/2022\/09\/image-3-300x125.png 300w, https:\/\/www.contio.cz\/wp-content\/uploads\/2022\/09\/image-3-768x320.png 768w, https:\/\/www.contio.cz\/wp-content\/uploads\/2022\/09\/image-3-1536x639.png 1536w, https:\/\/www.contio.cz\/wp-content\/uploads\/2022\/09\/image-3-2048x852.png 2048w, https:\/\/www.contio.cz\/wp-content\/uploads\/2022\/09\/image-3-1612x671.png 1612w, https:\/\/www.contio.cz\/wp-content\/uploads\/2022\/09\/image-3-1116x465.png 1116w, https:\/\/www.contio.cz\/wp-content\/uploads\/2022\/09\/image-3-806x335.png 806w, https:\/\/www.contio.cz\/wp-content\/uploads\/2022\/09\/image-3-558x232.png 558w, https:\/\/www.contio.cz\/wp-content\/uploads\/2022\/09\/image-3-655x273.png 655w\" sizes=\"auto, (max-width: 1024px) 100vw, 1024px\" \/><\/figure>\n\n\n\n<figure class=\"wp-block-image size-large\"><img loading=\"lazy\" decoding=\"async\" width=\"1024\" height=\"457\" src=\"https:\/\/www.contio.cz\/wp-content\/uploads\/2022\/09\/image-2-1024x457.png\" alt=\"\" class=\"wp-image-1180\" srcset=\"https:\/\/www.contio.cz\/wp-content\/uploads\/2022\/09\/image-2-1024x457.png 1024w, https:\/\/www.contio.cz\/wp-content\/uploads\/2022\/09\/image-2-300x134.png 300w, https:\/\/www.contio.cz\/wp-content\/uploads\/2022\/09\/image-2-768x343.png 768w, https:\/\/www.contio.cz\/wp-content\/uploads\/2022\/09\/image-2-1536x686.png 1536w, https:\/\/www.contio.cz\/wp-content\/uploads\/2022\/09\/image-2-2048x915.png 2048w, https:\/\/www.contio.cz\/wp-content\/uploads\/2022\/09\/image-2-1612x720.png 1612w, https:\/\/www.contio.cz\/wp-content\/uploads\/2022\/09\/image-2-1116x498.png 1116w, https:\/\/www.contio.cz\/wp-content\/uploads\/2022\/09\/image-2-806x360.png 806w, https:\/\/www.contio.cz\/wp-content\/uploads\/2022\/09\/image-2-558x249.png 558w, https:\/\/www.contio.cz\/wp-content\/uploads\/2022\/09\/image-2-655x292.png 655w\" sizes=\"auto, (max-width: 1024px) 100vw, 1024px\" \/><\/figure>\n\n\n\n<figure class=\"wp-block-image size-large\"><img loading=\"lazy\" decoding=\"async\" width=\"1024\" height=\"459\" src=\"https:\/\/www.contio.cz\/wp-content\/uploads\/2022\/09\/image-4-1024x459.png\" alt=\"\" class=\"wp-image-1182\" srcset=\"https:\/\/www.contio.cz\/wp-content\/uploads\/2022\/09\/image-4-1024x459.png 1024w, https:\/\/www.contio.cz\/wp-content\/uploads\/2022\/09\/image-4-300x135.png 300w, https:\/\/www.contio.cz\/wp-content\/uploads\/2022\/09\/image-4-768x345.png 768w, https:\/\/www.contio.cz\/wp-content\/uploads\/2022\/09\/image-4-1536x689.png 1536w, https:\/\/www.contio.cz\/wp-content\/uploads\/2022\/09\/image-4-2048x919.png 2048w, https:\/\/www.contio.cz\/wp-content\/uploads\/2022\/09\/image-4-1612x723.png 1612w, https:\/\/www.contio.cz\/wp-content\/uploads\/2022\/09\/image-4-1116x501.png 1116w, https:\/\/www.contio.cz\/wp-content\/uploads\/2022\/09\/image-4-806x362.png 806w, https:\/\/www.contio.cz\/wp-content\/uploads\/2022\/09\/image-4-558x250.png 558w, https:\/\/www.contio.cz\/wp-content\/uploads\/2022\/09\/image-4-655x294.png 655w\" sizes=\"auto, (max-width: 1024px) 100vw, 1024px\" \/><\/figure>\n\n\n\n<figure class=\"wp-block-image size-large\"><img loading=\"lazy\" decoding=\"async\" width=\"1024\" height=\"418\" src=\"https:\/\/www.contio.cz\/wp-content\/uploads\/2022\/09\/image-5-1024x418.png\" alt=\"\" class=\"wp-image-1183\" srcset=\"https:\/\/www.contio.cz\/wp-content\/uploads\/2022\/09\/image-5-1024x418.png 1024w, https:\/\/www.contio.cz\/wp-content\/uploads\/2022\/09\/image-5-300x122.png 300w, https:\/\/www.contio.cz\/wp-content\/uploads\/2022\/09\/image-5-768x313.png 768w, https:\/\/www.contio.cz\/wp-content\/uploads\/2022\/09\/image-5-1536x627.png 1536w, https:\/\/www.contio.cz\/wp-content\/uploads\/2022\/09\/image-5-2048x836.png 2048w, https:\/\/www.contio.cz\/wp-content\/uploads\/2022\/09\/image-5-1612x658.png 1612w, https:\/\/www.contio.cz\/wp-content\/uploads\/2022\/09\/image-5-1116x455.png 1116w, https:\/\/www.contio.cz\/wp-content\/uploads\/2022\/09\/image-5-806x329.png 806w, https:\/\/www.contio.cz\/wp-content\/uploads\/2022\/09\/image-5-558x228.png 558w, https:\/\/www.contio.cz\/wp-content\/uploads\/2022\/09\/image-5-655x267.png 655w\" sizes=\"auto, (max-width: 1024px) 100vw, 1024px\" \/><\/figure>\n\n\n\n<figure class=\"wp-block-image size-large\"><img loading=\"lazy\" decoding=\"async\" width=\"1024\" height=\"441\" src=\"https:\/\/www.contio.cz\/wp-content\/uploads\/2022\/09\/image-6-1024x441.png\" alt=\"\" class=\"wp-image-1184\" srcset=\"https:\/\/www.contio.cz\/wp-content\/uploads\/2022\/09\/image-6-1024x441.png 1024w, https:\/\/www.contio.cz\/wp-content\/uploads\/2022\/09\/image-6-300x129.png 300w, https:\/\/www.contio.cz\/wp-content\/uploads\/2022\/09\/image-6-768x331.png 768w, https:\/\/www.contio.cz\/wp-content\/uploads\/2022\/09\/image-6-1536x661.png 1536w, https:\/\/www.contio.cz\/wp-content\/uploads\/2022\/09\/image-6-2048x882.png 2048w, https:\/\/www.contio.cz\/wp-content\/uploads\/2022\/09\/image-6-1612x694.png 1612w, https:\/\/www.contio.cz\/wp-content\/uploads\/2022\/09\/image-6-1116x481.png 1116w, https:\/\/www.contio.cz\/wp-content\/uploads\/2022\/09\/image-6-806x347.png 806w, https:\/\/www.contio.cz\/wp-content\/uploads\/2022\/09\/image-6-558x240.png 558w, https:\/\/www.contio.cz\/wp-content\/uploads\/2022\/09\/image-6-655x282.png 655w\" sizes=\"auto, (max-width: 1024px) 100vw, 1024px\" \/><\/figure>\n\n\n\n<figure class=\"wp-block-image size-large\"><img loading=\"lazy\" decoding=\"async\" width=\"1024\" height=\"450\" src=\"https:\/\/www.contio.cz\/wp-content\/uploads\/2022\/09\/image-7-1024x450.png\" alt=\"\" class=\"wp-image-1185\" srcset=\"https:\/\/www.contio.cz\/wp-content\/uploads\/2022\/09\/image-7-1024x450.png 1024w, https:\/\/www.contio.cz\/wp-content\/uploads\/2022\/09\/image-7-300x132.png 300w, https:\/\/www.contio.cz\/wp-content\/uploads\/2022\/09\/image-7-768x337.png 768w, https:\/\/www.contio.cz\/wp-content\/uploads\/2022\/09\/image-7-1536x674.png 1536w, https:\/\/www.contio.cz\/wp-content\/uploads\/2022\/09\/image-7-2048x899.png 2048w, https:\/\/www.contio.cz\/wp-content\/uploads\/2022\/09\/image-7-1612x708.png 1612w, https:\/\/www.contio.cz\/wp-content\/uploads\/2022\/09\/image-7-1116x490.png 1116w, https:\/\/www.contio.cz\/wp-content\/uploads\/2022\/09\/image-7-806x354.png 806w, https:\/\/www.contio.cz\/wp-content\/uploads\/2022\/09\/image-7-558x245.png 558w, https:\/\/www.contio.cz\/wp-content\/uploads\/2022\/09\/image-7-655x288.png 655w\" sizes=\"auto, (max-width: 1024px) 100vw, 1024px\" \/><\/figure>\n\n\n\n<figure class=\"wp-block-image size-large\"><img loading=\"lazy\" decoding=\"async\" width=\"1024\" height=\"472\" src=\"https:\/\/www.contio.cz\/wp-content\/uploads\/2022\/09\/image-8-1024x472.png\" alt=\"\" class=\"wp-image-1186\" srcset=\"https:\/\/www.contio.cz\/wp-content\/uploads\/2022\/09\/image-8-1024x472.png 1024w, https:\/\/www.contio.cz\/wp-content\/uploads\/2022\/09\/image-8-300x138.png 300w, https:\/\/www.contio.cz\/wp-content\/uploads\/2022\/09\/image-8-768x354.png 768w, https:\/\/www.contio.cz\/wp-content\/uploads\/2022\/09\/image-8-1536x709.png 1536w, https:\/\/www.contio.cz\/wp-content\/uploads\/2022\/09\/image-8-2048x945.png 2048w, https:\/\/www.contio.cz\/wp-content\/uploads\/2022\/09\/image-8-1612x744.png 1612w, https:\/\/www.contio.cz\/wp-content\/uploads\/2022\/09\/image-8-1116x515.png 1116w, https:\/\/www.contio.cz\/wp-content\/uploads\/2022\/09\/image-8-806x372.png 806w, https:\/\/www.contio.cz\/wp-content\/uploads\/2022\/09\/image-8-558x257.png 558w, https:\/\/www.contio.cz\/wp-content\/uploads\/2022\/09\/image-8-655x302.png 655w\" sizes=\"auto, (max-width: 1024px) 100vw, 1024px\" \/><\/figure>\n\n\n\n<figure class=\"wp-block-image size-large\"><img loading=\"lazy\" decoding=\"async\" width=\"1024\" height=\"506\" src=\"https:\/\/www.contio.cz\/wp-content\/uploads\/2022\/09\/image-9-1024x506.png\" alt=\"\" class=\"wp-image-1187\" srcset=\"https:\/\/www.contio.cz\/wp-content\/uploads\/2022\/09\/image-9-1024x506.png 1024w, https:\/\/www.contio.cz\/wp-content\/uploads\/2022\/09\/image-9-300x148.png 300w, https:\/\/www.contio.cz\/wp-content\/uploads\/2022\/09\/image-9-768x380.png 768w, https:\/\/www.contio.cz\/wp-content\/uploads\/2022\/09\/image-9-1536x760.png 1536w, https:\/\/www.contio.cz\/wp-content\/uploads\/2022\/09\/image-9-2048x1013.png 2048w, https:\/\/www.contio.cz\/wp-content\/uploads\/2022\/09\/image-9-1612x797.png 1612w, https:\/\/www.contio.cz\/wp-content\/uploads\/2022\/09\/image-9-1116x552.png 1116w, https:\/\/www.contio.cz\/wp-content\/uploads\/2022\/09\/image-9-806x399.png 806w, https:\/\/www.contio.cz\/wp-content\/uploads\/2022\/09\/image-9-558x276.png 558w, https:\/\/www.contio.cz\/wp-content\/uploads\/2022\/09\/image-9-655x324.png 655w\" sizes=\"auto, (max-width: 1024px) 100vw, 1024px\" \/><\/figure>\n\n\n\n<figure class=\"wp-block-image size-large\"><img loading=\"lazy\" decoding=\"async\" width=\"1024\" height=\"484\" src=\"https:\/\/www.contio.cz\/wp-content\/uploads\/2022\/09\/image-10-1024x484.png\" alt=\"\" class=\"wp-image-1188\" srcset=\"https:\/\/www.contio.cz\/wp-content\/uploads\/2022\/09\/image-10-1024x484.png 1024w, https:\/\/www.contio.cz\/wp-content\/uploads\/2022\/09\/image-10-300x142.png 300w, https:\/\/www.contio.cz\/wp-content\/uploads\/2022\/09\/image-10-768x363.png 768w, https:\/\/www.contio.cz\/wp-content\/uploads\/2022\/09\/image-10-1536x726.png 1536w, https:\/\/www.contio.cz\/wp-content\/uploads\/2022\/09\/image-10-2048x968.png 2048w, https:\/\/www.contio.cz\/wp-content\/uploads\/2022\/09\/image-10-1612x762.png 1612w, https:\/\/www.contio.cz\/wp-content\/uploads\/2022\/09\/image-10-1116x528.png 1116w, https:\/\/www.contio.cz\/wp-content\/uploads\/2022\/09\/image-10-806x381.png 806w, https:\/\/www.contio.cz\/wp-content\/uploads\/2022\/09\/image-10-558x264.png 558w, https:\/\/www.contio.cz\/wp-content\/uploads\/2022\/09\/image-10-655x310.png 655w\" sizes=\"auto, (max-width: 1024px) 100vw, 1024px\" \/><\/figure>\n\n\n\n<figure class=\"wp-block-image size-large\"><img loading=\"lazy\" decoding=\"async\" width=\"1024\" height=\"554\" src=\"https:\/\/www.contio.cz\/wp-content\/uploads\/2022\/09\/image-11-1024x554.png\" alt=\"\" class=\"wp-image-1189\" srcset=\"https:\/\/www.contio.cz\/wp-content\/uploads\/2022\/09\/image-11-1024x554.png 1024w, https:\/\/www.contio.cz\/wp-content\/uploads\/2022\/09\/image-11-300x162.png 300w, https:\/\/www.contio.cz\/wp-content\/uploads\/2022\/09\/image-11-768x416.png 768w, https:\/\/www.contio.cz\/wp-content\/uploads\/2022\/09\/image-11-1536x831.png 1536w, https:\/\/www.contio.cz\/wp-content\/uploads\/2022\/09\/image-11-2048x1108.png 2048w, https:\/\/www.contio.cz\/wp-content\/uploads\/2022\/09\/image-11-1612x872.png 1612w, https:\/\/www.contio.cz\/wp-content\/uploads\/2022\/09\/image-11-1116x604.png 1116w, https:\/\/www.contio.cz\/wp-content\/uploads\/2022\/09\/image-11-806x436.png 806w, https:\/\/www.contio.cz\/wp-content\/uploads\/2022\/09\/image-11-558x302.png 558w, https:\/\/www.contio.cz\/wp-content\/uploads\/2022\/09\/image-11-655x354.png 655w\" sizes=\"auto, (max-width: 1024px) 100vw, 1024px\" \/><\/figure>\n\n\n\n<figure class=\"wp-block-image size-large\"><img loading=\"lazy\" decoding=\"async\" width=\"1024\" height=\"508\" src=\"https:\/\/www.contio.cz\/wp-content\/uploads\/2022\/09\/image-12-1024x508.png\" alt=\"\" class=\"wp-image-1190\" srcset=\"https:\/\/www.contio.cz\/wp-content\/uploads\/2022\/09\/image-12-1024x508.png 1024w, https:\/\/www.contio.cz\/wp-content\/uploads\/2022\/09\/image-12-300x149.png 300w, https:\/\/www.contio.cz\/wp-content\/uploads\/2022\/09\/image-12-768x381.png 768w, https:\/\/www.contio.cz\/wp-content\/uploads\/2022\/09\/image-12-1536x762.png 1536w, https:\/\/www.contio.cz\/wp-content\/uploads\/2022\/09\/image-12-2048x1016.png 2048w, https:\/\/www.contio.cz\/wp-content\/uploads\/2022\/09\/image-12-1612x800.png 1612w, https:\/\/www.contio.cz\/wp-content\/uploads\/2022\/09\/image-12-1116x554.png 1116w, https:\/\/www.contio.cz\/wp-content\/uploads\/2022\/09\/image-12-806x400.png 806w, https:\/\/www.contio.cz\/wp-content\/uploads\/2022\/09\/image-12-558x277.png 558w, https:\/\/www.contio.cz\/wp-content\/uploads\/2022\/09\/image-12-655x325.png 655w\" sizes=\"auto, (max-width: 1024px) 100vw, 1024px\" \/><\/figure>\n\n\n\n<figure class=\"wp-block-image size-large\"><img loading=\"lazy\" decoding=\"async\" width=\"1024\" height=\"439\" src=\"https:\/\/www.contio.cz\/wp-content\/uploads\/2022\/09\/image-13-1024x439.png\" alt=\"\" class=\"wp-image-1191\" srcset=\"https:\/\/www.contio.cz\/wp-content\/uploads\/2022\/09\/image-13-1024x439.png 1024w, https:\/\/www.contio.cz\/wp-content\/uploads\/2022\/09\/image-13-300x129.png 300w, https:\/\/www.contio.cz\/wp-content\/uploads\/2022\/09\/image-13-768x329.png 768w, https:\/\/www.contio.cz\/wp-content\/uploads\/2022\/09\/image-13-1536x658.png 1536w, https:\/\/www.contio.cz\/wp-content\/uploads\/2022\/09\/image-13-2048x878.png 2048w, https:\/\/www.contio.cz\/wp-content\/uploads\/2022\/09\/image-13-1482x635.png 1482w, https:\/\/www.contio.cz\/wp-content\/uploads\/2022\/09\/image-13-1612x691.png 1612w, https:\/\/www.contio.cz\/wp-content\/uploads\/2022\/09\/image-13-1116x478.png 1116w, https:\/\/www.contio.cz\/wp-content\/uploads\/2022\/09\/image-13-806x345.png 806w, https:\/\/www.contio.cz\/wp-content\/uploads\/2022\/09\/image-13-558x239.png 558w, https:\/\/www.contio.cz\/wp-content\/uploads\/2022\/09\/image-13-655x281.png 655w\" sizes=\"auto, (max-width: 1024px) 100vw, 1024px\" \/><\/figure>\n\n\n\n<figure class=\"wp-block-image size-large\"><img loading=\"lazy\" decoding=\"async\" width=\"1024\" height=\"479\" src=\"https:\/\/www.contio.cz\/wp-content\/uploads\/2022\/09\/image-14-1024x479.png\" alt=\"\" class=\"wp-image-1192\" srcset=\"https:\/\/www.contio.cz\/wp-content\/uploads\/2022\/09\/image-14-1024x479.png 1024w, https:\/\/www.contio.cz\/wp-content\/uploads\/2022\/09\/image-14-300x140.png 300w, https:\/\/www.contio.cz\/wp-content\/uploads\/2022\/09\/image-14-768x359.png 768w, https:\/\/www.contio.cz\/wp-content\/uploads\/2022\/09\/image-14-1536x718.png 1536w, https:\/\/www.contio.cz\/wp-content\/uploads\/2022\/09\/image-14-2048x957.png 2048w, https:\/\/www.contio.cz\/wp-content\/uploads\/2022\/09\/image-14-1612x754.png 1612w, https:\/\/www.contio.cz\/wp-content\/uploads\/2022\/09\/image-14-1116x522.png 1116w, https:\/\/www.contio.cz\/wp-content\/uploads\/2022\/09\/image-14-806x377.png 806w, https:\/\/www.contio.cz\/wp-content\/uploads\/2022\/09\/image-14-558x261.png 558w, https:\/\/www.contio.cz\/wp-content\/uploads\/2022\/09\/image-14-655x306.png 655w\" sizes=\"auto, (max-width: 1024px) 100vw, 1024px\" \/><\/figure>\n\n\n\n<figure class=\"wp-block-image size-large\"><img loading=\"lazy\" decoding=\"async\" width=\"1024\" height=\"263\" src=\"https:\/\/www.contio.cz\/wp-content\/uploads\/2022\/09\/image-15-1024x263.png\" alt=\"\" class=\"wp-image-1193\" srcset=\"https:\/\/www.contio.cz\/wp-content\/uploads\/2022\/09\/image-15-1024x263.png 1024w, https:\/\/www.contio.cz\/wp-content\/uploads\/2022\/09\/image-15-300x77.png 300w, https:\/\/www.contio.cz\/wp-content\/uploads\/2022\/09\/image-15-768x197.png 768w, https:\/\/www.contio.cz\/wp-content\/uploads\/2022\/09\/image-15-1536x395.png 1536w, https:\/\/www.contio.cz\/wp-content\/uploads\/2022\/09\/image-15-2048x526.png 2048w, https:\/\/www.contio.cz\/wp-content\/uploads\/2022\/09\/image-15-1612x414.png 1612w, https:\/\/www.contio.cz\/wp-content\/uploads\/2022\/09\/image-15-1116x287.png 1116w, https:\/\/www.contio.cz\/wp-content\/uploads\/2022\/09\/image-15-806x207.png 806w, https:\/\/www.contio.cz\/wp-content\/uploads\/2022\/09\/image-15-558x143.png 558w, https:\/\/www.contio.cz\/wp-content\/uploads\/2022\/09\/image-15-655x168.png 655w\" sizes=\"auto, (max-width: 1024px) 100vw, 1024px\" \/><\/figure>\n","protected":false},"excerpt":{"rendered":"","protected":false},"author":2,"featured_media":0,"parent":0,"menu_order":0,"comment_status":"closed","ping_status":"closed","template":"","meta":{"_acf_changed":false,"footnotes":""},"class_list":["post-14029","page","type-page","status-publish","hentry"],"acf":[],"yoast_head":"<!-- This site is optimized with the Yoast SEO plugin v27.2 - https:\/\/yoast.com\/product\/yoast-seo-wordpress\/ -->\n<title>Lista de precios Regionka 24 Tabor - Bezobslu\u017en\u00e1 24 hodinov\u00e1 prodejna Contio 24<\/title>\n<meta name=\"robots\" content=\"index, follow, max-snippet:-1, max-image-preview:large, max-video-preview:-1\" \/>\n<link rel=\"canonical\" href=\"https:\/\/www.contio.cz\/es\/lista-de-precios-regionka-24-tabor\/\" \/>\n<meta property=\"og:locale\" content=\"es_ES\" \/>\n<meta property=\"og:type\" content=\"article\" \/>\n<meta property=\"og:title\" content=\"Lista de precios Regionka 24 Tabor - Bezobslu\u017en\u00e1 24 hodinov\u00e1 prodejna Contio 24\" \/>\n<meta property=\"og:url\" content=\"https:\/\/www.contio.cz\/es\/lista-de-precios-regionka-24-tabor\/\" \/>\n<meta property=\"og:site_name\" content=\"Bezobslu\u017en\u00e1 24 hodinov\u00e1 prodejna Contio 24\" \/>\n<meta property=\"article:modified_time\" content=\"2024-11-03T10:12:22+00:00\" \/>\n<meta property=\"og:image\" content=\"https:\/\/www.contio.cz\/wp-content\/uploads\/2022\/09\/image.png\" \/>\n\t<meta property=\"og:image:width\" content=\"3123\" \/>\n\t<meta property=\"og:image:height\" content=\"1313\" \/>\n\t<meta property=\"og:image:type\" content=\"image\/png\" \/>\n<meta name=\"twitter:card\" content=\"summary_large_image\" \/>\n<script type=\"application\/ld+json\" class=\"yoast-schema-graph\">{\"@context\":\"https:\/\/schema.org\",\"@graph\":[{\"@type\":\"WebPage\",\"@id\":\"https:\/\/www.contio.cz\/es\/lista-de-precios-regionka-24-tabor\/\",\"url\":\"https:\/\/www.contio.cz\/es\/lista-de-precios-regionka-24-tabor\/\",\"name\":\"Lista de precios Regionka 24 Tabor - Bezobslu\u017en\u00e1 24 hodinov\u00e1 prodejna Contio 24\",\"isPartOf\":{\"@id\":\"https:\/\/www.contio.cz\/es\/#website\"},\"primaryImageOfPage\":{\"@id\":\"https:\/\/www.contio.cz\/es\/lista-de-precios-regionka-24-tabor\/#primaryimage\"},\"image\":{\"@id\":\"https:\/\/www.contio.cz\/es\/lista-de-precios-regionka-24-tabor\/#primaryimage\"},\"thumbnailUrl\":\"https:\/\/www.contio.cz\/wp-content\/uploads\/2022\/09\/image-1024x431.png\",\"datePublished\":\"2022-09-01T18:14:25+00:00\",\"dateModified\":\"2024-11-03T10:12:22+00:00\",\"breadcrumb\":{\"@id\":\"https:\/\/www.contio.cz\/es\/lista-de-precios-regionka-24-tabor\/#breadcrumb\"},\"inLanguage\":\"es\",\"potentialAction\":[{\"@type\":\"ReadAction\",\"target\":[\"https:\/\/www.contio.cz\/es\/lista-de-precios-regionka-24-tabor\/\"]}]},{\"@type\":\"ImageObject\",\"inLanguage\":\"es\",\"@id\":\"https:\/\/www.contio.cz\/es\/lista-de-precios-regionka-24-tabor\/#primaryimage\",\"url\":\"https:\/\/www.contio.cz\/wp-content\/uploads\/2022\/09\/image-1024x431.png\",\"contentUrl\":\"https:\/\/www.contio.cz\/wp-content\/uploads\/2022\/09\/image-1024x431.png\"},{\"@type\":\"BreadcrumbList\",\"@id\":\"https:\/\/www.contio.cz\/es\/lista-de-precios-regionka-24-tabor\/#breadcrumb\",\"itemListElement\":[{\"@type\":\"ListItem\",\"position\":1,\"name\":\"Dom\u016f\",\"item\":\"https:\/\/www.contio.cz\/es\/\"},{\"@type\":\"ListItem\",\"position\":2,\"name\":\"Lista de precios Regionka 24 Tabor\"}]},{\"@type\":\"WebSite\",\"@id\":\"https:\/\/www.contio.cz\/es\/#website\",\"url\":\"https:\/\/www.contio.cz\/es\/\",\"name\":\"Bezobslu\u017en\u00e1 24 hodinov\u00e1 prodejna Contio 24\",\"description\":\"Bezobslu\u017en\u00e9 vybaven\u00ed pro bezpe\u010dn\u00fd 24 hodinov\u00fd provoz\",\"potentialAction\":[{\"@type\":\"SearchAction\",\"target\":{\"@type\":\"EntryPoint\",\"urlTemplate\":\"https:\/\/www.contio.cz\/es\/?s={search_term_string}\"},\"query-input\":{\"@type\":\"PropertyValueSpecification\",\"valueRequired\":true,\"valueName\":\"search_term_string\"}}],\"inLanguage\":\"es\"}]}<\/script>\n<!-- \/ Yoast SEO plugin. -->","yoast_head_json":{"title":"Lista de precios Regionka 24 Tabor - Bezobslu\u017en\u00e1 24 hodinov\u00e1 prodejna Contio 24","robots":{"index":"index","follow":"follow","max-snippet":"max-snippet:-1","max-image-preview":"max-image-preview:large","max-video-preview":"max-video-preview:-1"},"canonical":"https:\/\/www.contio.cz\/es\/lista-de-precios-regionka-24-tabor\/","og_locale":"es_ES","og_type":"article","og_title":"Lista de precios Regionka 24 Tabor - Bezobslu\u017en\u00e1 24 hodinov\u00e1 prodejna Contio 24","og_url":"https:\/\/www.contio.cz\/es\/lista-de-precios-regionka-24-tabor\/","og_site_name":"Bezobslu\u017en\u00e1 24 hodinov\u00e1 prodejna Contio 24","article_modified_time":"2024-11-03T10:12:22+00:00","og_image":[{"width":3123,"height":1313,"url":"https:\/\/www.contio.cz\/wp-content\/uploads\/2022\/09\/image.png","type":"image\/png"}],"twitter_card":"summary_large_image","schema":{"@context":"https:\/\/schema.org","@graph":[{"@type":"WebPage","@id":"https:\/\/www.contio.cz\/es\/lista-de-precios-regionka-24-tabor\/","url":"https:\/\/www.contio.cz\/es\/lista-de-precios-regionka-24-tabor\/","name":"Lista de precios Regionka 24 Tabor - Bezobslu\u017en\u00e1 24 hodinov\u00e1 prodejna Contio 24","isPartOf":{"@id":"https:\/\/www.contio.cz\/es\/#website"},"primaryImageOfPage":{"@id":"https:\/\/www.contio.cz\/es\/lista-de-precios-regionka-24-tabor\/#primaryimage"},"image":{"@id":"https:\/\/www.contio.cz\/es\/lista-de-precios-regionka-24-tabor\/#primaryimage"},"thumbnailUrl":"https:\/\/www.contio.cz\/wp-content\/uploads\/2022\/09\/image-1024x431.png","datePublished":"2022-09-01T18:14:25+00:00","dateModified":"2024-11-03T10:12:22+00:00","breadcrumb":{"@id":"https:\/\/www.contio.cz\/es\/lista-de-precios-regionka-24-tabor\/#breadcrumb"},"inLanguage":"es","potentialAction":[{"@type":"ReadAction","target":["https:\/\/www.contio.cz\/es\/lista-de-precios-regionka-24-tabor\/"]}]},{"@type":"ImageObject","inLanguage":"es","@id":"https:\/\/www.contio.cz\/es\/lista-de-precios-regionka-24-tabor\/#primaryimage","url":"https:\/\/www.contio.cz\/wp-content\/uploads\/2022\/09\/image-1024x431.png","contentUrl":"https:\/\/www.contio.cz\/wp-content\/uploads\/2022\/09\/image-1024x431.png"},{"@type":"BreadcrumbList","@id":"https:\/\/www.contio.cz\/es\/lista-de-precios-regionka-24-tabor\/#breadcrumb","itemListElement":[{"@type":"ListItem","position":1,"name":"Dom\u016f","item":"https:\/\/www.contio.cz\/es\/"},{"@type":"ListItem","position":2,"name":"Lista de precios Regionka 24 Tabor"}]},{"@type":"WebSite","@id":"https:\/\/www.contio.cz\/es\/#website","url":"https:\/\/www.contio.cz\/es\/","name":"Bezobslu\u017en\u00e1 24 hodinov\u00e1 prodejna Contio 24","description":"Bezobslu\u017en\u00e9 vybaven\u00ed pro bezpe\u010dn\u00fd 24 hodinov\u00fd provoz","potentialAction":[{"@type":"SearchAction","target":{"@type":"EntryPoint","urlTemplate":"https:\/\/www.contio.cz\/es\/?s={search_term_string}"},"query-input":{"@type":"PropertyValueSpecification","valueRequired":true,"valueName":"search_term_string"}}],"inLanguage":"es"}]}},"_links":{"self":[{"href":"https:\/\/www.contio.cz\/es\/wp-json\/wp\/v2\/pages\/14029","targetHints":{"allow":["GET"]}}],"collection":[{"href":"https:\/\/www.contio.cz\/es\/wp-json\/wp\/v2\/pages"}],"about":[{"href":"https:\/\/www.contio.cz\/es\/wp-json\/wp\/v2\/types\/page"}],"author":[{"embeddable":true,"href":"https:\/\/www.contio.cz\/es\/wp-json\/wp\/v2\/users\/2"}],"replies":[{"embeddable":true,"href":"https:\/\/www.contio.cz\/es\/wp-json\/wp\/v2\/comments?post=14029"}],"version-history":[{"count":1,"href":"https:\/\/www.contio.cz\/es\/wp-json\/wp\/v2\/pages\/14029\/revisions"}],"predecessor-version":[{"id":15057,"href":"https:\/\/www.contio.cz\/es\/wp-json\/wp\/v2\/pages\/14029\/revisions\/15057"}],"wp:attachment":[{"href":"https:\/\/www.contio.cz\/es\/wp-json\/wp\/v2\/media?parent=14029"}],"curies":[{"name":"wp","href":"https:\/\/api.w.org\/{rel}","templated":true}]}}