{"id":4372,"date":"2023-06-20T08:46:48","date_gmt":"2023-06-20T06:46:48","guid":{"rendered":"https:\/\/www.contio.cz\/web-farm-2\/"},"modified":"2024-07-18T14:30:46","modified_gmt":"2024-07-18T12:30:46","slug":"unmanned-store-for-farm-products","status":"publish","type":"page","link":"https:\/\/www.contio.cz\/en\/unmanned-store-for-farm-products\/","title":{"rendered":"Automatic shop for farm shops"},"content":{"rendered":"<div class=\"wpb-content-wrapper\"><p>[vc_row el_class=&#8221;custom_banner_web_farm&#8221;][vc_column el_class=&#8221;slider_banner&#8221;]\n\t\t\t<!-- START New Web Farm English REVOLUTION SLIDER 6.7.40 --><p class=\"rs-p-wp-fix\"><\/p>\n\t\t\t<rs-module-wrap id=\"rev_slider_131_1_wrapper\" data-source=\"gallery\" style=\"visibility:hidden;background:transparent;padding:0;margin:0px auto;margin-top:0;margin-bottom:0;\">\n\t\t\t\t<rs-module id=\"rev_slider_131_1\" style=\"\" data-version=\"6.7.40\">\n\t\t\t\t\t<rs-slides style=\"overflow: hidden; position: absolute;\">\n\t\t\t\t\t\t<rs-slide style=\"position: absolute;\" data-key=\"rs-246\" data-title=\"Weathy Forecast\" data-anim=\"adpr:false;ms:600;\" data-in=\"o:0;\" data-out=\"a:false;\">\n\t\t\t\t\t\t\t<img decoding=\"async\" src=\"\/\/www.contio.cz\/wp-content\/plugins\/revslider\/sr6\/assets\/assets\/dummy.png\" alt=\"\" title=\"web_farm2-07\" width=\"8001\" height=\"3911\" class=\"rev-slidebg tp-rs-img rs-lazyload\" data-lazyload=\"\/\/www.contio.cz\/wp-content\/uploads\/2023\/06\/web_farm2-07.png\" data-parallax=\"off\" data-no-retina>\n<!--\n\t\t\t\t\t\t\t--><a\n\t\t\t\t\t\t\t\tid=\"slider-131-slide-246-layer-0\" \n\t\t\t\t\t\t\t\tclass=\"rs-layer rev-btn\"\n\t\t\t\t\t\t\t\thref=\"https:\/\/www.contio.cz\/en\/reference-cashierless-stores\/\" target=\"_self\"\n\t\t\t\t\t\t\t\tdata-type=\"button\"\n\t\t\t\t\t\t\t\tdata-rsp_ch=\"on\"\n\t\t\t\t\t\t\t\tdata-xy=\"x:r;y:m;yo:144px,144px,137px,120px;\"\n\t\t\t\t\t\t\t\tdata-text=\"w:normal;s:17,17,24,20;l:40,40,26,16;fw:500;\"\n\t\t\t\t\t\t\t\tdata-dim=\"minh:0px,none,none,none;\"\n\t\t\t\t\t\t\t\tdata-margin=\"r:0,15,15,15;\"\n\t\t\t\t\t\t\t\tdata-padding=\"t:0,0,7,7;r:25,25,17,10;b:0,0,7,7;l:25,25,17,10;\"\n\t\t\t\t\t\t\t\tdata-border=\"bor:25px,25px,25px,25px;\"\n\t\t\t\t\t\t\t\tdata-frame_1=\"st:2740;sR:2740;\"\n\t\t\t\t\t\t\t\tdata-frame_999=\"o:0;st:w;sR:5960;\"\n\t\t\t\t\t\t\t\tdata-frame_hover=\"bgc:#2d8259;bor:25px,25px,25px,25px;bri:120%;\"\n\t\t\t\t\t\t\t\tstyle=\"z-index:14;background-color:#5dbead;font-family:'Roboto';\"\n\t\t\t\t\t\t\t>Reference stores \n\t\t\t\t\t\t\t<\/a><!--\n\n\t\t\t\t\t\t\t--><rs-layer\n\t\t\t\t\t\t\t\tid=\"slider-131-slide-246-layer-2\" \n\t\t\t\t\t\t\t\tclass=\"rs-pxl-2\"\n\t\t\t\t\t\t\t\tdata-type=\"image\"\n\t\t\t\t\t\t\t\tdata-rsp_ch=\"on\"\n\t\t\t\t\t\t\t\tdata-xy=\"xo:1232px;yo:71px;\"\n\t\t\t\t\t\t\t\tdata-text=\"l:22;\"\n\t\t\t\t\t\t\t\tdata-dim=\"w:[&#039;115px&#039;,&#039;115px&#039;,&#039;115px&#039;,&#039;115px&#039;];h:[&#039;117px&#039;,&#039;117px&#039;,&#039;117px&#039;,&#039;117px&#039;];\"\n\t\t\t\t\t\t\t\tdata-vbility=\"f,f,f,f\"\n\t\t\t\t\t\t\t\tdata-frame_1=\"e:power2.inOut;st:500;sR:500;\"\n\t\t\t\t\t\t\t\tdata-frame_999=\"o:0;e:nothing;st:w;sR:8200;\"\n\t\t\t\t\t\t\t\tstyle=\"z-index:5;\"\n\t\t\t\t\t\t\t><img decoding=\"async\" src=\"\/\/www.contio.cz\/wp-content\/plugins\/revslider\/sr6\/assets\/assets\/dummy.png\" alt=\"\" class=\"tp-rs-img rs-lazyload\" width=\"230\" height=\"233\" data-lazyload=\"\/\/www.contio.cz\/wp-content\/uploads\/2016\/05\/sun.png\" data-no-retina> \n\t\t\t\t\t\t\t<\/rs-layer><!--\n\n\t\t\t\t\t\t\t--><rs-layer\n\t\t\t\t\t\t\t\tid=\"slider-131-slide-246-layer-3\" \n\t\t\t\t\t\t\t\tdata-type=\"image\"\n\t\t\t\t\t\t\t\tdata-rsp_ch=\"on\"\n\t\t\t\t\t\t\t\tdata-xy=\"xo:886px;yo:186px;\"\n\t\t\t\t\t\t\t\tdata-text=\"l:22;\"\n\t\t\t\t\t\t\t\tdata-dim=\"w:[&#039;354px&#039;,&#039;354px&#039;,&#039;354px&#039;,&#039;354px&#039;];h:[&#039;616px&#039;,&#039;616px&#039;,&#039;616px&#039;,&#039;616px&#039;];\"\n\t\t\t\t\t\t\t\tdata-vbility=\"f,f,f,f\"\n\t\t\t\t\t\t\t\tdata-frame_0=\"x:50px;\"\n\t\t\t\t\t\t\t\tdata-frame_1=\"e:power1.out;st:800;sR:800;\"\n\t\t\t\t\t\t\t\tdata-frame_999=\"x:50px;o:0;e:nothing;st:w;sR:7900;\"\n\t\t\t\t\t\t\t\tstyle=\"z-index:10;\"\n\t\t\t\t\t\t\t><img decoding=\"async\" src=\"\/\/www.contio.cz\/wp-content\/plugins\/revslider\/sr6\/assets\/assets\/dummy.png\" alt=\"\" class=\"tp-rs-img rs-lazyload\" width=\"708\" height=\"1231\" data-lazyload=\"\/\/www.contio.cz\/wp-content\/uploads\/2016\/05\/hand.png\" data-no-retina> \n\t\t\t\t\t\t\t<\/rs-layer><!--\n\n\t\t\t\t\t\t\t--><rs-layer\n\t\t\t\t\t\t\t\tid=\"slider-131-slide-246-layer-4\" \n\t\t\t\t\t\t\t\tclass=\"rs-pxl-1\"\n\t\t\t\t\t\t\t\tdata-type=\"image\"\n\t\t\t\t\t\t\t\tdata-rsp_ch=\"on\"\n\t\t\t\t\t\t\t\tdata-xy=\"xo:-500px;yo:611px;\"\n\t\t\t\t\t\t\t\tdata-text=\"l:22;\"\n\t\t\t\t\t\t\t\tdata-dim=\"w:[&#039;2503px&#039;,&#039;2503px&#039;,&#039;2503px&#039;,&#039;2503px&#039;];h:[&#039;354px&#039;,&#039;354px&#039;,&#039;354px&#039;,&#039;354px&#039;];\"\n\t\t\t\t\t\t\t\tdata-vbility=\"f,f,f,f\"\n\t\t\t\t\t\t\t\tdata-frame_0=\"sX:0.9;sY:0.9;\"\n\t\t\t\t\t\t\t\tdata-frame_1=\"st:500;sp:1500;sR:500;\"\n\t\t\t\t\t\t\t\tdata-frame_999=\"o:0;e:nothing;st:w;sR:7000;\"\n\t\t\t\t\t\t\t\tstyle=\"z-index:8;\"\n\t\t\t\t\t\t\t><img decoding=\"async\" src=\"\/\/www.contio.cz\/wp-content\/plugins\/revslider\/sr6\/assets\/assets\/dummy.png\" alt=\"\" class=\"tp-rs-img rs-lazyload\" width=\"4998\" height=\"707\" data-lazyload=\"\/\/www.contio.cz\/wp-content\/uploads\/2016\/05\/wave.png\" data-no-retina> \n\t\t\t\t\t\t\t<\/rs-layer><!--\n\n\t\t\t\t\t\t\t--><rs-layer\n\t\t\t\t\t\t\t\tid=\"slider-131-slide-246-layer-5\" \n\t\t\t\t\t\t\t\tdata-type=\"text\"\n\t\t\t\t\t\t\t\tdata-color=\"rgba(255, 255, 255, 1)\"\n\t\t\t\t\t\t\t\tdata-rsp_ch=\"on\"\n\t\t\t\t\t\t\t\tdata-xy=\"xo:80px;yo:220px;\"\n\t\t\t\t\t\t\t\tdata-text=\"s:125;l:185;\"\n\t\t\t\t\t\t\t\tdata-frame_0=\"o:1;\"\n\t\t\t\t\t\t\t\tdata-frame_0_chars=\"d:5;y:-50px;o:0;\"\n\t\t\t\t\t\t\t\tdata-frame_1=\"e:power4.inOut;st:40;sp:1000;sR:40;\"\n\t\t\t\t\t\t\t\tdata-frame_1_chars=\"d:5;\"\n\t\t\t\t\t\t\t\tdata-frame_999=\"o:0;e:nothing;st:w;sR:7960;\"\n\t\t\t\t\t\t\t\tstyle=\"z-index:11;font-family:'Roboto';\"\n\t\t\t\t\t\t\t> \n\t\t\t\t\t\t\t<\/rs-layer><!--\n\n\t\t\t\t\t\t\t--><rs-layer\n\t\t\t\t\t\t\t\tid=\"slider-131-slide-246-layer-6\" \n\t\t\t\t\t\t\t\tdata-type=\"text\"\n\t\t\t\t\t\t\t\tdata-color=\"rgba(255, 255, 255, 1)\"\n\t\t\t\t\t\t\t\tdata-rsp_ch=\"on\"\n\t\t\t\t\t\t\t\tdata-xy=\"x:r;y:m;yo:1px,1px,-30px,-30px;\"\n\t\t\t\t\t\t\t\tdata-text=\"w:normal;s:40,40,35,30;l:50;a:right;\"\n\t\t\t\t\t\t\t\tdata-dim=\"w:604px,604px,503px,465px;\"\n\t\t\t\t\t\t\t\tdata-padding=\"r:0,15,15,15;\"\n\t\t\t\t\t\t\t\tdata-frame_0=\"y:100%;\"\n\t\t\t\t\t\t\t\tdata-frame_0_mask=\"u:t;y:100%;\"\n\t\t\t\t\t\t\t\tdata-frame_1=\"e:power2.inOut;st:770;sp:2000;sR:770;\"\n\t\t\t\t\t\t\t\tdata-frame_1_mask=\"u:t;\"\n\t\t\t\t\t\t\t\tdata-frame_999=\"o:0;e:nothing;st:w;sR:6230;\"\n\t\t\t\t\t\t\t\tstyle=\"z-index:12;font-family:'Roboto';\"\n\t\t\t\t\t\t\t>Autonomous trade for farms and local products \n\t\t\t\t\t\t\t<\/rs-layer><!--\n\n\t\t\t\t\t\t\t--><rs-layer\n\t\t\t\t\t\t\t\tid=\"slider-131-slide-246-layer-7\" \n\t\t\t\t\t\t\t\tdata-type=\"text\"\n\t\t\t\t\t\t\t\tdata-color=\"#99caff\"\n\t\t\t\t\t\t\t\tdata-rsp_ch=\"on\"\n\t\t\t\t\t\t\t\tdata-xy=\"x:r;y:m;yo:80px,80px,60px,60px;\"\n\t\t\t\t\t\t\t\tdata-text=\"s:22,22,24,20;a:right;\"\n\t\t\t\t\t\t\t\tdata-dim=\"w:545px,545px,560px,458px;\"\n\t\t\t\t\t\t\t\tdata-padding=\"r:0,15,15,15;\"\n\t\t\t\t\t\t\t\tdata-frame_0=\"y:100%;\"\n\t\t\t\t\t\t\t\tdata-frame_0_mask=\"u:t;y:100%;\"\n\t\t\t\t\t\t\t\tdata-frame_1=\"e:power2.inOut;st:1010;sp:2000;sR:1010;\"\n\t\t\t\t\t\t\t\tdata-frame_1_mask=\"u:t;\"\n\t\t\t\t\t\t\t\tdata-frame_999=\"o:0;e:nothing;st:w;sR:5990;\"\n\t\t\t\t\t\t\t\tstyle=\"z-index:13;font-family:'Roboto';\"\n\t\t\t\t\t\t\t>Autonomous sales: from farm to table \n\t\t\t\t\t\t\t<\/rs-layer><!--\n\n\t\t\t\t\t\t\t--><rs-layer\n\t\t\t\t\t\t\t\tid=\"slider-131-slide-246-layer-8\" \n\t\t\t\t\t\t\t\tclass=\"rs-pxl-1\"\n\t\t\t\t\t\t\t\tdata-type=\"image\"\n\t\t\t\t\t\t\t\tdata-rsp_ch=\"on\"\n\t\t\t\t\t\t\t\tdata-xy=\"xo:255px;yo:327px;\"\n\t\t\t\t\t\t\t\tdata-text=\"l:22;\"\n\t\t\t\t\t\t\t\tdata-dim=\"w:[&#039;188px&#039;,&#039;188px&#039;,&#039;188px&#039;,&#039;188px&#039;];h:[&#039;188px&#039;,&#039;188px&#039;,&#039;188px&#039;,&#039;188px&#039;];\"\n\t\t\t\t\t\t\t\tdata-vbility=\"f,f,f,f\"\n\t\t\t\t\t\t\t\tdata-frame_1=\"e:power2.inOut;st:500;sR:500;\"\n\t\t\t\t\t\t\t\tdata-frame_999=\"o:0;e:nothing;st:w;sR:8200;\"\n\t\t\t\t\t\t\t\tstyle=\"z-index:9;\"\n\t\t\t\t\t\t\t><img decoding=\"async\" src=\"\/\/www.contio.cz\/wp-content\/plugins\/revslider\/sr6\/assets\/assets\/dummy.png\" alt=\"\" class=\"tp-rs-img rs-lazyload\" width=\"376\" height=\"376\" data-lazyload=\"\/\/www.contio.cz\/wp-content\/uploads\/2016\/05\/ray.png\" data-no-retina> \n\t\t\t\t\t\t\t<\/rs-layer><!--\n\n\t\t\t\t\t\t\t--><rs-layer\n\t\t\t\t\t\t\t\tid=\"slider-131-slide-246-layer-9\" \n\t\t\t\t\t\t\t\tclass=\"rs-pxl-4\"\n\t\t\t\t\t\t\t\tdata-type=\"image\"\n\t\t\t\t\t\t\t\tdata-rsp_ch=\"on\"\n\t\t\t\t\t\t\t\tdata-xy=\"xo:1117px;yo:116px;\"\n\t\t\t\t\t\t\t\tdata-text=\"l:22;\"\n\t\t\t\t\t\t\t\tdata-dim=\"w:[&#039;262px&#039;,&#039;262px&#039;,&#039;262px&#039;,&#039;262px&#039;];h:[&#039;146px&#039;,&#039;146px&#039;,&#039;146px&#039;,&#039;146px&#039;];\"\n\t\t\t\t\t\t\t\tdata-vbility=\"f,f,f,f\"\n\t\t\t\t\t\t\t\tdata-frame_1=\"e:power2.inOut;st:500;sR:500;\"\n\t\t\t\t\t\t\t\tdata-frame_999=\"o:0;e:nothing;st:w;sR:8200;\"\n\t\t\t\t\t\t\t\tstyle=\"z-index:6;\"\n\t\t\t\t\t\t\t><img decoding=\"async\" src=\"\/\/www.contio.cz\/wp-content\/plugins\/revslider\/sr6\/assets\/assets\/dummy.png\" alt=\"\" class=\"tp-rs-img rs-lazyload\" width=\"298\" height=\"165\" data-lazyload=\"\/\/www.contio.cz\/wp-content\/uploads\/2016\/05\/cloud1.png\" data-no-retina> \n\t\t\t\t\t\t\t<\/rs-layer><!--\n\n\t\t\t\t\t\t\t--><rs-layer\n\t\t\t\t\t\t\t\tid=\"slider-131-slide-246-layer-10\" \n\t\t\t\t\t\t\t\tclass=\"rs-pxl-7\"\n\t\t\t\t\t\t\t\tdata-type=\"image\"\n\t\t\t\t\t\t\t\tdata-rsp_ch=\"on\"\n\t\t\t\t\t\t\t\tdata-xy=\"xo:1005px;yo:152px;\"\n\t\t\t\t\t\t\t\tdata-text=\"l:22;\"\n\t\t\t\t\t\t\t\tdata-dim=\"w:[&#039;149px&#039;,&#039;149px&#039;,&#039;149px&#039;,&#039;149px&#039;];h:[&#039;83px&#039;,&#039;83px&#039;,&#039;83px&#039;,&#039;83px&#039;];\"\n\t\t\t\t\t\t\t\tdata-vbility=\"f,f,f,f\"\n\t\t\t\t\t\t\t\tdata-frame_1=\"e:power2.inOut;st:500;sR:500;\"\n\t\t\t\t\t\t\t\tdata-frame_999=\"o:0;e:nothing;st:w;sR:8200;\"\n\t\t\t\t\t\t\t\tstyle=\"z-index:7;\"\n\t\t\t\t\t\t\t><img decoding=\"async\" src=\"\/\/www.contio.cz\/wp-content\/plugins\/revslider\/sr6\/assets\/assets\/dummy.png\" alt=\"\" class=\"tp-rs-img rs-lazyload\" width=\"524\" height=\"291\" data-lazyload=\"\/\/www.contio.cz\/wp-content\/uploads\/2016\/05\/cloud2.png\" data-no-retina> \n\t\t\t\t\t\t\t<\/rs-layer><!--\n-->\t\t\t\t\t<\/rs-slide>\n\t\t\t\t\t<\/rs-slides>\n\t\t\t\t<\/rs-module>\n\t\t\t\t<script>\n\t\t\t\t\tsetREVStartSize({c: 'rev_slider_131_1',rl:[1240,1024,778,480],el:[800,768,960,720],gw:[1170,1170,778,480],gh:[800,768,960,720],type:'standard',justify:'',layout:'fullwidth',mh:\"0\"});if (window.RS_MODULES!==undefined && window.RS_MODULES.modules!==undefined && window.RS_MODULES.modules[\"revslider1311\"]!==undefined) {window.RS_MODULES.modules[\"revslider1311\"].once = false;window.revapi131 = undefined;if (window.RS_MODULES.checkMinimal!==undefined) window.RS_MODULES.checkMinimal()}\n\t\t\t\t<\/script>\n\t\t\t<\/rs-module-wrap>\n\t\t\t<!-- END REVOLUTION SLIDER -->\n[\/vc_column][\/vc_row][vc_row full_width=&#8221;stretch_row_content&#8221; equal_height=&#8221;yes&#8221; content_placement=&#8221;middle&#8221; css=&#8221;.vc_custom_1687343732820{border-bottom-width: 1px !important;padding-top: 80px !important;padding-bottom: 80px !important;border-bottom-color: #b18f7d !important;border-bottom-style: solid !important;}&#8221; el_class=&#8221;section_custom_row_css order_2&#8243;][vc_column width=&#8221;1\/2&#8243; css=&#8221;.vc_custom_1687260086145{margin-top: 0px !important;margin-bottom: 0px !important;}&#8221; el_class=&#8221;order_1&#8243;][lab_heading title_tag=&#8221;H3&#8243; title=&#8221;Low cost operation&#8221; css=&#8221;.vc_custom_1698664169153{padding-top: 50px !important;padding-right: 50px !important;padding-bottom: 50px !important;padding-left: 50px !important;}&#8221;]Unmanned systems do not require staff presence for processing sales.<br \/>\nAll that you need to do is stock the shelves and the customers take care of payments independently.[\/lab_heading][\/vc_column][vc_column width=&#8221;1\/2&#8243; el_class=&#8221;figure-margin-bottom order_2&#8243; css=&#8221;.vc_custom_1687260089657{margin-top: 0px !important;margin-bottom: 0px !important;}&#8221;][vc_single_image image=&#8221;4238&#8243; img_size=&#8221;full&#8221; alignment=&#8221;center&#8221;][\/vc_column][\/vc_row][vc_row full_width=&#8221;stretch_row_content&#8221; equal_height=&#8221;yes&#8221; content_placement=&#8221;middle&#8221; el_class=&#8221;section_custom_row_css section_background_02&#8243; css=&#8221;.vc_custom_1687244290123{padding-top: 100px !important;padding-bottom: 100px !important;}&#8221;][vc_column width=&#8221;1\/2&#8243; css=&#8221;.vc_custom_1687344609999{margin-top: 0px !important;margin-bottom: 0px !important;padding-top: 0px !important;padding-right: 0px !important;padding-bottom: 0px !important;padding-left: 0px !important;}&#8221; el_class=&#8221;order_2&#8243;][vc_single_image image=&#8221;4243&#8243; img_size=&#8221;full&#8221; alignment=&#8221;center&#8221; css=&#8221;.vc_custom_1687344668080{padding-top: 50px !important;padding-right: 50px !important;padding-bottom: 50px !important;padding-left: 50px !important;}&#8221; el_class=&#8221;custom_image_css&#8221;][\/vc_column][vc_column width=&#8221;1\/2&#8243; el_class=&#8221;figure-margin-bottom order_1&#8243;][lab_heading title_tag=&#8221;H3&#8243; title=&#8221;Business, brand, and product collaborations&#8221; css=&#8221;.vc_custom_1698664307870{padding-top: 50px !important;padding-right: 50px !important;padding-bottom: 50px !important;padding-left: 50px !important;}&#8221;]Take advantage of local networking and subsidy options by connecting with regional merchants, farmers, producers, and wholesalers to share and promote sales. Alternatively, use mobile shops to sell your own products exclusively.<br \/>\n[\/lab_heading][\/vc_column][\/vc_row][vc_row full_width=&#8221;stretch_row_content&#8221; equal_height=&#8221;yes&#8221; content_placement=&#8221;middle&#8221; el_class=&#8221;section_custom_row_css section_background_03&#8243;][vc_column width=&#8221;1\/2&#8243; el_class=&#8221;order_2&#8243;][vc_single_image image=&#8221;4248&#8243; img_size=&#8221;full&#8221; alignment=&#8221;center&#8221;][\/vc_column][vc_column width=&#8221;1\/2&#8243; el_class=&#8221;figure-margin-bottom order_1&#8243;][lab_heading title_tag=&#8221;H3&#8243; title=&#8221;Sell your own products 24\/7&#8243; css=&#8221;.vc_custom_1698664366213{padding-top: 50px !important;padding-right: 50px !important;padding-bottom: 50px !important;padding-left: 50px !important;}&#8221;]Ensure your products are available for purchase 24\/7 and keep costs low by eliminating the need for third-party sellers.<br \/>\nContio technology can be installed in your own brick &#038; mortar space or installed in a fully equipped mobile store.[\/lab_heading][\/vc_column][\/vc_row][vc_row full_width=&#8221;stretch_row_content&#8221; equal_height=&#8221;yes&#8221; content_placement=&#8221;middle&#8221; el_class=&#8221;section_custom_row_css&#8221;][vc_column width=&#8221;1\/2&#8243; el_class=&#8221;order_1&#8243;][lab_heading title_tag=&#8221;H3&#8243; title=&#8221;Turnkey mobile construction&#8221; css=&#8221;.vc_custom_1698664439477{padding-top: 50px !important;padding-right: 50px !important;padding-bottom: 50px !important;padding-left: 50px !important;}&#8221;]Contio also provides businesses with fully equipped stores in varying models. From timber constructed modules to repurposed shipping containers, we have solutions to fit countless business plans. Stores can even be outfitted with solar panels as a cost-saving measure or for stores in remote locations.[\/lab_heading][\/vc_column][vc_column width=&#8221;1\/2&#8243; el_class=&#8221;figure-margin-bottom order_2&#8243;][vc_single_image image=&#8221;4258&#8243; img_size=&#8221;full&#8221; alignment=&#8221;center&#8221;][\/vc_column][\/vc_row][vc_row full_width=&#8221;stretch_row_content&#8221; equal_height=&#8221;yes&#8221; content_placement=&#8221;middle&#8221; el_class=&#8221;section_custom_row_css section_background_05&#8243; css=&#8221;.vc_custom_1687237785778{background-color: #f9e8d5 !important;}&#8221;][vc_column width=&#8221;1\/2&#8243; el_class=&#8221;order_1&#8243;][lab_heading title_tag=&#8221;H3&#8243; title=&#8221;Supplementary sales from wholesalers&#8221; css=&#8221;.vc_custom_1698664479525{padding-top: 50px !important;padding-right: 50px !important;padding-bottom: 50px !important;padding-left: 50px !important;}&#8221;]Contio also partners with wholesalers who can supply business owners with an additional assortment of everyday products.[\/lab_heading][\/vc_column][vc_column width=&#8221;1\/2&#8243; el_class=&#8221;figure-margin-bottom order_2&#8243;][vc_single_image image=&#8221;4266&#8243; img_size=&#8221;full&#8221; alignment=&#8221;center&#8221;][\/vc_column][\/vc_row]<\/p>\n<\/div>","protected":false},"excerpt":{"rendered":"<p>[vc_row el_class=&#8221;custom_banner_web_farm&#8221;][vc_column el_class=&#8221;slider_banner&#8221;][\/vc_column][\/vc_row][vc_row full_width=&#8221;stretch_row_content&#8221; equal_height=&#8221;yes&#8221; content_placement=&#8221;middle&#8221; css=&#8221;.vc_custom_1687343732820{border-bottom-width: 1px !important;padding-top: 80px !important;padding-bottom: 80px !important;border-bottom-color: #b18f7d !important;border-bottom-style: solid !important;}&#8221; el_class=&#8221;section_custom_row_css order_2&#8243;][vc_column width=&#8221;1\/2&#8243; css=&#8221;.vc_custom_1687260086145{margin-top: 0px !important;margin-bottom: 0px !important;}&#8221; el_class=&#8221;order_1&#8243;][lab_heading title_tag=&#8221;H3&#8243; title=&#8221;Low cost operation&#8221; css=&#8221;.vc_custom_1698664169153{padding-top: 50px !important;padding-right: 50px !important;padding-bottom: 50px !important;padding-left: 50px !important;}&#8221;]Unmanned systems do not require staff presence for processing sales. All that you need to do is&hellip;<\/p>\n","protected":false},"author":6,"featured_media":0,"parent":0,"menu_order":0,"comment_status":"closed","ping_status":"closed","template":"","meta":{"_acf_changed":false,"footnotes":""},"class_list":["post-4372","page","type-page","status-publish","hentry"],"acf":[],"yoast_head":"<!-- This site is optimized with the Yoast SEO plugin v27.2 - https:\/\/yoast.com\/product\/yoast-seo-wordpress\/ -->\n<title>Automatic shop for farm shops - Bezobslu\u017en\u00e1 24 hodinov\u00e1 prodejna Contio 24<\/title>\n<meta name=\"description\" content=\"Open a farm shop that sells local produce. The automatic Contio system, completely unattended 24\/7, will help you with this.\" \/>\n<meta name=\"robots\" content=\"index, follow, max-snippet:-1, max-image-preview:large, max-video-preview:-1\" \/>\n<link rel=\"canonical\" href=\"https:\/\/www.contio.cz\/en\/unmanned-store-for-farm-products\/\" \/>\n<meta property=\"og:locale\" content=\"en_US\" \/>\n<meta property=\"og:type\" content=\"article\" \/>\n<meta property=\"og:title\" content=\"Automatic shop for farm shops - Bezobslu\u017en\u00e1 24 hodinov\u00e1 prodejna Contio 24\" \/>\n<meta property=\"og:description\" content=\"Open a farm shop that sells local produce. The automatic Contio system, completely unattended 24\/7, will help you with this.\" \/>\n<meta property=\"og:url\" content=\"https:\/\/www.contio.cz\/en\/unmanned-store-for-farm-products\/\" \/>\n<meta property=\"og:site_name\" content=\"Bezobslu\u017en\u00e1 24 hodinov\u00e1 prodejna Contio 24\" \/>\n<meta property=\"article:modified_time\" content=\"2024-07-18T12:30:46+00:00\" \/>\n<meta name=\"twitter:card\" content=\"summary_large_image\" \/>\n<meta name=\"twitter:label1\" content=\"Est. reading time\" \/>\n\t<meta name=\"twitter:data1\" content=\"2 minutes\" \/>\n<script type=\"application\/ld+json\" class=\"yoast-schema-graph\">{\"@context\":\"https:\/\/schema.org\",\"@graph\":[{\"@type\":\"WebPage\",\"@id\":\"https:\/\/www.contio.cz\/en\/unmanned-store-for-farm-products\/\",\"url\":\"https:\/\/www.contio.cz\/en\/unmanned-store-for-farm-products\/\",\"name\":\"Automatic shop for farm shops - Bezobslu\u017en\u00e1 24 hodinov\u00e1 prodejna Contio 24\",\"isPartOf\":{\"@id\":\"https:\/\/www.contio.cz\/en\/#website\"},\"datePublished\":\"2023-06-20T06:46:48+00:00\",\"dateModified\":\"2024-07-18T12:30:46+00:00\",\"description\":\"Open a farm shop that sells local produce. The automatic Contio system, completely unattended 24\/7, will help you with this.\",\"breadcrumb\":{\"@id\":\"https:\/\/www.contio.cz\/en\/unmanned-store-for-farm-products\/#breadcrumb\"},\"inLanguage\":\"en-US\",\"potentialAction\":[{\"@type\":\"ReadAction\",\"target\":[\"https:\/\/www.contio.cz\/en\/unmanned-store-for-farm-products\/\"]}]},{\"@type\":\"BreadcrumbList\",\"@id\":\"https:\/\/www.contio.cz\/en\/unmanned-store-for-farm-products\/#breadcrumb\",\"itemListElement\":[{\"@type\":\"ListItem\",\"position\":1,\"name\":\"Dom\u016f\",\"item\":\"https:\/\/www.contio.cz\/en\/\"},{\"@type\":\"ListItem\",\"position\":2,\"name\":\"Automatic shop for farm shops\"}]},{\"@type\":\"WebSite\",\"@id\":\"https:\/\/www.contio.cz\/en\/#website\",\"url\":\"https:\/\/www.contio.cz\/en\/\",\"name\":\"Bezobslu\u017en\u00e1 24 hodinov\u00e1 prodejna Contio 24\",\"description\":\"Bezobslu\u017en\u00e9 vybaven\u00ed pro bezpe\u010dn\u00fd 24 hodinov\u00fd provoz\",\"potentialAction\":[{\"@type\":\"SearchAction\",\"target\":{\"@type\":\"EntryPoint\",\"urlTemplate\":\"https:\/\/www.contio.cz\/en\/?s={search_term_string}\"},\"query-input\":{\"@type\":\"PropertyValueSpecification\",\"valueRequired\":true,\"valueName\":\"search_term_string\"}}],\"inLanguage\":\"en-US\"}]}<\/script>\n<!-- \/ Yoast SEO plugin. -->","yoast_head_json":{"title":"Automatic shop for farm shops - Bezobslu\u017en\u00e1 24 hodinov\u00e1 prodejna Contio 24","description":"Open a farm shop that sells local produce. The automatic Contio system, completely unattended 24\/7, will help you with this.","robots":{"index":"index","follow":"follow","max-snippet":"max-snippet:-1","max-image-preview":"max-image-preview:large","max-video-preview":"max-video-preview:-1"},"canonical":"https:\/\/www.contio.cz\/en\/unmanned-store-for-farm-products\/","og_locale":"en_US","og_type":"article","og_title":"Automatic shop for farm shops - Bezobslu\u017en\u00e1 24 hodinov\u00e1 prodejna Contio 24","og_description":"Open a farm shop that sells local produce. The automatic Contio system, completely unattended 24\/7, will help you with this.","og_url":"https:\/\/www.contio.cz\/en\/unmanned-store-for-farm-products\/","og_site_name":"Bezobslu\u017en\u00e1 24 hodinov\u00e1 prodejna Contio 24","article_modified_time":"2024-07-18T12:30:46+00:00","twitter_card":"summary_large_image","twitter_misc":{"Est. reading time":"2 minutes"},"schema":{"@context":"https:\/\/schema.org","@graph":[{"@type":"WebPage","@id":"https:\/\/www.contio.cz\/en\/unmanned-store-for-farm-products\/","url":"https:\/\/www.contio.cz\/en\/unmanned-store-for-farm-products\/","name":"Automatic shop for farm shops - Bezobslu\u017en\u00e1 24 hodinov\u00e1 prodejna Contio 24","isPartOf":{"@id":"https:\/\/www.contio.cz\/en\/#website"},"datePublished":"2023-06-20T06:46:48+00:00","dateModified":"2024-07-18T12:30:46+00:00","description":"Open a farm shop that sells local produce. The automatic Contio system, completely unattended 24\/7, will help you with this.","breadcrumb":{"@id":"https:\/\/www.contio.cz\/en\/unmanned-store-for-farm-products\/#breadcrumb"},"inLanguage":"en-US","potentialAction":[{"@type":"ReadAction","target":["https:\/\/www.contio.cz\/en\/unmanned-store-for-farm-products\/"]}]},{"@type":"BreadcrumbList","@id":"https:\/\/www.contio.cz\/en\/unmanned-store-for-farm-products\/#breadcrumb","itemListElement":[{"@type":"ListItem","position":1,"name":"Dom\u016f","item":"https:\/\/www.contio.cz\/en\/"},{"@type":"ListItem","position":2,"name":"Automatic shop for farm shops"}]},{"@type":"WebSite","@id":"https:\/\/www.contio.cz\/en\/#website","url":"https:\/\/www.contio.cz\/en\/","name":"Bezobslu\u017en\u00e1 24 hodinov\u00e1 prodejna Contio 24","description":"Bezobslu\u017en\u00e9 vybaven\u00ed pro bezpe\u010dn\u00fd 24 hodinov\u00fd provoz","potentialAction":[{"@type":"SearchAction","target":{"@type":"EntryPoint","urlTemplate":"https:\/\/www.contio.cz\/en\/?s={search_term_string}"},"query-input":{"@type":"PropertyValueSpecification","valueRequired":true,"valueName":"search_term_string"}}],"inLanguage":"en-US"}]}},"_links":{"self":[{"href":"https:\/\/www.contio.cz\/en\/wp-json\/wp\/v2\/pages\/4372","targetHints":{"allow":["GET"]}}],"collection":[{"href":"https:\/\/www.contio.cz\/en\/wp-json\/wp\/v2\/pages"}],"about":[{"href":"https:\/\/www.contio.cz\/en\/wp-json\/wp\/v2\/types\/page"}],"author":[{"embeddable":true,"href":"https:\/\/www.contio.cz\/en\/wp-json\/wp\/v2\/users\/6"}],"replies":[{"embeddable":true,"href":"https:\/\/www.contio.cz\/en\/wp-json\/wp\/v2\/comments?post=4372"}],"version-history":[{"count":43,"href":"https:\/\/www.contio.cz\/en\/wp-json\/wp\/v2\/pages\/4372\/revisions"}],"predecessor-version":[{"id":13261,"href":"https:\/\/www.contio.cz\/en\/wp-json\/wp\/v2\/pages\/4372\/revisions\/13261"}],"wp:attachment":[{"href":"https:\/\/www.contio.cz\/en\/wp-json\/wp\/v2\/media?parent=4372"}],"curies":[{"name":"wp","href":"https:\/\/api.w.org\/{rel}","templated":true}]}}