{"id":1686,"date":"2022-10-20T07:23:02","date_gmt":"2022-10-20T05:23:02","guid":{"rendered":"https:\/\/www.contio.cz\/datasheet-t6\/"},"modified":"2022-11-22T07:04:36","modified_gmt":"2022-11-22T06:04:36","slug":"datasheet-t6","status":"publish","type":"page","link":"https:\/\/www.contio.cz\/en\/datasheet-t6\/","title":{"rendered":"DATASHEET-T6"},"content":{"rendered":"<div class=\"wpb-content-wrapper\"><p>[vc_row content_placement=&#8221;middle&#8221; css=&#8221;.vc_custom_1666252155700{background-color: #025382 !important;}&#8221;][vc_column width=&#8221;1\/2&#8243;][vc_column_text]<\/p>\n<h2><strong><span dir=\"ltr\" style=\"font-size: 27.1999px; font-family: serif; color: white;\" role=\"presentation\">DATASHEET-T6<\/span><\/strong><\/h2>\n<p>[\/vc_column_text][\/vc_column][vc_column width=&#8221;1\/2&#8243;][vc_single_image image=&#8221;1661&#8243; img_size=&#8221;Full&#8221; alignment=&#8221;right&#8221;][\/vc_column][\/vc_row][vc_row][vc_column][vc_empty_space][vc_column_text]<\/p>\n<h2><strong><span dir=\"ltr\" role=\"presentation\">Cost-effective,<\/span> <span dir=\"ltr\" role=\"presentation\">High-capacity<\/span> <span dir=\"ltr\" role=\"presentation\">Delivery<\/span> <span dir=\"ltr\" role=\"presentation\">Robot<\/span><\/strong><\/h2>\n<p>[\/vc_column_text][vc_row_inner][vc_column_inner width=&#8221;1\/4&#8243;][vc_column_text]<\/p>\n<h1 style=\"text-align: center;\">T6<\/h1>\n<p>[\/vc_column_text][vc_single_image image=&#8221;1662&#8243; img_size=&#8221;Full&#8221;][vc_column_text]<\/p>\n<h1 style=\"text-align: center;\"><span dir=\"ltr\" role=\"presentation\">Specifications<\/span><\/h1>\n<p>[\/vc_column_text][\/vc_column_inner][vc_column_inner width=&#8221;3\/4&#8243; css=&#8221;.vc_custom_1666247415184{padding-top: 10px !important;padding-right: 10px !important;padding-bottom: 10px !important;padding-left: 10px !important;}&#8221;][vc_column_text]<\/p>\n<h2><strong><span dir=\"ltr\" role=\"presentation\">Key<\/span> <span dir=\"ltr\" role=\"presentation\">Features<\/span><\/strong><\/h2>\n<p>[\/vc_column_text][vc_column_text]<\/p>\n<ul>\n<li><span dir=\"ltr\" role=\"presentation\">Independently developed SLAM(synchronous localization and mapping) to ensure precise positioning and movements.<\/span><\/li>\n<li><span dir=\"ltr\" role=\"presentation\">Intelligent<\/span> <span dir=\"ltr\" role=\"presentation\">obstacle<\/span> <span dir=\"ltr\" role=\"presentation\">avoidance<\/span> <span dir=\"ltr\" role=\"presentation\">ability<\/span> <span dir=\"ltr\" role=\"presentation\">provides<\/span> <span dir=\"ltr\" role=\"presentation\">secure<\/span> <span dir=\"ltr\" role=\"presentation\">service<\/span> <span dir=\"ltr\" role=\"presentation\">with<\/span> <span dir=\"ltr\" role=\"presentation\">multiple<\/span> <span dir=\"ltr\" role=\"presentation\">sensor<\/span>.<\/li>\n<li><span dir=\"ltr\" role=\"presentation\">Long<\/span> <span dir=\"ltr\" role=\"presentation\">service<\/span> <span dir=\"ltr\" role=\"presentation\">time:<\/span> <span dir=\"ltr\" role=\"presentation\">12<\/span> <span dir=\"ltr\" role=\"presentation\">hours<\/span> <span dir=\"ltr\" role=\"presentation\">uninterrupted<\/span> <span dir=\"ltr\" role=\"presentation\">service<\/span> <span dir=\"ltr\" role=\"presentation\">can<\/span> <span dir=\"ltr\" role=\"presentation\">be<\/span> <span dir=\"ltr\" role=\"presentation\">provided(actual<\/span> <span dir=\"ltr\" role=\"presentation\">results<\/span> <span dir=\"ltr\" role=\"presentation\">may <\/span><span dir=\"ltr\" role=\"presentation\">vary).<\/span><\/li>\n<li><span dir=\"ltr\" role=\"presentation\">Smart<\/span> <span dir=\"ltr\" role=\"presentation\">charge:<\/span> <span dir=\"ltr\" role=\"presentation\">autonomous<\/span> <span dir=\"ltr\" role=\"presentation\">timed<\/span> <span dir=\"ltr\" role=\"presentation\">and<\/span> <span dir=\"ltr\" role=\"presentation\">quantitative<\/span> <span dir=\"ltr\" role=\"presentation\">charging<\/span> <span dir=\"ltr\" role=\"presentation\">with<\/span> <span dir=\"ltr\" role=\"presentation\">optional<\/span> <span dir=\"ltr\" role=\"presentation\">charging <\/span><span dir=\"ltr\" role=\"presentation\">pile.<\/span><\/li>\n<li><span dir=\"ltr\" role=\"presentation\">Open<\/span> <span dir=\"ltr\" role=\"presentation\">access<\/span> <span dir=\"ltr\" role=\"presentation\">from<\/span> <span dir=\"ltr\" role=\"presentation\">the<\/span> <span dir=\"ltr\" role=\"presentation\">front<\/span> <span dir=\"ltr\" role=\"presentation\">and<\/span> <span dir=\"ltr\" role=\"presentation\">the<\/span> <span dir=\"ltr\" role=\"presentation\">rear<\/span> <span dir=\"ltr\" role=\"presentation\">of<\/span> <span dir=\"ltr\" role=\"presentation\">the<\/span> <span dir=\"ltr\" role=\"presentation\">tray<\/span> <span dir=\"ltr\" role=\"presentation\">makes<\/span> <span dir=\"ltr\" role=\"presentation\">it<\/span> <span dir=\"ltr\" role=\"presentation\">convenient<\/span> <span dir=\"ltr\" role=\"presentation\">for<\/span> <span dir=\"ltr\" role=\"presentation\">use<\/span>.<\/li>\n<li><span dir=\"ltr\" role=\"presentation\">Multi-Robot<\/span> <span dir=\"ltr\" role=\"presentation\">collaboration:<\/span> <span dir=\"ltr\" role=\"presentation\">Multiple<\/span> <span dir=\"ltr\" role=\"presentation\">robots<\/span> <span dir=\"ltr\" role=\"presentation\">can<\/span> <span dir=\"ltr\" role=\"presentation\">collaborate<\/span> <span dir=\"ltr\" role=\"presentation\">smoothly<\/span> <span dir=\"ltr\" role=\"presentation\">in<\/span> <span dir=\"ltr\" role=\"presentation\">the<\/span> <span dir=\"ltr\" role=\"presentation\">same <\/span><span dir=\"ltr\" role=\"presentation\">working<\/span> <span dir=\"ltr\" role=\"presentation\">environment.<\/span><\/li>\n<li><span dir=\"ltr\" role=\"presentation\">The<\/span> <span dir=\"ltr\" role=\"presentation\">big<\/span> <span dir=\"ltr\" role=\"presentation\">tray<\/span> <span dir=\"ltr\" role=\"presentation\">provides<\/span> <span dir=\"ltr\" role=\"presentation\">enough<\/span> <span dir=\"ltr\" role=\"presentation\">space<\/span> <span dir=\"ltr\" role=\"presentation\">for<\/span> <span dir=\"ltr\" role=\"presentation\">4<\/span> <span dir=\"ltr\" role=\"presentation\">pieces<\/span> <span dir=\"ltr\" role=\"presentation\">of<\/span> <span dir=\"ltr\" role=\"presentation\">9-inch<\/span> <span dir=\"ltr\" role=\"presentation\">pizzas.<\/span><\/li>\n<li><span dir=\"ltr\" role=\"presentation\">Up<\/span> <span dir=\"ltr\" role=\"presentation\">to<\/span> <span dir=\"ltr\" role=\"presentation\">35kg<\/span> <span dir=\"ltr\" role=\"presentation\">full<\/span> <span dir=\"ltr\" role=\"presentation\">load<\/span> <span dir=\"ltr\" role=\"presentation\">ability<\/span> <span dir=\"ltr\" role=\"presentation\">for<\/span> <span dir=\"ltr\" role=\"presentation\">high<\/span> <span dir=\"ltr\" role=\"presentation\">demand<\/span>.<\/li>\n<\/ul>\n<p>[\/vc_column_text][\/vc_column_inner][\/vc_row_inner][\/vc_column][\/vc_row][vc_row][vc_column][vc_column_text]<\/p>\n<h3><strong><span dir=\"ltr\" role=\"presentation\">Performance<\/span><\/strong><\/h3>\n<p>[\/vc_column_text][vc_raw_html]PGRpdiBzdHlsZT0ib3ZlcmZsb3cteDphdXRvOyI+CiAgPHRhYmxlPgogICAgPHRyPgogICAgICA8dGg+TWF4aW11bSBjb3ZlcmFnZSBhcmVhIHBlciBkZXZpY2U8L3RoPgogICAgICA8dGg+MjAwKjIwMG40PC90aD4KICAgICAKICAgICAKICAgIDwvdHI+CiAgICA8dHI+CiAgICAgIDx0ZD5NaW5pbXVtIHBhc3NhZ2Ugd2lkdGg8L3RkPgogICAgICA8dGQ+NzBjbTwvdGQ+CiAgICAgIAogICAgICAKICAgIDwvdHI+CiAgICA8dHI+CiAgICAgIDx0ZD5Nb3Zpbmcgc3BlZWQ8L3RkPgogICAgICA8dGQ+MC4xfjEuMm0vcyBhZGp1c3RhYmxlPC90ZD4KICAgCiAgICAgIAogICAgPC90cj4KICAgIDx0cj4KICAgICAgPHRkPk1pbi4gVHVybmluZyBEaWFtZXRlcjwvdGQ+CiAgICAgIDx0ZD44MGNtPC90ZD4KICAgICAKICAgICAKICAgIDwvdHI+Cgo8dHI+CiAgICAgIDx0ZD5CcmFraW5nIGRpc3RhbmNlPC90ZD4KICAgICAgPHRkPjYyY20oTWF4LiBtb3Zpbmcgc3BlZWQgJmFtcDsgZnVsbCBsb2FkKTwvdGQ+CiAgICAgIAogICAgICAKICAgIDwvdHI+CiAgICA8dHI+CiAgICAgIDx0ZD5Nb3Zpbmcgc3BlZWQ8L3RkPgogICAgICA8dGQ+MC4xfjEuMm0vcyBhZGp1c3RhYmxlPC90ZD4KICAgCiAgICAgIAogICAgPC90cj4KICAgIDx0cj4KICAgICAgPHRkPlNsb3BlIGFuZ2xlPC90ZD4KICAgICAgPHRkPiZsdDs1wrA8L3RkPgogICAgIAogICAgIAogICAgPC90cj4KCjx0cj4KICAgICAgPHRkPkJhdHRlcnkgbGlmZTwvdGQ+CiAgICAgIDx0ZD4xMi0xNWg8L3RkPgogICAgICAKICAgICAgCiAgICA8L3RyPgogICAgPHRyPgogICAgICA8dGQ+U2VydmljZSBsaWZlIGNpcmNsZTwvdGQ+CiAgICAgIDx0ZD4yMDAwMGg8L3RkPgogICAKICAgICAgCiAgICA8L3RyPgogICAgPHRyPgogICAgICA8dGQ+TXVsdGktUm9ib3QgQ29sbGFib3JhdGlvbjwvdGQ+CiAgICAgIDx0ZD5NYXhpbXVtIDEwIHJvYm90czwvdGQ+CiAgICAgCiAgICAgCiAgICA8L3RyPgoKPHRyPgogICAgICA8dGQ+TXVsdGktcG9pbnQgZGVsaXZlcnk8L3RkPgogICAgICA8dGQ+VXAgdG8gMjAgcG9pbnRzKHNpbmdsZSBkZWxpdmVyeSk8L3RkPgogICAgICAKICAgICAgCiAgICA8L3RyPgogICAgPHRyPgogICAgICA8dGQ+SW50ZWxsaWdlbnQgb2JzdGFjbGUgYXZvaWRhbmNlIG1heGltdW0gZGV0ZWN0IHJhbmdlICA8L3RkPgogICAgICA8dGQ+Jmx0OzEuNU08L3RkPgogICAKICAgICAgCiAgICA8L3RyPgogICAgPHRyPgogICAgICA8dGQ+UmF0ZWQgcG93ZXI8L3RkPgogICAgICA8dGQ+NDBXdzwvdGQ+CiAgICAgCiAgICAgCiAgICA8L3RyPgoKCgogIDwvdGFibGU+CjwvZGl2Pg==[\/vc_raw_html][\/vc_column][\/vc_row][vc_row][vc_column][vc_column_text]<\/p>\n<h3><strong><span dir=\"ltr\" role=\"presentation\">Environment<\/span><\/strong><\/h3>\n<p>[\/vc_column_text][vc_raw_html]PGRpdiBzdHlsZT0ib3ZlcmZsb3cteDphdXRvOyI+CiAgPHRhYmxlPgogICAgPHRyPgogICAgICA8dGg+T3BlcmF0aW5nIFRlbXBlcmF0dXJlLCBIdW1pZGl0eTwvdGg+CiAgICAgIDx0aD4gIC0gNDXCsEMsIFJIOiA1JSB+IDg1JTwvdGg+CiAgICAgCiAgICAgCiAgICA8L3RyPgogICAgPHRyPgogICAgICA8dGQ+T3BlcmF0aW5nIGVudmlyb25tZW50PC90ZD4KICAgICAgPHRkPkluZG9vciBlbnZpcm9ubWVudCwgZmxhdCBncm91bmQsIG5vIGR1c3Q8L3RkPgogICAgICAKICAgICAgCiAgICA8L3RyPgogICAgPHRyPgogICAgICA8dGQ+U3RvcmFnZSBUZW1wZXJhdHVyZTwvdGQ+CiAgICAgIDx0ZD4tMzDCsEMtNjDCsEM8L3RkPgogICAKICAgICAgCiAgICA8L3RyPgogICAgCgogIDwvdGFibGU+CjwvZGl2Pg==[\/vc_raw_html][\/vc_column][\/vc_row][vc_row css=&#8221;.vc_custom_1666251970935{background-position: center !important;background-repeat: no-repeat !important;background-size: cover !important;}&#8221;][vc_column][vc_column_text css=&#8221;.vc_custom_1666251979348{background-color: #025382 !important;}&#8221;]<\/p>\n<h1 style=\"text-align: center; color: white;\"><strong>1<\/strong><\/h1>\n<p>[\/vc_column_text][\/vc_column][\/vc_row][vc_row][vc_column][vc_empty_space][\/vc_column][\/vc_row][vc_row content_placement=&#8221;middle&#8221; css=&#8221;.vc_custom_1666248477477{background-color: #025382 !important;background-position: center !important;background-repeat: no-repeat !important;background-size: cover !important;}&#8221;][vc_column width=&#8221;1\/2&#8243;][vc_column_text]<\/p>\n<h2><strong><span dir=\"ltr\" style=\"font-size: 27.1999px; font-family: serif; color: white;\" role=\"presentation\">DATASHEET-T6<\/span><\/strong><\/h2>\n<p>[\/vc_column_text][\/vc_column][vc_column width=&#8221;1\/2&#8243;][vc_single_image image=&#8221;1661&#8243; img_size=&#8221;Full&#8221; alignment=&#8221;right&#8221;][\/vc_column][\/vc_row][vc_row][vc_column][vc_empty_space][vc_column_text]<\/p>\n<h3><strong><span dir=\"ltr\" role=\"presentation\">Battery and charging<\/span><\/strong><\/h3>\n<p>[\/vc_column_text][vc_raw_html]PGRpdiBzdHlsZT0ib3ZlcmZsb3cteDphdXRvOyI+CiAgPHRhYmxlPgogICAgPHRyPgogICAgICA8dGg+QmF0dGVyeSB0eXBlPC90aD4KICAgICAgPHRoPlRlcm5hcnkgbGl0aGl1bSBiYXR0ZXJ5PC90aD4KICAgICAKICAgICAKICAgIDwvdHI+CiAgICA8dHI+CiAgICAgIDx0ZD5CYXR0ZXJ5IGNhcGFjaXR5PC90ZD4KICAgICAgPHRkPkRDIDQ4ViAxMkFoPC90ZD4KICAgICAgCiAgICAgIAogICAgPC90cj4KICAgIDx0cj4KICAgICAgPHRkPkJhdHRlcnkgZGlzbW91bnRhYmxlPC90ZD4KICAgICAgPHRkPkZyb208L3RkPgogICAKICAgICAgCiAgICA8L3RyPgogICAgPHRyPgogICAgICA8dGQ+Q2hhcmdpbmcgbW9kZTwvdGQ+CiAgICAgIDx0ZD5BdXRvbWF0aWMgY2hhcmdpbmcgd2l0aCBvcHRpb25hbCBjaGFyZ2luZyBwaWxlIGFuZCBtYW51YWwgY2hhcmdpbmcgYnkgcmVjaGFyZ2VyPC90ZD4KICAgICAKICAgICAKICAgIDwvdHI+Cgo8dHI+CiAgICAgIDx0ZD5DaGFyZ2luZyBJbnB1dDwvdGQ+CiAgICAgIDx0ZD4xMDAtMjQwVn4gLCA1MC82MEh6PC90ZD4KICAgICAgCiAgICAgIAogICAgPC90cj4KICAgIDx0cj4KICAgICAgPHRkPkNoYXJpbmcgdGltZTwvdGQ+CiAgICAgIDx0ZD44aDwvdGQ+CiAgIAogICAgICAKICAgIDwvdHI+CiAgICA8dHI+CiAgICAgIDx0ZD5DaGFyZ2luZyBwaWxlIGRpbWVuc2lvbjwvdGQ+CiAgICAgIDx0ZD4yMTUqMjkwKjIzMG1tPC90ZD4KICAgICAKICAgICAKICAgIDwvdHI+Cgo8dHI+CiAgICAgIDx0ZD5DaGFyZ2luZyBwaWxlIHdlaWdodDwvdGQ+CiAgICAgIDx0ZD4yLjJLZzwvdGQ+CiAgICAgIAogICAgICAKICAgIDwvdHI+CiAgIAoKCgogIDwvdGFibGU+CjwvZGl2Pg==[\/vc_raw_html][\/vc_column][\/vc_row][vc_row][vc_column][vc_empty_space][vc_column_text]<\/p>\n<h3><strong><span dir=\"ltr\" role=\"presentation\">Hardware<\/span><\/strong><\/h3>\n<p>[\/vc_column_text][vc_raw_html]PGRpdiBzdHlsZT0ib3ZlcmZsb3cteDphdXRvOyI+CiAgPHRhYmxlPgogICAgPHRyPgogICAgICA8dGg+TWFjaGluZSBNYXRlcmlhbDwvdGg+CiAgICAgIDx0aD5BQlM8L3RoPgogICAgIAogICAgIAogICAgPC90cj4KICAgIDx0cj4KICAgICAgPHRkPlBvc2l0aW9uaW5nIG1ldGhvZDwvdGQ+CiAgICAgIDx0ZD5MYWJlbCBQb3NpdGlvbmluZzwvdGQ+CiAgICAgIAogICAgICAKICAgIDwvdHI+CiAgICA8dHI+CiAgICAgIDx0ZD5Qb3NpdGlvbmluZyBBY2N1cmFjeTwvdGQ+CiAgICAgIDx0ZD5DZW50aW1ldGVyLWdyYWRlPC90ZD4KICAgCiAgICAgIAogICAgPC90cj4KICAgIDx0cj4KICAgICAgPHRkPlNlbnNpbmcgdGVjaG5pcXVlczwvdGQ+CiAgICAgIDx0ZD5MaURBUiwgU3RlcmVvIFZpc2lvbiwgSW1hZ2UgTW9kdWxlLCBDb2xsaXNpb24gU2Vuc29yLCBJTVUoSW5lcnRpYWwgTWVhc3VyZW1lbnQgVW5pdCk8L3RkPgogICAgIAogICAgIAogICAgPC90cj4KCjx0cj4KICAgICAgPHRkPlNlbnNvciBjb3ZlcmFnZTwvdGQ+CiAgICAgIDx0ZD5MaURBUiBkZXRlY3Rpb24gcmFuZ2U6IDE4M8KwLCAmZ3Q7MTBNLCBTdGVyZW8gdmlzaW9uIHJhbmdlOiAxNTDCsCwgMC4xLTEuNW08L3RkPgogICAgICAKICAgICAgCiAgICA8L3RyPgogICAgPHRyPgogICAgICA8dGQ+VG9wIENhbWVyYSBBbmdsZTwvdGQ+CiAgICAgIDx0ZD4xMjDCsCwgY2VsbGluZyBoZWlnaHQgcmVxdWlyZWQgMi04bTwvdGQ+CiAgIAogICAgICAKICAgIDwvdHI+CiAgICA8dHI+CiAgICAgIDx0ZD5OZXR3b3JrPC90ZD4KICAgICAgPHRkPldpLUZpKDI0MSAyLTI0NzJNSHopPC90ZD4KICAgICAKICAgICAKICAgIDwvdHI+Cgo8dHI+CiAgICAgIDx0ZD5NZW1vcnkgYW5kIGludGVybmFsIHN0b3JhZ2U8L3RkPgogICAgICA8dGQ+MkdCIFJBTSArIDE2R0IgUk9NPC90ZD4KICAgICAgCiAgICAgIAogICAgPC90cj4KICAgCiA8dHI+CiAgICAgIDx0ZD5Ub3VjaCBTY3JlZW48L3RkPgogICAgICA8dGQ+NyBpbmNoKDEwMjQqNjAwKTwvdGQ+CiAgICAgCiAgICAgCiAgICA8L3RyPgoKPHRyPgogICAgICA8dGQ+SW50ZXJhY3RpdmUgYWJpbGl0eTwvdGQ+CiAgICAgIDx0ZD5Ub3VjaDwvdGQ+CiAgICAgIAogICAgICAKICAgIDwvdHI+CgoKCiAgPC90YWJsZT4KPC9kaXY+[\/vc_raw_html][\/vc_column][\/vc_row]<\/p>\n<\/div>","protected":false},"excerpt":{"rendered":"<p>[vc_row content_placement=&#8221;middle&#8221; css=&#8221;.vc_custom_1666252155700{background-color: #025382 !important;}&#8221;][vc_column width=&#8221;1\/2&#8243;][vc_column_text] DATASHEET-T6 [\/vc_column_text][\/vc_column][vc_column width=&#8221;1\/2&#8243;][vc_single_image image=&#8221;1661&#8243; img_size=&#8221;Full&#8221; alignment=&#8221;right&#8221;][\/vc_column][\/vc_row][vc_row][vc_column][vc_empty_space][vc_column_text] Cost-effective, High-capacity Delivery Robot [\/vc_column_text][vc_row_inner][vc_column_inner width=&#8221;1\/4&#8243;][vc_column_text] T6 [\/vc_column_text][vc_single_image image=&#8221;1662&#8243; img_size=&#8221;Full&#8221;][vc_column_text] Specifications [\/vc_column_text][\/vc_column_inner][vc_column_inner width=&#8221;3\/4&#8243; css=&#8221;.vc_custom_1666247415184{padding-top: 10px !important;padding-right: 10px !important;padding-bottom: 10px !important;padding-left: 10px !important;}&#8221;][vc_column_text] Key Features [\/vc_column_text][vc_column_text] Independently developed SLAM(synchronous localization and mapping) to ensure precise positioning and movements. Intelligent obstacle avoidance ability provides secure&hellip;<\/p>\n","protected":false},"author":6,"featured_media":0,"parent":0,"menu_order":0,"comment_status":"closed","ping_status":"closed","template":"","meta":{"_acf_changed":false,"footnotes":""},"class_list":["post-1686","page","type-page","status-publish","hentry"],"acf":[],"yoast_head":"<!-- This site is optimized with the Yoast SEO plugin v27.2 - https:\/\/yoast.com\/product\/yoast-seo-wordpress\/ -->\n<title>DATASHEET-T6 - Bezobslu\u017en\u00e1 24 hodinov\u00e1 prodejna Contio 24<\/title>\n<meta name=\"robots\" content=\"index, follow, max-snippet:-1, max-image-preview:large, max-video-preview:-1\" \/>\n<link rel=\"canonical\" href=\"https:\/\/www.contio.cz\/en\/datasheet-t6\/\" \/>\n<meta property=\"og:locale\" content=\"en_US\" \/>\n<meta property=\"og:type\" content=\"article\" \/>\n<meta property=\"og:title\" content=\"DATASHEET-T6 - Bezobslu\u017en\u00e1 24 hodinov\u00e1 prodejna Contio 24\" \/>\n<meta property=\"og:description\" content=\"[vc_row content_placement=&#8221;middle&#8221; css=&#8221;.vc_custom_1666252155700{background-color: #025382 !important;}&#8221;][vc_column width=&#8221;1\/2&#8243;][vc_column_text] DATASHEET-T6 [\/vc_column_text][\/vc_column][vc_column width=&#8221;1\/2&#8243;][vc_single_image image=&#8221;1661&#8243; img_size=&#8221;Full&#8221; alignment=&#8221;right&#8221;][\/vc_column][\/vc_row][vc_row][vc_column][vc_empty_space][vc_column_text] Cost-effective, High-capacity Delivery Robot [\/vc_column_text][vc_row_inner][vc_column_inner width=&#8221;1\/4&#8243;][vc_column_text] T6 [\/vc_column_text][vc_single_image image=&#8221;1662&#8243; img_size=&#8221;Full&#8221;][vc_column_text] Specifications [\/vc_column_text][\/vc_column_inner][vc_column_inner width=&#8221;3\/4&#8243; css=&#8221;.vc_custom_1666247415184{padding-top: 10px !important;padding-right: 10px !important;padding-bottom: 10px !important;padding-left: 10px !important;}&#8221;][vc_column_text] Key Features [\/vc_column_text][vc_column_text] Independently developed SLAM(synchronous localization and mapping) to ensure precise positioning and movements. Intelligent obstacle avoidance ability provides secure&hellip;\" \/>\n<meta property=\"og:url\" content=\"https:\/\/www.contio.cz\/en\/datasheet-t6\/\" \/>\n<meta property=\"og:site_name\" content=\"Bezobslu\u017en\u00e1 24 hodinov\u00e1 prodejna Contio 24\" \/>\n<meta property=\"article:modified_time\" content=\"2022-11-22T06:04:36+00:00\" \/>\n<meta name=\"twitter:card\" content=\"summary_large_image\" \/>\n<meta name=\"twitter:label1\" content=\"Est. reading time\" \/>\n\t<meta name=\"twitter:data1\" content=\"5 minutes\" \/>\n<script type=\"application\/ld+json\" class=\"yoast-schema-graph\">{\"@context\":\"https:\/\/schema.org\",\"@graph\":[{\"@type\":\"WebPage\",\"@id\":\"https:\/\/www.contio.cz\/en\/datasheet-t6\/\",\"url\":\"https:\/\/www.contio.cz\/en\/datasheet-t6\/\",\"name\":\"DATASHEET-T6 - Bezobslu\u017en\u00e1 24 hodinov\u00e1 prodejna Contio 24\",\"isPartOf\":{\"@id\":\"https:\/\/www.contio.cz\/en\/#website\"},\"datePublished\":\"2022-10-20T05:23:02+00:00\",\"dateModified\":\"2022-11-22T06:04:36+00:00\",\"breadcrumb\":{\"@id\":\"https:\/\/www.contio.cz\/en\/datasheet-t6\/#breadcrumb\"},\"inLanguage\":\"en-US\",\"potentialAction\":[{\"@type\":\"ReadAction\",\"target\":[\"https:\/\/www.contio.cz\/en\/datasheet-t6\/\"]}]},{\"@type\":\"BreadcrumbList\",\"@id\":\"https:\/\/www.contio.cz\/en\/datasheet-t6\/#breadcrumb\",\"itemListElement\":[{\"@type\":\"ListItem\",\"position\":1,\"name\":\"Dom\u016f\",\"item\":\"https:\/\/www.contio.cz\/en\/\"},{\"@type\":\"ListItem\",\"position\":2,\"name\":\"DATASHEET-T6\"}]},{\"@type\":\"WebSite\",\"@id\":\"https:\/\/www.contio.cz\/en\/#website\",\"url\":\"https:\/\/www.contio.cz\/en\/\",\"name\":\"Bezobslu\u017en\u00e1 24 hodinov\u00e1 prodejna Contio 24\",\"description\":\"Bezobslu\u017en\u00e9 vybaven\u00ed pro bezpe\u010dn\u00fd 24 hodinov\u00fd provoz\",\"potentialAction\":[{\"@type\":\"SearchAction\",\"target\":{\"@type\":\"EntryPoint\",\"urlTemplate\":\"https:\/\/www.contio.cz\/en\/?s={search_term_string}\"},\"query-input\":{\"@type\":\"PropertyValueSpecification\",\"valueRequired\":true,\"valueName\":\"search_term_string\"}}],\"inLanguage\":\"en-US\"}]}<\/script>\n<!-- \/ Yoast SEO plugin. -->","yoast_head_json":{"title":"DATASHEET-T6 - Bezobslu\u017en\u00e1 24 hodinov\u00e1 prodejna Contio 24","robots":{"index":"index","follow":"follow","max-snippet":"max-snippet:-1","max-image-preview":"max-image-preview:large","max-video-preview":"max-video-preview:-1"},"canonical":"https:\/\/www.contio.cz\/en\/datasheet-t6\/","og_locale":"en_US","og_type":"article","og_title":"DATASHEET-T6 - Bezobslu\u017en\u00e1 24 hodinov\u00e1 prodejna Contio 24","og_description":"[vc_row content_placement=&#8221;middle&#8221; css=&#8221;.vc_custom_1666252155700{background-color: #025382 !important;}&#8221;][vc_column width=&#8221;1\/2&#8243;][vc_column_text] DATASHEET-T6 [\/vc_column_text][\/vc_column][vc_column width=&#8221;1\/2&#8243;][vc_single_image image=&#8221;1661&#8243; img_size=&#8221;Full&#8221; alignment=&#8221;right&#8221;][\/vc_column][\/vc_row][vc_row][vc_column][vc_empty_space][vc_column_text] Cost-effective, High-capacity Delivery Robot [\/vc_column_text][vc_row_inner][vc_column_inner width=&#8221;1\/4&#8243;][vc_column_text] T6 [\/vc_column_text][vc_single_image image=&#8221;1662&#8243; img_size=&#8221;Full&#8221;][vc_column_text] Specifications [\/vc_column_text][\/vc_column_inner][vc_column_inner width=&#8221;3\/4&#8243; css=&#8221;.vc_custom_1666247415184{padding-top: 10px !important;padding-right: 10px !important;padding-bottom: 10px !important;padding-left: 10px !important;}&#8221;][vc_column_text] Key Features [\/vc_column_text][vc_column_text] Independently developed SLAM(synchronous localization and mapping) to ensure precise positioning and movements. Intelligent obstacle avoidance ability provides secure&hellip;","og_url":"https:\/\/www.contio.cz\/en\/datasheet-t6\/","og_site_name":"Bezobslu\u017en\u00e1 24 hodinov\u00e1 prodejna Contio 24","article_modified_time":"2022-11-22T06:04:36+00:00","twitter_card":"summary_large_image","twitter_misc":{"Est. reading time":"5 minutes"},"schema":{"@context":"https:\/\/schema.org","@graph":[{"@type":"WebPage","@id":"https:\/\/www.contio.cz\/en\/datasheet-t6\/","url":"https:\/\/www.contio.cz\/en\/datasheet-t6\/","name":"DATASHEET-T6 - Bezobslu\u017en\u00e1 24 hodinov\u00e1 prodejna Contio 24","isPartOf":{"@id":"https:\/\/www.contio.cz\/en\/#website"},"datePublished":"2022-10-20T05:23:02+00:00","dateModified":"2022-11-22T06:04:36+00:00","breadcrumb":{"@id":"https:\/\/www.contio.cz\/en\/datasheet-t6\/#breadcrumb"},"inLanguage":"en-US","potentialAction":[{"@type":"ReadAction","target":["https:\/\/www.contio.cz\/en\/datasheet-t6\/"]}]},{"@type":"BreadcrumbList","@id":"https:\/\/www.contio.cz\/en\/datasheet-t6\/#breadcrumb","itemListElement":[{"@type":"ListItem","position":1,"name":"Dom\u016f","item":"https:\/\/www.contio.cz\/en\/"},{"@type":"ListItem","position":2,"name":"DATASHEET-T6"}]},{"@type":"WebSite","@id":"https:\/\/www.contio.cz\/en\/#website","url":"https:\/\/www.contio.cz\/en\/","name":"Bezobslu\u017en\u00e1 24 hodinov\u00e1 prodejna Contio 24","description":"Bezobslu\u017en\u00e9 vybaven\u00ed pro bezpe\u010dn\u00fd 24 hodinov\u00fd provoz","potentialAction":[{"@type":"SearchAction","target":{"@type":"EntryPoint","urlTemplate":"https:\/\/www.contio.cz\/en\/?s={search_term_string}"},"query-input":{"@type":"PropertyValueSpecification","valueRequired":true,"valueName":"search_term_string"}}],"inLanguage":"en-US"}]}},"_links":{"self":[{"href":"https:\/\/www.contio.cz\/en\/wp-json\/wp\/v2\/pages\/1686","targetHints":{"allow":["GET"]}}],"collection":[{"href":"https:\/\/www.contio.cz\/en\/wp-json\/wp\/v2\/pages"}],"about":[{"href":"https:\/\/www.contio.cz\/en\/wp-json\/wp\/v2\/types\/page"}],"author":[{"embeddable":true,"href":"https:\/\/www.contio.cz\/en\/wp-json\/wp\/v2\/users\/6"}],"replies":[{"embeddable":true,"href":"https:\/\/www.contio.cz\/en\/wp-json\/wp\/v2\/comments?post=1686"}],"version-history":[{"count":4,"href":"https:\/\/www.contio.cz\/en\/wp-json\/wp\/v2\/pages\/1686\/revisions"}],"predecessor-version":[{"id":1695,"href":"https:\/\/www.contio.cz\/en\/wp-json\/wp\/v2\/pages\/1686\/revisions\/1695"}],"wp:attachment":[{"href":"https:\/\/www.contio.cz\/en\/wp-json\/wp\/v2\/media?parent=1686"}],"curies":[{"name":"wp","href":"https:\/\/api.w.org\/{rel}","templated":true}]}}