{"id":1666,"date":"2022-03-03T17:47:16","date_gmt":"2022-03-03T16:47:16","guid":{"rendered":"https:\/\/www.contio.cz\/terms-and-conditions-signpost\/"},"modified":"2023-02-16T15:06:52","modified_gmt":"2023-02-16T14:06:52","slug":"terms-and-conditions-signpost","status":"publish","type":"page","link":"https:\/\/www.contio.cz\/en\/terms-and-conditions-signpost\/","title":{"rendered":"Terms and conditions signpost"},"content":{"rendered":"<p><a href=\"https:\/\/docs.google.com\/document\/d\/10J0pWTfxTDJEzbNGhyyVaapjtKLpMZAGzI6U1BKDJpc\/edit?usp=sharing\" target=\"_blank\" rel=\"noopener\" data-wplink-edit=\"true\">Terms and Conditions<\/a><\/p>\n<p><a href=\"https:\/\/drive.google.com\/file\/d\/1lpKB22s_VK_PjVEPjYJ_ntYePe1MDuYv\/view?usp=sharing\" target=\"_blank\" rel=\"noopener\">Privacy Policy<\/a><\/p>\n<p><a href=\"https:\/\/drive.google.com\/file\/d\/1znH5HiW7fzkny8JW8BTUPTj7to5HobOR\/view?usp=sharing\" target=\"_blank\" rel=\"noopener\">Consent to the processing of personal data<\/a><\/p>\n\n<p><a href=\"https:\/\/docs.google.com\/document\/d\/1sXt4iqB4Jl5rLfhLwTwm-AOyqcmwA1cqE1cBVm6ZfuA\/edit?usp=sharing\" target=\"_blank\" rel=\"noreferrer noopener\">Terms &amp; Conditions<\/a><\/p>\n\n<p><a href=\"https:\/\/drive.google.com\/file\/d\/1mSH32AfQet4vkKEGRMPSQsIJZxww-HT-\/view?usp=sharing\" target=\"_blank\" rel=\"noreferrer noopener\">Privacy Policy<\/a><\/p>\n\n<p><a href=\"https:\/\/drive.google.com\/file\/d\/1naT2FVaQxRtCwV12dlFx2Z4YqEwpHUQE\/view?usp=sharing\" target=\"_blank\" rel=\"noreferrer noopener\">Consent to the provision of personal data<\/a><\/p>\n","protected":false},"excerpt":{"rendered":"<p>Terms and Conditions Privacy Policy Consent to the processing of personal data Terms &amp; Conditions Privacy Policy Consent to the provision of personal data<\/p>\n","protected":false},"author":2,"featured_media":0,"parent":0,"menu_order":0,"comment_status":"closed","ping_status":"closed","template":"","meta":{"_acf_changed":false,"footnotes":""},"class_list":["post-1666","page","type-page","status-publish","hentry"],"acf":[],"yoast_head":"<!-- This site is optimized with the Yoast SEO plugin v27.2 - https:\/\/yoast.com\/product\/yoast-seo-wordpress\/ -->\n<title>Terms and conditions signpost - Bezobslu\u017en\u00e1 24 hodinov\u00e1 prodejna Contio 24<\/title>\n<meta name=\"robots\" content=\"index, follow, max-snippet:-1, max-image-preview:large, max-video-preview:-1\" \/>\n<link rel=\"canonical\" href=\"https:\/\/www.contio.cz\/en\/terms-and-conditions-signpost\/\" \/>\n<meta property=\"og:locale\" content=\"en_US\" \/>\n<meta property=\"og:type\" content=\"article\" \/>\n<meta property=\"og:title\" content=\"Terms and conditions signpost - Bezobslu\u017en\u00e1 24 hodinov\u00e1 prodejna Contio 24\" \/>\n<meta property=\"og:description\" content=\"Terms and Conditions Privacy Policy Consent to the processing of personal data Terms &amp; Conditions Privacy Policy Consent to the provision of personal data\" \/>\n<meta property=\"og:url\" content=\"https:\/\/www.contio.cz\/en\/terms-and-conditions-signpost\/\" \/>\n<meta property=\"og:site_name\" content=\"Bezobslu\u017en\u00e1 24 hodinov\u00e1 prodejna Contio 24\" \/>\n<meta property=\"article:modified_time\" content=\"2023-02-16T14:06:52+00:00\" \/>\n<meta name=\"twitter:card\" content=\"summary_large_image\" \/>\n<script type=\"application\/ld+json\" class=\"yoast-schema-graph\">{\"@context\":\"https:\/\/schema.org\",\"@graph\":[{\"@type\":\"WebPage\",\"@id\":\"https:\/\/www.contio.cz\/en\/terms-and-conditions-signpost\/\",\"url\":\"https:\/\/www.contio.cz\/en\/terms-and-conditions-signpost\/\",\"name\":\"Terms and conditions signpost - Bezobslu\u017en\u00e1 24 hodinov\u00e1 prodejna Contio 24\",\"isPartOf\":{\"@id\":\"https:\/\/www.contio.cz\/en\/#website\"},\"datePublished\":\"2022-03-03T16:47:16+00:00\",\"dateModified\":\"2023-02-16T14:06:52+00:00\",\"breadcrumb\":{\"@id\":\"https:\/\/www.contio.cz\/en\/terms-and-conditions-signpost\/#breadcrumb\"},\"inLanguage\":\"en-US\",\"potentialAction\":[{\"@type\":\"ReadAction\",\"target\":[\"https:\/\/www.contio.cz\/en\/terms-and-conditions-signpost\/\"]}]},{\"@type\":\"BreadcrumbList\",\"@id\":\"https:\/\/www.contio.cz\/en\/terms-and-conditions-signpost\/#breadcrumb\",\"itemListElement\":[{\"@type\":\"ListItem\",\"position\":1,\"name\":\"Dom\u016f\",\"item\":\"https:\/\/www.contio.cz\/en\/\"},{\"@type\":\"ListItem\",\"position\":2,\"name\":\"Terms and conditions signpost\"}]},{\"@type\":\"WebSite\",\"@id\":\"https:\/\/www.contio.cz\/en\/#website\",\"url\":\"https:\/\/www.contio.cz\/en\/\",\"name\":\"Bezobslu\u017en\u00e1 24 hodinov\u00e1 prodejna Contio 24\",\"description\":\"Bezobslu\u017en\u00e9 vybaven\u00ed pro bezpe\u010dn\u00fd 24 hodinov\u00fd provoz\",\"potentialAction\":[{\"@type\":\"SearchAction\",\"target\":{\"@type\":\"EntryPoint\",\"urlTemplate\":\"https:\/\/www.contio.cz\/en\/?s={search_term_string}\"},\"query-input\":{\"@type\":\"PropertyValueSpecification\",\"valueRequired\":true,\"valueName\":\"search_term_string\"}}],\"inLanguage\":\"en-US\"}]}<\/script>\n<!-- \/ Yoast SEO plugin. -->","yoast_head_json":{"title":"Terms and conditions signpost - Bezobslu\u017en\u00e1 24 hodinov\u00e1 prodejna Contio 24","robots":{"index":"index","follow":"follow","max-snippet":"max-snippet:-1","max-image-preview":"max-image-preview:large","max-video-preview":"max-video-preview:-1"},"canonical":"https:\/\/www.contio.cz\/en\/terms-and-conditions-signpost\/","og_locale":"en_US","og_type":"article","og_title":"Terms and conditions signpost - Bezobslu\u017en\u00e1 24 hodinov\u00e1 prodejna Contio 24","og_description":"Terms and Conditions Privacy Policy Consent to the processing of personal data Terms &amp; Conditions Privacy Policy Consent to the provision of personal data","og_url":"https:\/\/www.contio.cz\/en\/terms-and-conditions-signpost\/","og_site_name":"Bezobslu\u017en\u00e1 24 hodinov\u00e1 prodejna Contio 24","article_modified_time":"2023-02-16T14:06:52+00:00","twitter_card":"summary_large_image","schema":{"@context":"https:\/\/schema.org","@graph":[{"@type":"WebPage","@id":"https:\/\/www.contio.cz\/en\/terms-and-conditions-signpost\/","url":"https:\/\/www.contio.cz\/en\/terms-and-conditions-signpost\/","name":"Terms and conditions signpost - Bezobslu\u017en\u00e1 24 hodinov\u00e1 prodejna Contio 24","isPartOf":{"@id":"https:\/\/www.contio.cz\/en\/#website"},"datePublished":"2022-03-03T16:47:16+00:00","dateModified":"2023-02-16T14:06:52+00:00","breadcrumb":{"@id":"https:\/\/www.contio.cz\/en\/terms-and-conditions-signpost\/#breadcrumb"},"inLanguage":"en-US","potentialAction":[{"@type":"ReadAction","target":["https:\/\/www.contio.cz\/en\/terms-and-conditions-signpost\/"]}]},{"@type":"BreadcrumbList","@id":"https:\/\/www.contio.cz\/en\/terms-and-conditions-signpost\/#breadcrumb","itemListElement":[{"@type":"ListItem","position":1,"name":"Dom\u016f","item":"https:\/\/www.contio.cz\/en\/"},{"@type":"ListItem","position":2,"name":"Terms and conditions signpost"}]},{"@type":"WebSite","@id":"https:\/\/www.contio.cz\/en\/#website","url":"https:\/\/www.contio.cz\/en\/","name":"Bezobslu\u017en\u00e1 24 hodinov\u00e1 prodejna Contio 24","description":"Bezobslu\u017en\u00e9 vybaven\u00ed pro bezpe\u010dn\u00fd 24 hodinov\u00fd provoz","potentialAction":[{"@type":"SearchAction","target":{"@type":"EntryPoint","urlTemplate":"https:\/\/www.contio.cz\/en\/?s={search_term_string}"},"query-input":{"@type":"PropertyValueSpecification","valueRequired":true,"valueName":"search_term_string"}}],"inLanguage":"en-US"}]}},"_links":{"self":[{"href":"https:\/\/www.contio.cz\/en\/wp-json\/wp\/v2\/pages\/1666","targetHints":{"allow":["GET"]}}],"collection":[{"href":"https:\/\/www.contio.cz\/en\/wp-json\/wp\/v2\/pages"}],"about":[{"href":"https:\/\/www.contio.cz\/en\/wp-json\/wp\/v2\/types\/page"}],"author":[{"embeddable":true,"href":"https:\/\/www.contio.cz\/en\/wp-json\/wp\/v2\/users\/2"}],"replies":[{"embeddable":true,"href":"https:\/\/www.contio.cz\/en\/wp-json\/wp\/v2\/comments?post=1666"}],"version-history":[{"count":9,"href":"https:\/\/www.contio.cz\/en\/wp-json\/wp\/v2\/pages\/1666\/revisions"}],"predecessor-version":[{"id":6823,"href":"https:\/\/www.contio.cz\/en\/wp-json\/wp\/v2\/pages\/1666\/revisions\/6823"}],"wp:attachment":[{"href":"https:\/\/www.contio.cz\/en\/wp-json\/wp\/v2\/media?parent=1666"}],"curies":[{"name":"wp","href":"https:\/\/api.w.org\/{rel}","templated":true}]}}